{"id":412,"date":"2022-01-03T21:25:20","date_gmt":"2022-01-03T20:25:20","guid":{"rendered":"https:\/\/wp.unil.ch\/lemanicneuroscience\/?page_id=412"},"modified":"2026-01-25T14:31:57","modified_gmt":"2026-01-25T13:31:57","slug":"phd-candidates-from-d-k","status":"publish","type":"page","link":"https:\/\/wp.unil.ch\/lemanicneuroscience\/phd-candidates-from-d-k\/","title":{"rendered":"PhD candidates from D-K"},"content":{"rendered":"\n<figure class=\"wp-block-table is-style-stripes\"><table class=\"has-fixed-layout\"><tbody><tr><td><strong>Name<\/strong><\/td><td><strong>Project<\/strong><\/td><td><strong>Thesis Director<\/strong><\/td><\/tr><tr><td>Dall&#8217;Olio, Lucas (UNIL &amp; Unidistance)<\/td><td>Preschool children\u2019s learning from 3D virtual reality: Investigating the educational impact of the 21st century fairy tales<\/td><td><a href=\"https:\/\/distanceuniversity.ch\/corinna-martarelli\/\" target=\"_blank\" rel=\"noreferrer noopener\">Martarelli, Corin<\/a><a href=\"https:\/\/distanceuniversity.ch\/corinna-martarelli\/\">na<\/a><\/td><\/tr><tr><td>De Almeida, M\u00e9lanie (UNIGE)<\/td><td>Neurohormonal markers of stress in Borderline Personality Disorder: interplay between oxytocin and cortisol<\/td><td><a href=\"https:\/\/www.unige.ch\/medecine\/psyat\/groupes-de-recherche\/1028perroud\/membres-du-groupe\/prof-nader-perroud\" data-type=\"link\" data-id=\"https:\/\/www.unige.ch\/medecine\/psyat\/groupes-de-recherche\/1028perroud\/membres-du-groupe\/prof-nader-perroud\">N. Perroud &amp; T. Aboulafia Brakha<\/a><\/td><\/tr><tr><td>De Chambrier, Pablo (UNIGE)<\/td><td>Brain Networks of Memory in Temporal Lobe Epilepsy<\/td><td><a href=\"https:\/\/neurocenter-unige.ch\/research-groups\/#filters=&amp;search=\">S. Vulliemoz &amp; C. Quairiaux<\/a><\/td><\/tr><tr><td>De Coucy, Alexandra (UNIL)<\/td><td>Neuron subtype specific spinal cord regeneration<\/td><td><a href=\"https:\/\/www.neurorestore.swiss\/\" target=\"_blank\" rel=\"noreferrer noopener\"> Bloch, Jocelyne &amp; G. Courtine<\/a> <\/td><\/tr><tr><td>Defferrard, L\u00e9a (UNIL)<\/td><td>Optimizing cognitive neurorehabilitation with multimodal biomarkers<\/td><td><a href=\"https:\/\/www.chuv.ch\/fr\/sun\/sun-home\/research\/research-labs\/teams\/principal-investigators\/sonia-crottaz-herbette\">S. Herbette &amp; A. Serino<\/a><\/td><\/tr><tr><td>Denkinger, Sylvie (UNIGE)<\/td><td>How to augment attentional control &#8211; lessons from action video games<\/td><td><a href=\"https:\/\/neurocenter-unige.ch\/research-groups\/daphne-bavelier\/\" target=\"_blank\" rel=\"noreferrer noopener\">Daphne Bavelier<\/a><\/td><\/tr><tr><td>Dennaoui, Lea&nbsp;(UNIL)<\/td><td>Microglia influence astrocyte maturation in the developing hippocampus<\/td><td><a href=\"https:\/\/www.unil.ch\/dsb\/en\/home\/menuinst\/groupes-de-recherche\/rosa-chiara-paolicelli-1.html\">R. Paolicelli<\/a><\/td><\/tr><tr><td>de Riedmatten, Ines (UNIL)<\/td><td>Experimental developments of FIREPATH on clinical MRI systems, as well as the development of a comprehensive simulation framework to bridge experimental dfMRI measurements with underlying brain activity<\/td><td><a href=\"https:\/\/wp.unil.ch\/mic-map\/ileana-jelescu\/\">Jelescu, Ileana<\/a><\/td><\/tr><tr><td>Deschanet, Chloe (UNIGE)<\/td><td>Attention, Behavior and Curiosity in Virtual Reality Space<\/td><td><a href=\"https:\/\/neurocenter-unige.ch\/research-groups\/patrik-vuilleumier\/\">P. Vuilleumier<\/a> &amp; J. Llobera<\/td><\/tr><tr><td>De Scheemaekere, Clemence&nbsp;(UNIGE)<\/td><td><\/td><td><a href=\"https:\/\/neurocenter-unige.ch\/research-groups\/#filters=&amp;search=\">D. Grandjean &amp; T. Gruber<\/a><\/td><\/tr><tr><td>De Wouters, Louise (UNIGE)<\/td><td>Combining structural and functional networks in Epilepsy: connectivity and graph signal processing<\/td><td><a href=\"https:\/\/neurocenter-unige.ch\/research-groups\/serge-vulliemoz\/\">Serge Vulli\u00e9moz<\/a><\/td><\/tr><tr><td>Dimou, Maria (UNIGE)<br><br><\/td><td>Brain Network Analysis to Evaluate Patient Eligibility for Epilepsy Surgery<\/td><td><a href=\"https:\/\/neurocenter-unige.ch\/research-groups\/serge-vulliemoz\/\" target=\"_blank\" rel=\"noreferrer noopener\">S Vulliemoz &amp; N.Roehri<\/a><\/td><\/tr><tr><td>Di Muccio, Francesco (UNIL)<\/td><td>Physical activity and sustained attention: an electro-cortical approach<\/td><td><a href=\"https:\/\/www.unil.ch\/beam\/home.html\" target=\"_blank\" rel=\"noreferrer noopener\">J. Barral &amp; C. Bran<\/a><a href=\"https:\/\/www.unil.ch\/beam\/home.html\">dner<\/a><\/td><\/tr><tr><td>Djordjijevic, Martina (UNIGE)<\/td><td>Neural Bases of Adjective Positioning in French<\/td><td><a href=\"https:\/\/neurocenter-unige.ch\/research-groups\/alexis-hervais-adelman\/\">A. Hervais-Adelman<\/a><\/td><\/tr><tr><td>Dorogan, Violina (UNIL)<\/td><td>The roles of autophagy in intercellular communication within the mammalian brain<\/td><td><a href=\"https:\/\/dnf-unil.ch\/group\/autophagic-mechanisms-of-protein-homeostasis-in-neurons\/member\/nikoletopoulou-vassiliki-nikoletopoulou\">V. Nikoletopoulou<\/a><\/td><\/tr><tr><td>Dreifuss (Bisson), Ma\u00eblle (UNIFR)<br><br><\/td><td>Regulated Cannabis Distribution: Profiles Heterogeneity, Longitudinal Follow-Up, and Cognitive Intervention for Consumption Reduction<\/td><td><a href=\"https:\/\/www.unifr.ch\/med\/spierer\/en\/\" target=\"_blank\" rel=\"noreferrer noopener\">L. Spierer<\/a><\/td><\/tr><tr><td>Dulex, Hannah&nbsp;(UNIL)<\/td><td>Decoding Lipid homeostasis in the hypothalamic cellular network orchestrated by tanycytes<\/td><td><a href=\"https:\/\/www.unil.ch\/dsb\/en\/home\/menuinst\/groupes-de-recherche\/fanny-langlet.html\">F. Langlet<\/a><\/td><\/tr><tr><td>Elbassiouny, Mai (UNIGE)<\/td><td>Modulation of Emotional Memory<\/td><td><a href=\"https:\/\/www.unige.ch\/fapse\/emotion-and-memory\/eng\" target=\"_blank\" rel=\"noreferrer noopener\">U. Rimmele<\/a><\/td><\/tr><tr><td>Eliasson, Nadine (UNIL)<\/td><td>Gut Brain Axis: Molecular Mechanisms Underlying the Beneficial Effect of Prebiotics on Metabolic Health<\/td><td><a href=\"https:\/\/www.unil.ch\/dsb\/en\/home\/menuinst\/groupes-de-recherche\/virginie-mansuy-aubert.html\">V. Mansuy-Aubert<\/a><\/td><\/tr><tr><td>Elshareif, Nadia (UNIL)<\/td><td>Maternal Gut Microbiota-Embryo Interplay during Pregnancy: Unraveling the Link to Obesity and Type 2 Diabetes Risk<\/td><td><a href=\"https:\/\/www.unil.ch\/dsb\/en\/home\/menuinst\/groupes-de-recherche\/virginie-mansuy-aubert.html\">V. Mansuy-Aubert<\/a><\/td><\/tr><tr><td>Elshove, Stacey (UNIL)<\/td><td>The Role of Spinal Networks in Cerebral Palsy: Mechanisms, Motor Deficits, and Therapeutic Strategies<\/td><td><a href=\"https:\/\/dnf-unil.ch\/group\/spinal-circuits-in-sensorimotor-disorders\/member\/kathe-claudia-kathe\">C. Kathe<\/a><\/td><\/tr><tr><td>Ericson, Isabel (UNIL)<\/td><td>The Impact of Insomnia on Brain Health<\/td><td><a href=\"https:\/\/www.chuv.ch\/fr\/sommeil\/cirs-home\/le-centre-en-bref\/nos-collaborateurs\/prof-raphael-heinzer\">R. Heinzer<\/a><\/td><\/tr><tr><td>Fanda, Lora (UNIGE)<\/td><td>Detecting and predicting epileptic seizures in the human brain using microelectrode recordings<\/td><td><a href=\"https:\/\/neurocenter-unige.ch\/research-groups\/pierre-megevand\/\">M\u00e9gevand, Pierre<\/a><\/td><\/tr><tr><td>Farhat, Hania (UNIGE)<\/td><td>Cognitive reserve accumulation pathways and pathological cognitive development: a detailed<br>lifespan perspective<\/td><td><a href=\"https:\/\/www.unige.ch\/fapse\/lifespan\/andreas-ihle\">A. Ihle<\/a><\/td><\/tr><tr><td>Feng, Shuxuan (UNIGE)<\/td><td><\/td><td><a href=\"https:\/\/neurocenter-unige.ch\/research-groups\/#filters=&amp;search=\">P. Vuilleumier<\/a><\/td><\/tr><tr><td>Ferrari, Asia (UNIGE)<\/td><td><\/td><td><a href=\"https:\/\/neurocenter-unige.ch\/research-groups\/stefan-kaiser\/\">S. Kaiser &amp; M. Kirschner<\/a><\/td><\/tr><tr><td>Ferreira, Clothilde (UNIGE)<\/td><td>Diversit\u00e9 et formation des neurones du cortex piriforme et influence des expositions olfactives<\/td><td><a href=\"https:\/\/genev.unige.ch\/research\/laboratory\/Ivan-Rodriguez\" target=\"_blank\" rel=\"noreferrer noopener\">I. Rodriguez &amp; S.Fi\u00e8vre<\/a><\/td><\/tr><tr><td>Forrer, Silas (UNIGE)<\/td><td>Refining developmental neural correlates during prodromal phase of psychosis in patients with 22q11.2DS using multivariate neuroimaging technics<\/td><td><a href=\"https:\/\/neurocenter-unige.ch\/research-groups\/stephan-eliez\/\">Stephan Eliez<\/a> &amp; D. Van de Ville<\/td><\/tr><tr><td>Fragniere, Caroline&nbsp;(UNIL)<\/td><td>Mapping the Diversity and Organization of Support and Glial Cells in the Drosophila Antenna<\/td><td><a href=\"https:\/\/www.unil.ch\/cig\/en\/home\/menuinst\/research\/prof-benton-1.html\">R. Benton<\/a><\/td><\/tr><tr><td>Francalanci, Hugo&nbsp;(UNIGE)<\/td><td>Toward a personalized clinical assessment of motor control after reverse total shoulder arthroplasty: combined contribution of electromyography and<br>kinematics<\/td><td><a href=\"https:\/\/neurocenter-unige.ch\/research-groups\/#filters=&amp;search=\">S. Armand<\/a><\/td><\/tr><tr><td>Galli, Riccardo (UNIGE)<\/td><td>Understanding the Neural Substrates of Neurofeedback Modulations of Visual Attention: Multimodal Brain Imaging and Application to Hemispatial Neglect Syndrome<\/td><td><a href=\"https:\/\/neurocenter-unige.ch\/research-groups\/patrik-vuilleumier\/\">Vuilleumier, Patrik<\/a><\/td><\/tr><tr><td>Gashi, Adem (UNIGE)<\/td><td>Metabolic and vascular risk as modifiers of the relationship between age-dependent \u00dchanges in the brain and cognition<\/td><td><a href=\"https:\/\/www.unige.ch\/fapse\/mad\/equipe\/ghisletta\">P.Ghisletta<\/a><\/td><\/tr><tr><td>Gaudre, Martin (UNIGE)<\/td><td>Knowledge as reward: Affective and brain bases of curiosity and<br>information-seeking<\/td><td><a href=\"https:\/\/neurocenter-unige.ch\/research-groups\/#filters=&amp;search=\" target=\"_blank\" rel=\"noreferrer noopener\">D. Sander &amp; Y. Stussi<\/a><\/td><\/tr><tr><td>Gay, Ayla (UNIL)<\/td><td>Hand in hand: revealing the link between distorted hand perceptions and efficient manual actions<\/td><td><a href=\"https:\/\/wp.unil.ch\/myspacelab\/\">A. Serino &amp; M. Bassolino<\/a><\/td><\/tr><tr><td>G\u00f3mez-Navarro, Alberto&nbsp;(UNIL)<\/td><td>Targeting SHIP1 to restore microglial fitness in neurodegeneration<\/td><td><a href=\"https:\/\/www.unil.ch\/dsb\/en\/home\/menuinst\/groupes-de-recherche\/rosa-chiara-paolicelli-1.html\">R. Paolicelli<\/a><\/td><\/tr><tr><td>Gonz\u00e1lez M\u00e9ndez, Maria Fernanda (UNIL)<\/td><td>Innosuisse Flagship SwissNeuroRehab Research Project<\/td><td><a href=\"https:\/\/wp.unil.ch\/myspacelab\/prof-andrea-serino\/\" target=\"_blank\" rel=\"noreferrer noopener\">A. Serino &amp; S. Herbette<\/a><\/td><\/tr><tr><td>Goossens, Amelien (UNIL)<\/td><td>Molecular mechanisms underlying the pathogenesis of Autism Spectrum Disorder<\/td><td><a href=\"https:\/\/wwwfbm.unil.ch\/dnf\/group\/cellular-and-molecular-studies-of-synaptic-plasticity-and-cancer-in-intellectual-disabilities\">Bagni, Claudia<\/a><\/td><\/tr><tr><td>Granja, Daniel (UNIGE)<\/td><td>Decoding the impact of context on Attentional Temporal Dynamics to social items: An Integrated ERP and Behavioural Approach<\/td><td><a href=\"https:\/\/neurocenter-unige.ch\/research-groups\/nicolas-burra\/\">Nicolas Burra<\/a><\/td><\/tr><tr><td>Grouvel, Gauthier (UNIGE)<\/td><td>EVI &#8211; Efficacy of the Vestibular Implant for the rehabilitation of patients with severe bilateral vestibulopathy<\/td><td><a href=\"https:\/\/neurocenter-unige.ch\/research-groups\/angelica-perez\/\" target=\"_blank\" rel=\"noreferrer noopener\">A. Perez Fornoz<\/a> &amp; S. Armand<\/td><\/tr><tr><td>Henckaerts, Pauline (UNIGE)<\/td><td>Auditory closed-loop modulation of slow wave sleep to treat major depressive disorder<\/td><td><a href=\"https:\/\/www.hug.ch\/specialites-psychiatriques\/equipe-du-service-specialites-psychiatriques\" target=\"_blank\" rel=\"noreferrer noopener\">C. Nissen &amp; C. Feher<\/a><\/td><\/tr><tr><td>Hankov, Nicolas (UNIL)<\/td><td>Neuroprosthetics strategies to restore neurological functions<\/td><td><a href=\"https:\/\/www.chuv.ch\/fr\/neurochirurgie\/nch-home\/le-service-en-bref\/notre-equipe\/nos-medecins\/pre-jocelyne-bloch\/\">Bloch, Jocelyne<\/a><\/td><\/tr><tr><td>Harput, Elif (UNIGE)<\/td><td>Exploring the Interplay of Comorbidities and Biomarkers in Alzheimer\u2019s Disease through Molecular Imaging<\/td><td><a href=\"https:\/\/neurocenter-unige.ch\/research-groups\/valentina-garibotto\/\">V. Garibotto<\/a><\/td><\/tr><tr><td>Hasanovic, Ed (UNIL)<\/td><td>From neuronal circuits to motor deficits: exploring spinal network matura7on in cerebral palsy<\/td><td><a href=\"https:\/\/dnf-unil.ch\/group\/spinal-circuits-in-sensorimotor-disorders\">C. Kathe<\/a><\/td><\/tr><tr><td>Hausmann, Alessa&nbsp;(UNIGE)<\/td><td>Linguistic markers of neurodegeneration in multilingual populations<\/td><td><a href=\"https:\/\/neurocenter-unige.ch\/research-groups\/#filters=&amp;search=\">V. Borghesani<\/a><\/td><\/tr><tr><td>Herve, Nino (UNIL)<\/td><td>Spatio-temporal connectomics of EEG using advanced graph signal processing<\/td><td><a href=\"https:\/\/wp.unil.ch\/connectomics\/prof-patric-hagmann\/\">P. Hagmann<\/a><\/td><\/tr><tr><td>Hinnen, Gabriel (UNIGE)<\/td><td>Healing sleep to enhance emotional and cognitive functioning in adolescents: a workshop-based intervention<\/td><td><a href=\"https:\/\/neurocenter-unige.ch\/research-groups\/sophie-schwartz\/\">V. Sterpenich &amp; S. Schwartz<\/a><\/td><\/tr><tr><td>Huang, Yingqi (UNIGE)<\/td><td><\/td><td><a href=\"https:\/\/www.tomasros.com\/\">T. Ros<\/a> &amp; <a href=\"https:\/\/neurocenter-unige.ch\/research-groups\/serge-vulliemoz\/\">S. Vulliemoz<\/a><\/td><\/tr><tr><td>Hubert, Felix (UNIGE)<\/td><td>Probabilistic computations in the brain during decision-making<\/td><td><a href=\"https:\/\/neurocenter-unige.ch\/research-groups\/alexandre-pouget\/\" target=\"_blank\" rel=\"noreferrer noopener\">Pouget, Alexandre<\/a><\/td><\/tr><tr><td>Igelb\u00fcscher, Carla (UNIL)<\/td><td>The role of lipid droplets during mouse and human brain development<\/td><td><a rel=\"noreferrer noopener\" href=\"https:\/\/www.unil.ch\/physiologie\/en\/home\/menuinst\/groupes-de-recherche\/marlen-knobloch.html\" target=\"_blank\">M. Knobloch<\/a><\/td><\/tr><tr><td>Ilaridou, Iliana (UNIGE)<\/td><td>Anomalies c\u00e9r\u00e9brales structurelles et fonctionnelles associ\u00e9es \u00e0 l\u2019autisme<\/td><td><a href=\"https:\/\/neurocenter-unige.ch\/research-groups\/developmental-trajectories-of-children-with-autism\/\" target=\"_blank\" rel=\"noreferrer noopener\">M. Schaer<\/a><\/td><\/tr><tr><td>Kanani, Mehdi&nbsp;(UNIGE)<\/td><td>The role of ApoE polymorphism on the propagation of tau pathology<\/td><td><a href=\"https:\/\/www.unige.ch\/medecine\/phym\/fr\/groupes\/anne-claude-gavin\/membres-du-groupe\">AC Gavin &amp; A. Lathuili\u00e8re<\/a><\/td><\/tr><tr><td>Konstantopoulou, Stefania (UNIGE)<\/td><td>Plasticity of Attention Networks as predictors of Stroke outcome<\/td><td><a href=\"https:\/\/neurocenter-unige.ch\/research-groups\/radek-ptak\/\">R. Ptak<\/a><\/td><\/tr><tr><td>Krishnamoorthy, Deeksha (UNIL)<\/td><td>Neural correlates of the social behavior spectrum<\/td><td><a href=\"https:\/\/www.unil.ch\/cig\/en\/home\/menuinst\/research\/prof-larsch.html\">J. Larsch<\/a><\/td><\/tr><\/tbody><\/table><\/figure>\n\n\n\n<p><\/p>\n","protected":false},"excerpt":{"rendered":"<p>Name Project Thesis Director Dall&#8217;Olio, Lucas (UNIL &amp; Unidistance) Preschool children\u2019s learning from 3D virtual reality: Investigating the educational impact of the 21st century fairy tales Martarelli, Corinna De Almeida, &hellip; <\/p>\n","protected":false},"author":1530,"featured_media":0,"parent":0,"menu_order":0,"comment_status":"closed","ping_status":"closed","template":"","meta":{"_seopress_robots_primary_cat":"","_seopress_titles_title":"","_seopress_titles_desc":"","_seopress_robots_index":"","footnotes":""},"class_list":["post-412","page","type-page","status-publish"],"_links":{"self":[{"href":"https:\/\/wp.unil.ch\/lemanicneuroscience\/wp-json\/wp\/v2\/pages\/412","targetHints":{"allow":["GET"]}}],"collection":[{"href":"https:\/\/wp.unil.ch\/lemanicneuroscience\/wp-json\/wp\/v2\/pages"}],"about":[{"href":"https:\/\/wp.unil.ch\/lemanicneuroscience\/wp-json\/wp\/v2\/types\/page"}],"author":[{"embeddable":true,"href":"https:\/\/wp.unil.ch\/lemanicneuroscience\/wp-json\/wp\/v2\/users\/1530"}],"replies":[{"embeddable":true,"href":"https:\/\/wp.unil.ch\/lemanicneuroscience\/wp-json\/wp\/v2\/comments?post=412"}],"version-history":[{"count":4,"href":"https:\/\/wp.unil.ch\/lemanicneuroscience\/wp-json\/wp\/v2\/pages\/412\/revisions"}],"predecessor-version":[{"id":4157,"href":"https:\/\/wp.unil.ch\/lemanicneuroscience\/wp-json\/wp\/v2\/pages\/412\/revisions\/4157"}],"wp:attachment":[{"href":"https:\/\/wp.unil.ch\/lemanicneuroscience\/wp-json\/wp\/v2\/media?parent=412"}],"curies":[{"name":"wp","href":"https:\/\/api.w.org\/{rel}","templated":true}]}}