{"id":363,"date":"2022-01-03T11:21:09","date_gmt":"2022-01-03T10:21:09","guid":{"rendered":"https:\/\/wp.unil.ch\/lemanicneuroscience\/?page_id=363"},"modified":"2025-10-10T09:24:30","modified_gmt":"2025-10-10T07:24:30","slug":"d-h","status":"publish","type":"page","link":"https:\/\/wp.unil.ch\/lemanicneuroscience\/d-h\/","title":{"rendered":"Labs from D-H"},"content":{"rendered":"\n<figure class=\"wp-block-table is-style-stripes\"><table class=\"has-fixed-layout\"><tbody><tr><td><strong>Name<\/strong><\/td><td><strong>Institution<\/strong><\/td><td><strong>Research Topic<\/strong><\/td><\/tr><tr><td><a href=\"https:\/\/wwwfbm.unil.ch\/dnf\/group\/understanding-the-mechanisms-contributing-to-neuropathic-pain\">Decosterd, Isabelle<\/a><\/td><td>CHUV-Anesthesiology \/ UNIL-DNF<\/td><td>Mechanisms of pain<\/td><\/tr><tr><td><a href=\"https:\/\/neurocenter-unige.ch\/research-groups\/martin-debbane\/\">Debban\u00e9, Martin<\/a><\/td><td>UNIGE-FPSE<\/td><td>Psychiatric Neuroscience; Development<\/td><\/tr><tr><td><a href=\"https:\/\/www.unil.ch\/lren\/home\/menuinst\/lreners\/ann-marie-de-lange.html\">De Lange, Ann-Marie<\/a><\/td><td>CHUV<\/td><td>Brain and cognitive health across the lifespan. Female health.<\/td><\/tr><tr><td><a href=\"https:\/\/sites.google.com\/view\/marziadelucia\/home\">De Lucia, Marzia<\/a><\/td><td>CHUV<\/td><td>Brain function in coma<\/td><\/tr><tr><td><a href=\"https:\/\/applicationspub.unil.ch\/interpub\/noauth\/php\/Un\/UnPers.php?PerNum=750317&amp;LanCode=37&amp;menu=coord\">Despland, Jean-Nicolas<\/a><\/td><td>CHUV<\/td><td>Evaluation des psychoth\u00e9rapies, Processus psychoth\u00e9rapeutique, <br>Psychopathologie, Psychoth\u00e9rapies<\/td><\/tr><tr><td><a href=\"https:\/\/www.chuv.ch\/fr\/psychiatrie\/dp-home\/recherche\/centres-et-unites-de-recherche\/centre-de-neurosciences-psychiatriques-cnp\/unite-de-recherche-sur-la-schizophrenie-urs\">Do, Kim Q.<\/a><\/td><td>CHUV-CNP<\/td><td>Translational research in schizophrenia<\/td><\/tr><tr><td><a href=\"https:\/\/www.unil.ch\/lren\/page77658_en.html\">Draganski, Bogdan<\/a><\/td><td>CHUV-Neurology<\/td><td>Anatomical characterization of cortical and subcortical structures<\/td><\/tr><tr><td><a href=\"https:\/\/www.chuv.ch\/neurosciences\/dnc_home\/dnc-recherche\/dnc-recherche-axes\/dnc-recherche-axes-neurologie\/dnc-recherche-axes-neurologie-neuroimmunologie.htm\">Du Pasquier, Renaud<\/a><\/td><td>CHUV<\/td><td>&nbsp;<\/td><\/tr><tr><td><a href=\"https:\/\/www.chuv.ch\/fr\/psychiatrie\/dp-home\/recherche\/centres-et-unites-de-recherche\/centre-de-neurosciences-psychiatriques-cnp\/unite-de-pharmacogenetique-et-de-psychopharmacologie-clinique-uppc\">Eap, Chin-Bin<\/a><\/td><td>CHUV-CNP<\/td><td>Clinical biochemistry and psychopharmacology<\/td><\/tr><tr><td><a href=\"https:\/\/neurocenter-unige.ch\/research-groups\/experimental-and-computational-neurosciences-laboratory\/\">El-Boustani, Sami<\/a><\/td><td>UNIGE-CMU<\/td><td>Learning, multisensory integration, perceptual inference, synaptic plasticity<\/td><\/tr><tr><td><a href=\"https:\/\/neurocenter-unige.ch\/research-groups\/stephan-eliez\/\">Eliez, Stephan<\/a><\/td><td>UNIGE &amp; OMP<\/td><td>Study of neurogenetic syndromes and psychiatric disorders in children and adolescents<\/td><\/tr><tr><td><a href=\"https:\/\/wp.unil.ch\/connectomics\/team\/oscar-esteban\/\">Esteban, Oscar<\/a><\/td><td>CHUV<\/td><td>MRI analysis tools<\/td><\/tr><tr><td><a href=\"https:\/\/www.unige.ch\/fapse\/psycholinguistique\/equipes\/devlang\/membres\/franck\/\">Franck, Julie<\/a><\/td><td>UNIGE-FPSE<\/td><td>Langage and cognition lab<\/td><\/tr><tr><td><a href=\"https:\/\/www.unil.ch\/cig\/franken\">Franken, Paul<\/a><\/td><td>UNIL-CIG<\/td><td>Sleep and energy homeostasis, circadian clock genes, QTL analysis, genetics of EEG activity<\/td><\/tr><tr><td><a href=\"https:\/\/neurocenter-unige.ch\/research-groups\/valentina-garibotto\/\">Garibotto, Valentina<\/a><\/td><td>HUG<\/td><td>Biomarkers, molecular neuroimaging, neurodegeneration, neurotransmission<\/td><\/tr><tr><td>Gasche, Yvan<\/td><td>HUG<\/td><td>Blood-brain barrier, cerebral ischemia, neuronal degeneration, stroke<\/td><\/tr><tr><td><a href=\"https:\/\/www.unil.ch\/cig\/en\/home\/menuinst\/research\/prof-gatfield.html\">Gatfield, David<\/a><\/td><td>UNIL-CIG<\/td><td>Circadian clocks, miRNAs, translation, RNA binding proteins, post-transcriptional regulation of gene expression, metabolism<\/td><\/tr><tr><td><a href=\"https:\/\/www.unige.ch\/fapse\/mad\/equipe\/ghisletta\" target=\"_blank\" rel=\"noreferrer noopener\">Ghisletta, Paolo<\/a><\/td><td>UNIGE-FPSE<\/td><td>Behavior &amp; Cognition; Computation &amp; Simulation<\/td><\/tr><tr><td><a href=\"https:\/\/neurocenter-unige.ch\/research-groups\/individual-differences-and-vulnerability-to-addiction\/\">Ginovart, Nathalie<\/a><\/td><td>UNIGE-HUG<\/td><td>PET; vulnerabilty to addiction<\/td><\/tr><tr><td><a href=\"https:\/\/neurocenter-unige.ch\/research-groups\/anne-lise-giraud\/\">Giraud, Anne-Lise<\/a><\/td><td>UNIGE-CMU<\/td><td>Neural bases of speech processing. Electrophysiology and computational modeling<\/td><\/tr><tr><td><a href=\"https:\/\/neurocenter-unige.ch\/research-groups\/didier-grandjean\/\">Grandjean, Didier<\/a><\/td><td>UNIGE-FPSE<\/td><td>Neuroscience of Emotion and Affective Dynamics<\/td><\/tr><tr><td><a href=\"https:\/\/www.unige.ch\/cisa\/center\/members\/gruber-thibaud\/\">Gruber, Thibaud<\/a><\/td><td> UNIGE-FPSE <\/td><td>Social learning, tool use, culture, communication in great apes and humans.<\/td><\/tr><tr><td><a href=\"https:\/\/wp.unil.ch\/connectomics\/prof-patric-hagmann\/\">Hagmann, Patric<\/a><\/td><td>CHUV<\/td><td>Brain connectome, MRI<\/td><\/tr><tr><td><a href=\"https:\/\/applicationspub.unil.ch\/interpub\/noauth\/php\/Un\/UnPers.php?PerNum=891406&amp;LanCode=8\">Heinzer, Raphael<\/a><\/td><td>CHUV<\/td><td>Sleep<\/td><\/tr><tr><td><a href=\"https:\/\/wwwfbm.unil.ch\/dnf\/group\/lorenz-hirt\">Hirt, Lorenz<\/a><\/td><td>CHUV \/ UNIL-DNF<\/td><td>Experimental stroke and neuroprotection<\/td><\/tr><tr><td><a href=\"https:\/\/neurocenter-unige.ch\/research-groups\/anthony-holtmaat\/\">Holtmaat, Anthony<\/a><\/td><td>UNIGE-CMU<\/td><td>Structural synaptic plasticity<\/td><\/tr><tr><td><a href=\"https:\/\/www.chuv.ch\/dfme\/dfme_home\/dfme-recherche\/dfme-recherche-gynecologie-obstetrique\/dfme-antje-horsch-lab.html\">Horsch, Antje<\/a><\/td><td>UNIL-IUFRS &amp; CHUV<\/td><td>Perinatal psychology (stress and trauma)<\/td><\/tr><tr><td><a href=\"https:\/\/neurocenter-unige.ch\/research-groups\/daniel-huber\/\">Huber, Daniel<\/a><\/td><td>UNIGE-CMU<\/td><td>Neural circuits and behavior<\/td><\/tr><tr><td><a href=\"https:\/\/hummel-lab.epfl.ch\/\">Hummel, Friedhelm<\/a><\/td><td>EPFL &amp; UNIGE<\/td><td>Neuroplasticity, neuronal control of sensorimotor function, motor learning, healthy aging<\/td><\/tr><tr><td><a href=\"https:\/\/neurocenter-unige.ch\/research-groups\/petra-huppi\/\">H\u00fcppi, Petra<\/a><\/td><td>HUG<\/td><td>Child Development Disorders: Study of normal and abnormal brain development in high risk neonates with neuro-imaging<\/td><\/tr><\/tbody><\/table><\/figure>\n","protected":false},"excerpt":{"rendered":"<p>Name Institution Research Topic Decosterd, Isabelle CHUV-Anesthesiology \/ UNIL-DNF Mechanisms of pain Debban\u00e9, Martin UNIGE-FPSE Psychiatric Neuroscience; Development De Lange, Ann-Marie CHUV Brain and cognitive health across the lifespan. Female &hellip; <\/p>\n","protected":false},"author":1530,"featured_media":0,"parent":0,"menu_order":0,"comment_status":"closed","ping_status":"closed","template":"","meta":{"_seopress_robots_primary_cat":"","_seopress_titles_title":"","_seopress_titles_desc":"","_seopress_robots_index":"","footnotes":""},"class_list":["post-363","page","type-page","status-publish"],"_links":{"self":[{"href":"https:\/\/wp.unil.ch\/lemanicneuroscience\/wp-json\/wp\/v2\/pages\/363","targetHints":{"allow":["GET"]}}],"collection":[{"href":"https:\/\/wp.unil.ch\/lemanicneuroscience\/wp-json\/wp\/v2\/pages"}],"about":[{"href":"https:\/\/wp.unil.ch\/lemanicneuroscience\/wp-json\/wp\/v2\/types\/page"}],"author":[{"embeddable":true,"href":"https:\/\/wp.unil.ch\/lemanicneuroscience\/wp-json\/wp\/v2\/users\/1530"}],"replies":[{"embeddable":true,"href":"https:\/\/wp.unil.ch\/lemanicneuroscience\/wp-json\/wp\/v2\/comments?post=363"}],"version-history":[{"count":2,"href":"https:\/\/wp.unil.ch\/lemanicneuroscience\/wp-json\/wp\/v2\/pages\/363\/revisions"}],"predecessor-version":[{"id":3721,"href":"https:\/\/wp.unil.ch\/lemanicneuroscience\/wp-json\/wp\/v2\/pages\/363\/revisions\/3721"}],"wp:attachment":[{"href":"https:\/\/wp.unil.ch\/lemanicneuroscience\/wp-json\/wp\/v2\/media?parent=363"}],"curies":[{"name":"wp","href":"https:\/\/api.w.org\/{rel}","templated":true}]}}