{"id":1702,"date":"2022-10-24T12:43:30","date_gmt":"2022-10-24T10:43:30","guid":{"rendered":"https:\/\/wp.unil.ch\/lemanicneuroscience\/?page_id=1702"},"modified":"2025-08-29T17:00:49","modified_gmt":"2025-08-29T15:00:49","slug":"membres-du-comite-committee-members","status":"publish","type":"page","link":"https:\/\/wp.unil.ch\/lemanicneuroscience\/membres-du-comite-committee-members\/","title":{"rendered":"Membres du Comit\u00e9 \/ Committee members"},"content":{"rendered":"\n<figure class=\"wp-block-table is-style-stripes\"><table><tbody><tr><td><strong>Ann C. Kato (Pr\u00e9sidente)<\/strong><\/td><td>Professeure honoraire de la Facult\u00e9 de M\u00e9decine, UNIGE<\/td><\/tr><tr><td><strong>Jean-Pierre Hornung (Secr\u00e9taire)<\/strong><\/td><td>Professeur honoraire de la Facult\u00e9 de Biologie et M\u00e9decine, UNIL<\/td><\/tr><tr><td><strong>Clairemonde Nicolet-Falk-Vairant<\/strong><\/td><td>Membre de la famille Falk-Vairant, Professeure d&#8217;art, Meyrin (Professor of Arts, Meyrin)<\/td><\/tr><tr><td><strong>Jozsef Z. Kiss<\/strong><\/td><td>Professeur honoraire de la Facult\u00e9 de M\u00e9decine, UNIGE<\/td><\/tr><tr><td><strong>Pierre Magistretti<\/strong><\/td><td>Professeur honoraire de la Facult\u00e9 des Sciences de la Vie, EPFL<\/td><\/tr><tr><td><strong>Margitta Seeck<\/strong><\/td><td>Professeure \u00e0 la Facult\u00e9 de M\u00e9decine, UNIGE<\/td><\/tr><tr><td><strong>Sophie Schwartz<\/strong><\/td><td>Professeure \u00e0 la Facult\u00e9 de M\u00e9decine, UNIGE<\/td><\/tr><tr><td><strong>Anthony Holtmaat<\/strong><\/td><td>Professeur \u00e0 la Facult\u00e9 de M\u00e9decine, UNIGE<\/td><\/tr><tr><td><strong>Martin Nicolet<\/strong><\/td><td>Membre de la famille Falk-Vairant<\/td><\/tr><tr><td><strong>Alice Nicolet<\/strong><\/td><td>Membre de la famille Falk-Vairant<\/td><\/tr><tr><td><strong>Ulrike Toepel (Secr\u00e9taire adjointe)<\/strong><\/td><td>Coordinatrice du Programme L\u00e9manique en Neurosciences (Coordinator of the Lemanic Neuroscience Program)<\/td><\/tr><\/tbody><\/table><\/figure>\n","protected":false},"excerpt":{"rendered":"<p>Ann C. Kato (Pr\u00e9sidente) Professeure honoraire de la Facult\u00e9 de M\u00e9decine, UNIGE Jean-Pierre Hornung (Secr\u00e9taire) Professeur honoraire de la Facult\u00e9 de Biologie et M\u00e9decine, UNIL Clairemonde Nicolet-Falk-Vairant Membre de la &hellip; <\/p>\n","protected":false},"author":1530,"featured_media":0,"parent":0,"menu_order":0,"comment_status":"closed","ping_status":"closed","template":"","meta":{"_seopress_robots_primary_cat":"","_seopress_titles_title":"","_seopress_titles_desc":"","_seopress_robots_index":"","footnotes":""},"class_list":["post-1702","page","type-page","status-publish"],"_links":{"self":[{"href":"https:\/\/wp.unil.ch\/lemanicneuroscience\/wp-json\/wp\/v2\/pages\/1702","targetHints":{"allow":["GET"]}}],"collection":[{"href":"https:\/\/wp.unil.ch\/lemanicneuroscience\/wp-json\/wp\/v2\/pages"}],"about":[{"href":"https:\/\/wp.unil.ch\/lemanicneuroscience\/wp-json\/wp\/v2\/types\/page"}],"author":[{"embeddable":true,"href":"https:\/\/wp.unil.ch\/lemanicneuroscience\/wp-json\/wp\/v2\/users\/1530"}],"replies":[{"embeddable":true,"href":"https:\/\/wp.unil.ch\/lemanicneuroscience\/wp-json\/wp\/v2\/comments?post=1702"}],"version-history":[{"count":1,"href":"https:\/\/wp.unil.ch\/lemanicneuroscience\/wp-json\/wp\/v2\/pages\/1702\/revisions"}],"predecessor-version":[{"id":3674,"href":"https:\/\/wp.unil.ch\/lemanicneuroscience\/wp-json\/wp\/v2\/pages\/1702\/revisions\/3674"}],"wp:attachment":[{"href":"https:\/\/wp.unil.ch\/lemanicneuroscience\/wp-json\/wp\/v2\/media?parent=1702"}],"curies":[{"name":"wp","href":"https:\/\/api.w.org\/{rel}","templated":true}]}}