{"id":1159,"date":"2022-02-10T10:16:23","date_gmt":"2022-02-10T09:16:23","guid":{"rendered":"https:\/\/wp.unil.ch\/lemanicneuroscience\/?page_id=1159"},"modified":"2022-02-10T10:28:47","modified_gmt":"2022-02-10T09:28:47","slug":"lnds-study-regulations","status":"publish","type":"page","link":"https:\/\/wp.unil.ch\/lemanicneuroscience\/lnds-study-regulations\/","title":{"rendered":"LNDS study regulations"},"content":{"rendered":"\n<h5 class=\"wp-block-heading\" id=\"study-regulations-as-validated-by-unige-unil-in-2021\">Study regulations as validated by UNIGE &amp; UNIL in 2021<\/h5>\n\n\n\n<div class=\"wp-block-group\"><div class=\"wp-block-group__inner-container is-layout-flow wp-block-group-is-layout-flow\">\n<ul class=\"has-very-light-gray-to-cyan-bluish-gray-gradient-background has-background wp-block-list\"><li><strong><a href=\"https:\/\/wp.unil.ch\/lemanicneuroscience\/files\/2022\/01\/RE-doctorat-en-neurosciences_2021-signed.pdf\">R\u00e8glement d&#8217;\u00e9tudes du Doctorat en neurosciences des Universit\u00e9s de Gen\u00e8ve et Lausanne 2021 (FR)<\/a><\/strong><\/li><li><strong><a href=\"https:\/\/wp.unil.ch\/lemanicneuroscience\/files\/2022\/01\/LNDS-Rules2021.pdf\">Study regulations for the Doctorate in neuroscience of the Universities of Geneva and Lausanne 2021 (EN)<\/a><\/strong><\/li><\/ul>\n\n\n\n<ul class=\"has-vivid-cyan-blue-color has-very-light-gray-to-cyan-bluish-gray-gradient-background has-text-color has-background wp-block-list\"><li><strong><a href=\"https:\/\/wp.unil.ch\/lemanicneuroscience\/files\/2022\/01\/PlanEtudes-du-Doctorat-en-Neurosciences-final.pdf\">Plan d\u2019\u00e9tudes du programme doctoral en neurosciences des Universit\u00e9s de Gen\u00e8ve et de Lausanne (FR)<\/a><\/strong><\/li><li><strong><a href=\"https:\/\/wp.unil.ch\/lemanicneuroscience\/files\/2022\/01\/LNDS-StudyPlan2021.pdf\">Study plan for the Doctorate in Neuroscience of the Universities of Geneva and Lausanne (EN<\/a>)<\/strong><\/li><\/ul>\n<\/div><\/div>\n\n\n\n<p class=\"has-text-align-center\"><em>The documents are provided in French (as validated by UNIGE &amp; UNIL), and as translation into English. Please note that the translation is provided for information purposes only and has no legal force. The French text remains authoritative.<\/em><\/p>\n","protected":false},"excerpt":{"rendered":"<p>Study regulations as validated by UNIGE &amp; UNIL in 2021 R\u00e8glement d&#8217;\u00e9tudes du Doctorat en neurosciences des Universit\u00e9s de Gen\u00e8ve et Lausanne 2021 (FR) Study regulations for the Doctorate in &hellip; <\/p>\n","protected":false},"author":1530,"featured_media":0,"parent":0,"menu_order":0,"comment_status":"closed","ping_status":"closed","template":"","meta":{"_seopress_robots_primary_cat":"","_seopress_titles_title":"","_seopress_titles_desc":"","_seopress_robots_index":"","footnotes":""},"class_list":["post-1159","page","type-page","status-publish"],"_links":{"self":[{"href":"https:\/\/wp.unil.ch\/lemanicneuroscience\/wp-json\/wp\/v2\/pages\/1159","targetHints":{"allow":["GET"]}}],"collection":[{"href":"https:\/\/wp.unil.ch\/lemanicneuroscience\/wp-json\/wp\/v2\/pages"}],"about":[{"href":"https:\/\/wp.unil.ch\/lemanicneuroscience\/wp-json\/wp\/v2\/types\/page"}],"author":[{"embeddable":true,"href":"https:\/\/wp.unil.ch\/lemanicneuroscience\/wp-json\/wp\/v2\/users\/1530"}],"replies":[{"embeddable":true,"href":"https:\/\/wp.unil.ch\/lemanicneuroscience\/wp-json\/wp\/v2\/comments?post=1159"}],"version-history":[{"count":0,"href":"https:\/\/wp.unil.ch\/lemanicneuroscience\/wp-json\/wp\/v2\/pages\/1159\/revisions"}],"wp:attachment":[{"href":"https:\/\/wp.unil.ch\/lemanicneuroscience\/wp-json\/wp\/v2\/media?parent=1159"}],"curies":[{"name":"wp","href":"https:\/\/api.w.org\/{rel}","templated":true}]}}