{"id":175,"date":"2018-04-16T16:08:12","date_gmt":"2018-04-16T14:08:12","guid":{"rendered":"http:\/\/wp.unil.ch\/legalpro\/?page_id=175"},"modified":"2018-04-16T16:14:25","modified_gmt":"2018-04-16T14:14:25","slug":"conference-geneva-may-2018","status":"publish","type":"page","link":"https:\/\/wp.unil.ch\/legalpro\/conference-geneva-may-2018\/","title":{"rendered":"Conference Geneva May 2018"},"content":{"rendered":"<p>The comparative study will be presented at an international conference which will be held in Geneva in May 2018. Bar and professional associations, as well as individual participants will have the opportunity to get a global and comparative view on their professional field and to share about issues regarding the present and the future of the legal professions at national and international levels (Thursday 24 May 2018, Graduate Institute, Auditoire 2).<\/p>\n<p>Scholars in socio-legal studies will also present recent research on the social changes at stake in different countries, on gender, globalization and professional identities (Friday 25 May 2018, Graduate Institute Room S1)<\/p>\n<p><span style=\"color: #800000\">To learn more about the conference <strong>&#8220;\u00catre jeune avocat?e en Suisse et en France en 2018. Aspirations, incertitudes et in\u00e9galit\u00e9s &#8221; ( Thursday 24 May 2018, Geneva)<\/strong> and register,<\/span><\/p>\n<p><span style=\"color: #ff0000\">please click here :<\/span><\/p>\n<p><a href=\"https:\/\/graduateinstitute.ch\/lang\/fr\/pid\/11078\/_\/events\/gender\/2018\/etre-jeune-avocate-en-suisse-et\" target=\"_blank\" rel=\"noopener\">24 mai<\/a>,<\/p>\n<p><span style=\"color: #800000\">To learn more about the conference <strong>&#8220;Gendered Globalization of the Legal Professions&#8221; (Friday 25 May 2018, Geneva)<\/strong> and register,<\/span><\/p>\n<p><span style=\"color: #ff0000\">please click here:<\/span><\/p>\n<p><a href=\"https:\/\/graduateinstitute.ch\/lang\/en\/pid\/11078\/_\/events\/gender\/2018\/gendered-globalization-of-the-le\" target=\"_blank\" rel=\"noopener\">25 mai<\/a><\/p>\n<p>&nbsp;<\/p>\n<p>&nbsp;<\/p>\n<p>&nbsp;<\/p>\n<p>&nbsp;<\/p>\n","protected":false},"excerpt":{"rendered":"<p>The comparative study will be presented at an international conference which will be held in Geneva in May 2018. Bar and professional associations, as well as individual participants will have the opportunity to get a global and comparative view on their professional field and to share about issues regarding the present and the future of &hellip; <\/p>\n<p class=\"link-more\"><a href=\"https:\/\/wp.unil.ch\/legalpro\/conference-geneva-may-2018\/\" class=\"more-link\">Continue reading<span class=\"screen-reader-text\"> &#8220;Conference Geneva May 2018&#8221;<\/span><\/a><\/p>\n","protected":false},"author":1001284,"featured_media":0,"parent":0,"menu_order":0,"comment_status":"closed","ping_status":"closed","template":"","meta":{"_seopress_robots_primary_cat":"","_seopress_titles_title":"","_seopress_titles_desc":"","_seopress_robots_index":"","footnotes":""},"class_list":["post-175","page","type-page","status-publish"],"_links":{"self":[{"href":"https:\/\/wp.unil.ch\/legalpro\/wp-json\/wp\/v2\/pages\/175","targetHints":{"allow":["GET"]}}],"collection":[{"href":"https:\/\/wp.unil.ch\/legalpro\/wp-json\/wp\/v2\/pages"}],"about":[{"href":"https:\/\/wp.unil.ch\/legalpro\/wp-json\/wp\/v2\/types\/page"}],"author":[{"embeddable":true,"href":"https:\/\/wp.unil.ch\/legalpro\/wp-json\/wp\/v2\/users\/1001284"}],"replies":[{"embeddable":true,"href":"https:\/\/wp.unil.ch\/legalpro\/wp-json\/wp\/v2\/comments?post=175"}],"version-history":[{"count":0,"href":"https:\/\/wp.unil.ch\/legalpro\/wp-json\/wp\/v2\/pages\/175\/revisions"}],"wp:attachment":[{"href":"https:\/\/wp.unil.ch\/legalpro\/wp-json\/wp\/v2\/media?parent=175"}],"curies":[{"name":"wp","href":"https:\/\/api.w.org\/{rel}","templated":true}]}}