{"id":68,"date":"2020-12-20T17:28:09","date_gmt":"2020-12-20T16:28:09","guid":{"rendered":"https:\/\/wp.unil.ch\/lasemaineducerveau\/?page_id=68"},"modified":"2026-02-26T11:07:32","modified_gmt":"2026-02-26T10:07:32","slug":"nos-partenaires","status":"publish","type":"page","link":"https:\/\/wp.unil.ch\/lasemaineducerveau\/nos-partenaires\/","title":{"rendered":"Nos partenaires"},"content":{"rendered":"<div class=\"wp-block-image is-resized\">\n<figure class=\"aligncenter size-full\"><img alt=\"\" loading=\"lazy\" decoding=\"async\" width=\"1529\" height=\"989\" src=\"https:\/\/wp.unil.ch\/lasemaineducerveau\/files\/2024\/01\/Partenainares2024.jpg\" alt=\"\" class=\"wp-image-909\" srcset=\"https:\/\/wp.unil.ch\/lasemaineducerveau\/files\/2024\/01\/Partenainares2024.jpg 1529w, https:\/\/wp.unil.ch\/lasemaineducerveau\/files\/2024\/01\/Partenainares2024-150x97.jpg 150w, https:\/\/wp.unil.ch\/lasemaineducerveau\/files\/2024\/01\/Partenainares2024-1024x662.jpg 1024w, https:\/\/wp.unil.ch\/lasemaineducerveau\/files\/2024\/01\/Partenainares2024-768x497.jpg 768w\" sizes=\"auto, (max-width: 1529px) 100vw, 1529px\" \/><\/figure>\n<\/div>\n\n\n<p class=\"has-primary-color has-accent-background-color has-text-color has-background has-large-font-size\"><strong>Associations partenaires <\/strong><\/p>\n\n\n\n<div class=\"wp-block-columns is-layout-flex wp-container-core-columns-is-layout-9d6595d7 wp-block-columns-is-layout-flex\">\n<div class=\"wp-block-column is-layout-flow wp-block-column-is-layout-flow\" style=\"flex-basis:50%\">\n<div class=\"wp-block-columns is-layout-flex wp-container-core-columns-is-layout-9d6595d7 wp-block-columns-is-layout-flex\">\n<div class=\"wp-block-column is-layout-flow wp-block-column-is-layout-flow\" style=\"flex-basis:100%\">\n<p class=\"has-small-font-size\"><strong><a href=\"https:\/\/www.alzheimer-vaud.ch\" target=\"_blank\" rel=\"noreferrer noopener\">Alzheimer Vaud<\/a> \u2013 <\/strong>Depuis 1989, Alzheimer Vaud d\u00e9fend les droits des personnes atteintes de troubles de la m\u00e9moire, de la maladie d\u2019Alzheimer ou d\u2019une autre forme apparent\u00e9e, ainsi que ceux de leurs proches. Elle veille au respect de leur dignit\u00e9 et s\u2019engage pour am\u00e9liorer leur qualit\u00e9 de vie. Faire conna\u00eetre la maladie, informer et former, c\u2019est aussi servir la cause des personnes concern\u00e9es. Le travail d\u2019Alzheimer Vaud englobe donc \u00e9galement des actions envers les professionnels, le public et les m\u00e9dias. <br>Organisation reconnue d\u2019utilit\u00e9 publique par l\u2019\u00c9tat de Vaud, ind\u00e9pendante et neutre sur les plans confessionnel et politique, Alzheimer Vaud est pr\u00e9sente sur l\u2019ensemble du territoire cantonal et propose diff\u00e9rentes prestations telles qu&rsquo;un service de pr\u00e9sences \u00e0 domicile appel\u00e9 Alzami pro, des groupes d&rsquo;entraide pour proches et des visites au mus\u00e9e pour personnes atteintes via un programme appel\u00e9 pARTage. <br>Pour davantage d&rsquo;informations, veuillez vous rendre sur le site internet: <a href=\"https:\/\/www.alzheimer-vaud.ch\" target=\"_blank\" rel=\"noreferrer noopener\">www.alzheimer-vaud.ch<\/a> ou t\u00e9l\u00e9phoner au 021\/324.50.40.<\/p>\n<\/div>\n<\/div>\n<\/div>\n\n\n\n<div class=\"wp-block-column is-layout-flow wp-block-column-is-layout-flow\" style=\"flex-basis:50%\">\n<figure class=\"wp-block-image size-full is-resized\"><img alt=\"\" loading=\"lazy\" decoding=\"async\" width=\"1920\" height=\"385\" src=\"https:\/\/wp.unil.ch\/lasemaineducerveau\/files\/2022\/01\/LOGO_ALZ_VD_CMYK_pos.jpg\" alt=\"\" class=\"wp-image-455\" style=\"width:250px\" srcset=\"https:\/\/wp.unil.ch\/lasemaineducerveau\/files\/2022\/01\/LOGO_ALZ_VD_CMYK_pos.jpg 1920w, https:\/\/wp.unil.ch\/lasemaineducerveau\/files\/2022\/01\/LOGO_ALZ_VD_CMYK_pos-150x30.jpg 150w, https:\/\/wp.unil.ch\/lasemaineducerveau\/files\/2022\/01\/LOGO_ALZ_VD_CMYK_pos-1024x205.jpg 1024w, https:\/\/wp.unil.ch\/lasemaineducerveau\/files\/2022\/01\/LOGO_ALZ_VD_CMYK_pos-768x154.jpg 768w, https:\/\/wp.unil.ch\/lasemaineducerveau\/files\/2022\/01\/LOGO_ALZ_VD_CMYK_pos-1536x308.jpg 1536w\" sizes=\"auto, (max-width: 1920px) 100vw, 1920px\" \/><\/figure>\n<\/div>\n<\/div>\n\n\n\n<hr class=\"wp-block-separator has-alpha-channel-opacity\" \/>\n\n\n\n<p class=\"has-small-font-size\"><a href=\"https:\/\/aphasie-vaud.com\/\" target=\"_blank\" rel=\"noreferrer noopener\"><strong>Association vaudoise des aphasiques<\/strong> <strong>AVA<\/strong><\/a> \u2013 Association des personnes souffrant de l\u00e9sions des zones sp\u00e9cifiques du langage. <\/p>\n\n\n\n<hr class=\"wp-block-separator has-css-opacity\" \/>\n\n\n\n<div class=\"wp-block-columns is-not-stacked-on-mobile is-layout-flex wp-container-core-columns-is-layout-9d6595d7 wp-block-columns-is-layout-flex\">\n<div class=\"wp-block-column is-layout-flow wp-block-column-is-layout-flow\" style=\"flex-basis:50%\">\n<p class=\"has-text-align-left has-small-font-size\"><strong><a href=\"https:\/\/www.autismevaud.ch\" target=\"_blank\" rel=\"noreferrer noopener\">Autisme Vaud<\/a><\/strong> &#8211; Autisme Vaud est une association \u00e0 but non-lucratif regroupant des parents, des professionnels et des personnes concern\u00e9s par l&rsquo;autisme. Notre objectif principal est de faire reconna\u00eetre les droits et les sp\u00e9cificit\u00e9s des besoins de personnes avec autisme et de leurs familles, afin de contribuer \u00e0 une v\u00e9ritable inclusion et \u00e0 une am\u00e9lioration de la qualit\u00e9 de vie des personnes avec autisme dans la soci\u00e9t\u00e9.<br>Pour en savoir plus: <a href=\"https:\/\/www.autismevaud.ch\" target=\"_blank\" rel=\"noreferrer noopener\">www.autismevaud.ch<\/a><\/p>\n<\/div>\n\n\n\n<div class=\"wp-block-column is-layout-flow wp-block-column-is-layout-flow\" style=\"flex-basis:50%\"><div class=\"wp-block-image is-resized\">\n<figure class=\"aligncenter size-full\"><img alt=\"\" loading=\"lazy\" decoding=\"async\" width=\"811\" height=\"291\" src=\"https:\/\/wp.unil.ch\/lasemaineducerveau\/files\/2021\/03\/Logo-Raster-AVD.png\" alt=\"\" class=\"wp-image-291\" style=\"width:250px\" srcset=\"https:\/\/wp.unil.ch\/lasemaineducerveau\/files\/2021\/03\/Logo-Raster-AVD.png 811w, https:\/\/wp.unil.ch\/lasemaineducerveau\/files\/2021\/03\/Logo-Raster-AVD-150x54.png 150w, https:\/\/wp.unil.ch\/lasemaineducerveau\/files\/2021\/03\/Logo-Raster-AVD-768x276.png 768w\" sizes=\"auto, (max-width: 811px) 100vw, 811px\" \/><\/figure>\n<\/div><\/div>\n<\/div>\n\n\n\n<hr class=\"wp-block-separator has-alpha-channel-opacity\" \/>\n\n\n\n<div class=\"wp-block-group\"><div class=\"wp-block-group__inner-container is-layout-flow wp-block-group-is-layout-flow\">\n<div class=\"wp-block-columns is-layout-flex wp-container-core-columns-is-layout-9d6595d7 wp-block-columns-is-layout-flex\">\n<div class=\"wp-block-column is-layout-flow wp-block-column-is-layout-flow\" style=\"flex-basis:50%\">\n<p class=\"has-text-align-left has-small-font-size\"><strong><a href=\"https:\/\/epi-suisse.ch\/fr\/\" target=\"_blank\" rel=\"noreferrer noopener\">Epi-Suisse<\/a><\/strong> &#8211; Plus de connaissances, d\u2019autonomie, de qualit\u00e9 de vie. Epi-Suisse est l\u2019organisation suisse de patients qui soutient les  adultes et les enfants atteints d\u2019\u00e9pilepsie. En tant qu\u2019organisation \u00e0  but non lucratif, elle se concentre sur les cons\u00e9quences et les  pr\u00e9occupations sociales et psychosociales li\u00e9es \u00e0 l\u2019\u00e9pilepsie et  soutient, accompagne et conseille les personnes touch\u00e9es et leurs  proches gr\u00e2ce \u00e0 une large gamme de&nbsp;<a href=\"https:\/\/epi-suisse.ch\/fr\/offres\/\" target=\"_blank\" rel=\"noreferrer noopener\">services<\/a>. L\u2019association vise ainsi \u00e0 am\u00e9liorer la qualit\u00e9 de vie, l\u2019autonomie et l\u2019int\u00e9gration sociale des personnes atteintes d\u2019\u00e9pilepsie et \u00e0 soutenir les personnes concern\u00e9es \u00e0 l\u2019\u00e9cole, en formation, au travail et dans les loisirs. Elle repr\u00e9sente les pr\u00e9occupations des personnes vivant avec l\u2019\u00e9pilepsie en public et dans les comit\u00e9s nationaux. <br>Facebook&nbsp;: <a href=\"https:\/\/www.facebook.com\/episuisseromandie\" target=\"_blank\" rel=\"noreferrer noopener\">https:\/\/www.facebook.com\/episuisseromandie<\/a><br>Linkedin&nbsp;: <a href=\"https:\/\/www.linkedin.com\/company\/epi-suisse-romande\/?viewAsMember=true\" target=\"_blank\" rel=\"noreferrer noopener\">https:\/\/www.linkedin.com\/company\/epi-suisse-romande\/?viewAsMember=true<\/a><br><\/p>\n<\/div>\n\n\n\n<div class=\"wp-block-column is-layout-flow wp-block-column-is-layout-flow\" style=\"flex-basis:50%\"><div class=\"wp-block-image\">\n<figure class=\"aligncenter size-medium is-resized\"><img alt=\"\" loading=\"lazy\" decoding=\"async\" width=\"300\" height=\"128\" src=\"https:\/\/wp.unil.ch\/lasemaineducerveau\/files\/2021\/01\/epi_suisse_FR_claim-1-300x128.jpg\" alt=\"\" class=\"wp-image-117\" style=\"width:250px\" srcset=\"https:\/\/wp.unil.ch\/lasemaineducerveau\/files\/2021\/01\/epi_suisse_FR_claim-1-300x128.jpg 300w, https:\/\/wp.unil.ch\/lasemaineducerveau\/files\/2021\/01\/epi_suisse_FR_claim-1-1024x437.jpg 1024w, https:\/\/wp.unil.ch\/lasemaineducerveau\/files\/2021\/01\/epi_suisse_FR_claim-1-768x328.jpg 768w, https:\/\/wp.unil.ch\/lasemaineducerveau\/files\/2021\/01\/epi_suisse_FR_claim-1-1536x656.jpg 1536w, https:\/\/wp.unil.ch\/lasemaineducerveau\/files\/2021\/01\/epi_suisse_FR_claim-1-540x231.jpg 540w, https:\/\/wp.unil.ch\/lasemaineducerveau\/files\/2021\/01\/epi_suisse_FR_claim-1-1080x461.jpg 1080w, https:\/\/wp.unil.ch\/lasemaineducerveau\/files\/2021\/01\/epi_suisse_FR_claim-1.jpg 1920w\" sizes=\"auto, (max-width: 300px) 100vw, 300px\" \/><\/figure>\n<\/div><\/div>\n<\/div>\n<\/div><\/div>\n\n\n\n<hr class=\"wp-block-separator has-alpha-channel-opacity\" \/>\n\n\n\n<div class=\"wp-block-columns is-layout-flex wp-container-core-columns-is-layout-9d6595d7 wp-block-columns-is-layout-flex\">\n<div class=\"wp-block-column is-layout-flow wp-block-column-is-layout-flow\" style=\"flex-basis:50%\">\n<p class=\"has-small-font-size\"><strong><a rel=\"noreferrer noopener\" href=\"https:\/\/www.epi-eclipse.ch\/\" target=\"_blank\">Fondation Eclipse<\/a><\/strong> \u2013 Fondation Eclipse Epilepsie Suisse romande. Elle soutient les personnes \u00e9pileptiques ainsi que leurs proches en leur offrant une \u00e9coute attentive. Newsletter 4 fois par ann\u00e9e.<\/p>\n<\/div>\n\n\n\n<div class=\"wp-block-column is-layout-flow wp-block-column-is-layout-flow\" style=\"flex-basis:50%\">\n<figure class=\"wp-block-image size-full is-resized\"><img alt=\"\" loading=\"lazy\" decoding=\"async\" width=\"863\" height=\"236\" src=\"https:\/\/wp.unil.ch\/lasemaineducerveau\/files\/2021\/01\/soleil-1.jpg\" alt=\"\" class=\"wp-image-133\" style=\"width:300px\" srcset=\"https:\/\/wp.unil.ch\/lasemaineducerveau\/files\/2021\/01\/soleil-1.jpg 863w, https:\/\/wp.unil.ch\/lasemaineducerveau\/files\/2021\/01\/soleil-1-300x82.jpg 300w, https:\/\/wp.unil.ch\/lasemaineducerveau\/files\/2021\/01\/soleil-1-768x210.jpg 768w, https:\/\/wp.unil.ch\/lasemaineducerveau\/files\/2021\/01\/soleil-1-540x148.jpg 540w\" sizes=\"auto, (max-width: 863px) 100vw, 863px\" \/><\/figure>\n<\/div>\n<\/div>\n\n\n\n<hr class=\"wp-block-separator has-alpha-channel-opacity\" \/>\n\n\n\n<div class=\"wp-block-columns is-layout-flex wp-container-core-columns-is-layout-9d6595d7 wp-block-columns-is-layout-flex\">\n<div class=\"wp-block-column is-layout-flow wp-block-column-is-layout-flow\" style=\"flex-basis:50%\">\n<p class=\"has-small-font-size\"><strong><a href=\"https:\/\/www.fragile.ch\/fr\/vaud\/\" target=\"_blank\" rel=\"noreferrer noopener\">FRAGILE Vaud<\/a><\/strong> \u2013 soutient les personnes c\u00e9r\u00e9brol\u00e9s\u00e9es et leurs proches de la r\u00e9gion vaudoise et fribourgeoise. L\u2019association propose des groupes de paroles, des activit\u00e9s de loisirs et des moments de convivialit\u00e9. Pour en savoir plus: <a href=\"https:\/\/www.fragile.ch\/fr\/vaud\/\" target=\"_blank\" rel=\"noreferrer noopener\">https:\/\/www.fragile.ch\/fr\/vaud\/<\/a>.<\/p>\n<\/div>\n\n\n\n<div class=\"wp-block-column is-layout-flow wp-block-column-is-layout-flow\" style=\"flex-basis:50%\"><div class=\"wp-block-image\">\n<figure class=\"aligncenter size-medium is-resized\"><img alt=\"\" loading=\"lazy\" decoding=\"async\" width=\"200\" height=\"89\" src=\"https:\/\/wp.unil.ch\/lasemaineducerveau\/files\/2021\/02\/logo_fragile_vaud_PPT-200x89.jpg\" alt=\"\" class=\"wp-image-187\" style=\"width:200px\" srcset=\"https:\/\/wp.unil.ch\/lasemaineducerveau\/files\/2021\/02\/logo_fragile_vaud_PPT-200x89.jpg 200w, https:\/\/wp.unil.ch\/lasemaineducerveau\/files\/2021\/02\/logo_fragile_vaud_PPT.jpg 450w\" sizes=\"auto, (max-width: 200px) 100vw, 200px\" \/><\/figure>\n<\/div><\/div>\n<\/div>\n\n\n\n<hr class=\"wp-block-separator has-alpha-channel-opacity\" \/>\n\n\n\n<div class=\"wp-block-columns is-layout-flex wp-container-core-columns-is-layout-9d6595d7 wp-block-columns-is-layout-flex\">\n<div class=\"wp-block-column is-layout-flow wp-block-column-is-layout-flow\" style=\"flex-basis:50%\">\n<p class=\"has-small-font-size\"><strong><a href=\"https:\/\/graap.ch\/\" target=\"_blank\" rel=\"noreferrer noopener\">GRAAP<\/a> <\/strong>\u2013 Groupe Romand d\u2019Accueil et d\u2019Action Psychiatrique. <\/p>\n<\/div>\n\n\n\n<div class=\"wp-block-column is-layout-flow wp-block-column-is-layout-flow\" style=\"flex-basis:50%\"><div class=\"wp-block-image\">\n<figure class=\"aligncenter size-medium is-resized\"><img alt=\"\" loading=\"lazy\" decoding=\"async\" width=\"300\" height=\"124\" src=\"https:\/\/wp.unil.ch\/lasemaineducerveau\/files\/2021\/01\/graap-300x124.jpg\" alt=\"\" class=\"wp-image-118\" style=\"width:200px\" srcset=\"https:\/\/wp.unil.ch\/lasemaineducerveau\/files\/2021\/01\/graap-300x124.jpg 300w, https:\/\/wp.unil.ch\/lasemaineducerveau\/files\/2021\/01\/graap.jpg 460w\" sizes=\"auto, (max-width: 300px) 100vw, 300px\" \/><\/figure>\n<\/div><\/div>\n<\/div>\n\n\n\n<hr class=\"wp-block-separator has-alpha-channel-opacity\" \/>\n\n\n\n<div class=\"wp-block-columns is-layout-flex wp-container-core-columns-is-layout-9d6595d7 wp-block-columns-is-layout-flex\">\n<div class=\"wp-block-column is-layout-flow wp-block-column-is-layout-flow\" style=\"flex-basis:50%\">\n<p class=\"has-small-font-size\"><a href=\"https:\/\/neuracademia.ch\/\" target=\"_blank\" rel=\"noreferrer noopener\"><strong>Neuracademia<\/strong><\/a> une association Suisse ayant pour objectif de promouvoir les neurosciences et la biologie. Neuracademia souhaite rapprocher les neurosciences et les professionnels de la sant\u00e9 du grand public. Op\u00e9rant dans Lausanne et sa p\u00e9riph\u00e9rie elle organise des \u00e9v\u00e9nements, cr\u00e9ation <a href=\"https:\/\/neuracademia.ch\/ateliers\/\" target=\"_blank\" rel=\"noreferrer noopener\">d\u2019ateliers<\/a>, de <a href=\"https:\/\/neuracademia.ch\/formation-continue\/\" target=\"_blank\" rel=\"noreferrer noopener\">cours<\/a> et <a href=\"https:\/\/neuracademia.ch\/collaborations\/\" target=\"_blank\" rel=\"noreferrer noopener\">la production de tous types de projets en lien aux sciences du cerveau<\/a>. Gr\u00e2ce \u00e0 des outils digitaux innovants tels que des <a href=\"https:\/\/www.youtube.com\/watch?v=Ubx0uQ0z8ho\" target=\"_blank\" rel=\"noreferrer noopener\">vid\u00e9os anim\u00e9es en motion design<\/a>, des webs\u00e9ries, des podcasts et du e-learning, Neuracademia est \u00e9galement tr\u00e8s pr\u00e9sente sur la plateforme web, telle que <a href=\"https:\/\/www.youtube.com\/neuracademia\">YouTube <\/a>!<\/p>\n<\/div>\n\n\n\n<div class=\"wp-block-column is-layout-flow wp-block-column-is-layout-flow\" style=\"flex-basis:50%\"><div class=\"wp-block-image is-resized\">\n<figure class=\"aligncenter size-full\"><img alt=\"\" loading=\"lazy\" decoding=\"async\" width=\"553\" height=\"471\" src=\"https:\/\/wp.unil.ch\/lasemaineducerveau\/files\/2021\/03\/Neuracademia.png\" alt=\"\" class=\"wp-image-337\" style=\"width:200px\" srcset=\"https:\/\/wp.unil.ch\/lasemaineducerveau\/files\/2021\/03\/Neuracademia.png 553w, https:\/\/wp.unil.ch\/lasemaineducerveau\/files\/2021\/03\/Neuracademia-150x128.png 150w\" sizes=\"auto, (max-width: 553px) 100vw, 553px\" \/><\/figure>\n<\/div><\/div>\n<\/div>\n\n\n\n<hr class=\"wp-block-separator has-alpha-channel-opacity\" \/>\n\n\n\n<div class=\"wp-block-columns is-layout-flex wp-container-core-columns-is-layout-9d6595d7 wp-block-columns-is-layout-flex\">\n<div class=\"wp-block-column is-layout-flow wp-block-column-is-layout-flow\" style=\"flex-basis:50%\">\n<p class=\"has-small-font-size\"><strong><a href=\"https:\/\/www.parkinson.ch\/\" target=\"_blank\" rel=\"noreferrer noopener\">Parkinson Suisse<\/a><\/strong> \u2013 Association qui s\u2019engage pour am\u00e9liorer la qualit\u00e9 de vie de celles et ceux qui sont concern\u00e9s par la maladie. <\/p>\n<\/div>\n\n\n\n<div class=\"wp-block-column is-layout-flow wp-block-column-is-layout-flow\" style=\"flex-basis:50%\">\n<figure class=\"wp-block-image size-full\"><img alt=\"\" loading=\"lazy\" decoding=\"async\" width=\"744\" height=\"168\" src=\"https:\/\/wp.unil.ch\/lasemaineducerveau\/files\/2021\/01\/logo-parkinson.jpg\" alt=\"\" class=\"wp-image-122\" srcset=\"https:\/\/wp.unil.ch\/lasemaineducerveau\/files\/2021\/01\/logo-parkinson.jpg 744w, https:\/\/wp.unil.ch\/lasemaineducerveau\/files\/2021\/01\/logo-parkinson-300x68.jpg 300w, https:\/\/wp.unil.ch\/lasemaineducerveau\/files\/2021\/01\/logo-parkinson-540x122.jpg 540w\" sizes=\"auto, (max-width: 744px) 100vw, 744px\" \/><\/figure>\n<\/div>\n<\/div>\n\n\n\n<hr class=\"wp-block-separator has-alpha-channel-opacity\" \/>\n\n\n\n<p class=\"has-small-font-size\"><strong><a href=\"https:\/\/www.schizo-vaud.ch\/\" target=\"_blank\" rel=\"noreferrer noopener\">Schizo-Vaud<\/a> &#8211; <\/strong>Association organisatrice des Journ\u00e9es vaudoises de la Schizophr\u00e9nie qui racontent et d\u00e9dramatisent la maladie. <\/p>\n\n\n\n<hr class=\"wp-block-separator has-alpha-channel-opacity\" \/>\n\n\n\n<div class=\"wp-block-columns is-layout-flex wp-container-core-columns-is-layout-9d6595d7 wp-block-columns-is-layout-flex\">\n<div class=\"wp-block-column is-layout-flow wp-block-column-is-layout-flow\" style=\"flex-basis:50%\">\n<p class=\"has-small-font-size\"><strong><a href=\"https:\/\/www.multiplesklerose.ch\/fr\/\" target=\"_blank\" rel=\"noreferrer noopener\">Societ\u00e9 suisse de la scl\u00e9rose en plaques<\/a><\/strong> &#8211; pour des personnes atteintes, des proches, des sp\u00e9cialistes, des b\u00e9n\u00e9voles et des personnes int\u00e9ress\u00e9es pour toutes les questions sur la maladie. <\/p>\n<\/div>\n\n\n\n<div class=\"wp-block-column is-layout-flow wp-block-column-is-layout-flow\" style=\"flex-basis:50%\"><div class=\"wp-block-image is-resized\">\n<figure class=\"aligncenter size-full\"><img alt=\"\" loading=\"lazy\" decoding=\"async\" width=\"633\" height=\"207\" src=\"https:\/\/wp.unil.ch\/lasemaineducerveau\/files\/2021\/03\/SEP.jpg\" alt=\"\" class=\"wp-image-294\" style=\"width:250px\" srcset=\"https:\/\/wp.unil.ch\/lasemaineducerveau\/files\/2021\/03\/SEP.jpg 633w, https:\/\/wp.unil.ch\/lasemaineducerveau\/files\/2021\/03\/SEP-150x49.jpg 150w\" sizes=\"auto, (max-width: 633px) 100vw, 633px\" \/><\/figure>\n<\/div><\/div>\n<\/div>\n\n\n\n<hr class=\"wp-block-separator has-alpha-channel-opacity\" \/>\n\n\n\n<p class=\"has-small-font-size\"><strong><a href=\"https:\/\/www.tourette-romandie.ch\/\" target=\"_blank\" rel=\"noreferrer noopener\">Tourette Romandie<\/a><\/strong> \u2013Association d&rsquo;\u00e9change pour les personnes et les familles touch\u00e9es par le syndrome Gille de la Tourette. &nbsp;<\/p>\n\n\n\n<p><\/p>\n","protected":false},"excerpt":{"rendered":"<p>Associations partenaires Alzheimer Vaud \u2013 Depuis 1989, Alzheimer Vaud d\u00e9fend les droits des personnes atteintes de troubles de la m\u00e9moire, de la maladie d\u2019Alzheimer ou d\u2019une autre forme apparent\u00e9e, ainsi &hellip; <\/p>\n","protected":false},"author":1530,"featured_media":0,"parent":0,"menu_order":0,"comment_status":"closed","ping_status":"closed","template":"","meta":{"_seopress_robots_primary_cat":"","_seopress_titles_title":"","_seopress_titles_desc":"","_seopress_robots_index":"","footnotes":""},"class_list":["post-68","page","type-page","status-publish"],"_links":{"self":[{"href":"https:\/\/wp.unil.ch\/lasemaineducerveau\/wp-json\/wp\/v2\/pages\/68","targetHints":{"allow":["GET"]}}],"collection":[{"href":"https:\/\/wp.unil.ch\/lasemaineducerveau\/wp-json\/wp\/v2\/pages"}],"about":[{"href":"https:\/\/wp.unil.ch\/lasemaineducerveau\/wp-json\/wp\/v2\/types\/page"}],"author":[{"embeddable":true,"href":"https:\/\/wp.unil.ch\/lasemaineducerveau\/wp-json\/wp\/v2\/users\/1530"}],"replies":[{"embeddable":true,"href":"https:\/\/wp.unil.ch\/lasemaineducerveau\/wp-json\/wp\/v2\/comments?post=68"}],"version-history":[{"count":3,"href":"https:\/\/wp.unil.ch\/lasemaineducerveau\/wp-json\/wp\/v2\/pages\/68\/revisions"}],"predecessor-version":[{"id":1434,"href":"https:\/\/wp.unil.ch\/lasemaineducerveau\/wp-json\/wp\/v2\/pages\/68\/revisions\/1434"}],"wp:attachment":[{"href":"https:\/\/wp.unil.ch\/lasemaineducerveau\/wp-json\/wp\/v2\/media?parent=68"}],"curies":[{"name":"wp","href":"https:\/\/api.w.org\/{rel}","templated":true}]}}