{"id":491,"date":"2022-02-08T21:05:58","date_gmt":"2022-02-08T20:05:58","guid":{"rendered":"https:\/\/wp.unil.ch\/lasemaineducerveau\/?page_id=491"},"modified":"2026-03-06T17:22:01","modified_gmt":"2026-03-06T16:22:01","slug":"les-programmes-des-autres-villes-e","status":"publish","type":"page","link":"https:\/\/wp.unil.ch\/lasemaineducerveau\/les-programmes-des-autres-villes-e\/","title":{"rendered":"La semaine du cerveau ailleurs"},"content":{"rendered":"\n<p><strong>La semaine du cerveau se d\u00e9roule \u00e9galement dans d&rsquo;autres villes de Suisse.<\/strong><\/p>\n\n\n\n<div class=\"wp-block-columns is-layout-flex wp-container-core-columns-is-layout-9d6595d7 wp-block-columns-is-layout-flex\">\n<div class=\"wp-block-column is-layout-flow wp-block-column-is-layout-flow\" style=\"flex-basis:80%\">\n<figure class=\"wp-block-image size-full\"><img loading=\"lazy\" decoding=\"async\" width=\"468\" height=\"280\" src=\"https:\/\/wp.unil.ch\/lasemaineducerveau\/files\/2026\/03\/map-ch.png\" alt=\"map ch\" class=\"wp-image-1439\" srcset=\"https:\/\/wp.unil.ch\/lasemaineducerveau\/files\/2026\/03\/map-ch.png 468w, https:\/\/wp.unil.ch\/lasemaineducerveau\/files\/2026\/03\/map-ch-150x90.png 150w\" sizes=\"auto, (max-width: 468px) 100vw, 468px\" \/><figcaption class=\"wp-element-caption\">map ch<\/figcaption><\/figure>\n<\/div>\n\n\n\n<div class=\"wp-block-column has-medium-font-size is-layout-flow wp-block-column-is-layout-flow\" style=\"flex-basis:50%\">\n<ul class=\"wp-block-list\">\n<li><a href=\"https:\/\/www.ksa.ch\/de\/allgemeine-seiten\/veranstaltung?categoryFilter%5B%5D=public_event\/BAW24_Flyer_Aarau.pdf\" target=\"_blank\" rel=\"noreferrer noopener\">Aarau<\/a><\/li>\n\n\n\n<li><a href=\"https:\/\/neuronetwork.unibas.ch\/en\/das-hirn-erforschen\/veranstaltungen\/\" target=\"_blank\" rel=\"noreferrer noopener\">B\u00e2le<\/a><\/li>\n\n\n\n<li><a href=\"https:\/\/www.neuroscience.unibe.ch\/brain_week_bern\/\" target=\"_blank\" rel=\"noreferrer noopener\">Berne<\/a><a href=\"https:\/\/wp.unil.ch\/lasemaineducerveau\/files\/2024\/02\/BAW24_Flyer_Bern.pdf\" target=\"_blank\" rel=\"noreferrer noopener\"> <\/a><\/li>\n\n\n\n<li><a href=\"https:\/\/events.unifr.ch\/cerveau\/fr\/\" target=\"_blank\" rel=\"noreferrer noopener\">Fribourg <\/a><\/li>\n\n\n\n<li><a href=\"https:\/\/semaineducerveau.ch\/\" target=\"_blank\" rel=\"noreferrer noopener\">Gen\u00e8ve <\/a><\/li>\n\n\n\n<li><a href=\"https:\/\/settimanacervello.ch\/\" target=\"_blank\" rel=\"noreferrer noopener\">Lugano <\/a><\/li>\n\n\n\n<li><a href=\"https:\/\/www.hopitalduvalais.ch\/disciplines-medicales\/disciplines-de-a-a-z\/neurologie\/semaine-du-cerveau\" target=\"_blank\" rel=\"noreferrer noopener\">Sion <\/a><\/li>\n\n\n\n<li><a href=\"https:\/\/www.brainfair.uzh.ch\/de.html\" target=\"_blank\" rel=\"noreferrer noopener\">Zurich <\/a><\/li>\n<\/ul>\n<\/div>\n<\/div>\n\n\n\n<div class=\"wp-block-media-text is-stacked-on-mobile\"><figure class=\"wp-block-media-text__media\"><a href=\"https:\/\/dana.org\/brain-awareness-week\/\"><img alt=\"\" loading=\"lazy\" decoding=\"async\" width=\"300\" height=\"146\" src=\"https:\/\/wp.unil.ch\/lasemaineducerveau\/files\/2025\/01\/Brain-Awareness-Week-logo-color-rgb-300x146-1.png\" alt=\"\" class=\"wp-image-1246 size-full\" srcset=\"https:\/\/wp.unil.ch\/lasemaineducerveau\/files\/2025\/01\/Brain-Awareness-Week-logo-color-rgb-300x146-1.png 300w, https:\/\/wp.unil.ch\/lasemaineducerveau\/files\/2025\/01\/Brain-Awareness-Week-logo-color-rgb-300x146-1-150x73.png 150w\" sizes=\"auto, (max-width: 300px) 100vw, 300px\" \/><\/a><\/figure><div class=\"wp-block-media-text__content\">\n<p>En fait, les Semaines du cerveau sont une campagne mondiale visant \u00e0 susciter l&rsquo;enthousiasme et le soutien du public \u00e0 l&rsquo;\u00e9gard de la science du cerveau. Chaque ann\u00e9e, au mois de mars, les participants organisent des activit\u00e9s imaginatives dans leurs communaut\u00e9s pour faire conna\u00eetre les merveilles du cerveau et l&rsquo;impact de la science c\u00e9r\u00e9brale sur notre vie quotidienne. <br>Nous sommes tr\u00e8s heureuses de participer \u00e0 cette initiative \u00e0 Lausanne !<\/p>\n<\/div><\/div>\n","protected":false},"excerpt":{"rendered":"<p>La semaine du cerveau se d\u00e9roule \u00e9galement dans d&rsquo;autres villes de Suisse. En fait, les Semaines du cerveau sont une campagne mondiale visant \u00e0 susciter l&rsquo;enthousiasme et le soutien du &hellip; <\/p>\n","protected":false},"author":1530,"featured_media":0,"parent":0,"menu_order":0,"comment_status":"closed","ping_status":"closed","template":"","meta":{"_seopress_robots_primary_cat":"","_seopress_titles_title":"","_seopress_titles_desc":"","_seopress_robots_index":"","footnotes":""},"class_list":["post-491","page","type-page","status-publish"],"_links":{"self":[{"href":"https:\/\/wp.unil.ch\/lasemaineducerveau\/wp-json\/wp\/v2\/pages\/491","targetHints":{"allow":["GET"]}}],"collection":[{"href":"https:\/\/wp.unil.ch\/lasemaineducerveau\/wp-json\/wp\/v2\/pages"}],"about":[{"href":"https:\/\/wp.unil.ch\/lasemaineducerveau\/wp-json\/wp\/v2\/types\/page"}],"author":[{"embeddable":true,"href":"https:\/\/wp.unil.ch\/lasemaineducerveau\/wp-json\/wp\/v2\/users\/1530"}],"replies":[{"embeddable":true,"href":"https:\/\/wp.unil.ch\/lasemaineducerveau\/wp-json\/wp\/v2\/comments?post=491"}],"version-history":[{"count":5,"href":"https:\/\/wp.unil.ch\/lasemaineducerveau\/wp-json\/wp\/v2\/pages\/491\/revisions"}],"predecessor-version":[{"id":1449,"href":"https:\/\/wp.unil.ch\/lasemaineducerveau\/wp-json\/wp\/v2\/pages\/491\/revisions\/1449"}],"wp:attachment":[{"href":"https:\/\/wp.unil.ch\/lasemaineducerveau\/wp-json\/wp\/v2\/media?parent=491"}],"curies":[{"name":"wp","href":"https:\/\/api.w.org\/{rel}","templated":true}]}}