{"id":1174,"date":"2025-01-17T13:06:55","date_gmt":"2025-01-17T12:06:55","guid":{"rendered":"https:\/\/wp.unil.ch\/lasemaineducerveau\/?page_id=1174"},"modified":"2026-03-27T17:00:11","modified_gmt":"2026-03-27T16:00:11","slug":"enregistrements-des-annees-precedentes-de-la-semaine-du-cerveau","status":"publish","type":"page","link":"https:\/\/wp.unil.ch\/lasemaineducerveau\/enregistrements-des-annees-precedentes-de-la-semaine-du-cerveau\/","title":{"rendered":"Semaine du cerveau Lausanne 2024"},"content":{"rendered":"\n<h2 class=\"wp-block-heading has-black-color has-electric-grass-gradient-background has-text-color has-background has-medium-font-size\"><strong>Forum public 2024 : Comprendre l\u2019autisme : Un voyage de sensibilisation et d\u2019acceptation \u2013 Au-del\u00e0 d\u2019une \u00e9tiquette<\/strong><br>&gt;&gt;&gt; <a href=\"https:\/\/kdrive.infomaniak.com\/app\/share\/888851\/18de0182-69e6-4413-81ee-c13952da6078\" target=\"_blank\" rel=\"noreferrer noopener\">Lien vers l&rsquo;enregistrement<\/a><\/h2>\n\n\n\n<p><\/p>\n\n\n\n<figure class=\"wp-block-gallery has-nested-images columns-5 is-cropped wp-block-gallery-1 is-layout-flex wp-block-gallery-is-layout-flex\">\n<figure class=\"wp-block-image size-full\"><img alt=\"\" loading=\"lazy\" decoding=\"async\" width=\"1600\" height=\"1200\" data-id=\"1107\" src=\"https:\/\/wp.unil.ch\/lasemaineducerveau\/files\/2024\/03\/IMG_0967.jpg\" alt=\"\" class=\"wp-image-1107\" srcset=\"https:\/\/wp.unil.ch\/lasemaineducerveau\/files\/2024\/03\/IMG_0967.jpg 1600w, https:\/\/wp.unil.ch\/lasemaineducerveau\/files\/2024\/03\/IMG_0967-150x113.jpg 150w, https:\/\/wp.unil.ch\/lasemaineducerveau\/files\/2024\/03\/IMG_0967-1024x768.jpg 1024w, https:\/\/wp.unil.ch\/lasemaineducerveau\/files\/2024\/03\/IMG_0967-768x576.jpg 768w, https:\/\/wp.unil.ch\/lasemaineducerveau\/files\/2024\/03\/IMG_0967-1536x1152.jpg 1536w\" sizes=\"auto, (max-width: 1600px) 100vw, 1600px\" \/><\/figure>\n\n\n\n<figure class=\"wp-block-image size-full\"><img alt=\"\" loading=\"lazy\" decoding=\"async\" width=\"1600\" height=\"1200\" data-id=\"1111\" src=\"https:\/\/wp.unil.ch\/lasemaineducerveau\/files\/2024\/03\/IMG_0975.jpg\" alt=\"\" class=\"wp-image-1111\" srcset=\"https:\/\/wp.unil.ch\/lasemaineducerveau\/files\/2024\/03\/IMG_0975.jpg 1600w, https:\/\/wp.unil.ch\/lasemaineducerveau\/files\/2024\/03\/IMG_0975-150x113.jpg 150w, https:\/\/wp.unil.ch\/lasemaineducerveau\/files\/2024\/03\/IMG_0975-1024x768.jpg 1024w, https:\/\/wp.unil.ch\/lasemaineducerveau\/files\/2024\/03\/IMG_0975-768x576.jpg 768w, https:\/\/wp.unil.ch\/lasemaineducerveau\/files\/2024\/03\/IMG_0975-1536x1152.jpg 1536w\" sizes=\"auto, (max-width: 1600px) 100vw, 1600px\" \/><\/figure>\n\n\n\n<figure class=\"wp-block-image size-full\"><img alt=\"\" loading=\"lazy\" decoding=\"async\" width=\"1493\" height=\"1005\" data-id=\"1112\" src=\"https:\/\/wp.unil.ch\/lasemaineducerveau\/files\/2024\/03\/IMG_0965.jpg\" alt=\"\" class=\"wp-image-1112\" srcset=\"https:\/\/wp.unil.ch\/lasemaineducerveau\/files\/2024\/03\/IMG_0965.jpg 1493w, https:\/\/wp.unil.ch\/lasemaineducerveau\/files\/2024\/03\/IMG_0965-150x101.jpg 150w, https:\/\/wp.unil.ch\/lasemaineducerveau\/files\/2024\/03\/IMG_0965-1024x689.jpg 1024w, https:\/\/wp.unil.ch\/lasemaineducerveau\/files\/2024\/03\/IMG_0965-768x517.jpg 768w\" sizes=\"auto, (max-width: 1493px) 100vw, 1493px\" \/><\/figure>\n\n\n\n<figure class=\"wp-block-image size-large\"><img alt=\"\" loading=\"lazy\" decoding=\"async\" width=\"1024\" height=\"768\" data-id=\"1113\" src=\"https:\/\/wp.unil.ch\/lasemaineducerveau\/files\/2024\/03\/IMG_0976-1024x768.jpg\" alt=\"\" class=\"wp-image-1113\" srcset=\"https:\/\/wp.unil.ch\/lasemaineducerveau\/files\/2024\/03\/IMG_0976-1024x768.jpg 1024w, https:\/\/wp.unil.ch\/lasemaineducerveau\/files\/2024\/03\/IMG_0976-150x113.jpg 150w, https:\/\/wp.unil.ch\/lasemaineducerveau\/files\/2024\/03\/IMG_0976-768x576.jpg 768w, https:\/\/wp.unil.ch\/lasemaineducerveau\/files\/2024\/03\/IMG_0976-1536x1152.jpg 1536w, https:\/\/wp.unil.ch\/lasemaineducerveau\/files\/2024\/03\/IMG_0976.jpg 1600w\" sizes=\"auto, (max-width: 1024px) 100vw, 1024px\" \/><\/figure>\n<\/figure>\n\n\n\n<h2 class=\"wp-block-heading has-black-color has-electric-grass-gradient-background has-text-color has-background has-medium-font-size\"><strong>Forum public 2024 :  Stress et r\u00e9silience \u2013 de la recherche \u00e0 la vie quotidienne et retour<\/strong><br>&gt;&gt;&gt; <a href=\"https:\/\/www.radar-rp.ch\/stress-et-resilience-ce-quon-a-appris-a-la-semaine-du-cerveau-2024\/\" target=\"_blank\" rel=\"noreferrer noopener\">Lien vers un article sur l&rsquo;\u00e9v\u00e9nement RADAR RP<\/a><\/h2>\n\n\n\n<figure class=\"wp-block-gallery has-nested-images columns-4 is-cropped wp-block-gallery-2 is-layout-flex wp-block-gallery-is-layout-flex\">\n<figure class=\"wp-block-image size-full\"><img alt=\"\" loading=\"lazy\" decoding=\"async\" width=\"1600\" height=\"1200\" data-id=\"1118\" src=\"https:\/\/wp.unil.ch\/lasemaineducerveau\/files\/2024\/03\/IMG_0966.jpg\" alt=\"\" class=\"wp-image-1118\" srcset=\"https:\/\/wp.unil.ch\/lasemaineducerveau\/files\/2024\/03\/IMG_0966.jpg 1600w, https:\/\/wp.unil.ch\/lasemaineducerveau\/files\/2024\/03\/IMG_0966-150x113.jpg 150w, https:\/\/wp.unil.ch\/lasemaineducerveau\/files\/2024\/03\/IMG_0966-1024x768.jpg 1024w, https:\/\/wp.unil.ch\/lasemaineducerveau\/files\/2024\/03\/IMG_0966-768x576.jpg 768w, https:\/\/wp.unil.ch\/lasemaineducerveau\/files\/2024\/03\/IMG_0966-1536x1152.jpg 1536w\" sizes=\"auto, (max-width: 1600px) 100vw, 1600px\" \/><\/figure>\n\n\n\n<figure class=\"wp-block-image size-full\"><img alt=\"\" loading=\"lazy\" decoding=\"async\" width=\"1600\" height=\"1200\" data-id=\"1115\" src=\"https:\/\/wp.unil.ch\/lasemaineducerveau\/files\/2024\/03\/IMG_0980.jpg\" alt=\"\" class=\"wp-image-1115\" srcset=\"https:\/\/wp.unil.ch\/lasemaineducerveau\/files\/2024\/03\/IMG_0980.jpg 1600w, https:\/\/wp.unil.ch\/lasemaineducerveau\/files\/2024\/03\/IMG_0980-150x113.jpg 150w, https:\/\/wp.unil.ch\/lasemaineducerveau\/files\/2024\/03\/IMG_0980-1024x768.jpg 1024w, https:\/\/wp.unil.ch\/lasemaineducerveau\/files\/2024\/03\/IMG_0980-768x576.jpg 768w, https:\/\/wp.unil.ch\/lasemaineducerveau\/files\/2024\/03\/IMG_0980-1536x1152.jpg 1536w\" sizes=\"auto, (max-width: 1600px) 100vw, 1600px\" \/><\/figure>\n\n\n\n<figure class=\"wp-block-image size-full\"><img alt=\"\" loading=\"lazy\" decoding=\"async\" width=\"1600\" height=\"1200\" data-id=\"1116\" src=\"https:\/\/wp.unil.ch\/lasemaineducerveau\/files\/2024\/03\/IMG_0991.jpg\" alt=\"\" class=\"wp-image-1116\" srcset=\"https:\/\/wp.unil.ch\/lasemaineducerveau\/files\/2024\/03\/IMG_0991.jpg 1600w, https:\/\/wp.unil.ch\/lasemaineducerveau\/files\/2024\/03\/IMG_0991-150x113.jpg 150w, https:\/\/wp.unil.ch\/lasemaineducerveau\/files\/2024\/03\/IMG_0991-1024x768.jpg 1024w, https:\/\/wp.unil.ch\/lasemaineducerveau\/files\/2024\/03\/IMG_0991-768x576.jpg 768w, https:\/\/wp.unil.ch\/lasemaineducerveau\/files\/2024\/03\/IMG_0991-1536x1152.jpg 1536w\" sizes=\"auto, (max-width: 1600px) 100vw, 1600px\" \/><\/figure>\n\n\n\n<figure class=\"wp-block-image size-full\"><img alt=\"\" loading=\"lazy\" decoding=\"async\" width=\"1600\" height=\"1200\" data-id=\"1119\" src=\"https:\/\/wp.unil.ch\/lasemaineducerveau\/files\/2024\/03\/IMG_0982.jpg\" alt=\"\" class=\"wp-image-1119\" srcset=\"https:\/\/wp.unil.ch\/lasemaineducerveau\/files\/2024\/03\/IMG_0982.jpg 1600w, https:\/\/wp.unil.ch\/lasemaineducerveau\/files\/2024\/03\/IMG_0982-150x113.jpg 150w, https:\/\/wp.unil.ch\/lasemaineducerveau\/files\/2024\/03\/IMG_0982-1024x768.jpg 1024w, https:\/\/wp.unil.ch\/lasemaineducerveau\/files\/2024\/03\/IMG_0982-768x576.jpg 768w, https:\/\/wp.unil.ch\/lasemaineducerveau\/files\/2024\/03\/IMG_0982-1536x1152.jpg 1536w\" sizes=\"auto, (max-width: 1600px) 100vw, 1600px\" \/><\/figure>\n<\/figure>\n\n\n\n<h2 class=\"wp-block-heading has-black-color has-electric-grass-gradient-background has-text-color has-background has-medium-font-size\"><strong>Projection publique du film PIECES suivie par une table ronde<\/strong><br>&gt;&gt;&gt; <a href=\"https:\/\/www.radar-rp.ch\/la-recherche-est-le-debut-de-lespoir\/\" target=\"_blank\" rel=\"noreferrer noopener\">Lien vers un article sur l&rsquo;\u00e9v\u00e9nement RADAR RP<\/a><\/h2>\n\n\n\n<figure class=\"wp-block-gallery has-nested-images columns-4 is-cropped wp-block-gallery-3 is-layout-flex wp-block-gallery-is-layout-flex\">\n<figure class=\"wp-block-image size-large\"><img alt=\"\" loading=\"lazy\" decoding=\"async\" width=\"1024\" height=\"768\" data-id=\"1121\" src=\"https:\/\/wp.unil.ch\/lasemaineducerveau\/files\/2024\/03\/IMG_0994-1024x768.jpg\" alt=\"\" class=\"wp-image-1121\" srcset=\"https:\/\/wp.unil.ch\/lasemaineducerveau\/files\/2024\/03\/IMG_0994-1024x768.jpg 1024w, https:\/\/wp.unil.ch\/lasemaineducerveau\/files\/2024\/03\/IMG_0994-150x113.jpg 150w, https:\/\/wp.unil.ch\/lasemaineducerveau\/files\/2024\/03\/IMG_0994-768x576.jpg 768w, https:\/\/wp.unil.ch\/lasemaineducerveau\/files\/2024\/03\/IMG_0994-1536x1152.jpg 1536w, https:\/\/wp.unil.ch\/lasemaineducerveau\/files\/2024\/03\/IMG_0994.jpg 1600w\" sizes=\"auto, (max-width: 1024px) 100vw, 1024px\" \/><\/figure>\n\n\n\n<figure class=\"wp-block-image size-full\"><img alt=\"\" loading=\"lazy\" decoding=\"async\" width=\"1600\" height=\"1200\" data-id=\"1122\" src=\"https:\/\/wp.unil.ch\/lasemaineducerveau\/files\/2024\/03\/IMG_0995.jpg\" alt=\"\" class=\"wp-image-1122\" srcset=\"https:\/\/wp.unil.ch\/lasemaineducerveau\/files\/2024\/03\/IMG_0995.jpg 1600w, https:\/\/wp.unil.ch\/lasemaineducerveau\/files\/2024\/03\/IMG_0995-150x113.jpg 150w, https:\/\/wp.unil.ch\/lasemaineducerveau\/files\/2024\/03\/IMG_0995-1024x768.jpg 1024w, https:\/\/wp.unil.ch\/lasemaineducerveau\/files\/2024\/03\/IMG_0995-768x576.jpg 768w, https:\/\/wp.unil.ch\/lasemaineducerveau\/files\/2024\/03\/IMG_0995-1536x1152.jpg 1536w\" sizes=\"auto, (max-width: 1600px) 100vw, 1600px\" \/><\/figure>\n\n\n\n<figure class=\"wp-block-image size-large\"><img alt=\"\" loading=\"lazy\" decoding=\"async\" width=\"722\" height=\"1024\" data-id=\"1075\" src=\"https:\/\/wp.unil.ch\/lasemaineducerveau\/files\/2024\/03\/M4M-SDC-PIECES_Page_1-722x1024.jpg\" alt=\"\" class=\"wp-image-1075\" srcset=\"https:\/\/wp.unil.ch\/lasemaineducerveau\/files\/2024\/03\/M4M-SDC-PIECES_Page_1-722x1024.jpg 722w, https:\/\/wp.unil.ch\/lasemaineducerveau\/files\/2024\/03\/M4M-SDC-PIECES_Page_1-106x150.jpg 106w, https:\/\/wp.unil.ch\/lasemaineducerveau\/files\/2024\/03\/M4M-SDC-PIECES_Page_1-768x1089.jpg 768w, https:\/\/wp.unil.ch\/lasemaineducerveau\/files\/2024\/03\/M4M-SDC-PIECES_Page_1.jpg 875w\" sizes=\"auto, (max-width: 722px) 100vw, 722px\" \/><\/figure>\n\n\n\n<figure class=\"wp-block-image size-large\"><a href=\"https:\/\/wp.unil.ch\/lasemaineducerveau\/files\/2024\/03\/M4M-SDC-PIECES.pdf\" target=\"_blank\" rel=\"https:\/\/wp.unil.ch\/lasemaineducerveau\/files\/2024\/03\/M4M-SDC-PIECES.pdf noopener\"><img alt=\"\" loading=\"lazy\" decoding=\"async\" width=\"722\" height=\"1024\" data-id=\"1074\" src=\"https:\/\/wp.unil.ch\/lasemaineducerveau\/files\/2024\/03\/M4M-SDC-PIECES_Page_2-722x1024.jpg\" alt=\"\" class=\"wp-image-1074\" srcset=\"https:\/\/wp.unil.ch\/lasemaineducerveau\/files\/2024\/03\/M4M-SDC-PIECES_Page_2-722x1024.jpg 722w, https:\/\/wp.unil.ch\/lasemaineducerveau\/files\/2024\/03\/M4M-SDC-PIECES_Page_2-106x150.jpg 106w, https:\/\/wp.unil.ch\/lasemaineducerveau\/files\/2024\/03\/M4M-SDC-PIECES_Page_2-768x1089.jpg 768w, https:\/\/wp.unil.ch\/lasemaineducerveau\/files\/2024\/03\/M4M-SDC-PIECES_Page_2.jpg 846w\" sizes=\"auto, (max-width: 722px) 100vw, 722px\" \/><\/a><\/figure>\n<\/figure>\n\n\n\n<h2 class=\"wp-block-heading has-black-color has-electric-grass-gradient-background has-text-color has-background has-medium-font-size\"><strong>Forum public 2024 : <\/strong> <strong>Bien dormir pour rester en bonne sant\u00e9<\/strong><br>&gt;&gt;&gt; <a href=\"https:\/\/kdrive.infomaniak.com\/app\/share\/888851\/cc60e529-3b4e-4230-b04c-51d731d6b164\" target=\"_blank\" rel=\"noreferrer noopener\">Lien vers l&rsquo;enregistrement<\/a><\/h2>\n\n\n\n<figure class=\"wp-block-gallery has-nested-images columns-4 is-cropped wp-block-gallery-4 is-layout-flex wp-block-gallery-is-layout-flex\">\n<figure class=\"wp-block-image size-full\"><img alt=\"\" loading=\"lazy\" decoding=\"async\" width=\"933\" height=\"1009\" data-id=\"1124\" src=\"https:\/\/wp.unil.ch\/lasemaineducerveau\/files\/2024\/03\/IMG_1014.jpg\" alt=\"\" class=\"wp-image-1124\" srcset=\"https:\/\/wp.unil.ch\/lasemaineducerveau\/files\/2024\/03\/IMG_1014.jpg 933w, https:\/\/wp.unil.ch\/lasemaineducerveau\/files\/2024\/03\/IMG_1014-139x150.jpg 139w, https:\/\/wp.unil.ch\/lasemaineducerveau\/files\/2024\/03\/IMG_1014-768x831.jpg 768w\" sizes=\"auto, (max-width: 933px) 100vw, 933px\" \/><\/figure>\n\n\n\n<figure data-wp-context=\"{&quot;imageId&quot;:&quot;69decae5d761c&quot;}\" data-wp-interactive=\"core\/image\" data-wp-key=\"69decae5d761c\" class=\"wp-block-image size-full wp-lightbox-container\"><img alt=\"\" loading=\"lazy\" decoding=\"async\" width=\"900\" height=\"1200\" data-wp-class--hide=\"state.isContentHidden\" data-wp-class--show=\"state.isContentVisible\" data-wp-init=\"callbacks.setButtonStyles\" data-wp-on--click=\"actions.showLightbox\" data-wp-on--load=\"callbacks.setButtonStyles\" data-wp-on-window--resize=\"callbacks.setButtonStyles\" data-id=\"1129\" src=\"https:\/\/wp.unil.ch\/lasemaineducerveau\/files\/2024\/03\/IMG_1017.jpg\" alt=\"\" class=\"wp-image-1129\" srcset=\"https:\/\/wp.unil.ch\/lasemaineducerveau\/files\/2024\/03\/IMG_1017.jpg 900w, https:\/\/wp.unil.ch\/lasemaineducerveau\/files\/2024\/03\/IMG_1017-113x150.jpg 113w, https:\/\/wp.unil.ch\/lasemaineducerveau\/files\/2024\/03\/IMG_1017-768x1024.jpg 768w\" sizes=\"auto, (max-width: 900px) 100vw, 900px\" \/><button\n\t\t\tclass=\"lightbox-trigger\"\n\t\t\ttype=\"button\"\n\t\t\taria-haspopup=\"dialog\"\n\t\t\taria-label=\"Agrandir\"\n\t\t\tdata-wp-init=\"callbacks.initTriggerButton\"\n\t\t\tdata-wp-on--click=\"actions.showLightbox\"\n\t\t\tdata-wp-style--right=\"state.imageButtonRight\"\n\t\t\tdata-wp-style--top=\"state.imageButtonTop\"\n\t\t>\n\t\t\t<svg xmlns=\"http:\/\/www.w3.org\/2000\/svg\" width=\"12\" height=\"12\" fill=\"none\" viewBox=\"0 0 12 12\">\n\t\t\t\t<path fill=\"#fff\" d=\"M2 0a2 2 0 0 0-2 2v2h1.5V2a.5.5 0 0 1 .5-.5h2V0H2Zm2 10.5H2a.5.5 0 0 1-.5-.5V8H0v2a2 2 0 0 0 2 2h2v-1.5ZM8 12v-1.5h2a.5.5 0 0 0 .5-.5V8H12v2a2 2 0 0 1-2 2H8Zm2-12a2 2 0 0 1 2 2v2h-1.5V2a.5.5 0 0 0-.5-.5H8V0h2Z\" \/>\n\t\t\t<\/svg>\n\t\t<\/button><\/figure>\n\n\n\n<figure class=\"wp-block-image size-full\"><img alt=\"\" loading=\"lazy\" decoding=\"async\" width=\"793\" height=\"581\" data-id=\"1126\" src=\"https:\/\/wp.unil.ch\/lasemaineducerveau\/files\/2024\/03\/IMG_1020.jpg\" alt=\"\" class=\"wp-image-1126\" srcset=\"https:\/\/wp.unil.ch\/lasemaineducerveau\/files\/2024\/03\/IMG_1020.jpg 793w, https:\/\/wp.unil.ch\/lasemaineducerveau\/files\/2024\/03\/IMG_1020-150x110.jpg 150w, https:\/\/wp.unil.ch\/lasemaineducerveau\/files\/2024\/03\/IMG_1020-768x563.jpg 768w\" sizes=\"auto, (max-width: 793px) 100vw, 793px\" \/><\/figure>\n\n\n\n<figure data-wp-context=\"{&quot;imageId&quot;:&quot;69decae5db19f&quot;}\" data-wp-interactive=\"core\/image\" data-wp-key=\"69decae5db19f\" class=\"wp-block-image size-full is-style-default wp-lightbox-container\"><img alt=\"\" loading=\"lazy\" decoding=\"async\" width=\"858\" height=\"1200\" data-wp-class--hide=\"state.isContentHidden\" data-wp-class--show=\"state.isContentVisible\" data-wp-init=\"callbacks.setButtonStyles\" data-wp-on--click=\"actions.showLightbox\" data-wp-on--load=\"callbacks.setButtonStyles\" data-wp-on-window--resize=\"callbacks.setButtonStyles\" data-id=\"1127\" src=\"https:\/\/wp.unil.ch\/lasemaineducerveau\/files\/2024\/03\/IMG_1022.jpg\" alt=\"\" class=\"wp-image-1127\" srcset=\"https:\/\/wp.unil.ch\/lasemaineducerveau\/files\/2024\/03\/IMG_1022.jpg 858w, https:\/\/wp.unil.ch\/lasemaineducerveau\/files\/2024\/03\/IMG_1022-107x150.jpg 107w, https:\/\/wp.unil.ch\/lasemaineducerveau\/files\/2024\/03\/IMG_1022-732x1024.jpg 732w, https:\/\/wp.unil.ch\/lasemaineducerveau\/files\/2024\/03\/IMG_1022-768x1074.jpg 768w\" sizes=\"auto, (max-width: 858px) 100vw, 858px\" \/><button\n\t\t\tclass=\"lightbox-trigger\"\n\t\t\ttype=\"button\"\n\t\t\taria-haspopup=\"dialog\"\n\t\t\taria-label=\"Agrandir\"\n\t\t\tdata-wp-init=\"callbacks.initTriggerButton\"\n\t\t\tdata-wp-on--click=\"actions.showLightbox\"\n\t\t\tdata-wp-style--right=\"state.imageButtonRight\"\n\t\t\tdata-wp-style--top=\"state.imageButtonTop\"\n\t\t>\n\t\t\t<svg xmlns=\"http:\/\/www.w3.org\/2000\/svg\" width=\"12\" height=\"12\" fill=\"none\" viewBox=\"0 0 12 12\">\n\t\t\t\t<path fill=\"#fff\" d=\"M2 0a2 2 0 0 0-2 2v2h1.5V2a.5.5 0 0 1 .5-.5h2V0H2Zm2 10.5H2a.5.5 0 0 1-.5-.5V8H0v2a2 2 0 0 0 2 2h2v-1.5ZM8 12v-1.5h2a.5.5 0 0 0 .5-.5V8H12v2a2 2 0 0 1-2 2H8Zm2-12a2 2 0 0 1 2 2v2h-1.5V2a.5.5 0 0 0-.5-.5H8V0h2Z\" \/>\n\t\t\t<\/svg>\n\t\t<\/button><\/figure>\n<\/figure>\n\n\n\n<h2 class=\"wp-block-heading has-black-color has-electric-grass-gradient-background has-text-color has-background has-medium-font-size\"><strong>Forum public 2024 :  COVID Long &#8211; Savoir reconna\u00eetre et g\u00e9rer les sympt\u00f4mes persistants laiss\u00e9 par cette maladie<\/strong><br>&gt;&gt;&gt; <a href=\"https:\/\/kdrive.infomaniak.com\/app\/share\/888851\/be963ed4-fc79-4ad7-bdde-8c1f8a964a81\" target=\"_blank\" rel=\"noreferrer noopener\">Lien vers l&rsquo;enregistrement<\/a><br>&gt;&gt;&gt; <a href=\"https:\/\/wp.unil.ch\/lasemaineducerveau\/files\/2024\/03\/Saubade-150324.pdf\" target=\"_blank\" rel=\"noreferrer noopener\">Pr\u00e9sentation de Dr. Saubade<\/a><br>&gt;&gt;&gt; <a href=\"https:\/\/wp.unil.ch\/lasemaineducerveau\/files\/2024\/03\/BielerAeschlimann-150324.pdf\" target=\"_blank\" rel=\"noreferrer noopener\">Pr\u00e9sentation de Dr. Bieler-Aeschlimann<\/a> <br>&gt;&gt;&gt; <a href=\"https:\/\/wp.unil.ch\/lasemaineducerveau\/files\/2024\/03\/ExtraitChatWebex-150324.pdf\" target=\"_blank\" rel=\"noreferrer noopener\">Extrait du chat Webex<\/a> (anonymis\u00e9, mais y compris quelques adresses des groupes de parole etc)<\/h2>\n\n\n\n<figure class=\"wp-block-gallery has-nested-images columns-4 is-cropped wp-block-gallery-5 is-layout-flex wp-block-gallery-is-layout-flex\">\n<figure class=\"wp-block-image size-full\"><img alt=\"\" loading=\"lazy\" decoding=\"async\" width=\"665\" height=\"879\" data-id=\"1131\" src=\"https:\/\/wp.unil.ch\/lasemaineducerveau\/files\/2024\/03\/471251d2-7115-432f-a1e6-ba879f8a60ef.jpg\" alt=\"\" class=\"wp-image-1131\" srcset=\"https:\/\/wp.unil.ch\/lasemaineducerveau\/files\/2024\/03\/471251d2-7115-432f-a1e6-ba879f8a60ef.jpg 665w, https:\/\/wp.unil.ch\/lasemaineducerveau\/files\/2024\/03\/471251d2-7115-432f-a1e6-ba879f8a60ef-113x150.jpg 113w\" sizes=\"auto, (max-width: 665px) 100vw, 665px\" \/><\/figure>\n\n\n\n<figure class=\"wp-block-image size-full\"><img alt=\"\" loading=\"lazy\" decoding=\"async\" width=\"691\" height=\"751\" data-id=\"1136\" src=\"https:\/\/wp.unil.ch\/lasemaineducerveau\/files\/2024\/03\/IMG_1032.jpg\" alt=\"\" class=\"wp-image-1136\" srcset=\"https:\/\/wp.unil.ch\/lasemaineducerveau\/files\/2024\/03\/IMG_1032.jpg 691w, https:\/\/wp.unil.ch\/lasemaineducerveau\/files\/2024\/03\/IMG_1032-138x150.jpg 138w\" sizes=\"auto, (max-width: 691px) 100vw, 691px\" \/><\/figure>\n\n\n\n<figure class=\"wp-block-image size-full\"><img alt=\"\" loading=\"lazy\" decoding=\"async\" width=\"341\" height=\"397\" data-id=\"1133\" src=\"https:\/\/wp.unil.ch\/lasemaineducerveau\/files\/2024\/03\/a3e39b35-e644-4d94-825f-d227814ffdc4.jpg\" alt=\"\" class=\"wp-image-1133\" srcset=\"https:\/\/wp.unil.ch\/lasemaineducerveau\/files\/2024\/03\/a3e39b35-e644-4d94-825f-d227814ffdc4.jpg 341w, https:\/\/wp.unil.ch\/lasemaineducerveau\/files\/2024\/03\/a3e39b35-e644-4d94-825f-d227814ffdc4-129x150.jpg 129w\" sizes=\"auto, (max-width: 341px) 100vw, 341px\" \/><\/figure>\n\n\n\n<figure data-wp-context=\"{&quot;imageId&quot;:&quot;69decae5dc0ed&quot;}\" data-wp-interactive=\"core\/image\" data-wp-key=\"69decae5dc0ed\" class=\"wp-block-image size-full is-style-default wp-lightbox-container\"><img alt=\"\" loading=\"lazy\" decoding=\"async\" width=\"302\" height=\"363\" data-wp-class--hide=\"state.isContentHidden\" data-wp-class--show=\"state.isContentVisible\" data-wp-init=\"callbacks.setButtonStyles\" data-wp-on--click=\"actions.showLightbox\" data-wp-on--load=\"callbacks.setButtonStyles\" data-wp-on-window--resize=\"callbacks.setButtonStyles\" data-id=\"1135\" src=\"https:\/\/wp.unil.ch\/lasemaineducerveau\/files\/2024\/03\/69896442-5fdf-49a7-a165-f4ff82d12d4e.jpg\" alt=\"\" class=\"wp-image-1135\" srcset=\"https:\/\/wp.unil.ch\/lasemaineducerveau\/files\/2024\/03\/69896442-5fdf-49a7-a165-f4ff82d12d4e.jpg 302w, https:\/\/wp.unil.ch\/lasemaineducerveau\/files\/2024\/03\/69896442-5fdf-49a7-a165-f4ff82d12d4e-125x150.jpg 125w\" sizes=\"auto, (max-width: 302px) 100vw, 302px\" \/><button\n\t\t\tclass=\"lightbox-trigger\"\n\t\t\ttype=\"button\"\n\t\t\taria-haspopup=\"dialog\"\n\t\t\taria-label=\"Agrandir\"\n\t\t\tdata-wp-init=\"callbacks.initTriggerButton\"\n\t\t\tdata-wp-on--click=\"actions.showLightbox\"\n\t\t\tdata-wp-style--right=\"state.imageButtonRight\"\n\t\t\tdata-wp-style--top=\"state.imageButtonTop\"\n\t\t>\n\t\t\t<svg xmlns=\"http:\/\/www.w3.org\/2000\/svg\" width=\"12\" height=\"12\" fill=\"none\" viewBox=\"0 0 12 12\">\n\t\t\t\t<path fill=\"#fff\" d=\"M2 0a2 2 0 0 0-2 2v2h1.5V2a.5.5 0 0 1 .5-.5h2V0H2Zm2 10.5H2a.5.5 0 0 1-.5-.5V8H0v2a2 2 0 0 0 2 2h2v-1.5ZM8 12v-1.5h2a.5.5 0 0 0 .5-.5V8H12v2a2 2 0 0 1-2 2H8Zm2-12a2 2 0 0 1 2 2v2h-1.5V2a.5.5 0 0 0-.5-.5H8V0h2Z\" \/>\n\t\t\t<\/svg>\n\t\t<\/button><\/figure>\n\n\n\n<figure class=\"wp-block-image size-large\"><img alt=\"\" loading=\"lazy\" decoding=\"async\" width=\"1024\" height=\"503\" data-id=\"1137\" src=\"https:\/\/wp.unil.ch\/lasemaineducerveau\/files\/2024\/03\/IMG_1031-1024x503.jpg\" alt=\"\" class=\"wp-image-1137\" srcset=\"https:\/\/wp.unil.ch\/lasemaineducerveau\/files\/2024\/03\/IMG_1031-1024x503.jpg 1024w, https:\/\/wp.unil.ch\/lasemaineducerveau\/files\/2024\/03\/IMG_1031-150x74.jpg 150w, https:\/\/wp.unil.ch\/lasemaineducerveau\/files\/2024\/03\/IMG_1031-768x377.jpg 768w, https:\/\/wp.unil.ch\/lasemaineducerveau\/files\/2024\/03\/IMG_1031-1536x754.jpg 1536w, https:\/\/wp.unil.ch\/lasemaineducerveau\/files\/2024\/03\/IMG_1031.jpg 1920w\" sizes=\"auto, (max-width: 1024px) 100vw, 1024px\" \/><\/figure>\n<\/figure>\n\n\n\n<p><\/p>\n\n\n\n<p><\/p>\n\n\n\n<p><\/p>\n","protected":false},"excerpt":{"rendered":"<p>Forum public 2024 : Comprendre l\u2019autisme : Un voyage de sensibilisation et d\u2019acceptation \u2013 Au-del\u00e0 d\u2019une \u00e9tiquette&gt;&gt;&gt; Lien vers l&rsquo;enregistrement Forum public 2024 : Stress et r\u00e9silience \u2013 de la &hellip; <\/p>\n","protected":false},"author":1530,"featured_media":0,"parent":0,"menu_order":0,"comment_status":"closed","ping_status":"closed","template":"","meta":{"_seopress_robots_primary_cat":"","_seopress_titles_title":"","_seopress_titles_desc":"","_seopress_robots_index":"","footnotes":""},"class_list":["post-1174","page","type-page","status-publish"],"_links":{"self":[{"href":"https:\/\/wp.unil.ch\/lasemaineducerveau\/wp-json\/wp\/v2\/pages\/1174","targetHints":{"allow":["GET"]}}],"collection":[{"href":"https:\/\/wp.unil.ch\/lasemaineducerveau\/wp-json\/wp\/v2\/pages"}],"about":[{"href":"https:\/\/wp.unil.ch\/lasemaineducerveau\/wp-json\/wp\/v2\/types\/page"}],"author":[{"embeddable":true,"href":"https:\/\/wp.unil.ch\/lasemaineducerveau\/wp-json\/wp\/v2\/users\/1530"}],"replies":[{"embeddable":true,"href":"https:\/\/wp.unil.ch\/lasemaineducerveau\/wp-json\/wp\/v2\/comments?post=1174"}],"version-history":[{"count":4,"href":"https:\/\/wp.unil.ch\/lasemaineducerveau\/wp-json\/wp\/v2\/pages\/1174\/revisions"}],"predecessor-version":[{"id":1454,"href":"https:\/\/wp.unil.ch\/lasemaineducerveau\/wp-json\/wp\/v2\/pages\/1174\/revisions\/1454"}],"wp:attachment":[{"href":"https:\/\/wp.unil.ch\/lasemaineducerveau\/wp-json\/wp\/v2\/media?parent=1174"}],"curies":[{"name":"wp","href":"https:\/\/api.w.org\/{rel}","templated":true}]}}