{"id":11,"date":"2020-12-10T10:26:26","date_gmt":"2020-12-10T09:26:26","guid":{"rendered":"https:\/\/wp.unil.ch\/lasemaineducerveau\/?page_id=11"},"modified":"2026-03-27T17:11:32","modified_gmt":"2026-03-27T16:11:32","slug":"archive","status":"publish","type":"page","link":"https:\/\/wp.unil.ch\/lasemaineducerveau\/archive\/","title":{"rendered":"Archive"},"content":{"rendered":"\n<p class=\"has-text-align-center has-medium-font-size\"><strong>&gt;&gt;&gt; cliquez sur l&rsquo;image pour le programme d\u00e9taill\u00e9 d&rsquo;une ann\u00e9e &lt;&lt;&lt;<\/strong><\/p>\n\n\n\n<figure class=\"wp-block-gallery has-nested-images columns-3 is-cropped wp-block-gallery-1 is-layout-flex wp-block-gallery-is-layout-flex\">\n<figure class=\"wp-block-image size-large\"><a href=\"https:\/\/wp.unil.ch\/lasemaineducerveau\/files\/2026\/01\/baw26_lausanne_flyer.pdf\" target=\"_blank\" rel=\" noreferrer noopener\"><img loading=\"lazy\" decoding=\"async\" width=\"722\" height=\"1024\" data-id=\"1461\" src=\"https:\/\/wp.unil.ch\/lasemaineducerveau\/files\/2026\/03\/baw26_lausanne_poster-722x1024.png\" alt=\"baw26 lausanne poster\" class=\"wp-image-1461\" srcset=\"https:\/\/wp.unil.ch\/lasemaineducerveau\/files\/2026\/03\/baw26_lausanne_poster-722x1024.png 722w, https:\/\/wp.unil.ch\/lasemaineducerveau\/files\/2026\/03\/baw26_lausanne_poster-106x150.png 106w, https:\/\/wp.unil.ch\/lasemaineducerveau\/files\/2026\/03\/baw26_lausanne_poster-768x1089.png 768w, https:\/\/wp.unil.ch\/lasemaineducerveau\/files\/2026\/03\/baw26_lausanne_poster.png 846w\" sizes=\"auto, (max-width: 722px) 100vw, 722px\" \/><\/a><\/figure>\n\n\n\n<figure class=\"wp-block-image size-large\"><a href=\"https:\/\/wp.unil.ch\/lasemaineducerveau\/files\/2025\/01\/Programme-SdC2025-2.pdf\" target=\"_blank\" rel=\" noreferrer noopener\"><img loading=\"lazy\" decoding=\"async\" width=\"724\" height=\"1024\" data-id=\"1299\" src=\"https:\/\/wp.unil.ch\/lasemaineducerveau\/files\/2025\/06\/poster-sdc2025-724x1024.jpg\" alt=\"poster sdc2025\" class=\"wp-image-1299\" srcset=\"https:\/\/wp.unil.ch\/lasemaineducerveau\/files\/2025\/06\/poster-sdc2025-724x1024.jpg 724w, https:\/\/wp.unil.ch\/lasemaineducerveau\/files\/2025\/06\/poster-sdc2025-106x150.jpg 106w, https:\/\/wp.unil.ch\/lasemaineducerveau\/files\/2025\/06\/poster-sdc2025-768x1086.jpg 768w, https:\/\/wp.unil.ch\/lasemaineducerveau\/files\/2025\/06\/poster-sdc2025.jpg 849w\" sizes=\"auto, (max-width: 724px) 100vw, 724px\" \/><\/a><\/figure>\n\n\n\n<figure class=\"wp-block-image size-large\"><a href=\"https:\/\/wp.unil.ch\/lasemaineducerveau\/files\/2024\/02\/BAW24_Flyer_Lausanne.pdf\" target=\"_blank\" rel=\"noreferrer noopener\"><img alt=\"\" loading=\"lazy\" decoding=\"async\" width=\"719\" height=\"1024\" data-id=\"1020\" src=\"https:\/\/wp.unil.ch\/lasemaineducerveau\/files\/2024\/02\/BAW24_Poster-719x1024.jpg\" alt=\"\" class=\"wp-image-1020\" srcset=\"https:\/\/wp.unil.ch\/lasemaineducerveau\/files\/2024\/02\/BAW24_Poster-719x1024.jpg 719w, https:\/\/wp.unil.ch\/lasemaineducerveau\/files\/2024\/02\/BAW24_Poster-105x150.jpg 105w, https:\/\/wp.unil.ch\/lasemaineducerveau\/files\/2024\/02\/BAW24_Poster-768x1093.jpg 768w, https:\/\/wp.unil.ch\/lasemaineducerveau\/files\/2024\/02\/BAW24_Poster.jpg 843w\" sizes=\"auto, (max-width: 719px) 100vw, 719px\" \/><\/a><\/figure>\n\n\n\n<figure class=\"wp-block-image size-large\"><a href=\"https:\/\/wp.unil.ch\/lasemaineducerveau\/files\/2023\/01\/BAW23_Flyer_Lausanne.pdf\"><img alt=\"\" loading=\"lazy\" decoding=\"async\" width=\"593\" height=\"659\" data-id=\"626\" src=\"https:\/\/wp.unil.ch\/lasemaineducerveau\/files\/2023\/01\/BAW-ws.png\" alt=\"\" class=\"wp-image-626\" srcset=\"https:\/\/wp.unil.ch\/lasemaineducerveau\/files\/2023\/01\/BAW-ws.png 593w, https:\/\/wp.unil.ch\/lasemaineducerveau\/files\/2023\/01\/BAW-ws-135x150.png 135w\" sizes=\"auto, (max-width: 593px) 100vw, 593px\" \/><\/a><\/figure>\n\n\n\n<figure class=\"wp-block-image size-large\"><a href=\"https:\/\/wp.unil.ch\/lasemaineducerveau\/files\/2022\/02\/BAW22_Flyer_Lausanne.pdf\" target=\"_blank\" rel=\"noreferrer noopener\"><img alt=\"\" loading=\"lazy\" decoding=\"async\" width=\"450\" height=\"636\" data-id=\"442\" src=\"https:\/\/wp.unil.ch\/lasemaineducerveau\/files\/2022\/01\/BAW2022.jpg\" alt=\"\" class=\"wp-image-442\" srcset=\"https:\/\/wp.unil.ch\/lasemaineducerveau\/files\/2022\/01\/BAW2022.jpg 450w, https:\/\/wp.unil.ch\/lasemaineducerveau\/files\/2022\/01\/BAW2022-106x150.jpg 106w\" sizes=\"auto, (max-width: 450px) 100vw, 450px\" \/><\/a><\/figure>\n\n\n\n<figure class=\"wp-block-image size-large\"><a href=\"https:\/\/wp.unil.ch\/lasemaineducerveau\/files\/2021\/12\/BAW21_Lausanne.pdf\" target=\"_blank\" rel=\"noreferrer noopener\"><img alt=\"\" loading=\"lazy\" decoding=\"async\" width=\"853\" height=\"1200\" data-id=\"390\" src=\"https:\/\/wp.unil.ch\/lasemaineducerveau\/files\/2021\/12\/BAW21_Lausanne.jpg\" alt=\"\" class=\"wp-image-390\" srcset=\"https:\/\/wp.unil.ch\/lasemaineducerveau\/files\/2021\/12\/BAW21_Lausanne.jpg 853w, https:\/\/wp.unil.ch\/lasemaineducerveau\/files\/2021\/12\/BAW21_Lausanne-107x150.jpg 107w, https:\/\/wp.unil.ch\/lasemaineducerveau\/files\/2021\/12\/BAW21_Lausanne-728x1024.jpg 728w, https:\/\/wp.unil.ch\/lasemaineducerveau\/files\/2021\/12\/BAW21_Lausanne-768x1080.jpg 768w\" sizes=\"auto, (max-width: 853px) 100vw, 853px\" \/><\/a><\/figure>\n\n\n\n<figure class=\"wp-block-image size-large\"><a href=\"https:\/\/wp.unil.ch\/lasemaineducerveau\/files\/2021\/02\/SdC20_Lausanne.pdf\" target=\"_blank\" rel=\"noreferrer noopener\"><img alt=\"\" loading=\"lazy\" decoding=\"async\" width=\"730\" height=\"1032\" data-id=\"207\" src=\"https:\/\/wp.unil.ch\/lasemaineducerveau\/files\/2021\/02\/SdC2020_Lausanne_Poster730.jpg\" alt=\"\" class=\"wp-image-207\" srcset=\"https:\/\/wp.unil.ch\/lasemaineducerveau\/files\/2021\/02\/SdC2020_Lausanne_Poster730.jpg 730w, https:\/\/wp.unil.ch\/lasemaineducerveau\/files\/2021\/02\/SdC2020_Lausanne_Poster730-141x200.jpg 141w, https:\/\/wp.unil.ch\/lasemaineducerveau\/files\/2021\/02\/SdC2020_Lausanne_Poster730-724x1024.jpg 724w, https:\/\/wp.unil.ch\/lasemaineducerveau\/files\/2021\/02\/SdC2020_Lausanne_Poster730-540x763.jpg 540w\" sizes=\"auto, (max-width: 730px) 100vw, 730px\" \/><\/a><\/figure>\n\n\n\n<figure class=\"wp-block-image size-large\"><a href=\"https:\/\/wp.unil.ch\/lasemaineducerveau\/files\/2021\/02\/SdC2019_Lausanne-1.pdf\" target=\"_blank\" rel=\"noreferrer noopener\"><img alt=\"\" loading=\"lazy\" decoding=\"async\" width=\"450\" height=\"637\" data-id=\"206\" src=\"https:\/\/wp.unil.ch\/lasemaineducerveau\/files\/2021\/02\/SdC2019_Poster_Lausanne.jpg\" alt=\"\" class=\"wp-image-206\" srcset=\"https:\/\/wp.unil.ch\/lasemaineducerveau\/files\/2021\/02\/SdC2019_Poster_Lausanne.jpg 450w, https:\/\/wp.unil.ch\/lasemaineducerveau\/files\/2021\/02\/SdC2019_Poster_Lausanne-141x200.jpg 141w\" sizes=\"auto, (max-width: 450px) 100vw, 450px\" \/><\/a><\/figure>\n\n\n\n<figure class=\"wp-block-image size-large\"><a href=\"https:\/\/wp.unil.ch\/lasemaineducerveau\/files\/2021\/02\/FlyerWebSdC18_Lausanne.pdf\" target=\"_blank\" rel=\"noreferrer noopener\"><img alt=\"\" loading=\"lazy\" decoding=\"async\" width=\"300\" height=\"424\" data-id=\"205\" src=\"https:\/\/wp.unil.ch\/lasemaineducerveau\/files\/2021\/02\/PosterPic300px.jpg\" alt=\"\" class=\"wp-image-205\" srcset=\"https:\/\/wp.unil.ch\/lasemaineducerveau\/files\/2021\/02\/PosterPic300px.jpg 300w, https:\/\/wp.unil.ch\/lasemaineducerveau\/files\/2021\/02\/PosterPic300px-142x200.jpg 142w\" sizes=\"auto, (max-width: 300px) 100vw, 300px\" \/><\/a><\/figure>\n<\/figure>\n","protected":false},"excerpt":{"rendered":"<p>&gt;&gt;&gt; cliquez sur l&rsquo;image pour le programme d\u00e9taill\u00e9 d&rsquo;une ann\u00e9e &lt;&lt;&lt;<\/p>\n","protected":false},"author":1530,"featured_media":0,"parent":0,"menu_order":0,"comment_status":"closed","ping_status":"closed","template":"","meta":{"_seopress_robots_primary_cat":"","_seopress_titles_title":"","_seopress_titles_desc":"","_seopress_robots_index":"","footnotes":""},"class_list":["post-11","page","type-page","status-publish"],"_links":{"self":[{"href":"https:\/\/wp.unil.ch\/lasemaineducerveau\/wp-json\/wp\/v2\/pages\/11","targetHints":{"allow":["GET"]}}],"collection":[{"href":"https:\/\/wp.unil.ch\/lasemaineducerveau\/wp-json\/wp\/v2\/pages"}],"about":[{"href":"https:\/\/wp.unil.ch\/lasemaineducerveau\/wp-json\/wp\/v2\/types\/page"}],"author":[{"embeddable":true,"href":"https:\/\/wp.unil.ch\/lasemaineducerveau\/wp-json\/wp\/v2\/users\/1530"}],"replies":[{"embeddable":true,"href":"https:\/\/wp.unil.ch\/lasemaineducerveau\/wp-json\/wp\/v2\/comments?post=11"}],"version-history":[{"count":5,"href":"https:\/\/wp.unil.ch\/lasemaineducerveau\/wp-json\/wp\/v2\/pages\/11\/revisions"}],"predecessor-version":[{"id":1466,"href":"https:\/\/wp.unil.ch\/lasemaineducerveau\/wp-json\/wp\/v2\/pages\/11\/revisions\/1466"}],"wp:attachment":[{"href":"https:\/\/wp.unil.ch\/lasemaineducerveau\/wp-json\/wp\/v2\/media?parent=11"}],"curies":[{"name":"wp","href":"https:\/\/api.w.org\/{rel}","templated":true}]}}