{"id":562,"date":"2023-02-27T20:23:12","date_gmt":"2023-02-27T19:23:12","guid":{"rendered":"https:\/\/wp.unil.ch\/lalp\/?page_id=562"},"modified":"2023-10-10T07:48:50","modified_gmt":"2023-10-10T05:48:50","slug":"international-workshop-on-sociolinguistic-variation-in-historical-legal-texts-from-britain-universite-de-lausanne-6-7-october-2023","status":"publish","type":"page","link":"https:\/\/wp.unil.ch\/lalp\/international-workshop-on-sociolinguistic-variation-in-historical-legal-texts-from-britain-universite-de-lausanne-6-7-october-2023\/","title":{"rendered":"International Workshop on Sociolinguistic Variation in Historical Legal Texts from Britain (Universit\u00e9 de Lausanne, 6-7 October 2023)"},"content":{"rendered":"\n<p class=\"has-text-color has-medium-font-size\" style=\"color:#993636\"><strong>SOCIOLINGUISTIC VARIATION IN HISTORICAL LEGAL TEXTS FROM BRITAIN<\/strong>: <strong>AN INTERNATIONAL WORKSHOP<\/strong><\/p>\n\n\n\n<p class=\"has-medium-font-size\">Place:&nbsp;                            University of Lausanne, Switzerland, <a href=\"https:\/\/www.unil.ch\/lettres\/fr\/home\/menuinst\/faculte\/acces-a-lanthropole.html\" data-type=\"link\" data-id=\"https:\/\/www.unil.ch\/lettres\/fr\/home\/menuinst\/faculte\/acces-a-lanthropole.html\">Anthropole<\/a>, Room 3185<\/p>\n\n\n\n<p class=\"has-medium-font-size\">Dates:&nbsp;                           6-7 October 2023<\/p>\n\n\n\n<p class=\"has-medium-font-size\">Plenary speakers:   <a rel=\"noreferrer noopener\" href=\"https:\/\/divinity.yale.edu\/faculty-and-research\/yds-faculty\/peter-grund\" target=\"_blank\">Dr. Peter Grund (Yale)<\/a> and  <a rel=\"noreferrer noopener\" href=\"https:\/\/www.uis.no\/nb\/profile\/merja-riitta-stenroos\" target=\"_blank\">Prof. Merja Stenroos (Stavanger)<\/a>                           <\/p>\n\n\n\n<p class=\"has-medium-font-size\">Organisers:                Prof. Anita Auer (Lausanne) and Prof. Olga Timofeeva (Zurich)<\/p>\n\n\n\n<p class=\"has-medium-font-size\">Description:<\/p>\n\n\n\n<p class=\"has-medium-font-size\">Legal and administrative texts punctuated the history of the English language from the earliest period, e.g. \u00c6thelberht\u2019s code (c.600 AD), Domesday Book (1086), Magna Carta (1215), Provisions of Oxford (1258), etc. The development of the legal system over time has led to the creation of new text types that can serve as sources for the field of English historical (socio)linguistics, e.g. writs, treatises, law codes, depositions, etc. Although a great amount of attention has already been paid to specific text types from different historical periods, e.g. the role of legal texts in the standardisation processes of Late Medieval and Early Modern English, a more comprehensive discussion on legal text types across periods as sources for linguistic research has not taken place to date. Therefore, this two-day international workshop aims to bring together scholars working on legal texts in the history of the English language and to provide a platform for sharing recent research findings and for facilitating discussions on different text types, methods, and frameworks. <\/p>\n\n\n\n<p class=\"has-medium-font-size\">Contributions focusing on the following themes are particularly welcome:<\/p>\n\n\n\n<ul class=\"has-medium-font-size wp-block-list\">\n<li>theoretical approaches to historical legal texts;<\/li>\n\n\n\n<li>evolution of legal institutions and legal practices;<\/li>\n\n\n\n<li>evolution of legal text types and genres;<\/li>\n\n\n\n<li>inter-\/intra-speaker variation in historical legal texts;<\/li>\n\n\n\n<li>regional and social variation in historical legal texts;<\/li>\n\n\n\n<li>code-switching in historical legal texts;<\/li>\n\n\n\n<li>supralocalisation, standardisation processes;<\/li>\n\n\n\n<li>scribes, offices and communities of practice participating in the legal domain;<\/li>\n\n\n\n<li>templates and manuals in historical legal writing.<\/li>\n<\/ul>\n\n\n\n<p class=\"has-text-color has-medium-font-size\" style=\"color:#993636\"><strong>PROGRAMME:<\/strong><\/p>\n\n\n\n<figure class=\"wp-block-table\"><table><tbody><tr><td><strong>Friday, 6 October 2023<\/strong><\/td><td><strong>&nbsp;<\/strong><\/td><\/tr><tr><td>9-9.30h<\/td><td>Arrival and Coffee<\/td><\/tr><tr><td>9.30-10h<\/td><td>Welcome \/ Setting the Scene<\/td><\/tr><tr><td>10-11h<\/td><td>Plenary talk by Merja Stenroos (Stavanger) <em>\u2018As y shal onswere byfore god &amp; man\u2019: Late and Post-medieval Legal Statements as Sociolinguistic Evidence<\/em><\/td><\/tr><tr><td>11-11.35h<\/td><td>Olga Timofeeva (Zurich): <em>Women\u2019s Wills in Old English and Their Sociolinguistic Context<\/em><\/td><\/tr><tr><td>11.35-12.10h<\/td><td>Kathryn Lowe (Glasgow): <em>Too Late to Innovate? Copying Practices in a Monastic Community<\/em><\/td><\/tr><tr><td>12.10-14h<\/td><td>Lunch break (Banane)<\/td><\/tr><tr><td>14-14.35h<\/td><td>Annina Seiler R\u00fcbekeil (Zurich): <em>Orthography and Code-switching in Anglo-Saxon Charters<\/em><\/td><\/tr><tr><td>14.35-15.10h<\/td><td>Kjetil V. Thengs (Stavanger): <em>Linguistic <\/em><em>I<\/em><em>dentity in <\/em><em>L<\/em><em>ate <\/em><em>M<\/em><em>edieval Oxford <\/em><em>C<\/em><em>hurchwardens\u2019 <\/em><em>A<\/em><em>ccounts<\/em><strong><\/strong><\/td><\/tr><tr><td>15.10-15.45h<\/td><td>Coffee break<\/td><\/tr><tr><td>15.45-16.20h<\/td><td>Joanna Kopaczyk (Glasgow): <em>The Transition from Manuscript to Print and Its Effects on a Legal Text<\/em><\/td><\/tr><tr><td>16.20-16.55h<\/td><td>Jana Kozub\u00edkov\u00e1 \u0160andov\u00e1 (South Bohemia): <em>Relativisers in Early Modern English Witness Depositions<\/em><\/td><\/tr><tr><td>19h<\/td><td>Dinner at the Restaurant du Th\u00e9\u00e2tre, Lausanne<\/td><\/tr><tr><td><strong>&nbsp;<\/strong><\/td><td><strong>&nbsp;<\/strong><\/td><\/tr><tr><td><strong>Saturday, 7 October 2023<\/strong><\/td><td><em>&nbsp;<\/em><\/td><\/tr><tr><td>9-10h<\/td><td>Plenary talk by Peter Grund (Yale) <em>Know Thy Text: Genre, Community, and Witness Depositions in the History of English<\/em><strong><\/strong><\/td><\/tr><tr><td>10-10.30h<\/td><td>Coffee break<\/td><\/tr><tr><td>10.30-11.05h<\/td><td>Anita Auer (Lausanne): <em>Pauper Letters and the English Poor Laws: A Historical Sociolinguistic Perspective<\/em><\/td><\/tr><tr><td>11.05-11.40h<\/td><td>Moragh S. Gordon (Leiden): <em>Legal Literacy in a Layman\u2019s Context: Exploring Legal Language in 19<sup>th<\/sup>-Century Scottish Pauper Letters<\/em><\/td><\/tr><tr><td>11.40-12.15h<\/td><td>Final Discussion<\/td><\/tr><tr><td>12.15h-14h<\/td><td>Lunch break (Restaurant de Dorigny)<\/td><\/tr><tr><td>from 14h<\/td><td>Social Programme (Walk in the Lavaux, Domaine de la Crausaz; followed by dinner at La Bruschetta, Lausanne)<\/td><\/tr><\/tbody><\/table><\/figure>\n\n\n\n<p class=\"has-medium-font-size\">If you want to attend the workshop, please send an email to Anita Auer (anita.auer[@]unil.ch) and Olga Timofeeva (olga.timofeeva[@]es.uzh.ch) by 2 October 2023.<\/p>\n\n\n\n<p><\/p>\n","protected":false},"excerpt":{"rendered":"<p>SOCIOLINGUISTIC VARIATION IN HISTORICAL LEGAL TEXTS FROM BRITAIN: AN INTERNATIONAL WORKSHOP Place:&nbsp; University of Lausanne, Switzerland, Anthropole, Room 3185 Dates:&nbsp; 6-7 October 2023 Plenary speakers: Dr. Peter Grund (Yale) and &hellip; <\/p>\n","protected":false},"author":1001230,"featured_media":0,"parent":0,"menu_order":0,"comment_status":"closed","ping_status":"closed","template":"","meta":{"_seopress_robots_primary_cat":"","_seopress_titles_title":"","_seopress_titles_desc":"","_seopress_robots_index":"","footnotes":""},"class_list":["post-562","page","type-page","status-publish"],"_links":{"self":[{"href":"https:\/\/wp.unil.ch\/lalp\/wp-json\/wp\/v2\/pages\/562","targetHints":{"allow":["GET"]}}],"collection":[{"href":"https:\/\/wp.unil.ch\/lalp\/wp-json\/wp\/v2\/pages"}],"about":[{"href":"https:\/\/wp.unil.ch\/lalp\/wp-json\/wp\/v2\/types\/page"}],"author":[{"embeddable":true,"href":"https:\/\/wp.unil.ch\/lalp\/wp-json\/wp\/v2\/users\/1001230"}],"replies":[{"embeddable":true,"href":"https:\/\/wp.unil.ch\/lalp\/wp-json\/wp\/v2\/comments?post=562"}],"version-history":[{"count":0,"href":"https:\/\/wp.unil.ch\/lalp\/wp-json\/wp\/v2\/pages\/562\/revisions"}],"wp:attachment":[{"href":"https:\/\/wp.unil.ch\/lalp\/wp-json\/wp\/v2\/media?parent=562"}],"curies":[{"name":"wp","href":"https:\/\/api.w.org\/{rel}","templated":true}]}}