{"id":242,"date":"2020-02-21T17:11:35","date_gmt":"2020-02-21T16:11:35","guid":{"rendered":"http:\/\/wp.unil.ch\/lalp\/?page_id=242"},"modified":"2020-10-22T18:04:57","modified_gmt":"2020-10-22T16:04:57","slug":"anne-christine-gardner","status":"publish","type":"page","link":"https:\/\/wp.unil.ch\/lalp\/anne-christine-gardner\/","title":{"rendered":"Anne-Christine Gardner"},"content":{"rendered":"\n<figure class=\"wp-block-image size-large is-resized\"><img alt=\"\" decoding=\"async\" src=\"https:\/\/wp.unil.ch\/lalp\/files\/2020\/03\/M2.jpg-806x1024.png\" alt=\"\" class=\"wp-image-283\" width=\"150\" srcset=\"https:\/\/wp.unil.ch\/lalp\/files\/2020\/03\/M2.jpg-806x1024.png 806w, https:\/\/wp.unil.ch\/lalp\/files\/2020\/03\/M2.jpg-236x300.png 236w, https:\/\/wp.unil.ch\/lalp\/files\/2020\/03\/M2.jpg-768x975.png 768w, https:\/\/wp.unil.ch\/lalp\/files\/2020\/03\/M2.jpg.png 945w\" sizes=\"(max-width: 806px) 100vw, 806px\" \/><\/figure>\n\n\n\n<p>Dr. Anne-Christine Gardner joined the project as senior researcher on 1 September 2020.<\/p>\n\n\n\n<p>As a historical linguist I am particularly interested in making the voices heard of those who are not part of the traditional philological canon. In this project I investigate how the language of the pauper petitions compares to reflections of lower-class language (spoken and written) in contemporary literature and depositions. I will also take into account meta-linguistic comments on dialect, accent and colloquialisms found in pronunciation grammars and other contemporary manuals (see <a href=\"https:\/\/wp.unil.ch\/lalp\/project-description\/\" target=\"_blank\" rel=\"noreferrer noopener\">project description<\/a>).<\/p>\n\n\n\n<p>In previous post-doctoral research I investigated the linguistic choices, identity construction and the negotiation of social relationships of Mary Hamilton (1756\u20131816) and her social network. A one-time governess at the royal court and member of the Bluestocking circle, Hamilton belongs to the opposite end of the societal spectrum from the labouring poor. Nevertheless she is also an \u2018unheard\u2019, female voice in that her personal writings, unlike those of others in her network, were never intended for publication.<\/p>\n\n\n\n<p>After completing my M.A. studies in English linguistics and musicology in 2006 at the Ruprecht-Karls-Universit\u00e4t Heidelberg and Newcastle University, I received my doctorate degree at the University of Zurich in 2013 with a dissertation on <em>Derivation in Middle English: Regional and Text Type Variation<\/em>. Combining qualitative and quantitative approaches, I examined the diachronic variation of abstract noun forming suffixes of Germanic and Romance origin (for instance in words such as <em>falseness <\/em>and <em>falsity<\/em>). A particular focus was placed on determining the impact of translations, text type and other text-inherent factors on lexical choices and the creation of new words.<\/p>\n\n\n\n<p>I have taught on a wide range of topics (both synchronic and diachronic linguistics) at Ruprecht-Karls-Universit\u00e4t Heidelberg, Eberhard Karls Universit\u00e4t T\u00fcbingen, P\u00e4dagogische Hochschule Z\u00fcrich, and the University of Zurich.<\/p>\n","protected":false},"excerpt":{"rendered":"<p>Dr. Anne-Christine Gardner joined the project as senior researcher on 1 September 2020. As a historical linguist I am particularly interested in making the voices heard of those who are &hellip; <\/p>\n","protected":false},"author":1001230,"featured_media":0,"parent":0,"menu_order":0,"comment_status":"closed","ping_status":"closed","template":"","meta":{"_seopress_robots_primary_cat":"","_seopress_titles_title":"","_seopress_titles_desc":"","_seopress_robots_index":"","footnotes":""},"class_list":["post-242","page","type-page","status-publish"],"_links":{"self":[{"href":"https:\/\/wp.unil.ch\/lalp\/wp-json\/wp\/v2\/pages\/242","targetHints":{"allow":["GET"]}}],"collection":[{"href":"https:\/\/wp.unil.ch\/lalp\/wp-json\/wp\/v2\/pages"}],"about":[{"href":"https:\/\/wp.unil.ch\/lalp\/wp-json\/wp\/v2\/types\/page"}],"author":[{"embeddable":true,"href":"https:\/\/wp.unil.ch\/lalp\/wp-json\/wp\/v2\/users\/1001230"}],"replies":[{"embeddable":true,"href":"https:\/\/wp.unil.ch\/lalp\/wp-json\/wp\/v2\/comments?post=242"}],"version-history":[{"count":0,"href":"https:\/\/wp.unil.ch\/lalp\/wp-json\/wp\/v2\/pages\/242\/revisions"}],"wp:attachment":[{"href":"https:\/\/wp.unil.ch\/lalp\/wp-json\/wp\/v2\/media?parent=242"}],"curies":[{"name":"wp","href":"https:\/\/api.w.org\/{rel}","templated":true}]}}