{"id":6,"date":"2017-10-11T10:32:19","date_gmt":"2017-10-11T08:32:19","guid":{"rendered":"http:\/\/wp.unil.ch\/lakes\/?page_id=6"},"modified":"2025-12-09T12:47:11","modified_gmt":"2025-12-09T11:47:11","slug":"home","status":"publish","type":"page","link":"https:\/\/wp.unil.ch\/lakes\/home\/","title":{"rendered":"About the LAKES&#8217;group"},"content":{"rendered":"\n<h2 class=\"wp-block-heading\">What we do<\/h2>\n\n\n\n<p>The Alpine region is subject to exacerbated climate changes. Besides, alpine inland waters have long been under intense human exploitation, leading to disturbances in nutrient loadings, global or local pollutions, fishing activities and hydrological regulation for hydropower. Lakes in and around the Alps have been evolving in a context of continuous and intensifying environmental changes over the last 150 years, to which they are responding through non-linear and somewhat unpredictable trajectories.<\/p>\n\n\n\n<p>Our team studies how lakes in and around the Alps have been responding to environmental changes. Our vision is an interdisciplinary approach. For this, we have merged two poles, one on both biogeochemistry and ecology lead by Marie-Elodie Perga and a second one on aquatic physics lead by Damien Bouffard. This joint approach allows us to tend toward a more holistic approach while covering different space and time perspectives. We combine paleo-ecological reconstructions from sediment archives, high- and low frequency monitoring data, laboratory experiments and modeling to mechanistically unravel alpines lakes vulnerability and responses in a context of global change<\/p>\n\n\n\n<h3 class=\"wp-block-heading\">Who we are<\/h3>\n\n\n\n<h4 class=\"wp-block-heading\">Team Biogeochemistry and Ecology<\/h4>\n\n\n<div class=\"wp-block-image\">\n<figure class=\"alignright size-large is-resized\"><img loading=\"lazy\" decoding=\"async\" width=\"1024\" height=\"683\" src=\"https:\/\/wp.unil.ch\/lakes\/files\/2025\/12\/20250520151504_ml_zooplancton_lexplor_first-1024x683.jpg\" alt=\"20250520151504 ml zooplancton lexplor first\" class=\"wp-image-1326\" style=\"aspect-ratio:1.499330655957162;width:456px;height:auto\" srcset=\"https:\/\/wp.unil.ch\/lakes\/files\/2025\/12\/20250520151504_ml_zooplancton_lexplor_first-1024x683.jpg 1024w, https:\/\/wp.unil.ch\/lakes\/files\/2025\/12\/20250520151504_ml_zooplancton_lexplor_first-300x200.jpg 300w, https:\/\/wp.unil.ch\/lakes\/files\/2025\/12\/20250520151504_ml_zooplancton_lexplor_first-768x512.jpg 768w, https:\/\/wp.unil.ch\/lakes\/files\/2025\/12\/20250520151504_ml_zooplancton_lexplor_first-1536x1025.jpg 1536w, https:\/\/wp.unil.ch\/lakes\/files\/2025\/12\/20250520151504_ml_zooplancton_lexplor_first.jpg 1799w\" sizes=\"auto, (max-width: 767px) 89vw, (max-width: 1000px) 54vw, (max-width: 1071px) 543px, 580px\" \/><figcaption class=\"wp-element-caption\">The extended group and helpers at the GenZ campaign _ May 2025 \u00a9NicolasLieber<\/figcaption><\/figure>\n<\/div>\n\n\n<p><a href=\"https:\/\/wp.unil.ch\/lakes\/team\/marie-elodie-perga\/\">Marie-Elodie Perga<\/a>, Full Professor, P.I.<\/p>\n\n\n\n<p><a href=\"https:\/\/wp.unil.ch\/lakes\/home\/nicolas-escoffier\/\">Nicolas Escoffier<\/a>, SNF research scientist<\/p>\n\n\n\n<p><a href=\"https:\/\/wp.unil.ch\/lakes\/dr-tomy-doda\/\">Tomy Doda<\/a>, first assistant <\/p>\n\n\n\n<p><a href=\"https:\/\/wp.unil.ch\/lakes\/isabel-herr\/\">Isabel Herr<\/a>, PhD Student, graduate assistant<\/p>\n\n\n\n<p><a href=\"https:\/\/wp.unil.ch\/lakes\/nischal-devkota\/\">Nischal Devkota<\/a>, PhD student (starting March 2024)<\/p>\n\n\n\n<p><a href=\"https:\/\/wp.unil.ch\/lakes\/santona-khatun\/\">Santona Khatun<\/a>, Faculty post-doc program<\/p>\n\n\n\n<p>Jonas, Woodtli, Msc student<\/p>\n\n\n\n<h3 class=\"wp-block-heading\">Team Aquatic Physics<\/h3>\n\n\n\n<p><a href=\"https:\/\/www.eawag.ch\/en\/about-us\/portrait\/organisation\/staff\/profile\/damien-bouffard\/show\/\">Damien Bouffard<\/a>, Group leader at EAWAG and Associate Professor ad personam, P.I.&nbsp;<\/p>\n\n\n\n<p><a href=\"https:\/\/wp.unil.ch\/lakes\/dr-tomy-doda\/\">Tomy Doda<\/a>, first assistant <\/p>\n\n\n\n<h3 class=\"wp-block-heading\">Former members<\/h3>\n\n\n<div class=\"wp-block-image\">\n<figure class=\"alignleft size-large is-resized\"><img alt=\"\" loading=\"lazy\" decoding=\"async\" width=\"1024\" height=\"792\" src=\"https:\/\/wp.unil.ch\/lakes\/files\/2019\/07\/IMG_3222-1024x792.jpeg\" alt=\"\" class=\"wp-image-544\" style=\"aspect-ratio:1.2941176470588236;width:312px;height:auto\" srcset=\"https:\/\/wp.unil.ch\/lakes\/files\/2019\/07\/IMG_3222-1024x792.jpeg 1024w, https:\/\/wp.unil.ch\/lakes\/files\/2019\/07\/IMG_3222-300x232.jpeg 300w, https:\/\/wp.unil.ch\/lakes\/files\/2019\/07\/IMG_3222-768x594.jpeg 768w, https:\/\/wp.unil.ch\/lakes\/files\/2019\/07\/IMG_3222.jpeg 1551w\" sizes=\"auto, (max-width: 767px) 89vw, (max-width: 1000px) 54vw, (max-width: 1071px) 543px, 580px\" \/><\/figure>\n<\/div>\n\n\n<p><a href=\"https:\/\/wp.unil.ch\/lakes\/gael-many\/\">Gael Many<\/a>, SNF&nbsp;Post-doc Fellow<\/p>\n\n\n\n<p>Juliette Marot, former Master&#8217;s student<\/p>\n\n\n\n<p>Kevin Casellini, former Msc student<\/p>\n\n\n\n<p>Pascal Perolo, formerly SNF PhD Student, now at BEG SA<\/p>\n\n\n\n<p>Janine R\u00fcegg, former Post-doc Fellow from the Interdisciplinary Centre for Mountain Research<\/p>\n\n\n\n<p>Thibault Lambert, former First assistant,&nbsp;<\/p>\n\n\n\n<p>Rosalie Bruel,&nbsp;former PhD Student, now at OFB France<\/p>\n\n\n\n<p>Yann Guenand, now at EDF, France<\/p>\n\n\n\n<p>Marttiina Rantala, former Post-doc fellow from the Swiss Confederation<\/p>\n\n\n\n<p>J\u00e9r\u00e9my Keller, former Msc student, now technician at L\u00e9XPLORE<\/p>\n","protected":false},"excerpt":{"rendered":"<p>Research statement<\/p>\n<p>The Alpine region is subject to exacerbated climate changes. Besides, alpine inland waters have long been under intense human exploitation, leading to disturbances in nutrient loadings, global or local pollutions, fishing activities and hydrological regulation for hydropower. Lakes in and around the Alps have been evolving in context of continuous and intensifying environmental changes over the last 150 years, to which they are responding through non-linear and somewhat unpredictable trajectories.<\/p>\n<p>Our team studies how lakes in and around the Alps have been responding to environmental changes. Our focus is on both biogeochemistry and ecology, covering different space and time perspectives.<\/p>\n<p>We combine paleo-ecological reconstructions from sediment archives, high- and low frequency monitoring data, laboratory experiments and modeling to mechanistically unravel alpines lakes vulnerability and responses in a context of global changes.<\/p>\n","protected":false},"author":108,"featured_media":0,"parent":0,"menu_order":1,"comment_status":"closed","ping_status":"closed","template":"","meta":{"_seopress_robots_primary_cat":"","_seopress_titles_title":"","_seopress_titles_desc":"","_seopress_robots_index":"","footnotes":""},"class_list":["post-6","page","type-page","status-publish"],"_links":{"self":[{"href":"https:\/\/wp.unil.ch\/lakes\/wp-json\/wp\/v2\/pages\/6","targetHints":{"allow":["GET"]}}],"collection":[{"href":"https:\/\/wp.unil.ch\/lakes\/wp-json\/wp\/v2\/pages"}],"about":[{"href":"https:\/\/wp.unil.ch\/lakes\/wp-json\/wp\/v2\/types\/page"}],"author":[{"embeddable":true,"href":"https:\/\/wp.unil.ch\/lakes\/wp-json\/wp\/v2\/users\/108"}],"replies":[{"embeddable":true,"href":"https:\/\/wp.unil.ch\/lakes\/wp-json\/wp\/v2\/comments?post=6"}],"version-history":[{"count":5,"href":"https:\/\/wp.unil.ch\/lakes\/wp-json\/wp\/v2\/pages\/6\/revisions"}],"predecessor-version":[{"id":1413,"href":"https:\/\/wp.unil.ch\/lakes\/wp-json\/wp\/v2\/pages\/6\/revisions\/1413"}],"wp:attachment":[{"href":"https:\/\/wp.unil.ch\/lakes\/wp-json\/wp\/v2\/media?parent=6"}],"curies":[{"name":"wp","href":"https:\/\/api.w.org\/{rel}","templated":true}]}}