{"id":595,"date":"2019-11-08T09:17:00","date_gmt":"2019-11-08T08:17:00","guid":{"rendered":"http:\/\/wp.unil.ch\/lakes\/?page_id=595"},"modified":"2024-09-26T19:36:33","modified_gmt":"2024-09-26T17:36:33","slug":"proposed-topics-for-bachelors-thesis","status":"publish","type":"page","link":"https:\/\/wp.unil.ch\/lakes\/proposed-topics-for-bachelors-thesis\/","title":{"rendered":"Proposed topics for Bachelor&#8217;s thesis"},"content":{"rendered":"<p>For the academic year 2023-2024, we propose several new topics for Bachelor&#8217;s theses.<\/p>\n<h3><span style=\"color: #0000ff\">1-<b>Une premi\u00e8re quantification des usages et services \u00e9cosyst\u00e9miques du L\u00e9man <span style=\"color: #ff9900\">SUJET PRIS<\/span><\/b><\/span><\/h3>\n<p><span style=\"color: #339966\">Type de travail: recherche d&#8217;information web, litt\u00e9rature, contacts<\/span><\/p>\n<p style=\"font-weight: 400\">le L\u00e9man est une source d\u2019eau potable, une ressource de p\u00eache, un parc de loisirs, un climatiseur naturel pour les habitants de ses rives. Le L\u00e9man est un fournisseur de services \u00e9cosyst\u00e9miques. Bien que les usages du L\u00e9man soit nombreux, et au c\u0153ur de la soci\u00e9t\u00e9 l\u00e9manique, il n\u2019existe pas de quantification de ses usages et des services qu\u2019il fournit \u00e0 la soci\u00e9t\u00e9.<\/p>\n<p style=\"font-weight: 400\">L\u2019objectif de ce travail de Bachelor est d\u2019explorer les diff\u00e9rentes sources internet afin de quantifier les usages du L\u00e9man.<\/p>\n<h3><strong><span style=\"color: #0000ff\">2-impact des r\u00e9sidus de cr\u00e8mes solaires sur les \u00e9cosyst\u00e8mes d&#8217;eaux douces<\/span><\/strong><\/h3>\n<p><span style=\"color: #339966\">Type de recherche : recherche d&#8217;information web, litt\u00e9rature<\/span><\/p>\n<p style=\"font-weight: 400\">Avec la succession des canicules estivales, les montagnes sont devenues des &#8220;ressources de fra\u00eecheur&#8221;. L&#8217;augmentation de la fr\u00e9quentation estivale des lacs de montagne, et de la baignade, soul\u00e8ve des questions sur les potentiels effets des constituants de cr\u00e8mes solaires sur les \u00e9cosyst\u00e8mes de montagne, en parall\u00e8le avec les effets constat\u00e9s dans les r\u00e9cifs coralliens. Ce travail de bachelor a pour objectif de dresser une revue bibliographique des impacts test\u00e9s et d\u00e9montr\u00e9s des cr^mes solaires sur les \u00e9cosyst\u00e8mes d&#8217;eaux douces.<\/p>\n<p><strong>If interested in any of these topics, contact Prof. Perga<\/strong><\/p>\n<h3><strong><span style=\"color: #0000ff\">3-le m\u00e9tabolisme des lacs de montagne<\/span><\/strong><\/h3>\n<p><span style=\"color: #339966\">Type de recherche : analyse de donn\u00e9es, mod\u00e9lisation<\/span><\/p>\n<p style=\"font-weight: 400\">Le m\u00e9tabolisme d&#8217;un \u00e9cosyst\u00e8me correspond au bilan net de l&#8217;oxyg\u00e8ne (photosynth\u00e8se &#8211; respiration). C&#8217;est une variable fonctionnelle diagnostique : elle permet de comparer des sites entre eux, m\u00eames s&#8217;ils ont des compositions biologiques diff\u00e9rentes mais aussi des detecter facilement des d\u00e9t\u00e9riorations des milieux. Il s&#8217;agira ici d&#8217;utiliser les donn\u00e9es d&#8217;oxyg\u00e8ne dissous mesur\u00e9es \u00e0 autres fr\u00e9quences sur 24 lacs de montagne pour calculer leur m\u00e9tabolisme.<\/p>\n<h3><strong><span style=\"color: #0000ff\">4-l&#8217;empreinte carbone des poissons de lacs<\/span><\/strong><\/h3>\n<p><span style=\"color: #339966\">Type de recherche : recherche et analyse de donn\u00e9es, mod\u00e9lisation<\/span><\/p>\n<p style=\"font-weight: 400\">La question de l&#8217;empreinte carbone des prot\u00e9ines animales est clairement \u00e9tablie, notamment pour les viandes d&#8217;\u00e9levages et les poissons marins sauvages ou issus de l&#8217;aquaculture. Mais les ressources piscicoles issus de la p\u00eache artisanale dans les lacs suisses n&#8217;ont jamais donn\u00e9 lieu \u00e0 des bilans carbon\u00e9s. Il s&#8217;agit ici de collecter les donn\u00e9es relatives \u00e0 la consommation de carburants, d&#8217;\u00e9lectricit\u00e9 pour la r\u00e9frig\u00e9ration et des quantit\u00e9s de p\u00eache pour les diff\u00e9rentes \u00a0esp\u00e8ces de poissons consomm\u00e9s dans les lacs suisses aupr\u00e8s des p\u00eacheurs professionnels afin d&#8217;\u00e9tablir l&#8217;empreinte carbon\u00e9e de ces prot\u00e9ines animales.\u00a0<\/p>\n<p><strong>If interested in any of these topics, contact Prof. Perga<\/strong><\/p>\n\n\n<p><\/p>\n","protected":false},"excerpt":{"rendered":"<p>For the academic year 2023-2024, we propose several new topics for Bachelor&#8217;s theses. 1-Une premi\u00e8re quantification des usages et services \u00e9cosyst\u00e9miques du L\u00e9man SUJET PRIS Type de travail: recherche d&#8217;information web, litt\u00e9rature, contacts le L\u00e9man est une source d\u2019eau potable, une ressource de p\u00eache, un parc de loisirs, un climatiseur naturel pour les habitants de &hellip; <\/p>\n<p class=\"link-more\"><a href=\"https:\/\/wp.unil.ch\/lakes\/proposed-topics-for-bachelors-thesis\/\" class=\"more-link\">Continue reading<span class=\"screen-reader-text\"> &#8220;Proposed topics for Bachelor&#8217;s thesis&#8221;<\/span><\/a><\/p>\n","protected":false},"author":1001709,"featured_media":0,"parent":0,"menu_order":0,"comment_status":"closed","ping_status":"closed","template":"","meta":{"_seopress_robots_primary_cat":"","_seopress_titles_title":"","_seopress_titles_desc":"","_seopress_robots_index":"","footnotes":""},"class_list":["post-595","page","type-page","status-publish"],"_links":{"self":[{"href":"https:\/\/wp.unil.ch\/lakes\/wp-json\/wp\/v2\/pages\/595","targetHints":{"allow":["GET"]}}],"collection":[{"href":"https:\/\/wp.unil.ch\/lakes\/wp-json\/wp\/v2\/pages"}],"about":[{"href":"https:\/\/wp.unil.ch\/lakes\/wp-json\/wp\/v2\/types\/page"}],"author":[{"embeddable":true,"href":"https:\/\/wp.unil.ch\/lakes\/wp-json\/wp\/v2\/users\/1001709"}],"replies":[{"embeddable":true,"href":"https:\/\/wp.unil.ch\/lakes\/wp-json\/wp\/v2\/comments?post=595"}],"version-history":[{"count":2,"href":"https:\/\/wp.unil.ch\/lakes\/wp-json\/wp\/v2\/pages\/595\/revisions"}],"predecessor-version":[{"id":1199,"href":"https:\/\/wp.unil.ch\/lakes\/wp-json\/wp\/v2\/pages\/595\/revisions\/1199"}],"wp:attachment":[{"href":"https:\/\/wp.unil.ch\/lakes\/wp-json\/wp\/v2\/media?parent=595"}],"curies":[{"name":"wp","href":"https:\/\/api.w.org\/{rel}","templated":true}]}}