{"id":376,"date":"2018-08-09T15:24:24","date_gmt":"2018-08-09T13:24:24","guid":{"rendered":"http:\/\/wp.unil.ch\/lakes\/?page_id=376"},"modified":"2025-12-06T09:15:08","modified_gmt":"2025-12-06T08:15:08","slug":"teams-publications","status":"publish","type":"page","link":"https:\/\/wp.unil.ch\/lakes\/teams-publications\/","title":{"rendered":"Team&#8217;s publications"},"content":{"rendered":"<p><em><strong>In press<\/strong><\/em><\/p>\n<p>Perga. M.-E., Bouletreau, S., Cucherousset, J., Harrod, C., McIntosh, A., Olden, J., Vagnon, C. Jardine, T. A global estimator of C and N isotope baselines for fresh waters. Methods in Ecology and Evolution.<\/p>\n<p><strong>2025<\/strong><\/p>\n<p>Mittelbach, B.V.A., White, M.E., Rhyner, T.M.Y., Haghipour, N., <strong>Perga, M.E.<\/strong>, Dubois, N. &amp; Eglinton, T.I. (2025) <a href=\"https:\/\/bg.copernicus.org\/articles\/22\/6749\/2025\/\">Deltaic burial of authigenic calcite modulates the carbon balance of hardwater lakes<\/a>. <span style=\"color: #33cccc\"><i>Biogeosciences,<\/i><\/span> <b>22,<\/b> 6749-6763. https:\/\/bg.copernicus.org\/articles\/22\/6749\/2025\/<\/p>\n<p><span class=\"author\">Olden, J. D.<\/span>, <span class=\"author\">F. W. Keppeler<\/span>, <span class=\"author\">T. D. Jardine<\/span>, &#8230; <strong>Perga M-E..<\/strong>. Cucherousset, J. \u00a0<span class=\"pubYear\">2025<\/span>. \u201c <span class=\"articleTitle\">Looks Can Be Deceiving: Morphological Traits Are Weakly Associated With the Isotopic Niches of Freshwater Fishes<\/span>.\u201d <span style=\"color: #33cccc\"><i>Global Ecology and Biogeography<\/i> <\/span><span class=\"vol\">34<\/span>, no. <span class=\"citedIssue\">9<\/span>: e70124. <a class=\"linkBehavior\" href=\"https:\/\/doi.org\/10.1111\/geb.70124\">https:\/\/doi.org\/10.1111\/geb.70124<\/a>.<\/p>\n<p>Dory F, Arthaud F, Aug\u00e9 V, Baillot S, Bertrand C, Birck C, . . . <strong>Perga M-E<\/strong> (2025) <a href=\"https:\/\/aslopubs.onlinelibrary.wiley.com\/doi\/10.1002\/lol2.70034#\">Vulnerable but not equal: Mountain lakes exhibit heterogeneous patterns of phytoplankton responses to climate change<\/a>. <span style=\"color: #33cccc\"><em>Limnology and Oceanography Letters<\/em><\/span><i>,\u00a0<\/i>10.1002\/lol2.70034.<\/p>\n<p>Tiberti, R., Dory, F., Arthaud, F., Aug\u00e9, V., Birk, C., Cavalli, L., Fontaneto, D., Napoleoni, R., <strong>Perga, M.E<\/strong>., Sab\u00e1s, I., Sagot, C., Sommaruga, R. (2025) <a href=\"https:\/\/www.sciencedirect.com\/science\/article\/pii\/S0006320725002599\">Long-term changes of zooplankton in alpine lakes result from a combination of local and global threats<\/a>. <span style=\"color: #33cccc\"><em>Biological Conservation<\/em><\/span> 308, 111222.<\/p>\n<p>Bouletreau, S., Vagnon, C., Comte, L., Sagouis, A., Pool, T., Stiling, R., Harrod, C., South, J., McIntosh, A., <strong>Perga, M.E.<\/strong>, Sanchez-Hernandez, J., Roussel, J.M., Tunney, T., Jackson, M., Olden, J., Cucherousset, J. (in press). <a href=\"https:\/\/www.kmae-journal.org\/articles\/kmae\/pdf\/2025\/01\/kmae250024.pdf\">IsoFresh: A global stable isotope database of freshwater food webs<\/a>. <em><span style=\"color: #33cccc\">Knowledge and Management of Aquatic Ecosystems. <\/span><\/em>10.1051\/kmae\/2025010<\/p>\n<p><span lang=\"EN-GB\"><span class=\"outlook-search-highlight\" data-markjs=\"true\">White<\/span>, M. E., Mittlebach. B., <strong>Escoffier, N<\/strong>., Rhymer, T., Haghipour, N., Janssen, D.,<strong> Perga, M.E.<\/strong>, Dubois, N., Eglinton, T.I.. 2025. Seasonally Dynamic Dissolved Carbon Cycling in a Large Hard Water Lake. <span style=\"color: #33cccc\"><em>J. Geophys. Res. Biogeosciences<\/em><\/span> 130: e2024JG008645. <\/span><a title=\"https:\/\/agupubs.onlinelibrary.wiley.com\/doi\/10.1029\/2024JG008645\" href=\"https:\/\/agupubs.onlinelibrary.wiley.com\/doi\/10.1029\/2024JG008645\" data-outlook-id=\"57bf1fa8-8d2a-4216-807d-930d41345d90\"><span lang=\"EN-GB\">doi:10.1029\/2024JG008645<\/span><\/a><\/p>\n<p>\u00a0 \u00a0 \u00a0 \u00a0 \u00a0 \u00a0 \u00a0 \u00a0 \u00a0 \u00a0 \u00a0 <span style=\"color: #ff6600\">\u2192<\/span> <span style=\"color: #ff6600\">Editor&#8217;s highlight :<\/span> <a href=\"https:\/\/eos.org\/editor-highlights\/organic-radiocarbon-reveals-its-inorganic-ancestry-in-lake-geneva\">Organic carbon reveals its inorganic ancestry in Lake Geneva (6 may 2025)<\/a><\/p>\n<p><span class=\"author\">\u00a0Glines, M.R.<\/span>, <span class=\"author\">Amancio, R.C.H.<\/span>, <span class=\"author\">Andersen, M.R.<\/span>, <span class=\"author\">Baulch, H.<\/span>, <span class=\"author\">Brighenti, L.S.<\/span>, <span class=\"author\">Chmiel, H.E.<\/span> .. <strong>Perga M.E.<\/strong> et al. (<span class=\"pubYear\">2025<\/span>) <span class=\"articleTitle\">Coefficients in Taylor&#8217;s law increase with the time scale of water clarity measurements in a global suite of lakes<\/span>. <span style=\"color: #33cccc\"><i>Ecology Letters<\/i><\/span>, <span class=\"vol\">27<\/span>, e14451. <a class=\"linkBehavior\" href=\"https:\/\/doi.org\/10.1111\/ele.14451\">10.1111\/ele.14451<\/a><\/p>\n<p><strong>2024<\/strong><\/p>\n<p><strong>Many, G., Escoffier, N.,<\/strong>\u00a0<strong>Perolo, P.<\/strong>, B\u00e4renbold, F., Bouffard, D., <strong>Perga M.E. 2024<\/strong>. <span class=\"ml-1\">Calcite precipitation: The forgotten piece of lakes\u2019 carbon cycle. <span style=\"color: #33cccc\">Science Advances<\/span>, <b>10<\/b>,eado5924(2024). DOI:<a class=\"ml-1\" href=\"https:\/\/doi.org\/10.1126\/sciadv.ado5924\">10.1126\/sciadv.ado5924<\/a><\/span><\/p>\n<p>\u00a0 \u00a0 \u00a0 \u00a0 \u00a0 \u00a0 \u00a0 \u00a0 \u00a0 \u00a0 \u00a0 <span style=\"color: #ff6600\">\u2192<\/span> <span style=\"color: #ff6600\">Editor&#8217;s highlight<\/span> : <span class=\"hlFld-ContribAuthor\" style=\"font-size: revert\">Jack J. Middelburg, <\/span><span class=\"ml-1\" style=\"font-size: 1rem\">Closing the inland water carbon cycle. <span class=\"ml-1\"><span style=\"color: #33cccc\">Science \u00a0 \u00a0 \u00a0Advances<\/span>, <\/span><\/span><span class=\"ml-1\" style=\"font-size: 1rem\"><b>10<\/b>,<\/span><span class=\"ml-1\" style=\"font-size: 1rem\">eadt3893<\/span><span class=\"ml-1\" style=\"font-size: 1rem\">(2024).<\/span><span class=\"ml-1\" style=\"font-size: 1rem\">DOI:<a class=\"ml-1\" href=\"https:\/\/doi.org\/10.1126\/sciadv.adt3893\">10.1126\/sciadv.adt3893<\/a><\/span><\/p>\n<p>Francescangeli, D., Diebold, M., <strong>Doda, T., Perga, M.E., Bouffard, D.,<\/strong> Janssen, D., Rossi, L. (2024) La mod\u00e9lisation comme outil de gestion des lacs en Suisse. <em><span style=\"color: #33cccc\">Aqua &amp; Gas<\/span><\/em>. <a href=\"https:\/\/www.aquaetgas.ch\/fr\/eau\/cours-d-eau\/20241005-ag10-exemple-du-phosphore\/\">link<\/a>.<\/p>\n<p><strong>Khatun, S.,<\/strong> Berg, J.S., J\u00e9z\u00e9quel, D., Moiron, M., <strong>Escoffier, N.,<\/strong> Schubert, C.J., <strong>Bouffard, D. and Perga, M.-E.<\/strong> (2024), Long-range transport of littoral methane explains the metalimnetic methane peak in a large lake. <span style=\"color: #33cccc\"><em>Limnology and Oceanography<\/em><\/span>, 69: 2095-2108. <a href=\"https:\/\/doi.org\/10.1002\/lno.12652\" aria-label=\"Digital Object Identifier\">https:\/\/doi.org\/10.1002\/lno.12652<\/a><\/p>\n<p>Piton, V., Reiss, R., Lemmin, U., Anneville, O., Many, G., <strong>Keller, J., <\/strong>Kindschi, V., Wynn, H.K., Rasconi, S., Laine, L. and Barry, D.A.<strong> (2024), <\/strong>Identifying and quantifying unexpected deep zooplankton diel vertical migration in a large deep lake. <span style=\"color: #33cccc\"><em>Limnology and Oceanography<\/em><\/span>. <a href=\"https:\/\/doi.org\/10.1002\/lno.12736\" aria-label=\"Digital Object Identifier\">https:\/\/doi.org\/10.1002\/lno.12736<\/a><\/p>\n<p><strong>Perga, M.-E<\/strong>., T. Dittmar, <strong>D. Bouffard<\/strong>, and E. Kritzberg. The elephant in the conference room: reducing the carbon footprint of aquatic science meetings. <span style=\"color: #33cccc\"><em>Limnology and Oceanography Letters<\/em><\/span> <b>n\/a<\/b>. <a href=\"https:\/\/doi.org\/10.1002\/lol2.10402\">doi:https:\/\/doi.org\/10.1002\/lol2.10402<\/a><\/p>\n<p><strong>Perga, M.-E.<\/strong>, Pessina, L.-A., Lane, S., Butera, F. 2024. From Newsworthiness to News Usefulness in Climate Change Research. <em><span style=\"color: #33cccc\">Eos<\/span><\/em>, 105, https:\/\/doi.org\/10.1029\/2024EOS240051.<\/p>\n<p>Doda T, Ram\u00f3n CL, Ulloa HN, Brennwald MS, Kipfer R,<strong> Perga M-E<\/strong>, . . . Bouffard D Lake surface cooling drives littoral-pelagic exchange of dissolved gases. <em><span style=\"color: #33cccc\">Science Advances<\/span><\/em><i>,<\/i> <b>10<\/b>, eadi0617.<\/p>\n<p><strong>2023<\/strong><\/p>\n<p><strong>Perga, M.-E<\/strong>., O. Sarrasin, J. Steinberger, S. N. Lane, and F. Butera. 2023. The climate change research that makes the front page: Is it fit to engage societal action? <em><span style=\"color: #33cccc\">Global Environmental Change<\/span><\/em> <strong data-rich-text-format-boundary=\"true\">80: <\/strong>102675.<\/p>\n<p>Frossard, V., Sabatier, P., Bruel, R. &#8230;\u00a0<i>.<\/i><strong>Perga ME<\/strong> (2023) Intense touristic activities exceed climate change to shape aquatic communities in a mountain lake. <span style=\"color: #33cccc\"><i>Aquat Sci<\/i> <\/span><b>85<\/b>, 71 . https:\/\/doi.org\/10.1007\/s00027-023-00968-6<\/p>\n<p><strong>M.E Perga<\/strong>, C. Minaudo, T. Doda F. Arthaud, H. Beria, H.E. Chmiel, <strong>N. Escoffier, T. Lambert,<\/strong> R. Napolleoni, B. Obrador, <strong>P. Perolo, J. R\u00fcegg,<\/strong> H.N. Ulloa, D. Bouffard (2023).\u00a0Near-bed stratification controls bottom hypoxia in ice-covered alpine lakes. <em><span style=\"color: #33cccc\">Limnology and Oceanography.<\/span><\/em>\u00a0https:\/\/doi.org\/10.1002\/lno.12341<\/p>\n<p><strong>Perolo, P., Escoffier, N.,<\/strong> Chmiel, H.E., <strong>Many, G.,<\/strong> Bouffard, D., <strong>Perga, M.-E.<\/strong> (2023) Alkalinity contributes at least a third of annual gross primary production in a deep stratified hardwater lake. <em><span style=\"color: #33cccc\">Limnology and Oceanography Letters,<\/span><\/em> 8: 359-367. <a href=\"https:\/\/doi.org\/10.1002\/lol2.10311\" aria-label=\"Digital Object Identifier\">https:\/\/doi.org\/10.1002\/lol2.10311<\/a><\/p>\n<p>Del Siro, C., Scapozza, C., <strong>Perga, M.-E<\/strong>., Lambiel, C. (2023) Investigating the origin of solutes in rock glacier springs in the Swiss Alps: A conceptual model. <em><span style=\"color: #33cccc\">Frontiers in Earth Science<\/span><\/em> 11.<\/p>\n<p><strong>Escoffier, N., Perolo, P., Many, G.,<\/strong> Pasche, N.T., <strong>Perga, M.-E.<\/strong> (2023) Fine-scale dynamics of calcite precipitation in a large hardwater lake. <em><span style=\"color: #33cccc\">Science of the Total Environment<\/span><\/em> 864, 160699.<\/p>\n<p><strong>2022<\/strong><\/p>\n<p><strong>Many, G., Escoffier, N., Ferrari, M.,<\/strong> Jacquet, P., Odermatt, D., Mariethoz, G., <strong>Perolo, P., Perga, M.-E.<\/strong> (2022) Long-Term Spatiotemporal Variability of Whitings in Lake Geneva from Multispectral Remote Sensing and Machine Learning. <em><span style=\"color: #33cccc\">Remote Sensing<\/span><\/em> 14, 6175.<\/p>\n<p>Danger, M., Bec, A., Spitz, J., <strong>Perga, M.-E.<\/strong> (2022) Special issue: Questioning the roles of resources nutritional quality in ecology. <em><span style=\"color: #33cccc\">Oikos<\/span> <\/em>2022, e09503.<\/p>\n<p><strong>Perga, M.E.<\/strong>, Bouffard, D., (2022) Introduction to Structures and functions of Inland Waters &#8211; Lakes, in: Tockner, T.M.K. (Ed.), <em><span style=\"color: #33cccc\">Encyclopedia of Inland Waters<\/span><\/em>, 2nd Edition. Elsevier.<\/p>\n<p><strong>Escoffier, N., Perolo, P., Lambert, T., R\u00fcegg<\/strong>, J., Odermatt, D., Adatte, T., Vennemann, T.,<strong> Perga, M.-E<\/strong>. (2022) Whiting Events in a Large Peri-Alpine Lake: Evidence of a Catchment-Scale Process. <em><span style=\"color: #33cccc\">Journal of Geophysical Research: Biogeosciences<\/span><\/em> 127, e2022JG006823.<\/p>\n<p><strong>Lambert T, Perolo P, Escoffier N, Perga ME.<\/strong> Enhanced bioavailability of dissolved organic matter (DOM) in human-disturbed streams in Alpine fluvial networks. <em><span style=\"color: #33cccc\">Biogeosciences.<\/span><\/em> 2022;19(1):187-200.<\/p>\n<p><strong>2021<\/strong><\/p>\n<p><strong>Perolo, P.<\/strong>, B. Fern\u00e1ndez Castro, <strong>N. Escoffier, T. Lambert,<\/strong> D. Bouffard, and <strong>M. E. Perga. 2021<\/strong>. <a href=\"https:\/\/esd.copernicus.org\/articles\/12\/1169\/2021\/esd-12-1169-2021.html\">Accounting for surface waves improves gas flux estimation at high wind speed in a large lake<\/a>. <em><span style=\"color: #33cccc\">Earth Syst. Dynam.<\/span><\/em> <b>12<\/b>:1169-1189.<\/p>\n<p>Monchamp, M.-\u00c8., <strong>R. Bruel,<\/strong> V. Frossard, S. McGowan, M. Lavrieux, M. Muschick,<strong> M.-\u00c9. Perga,<\/strong> and N. Dubois. 2021. Paleoecological evidence for a multi-trophic regime shift in a perialpine lake (Lake Joux, Switzerland).<em><span style=\"color: #33cccc\"> Anthropocene:<\/span><\/em>100301.<\/p>\n<p><span class=\"author\">Fern\u00e1ndez Castro, B.<\/span>, <span class=\"author\">Chmiel, H. E.<\/span>, <span class=\"author\">Minaudo, C.<\/span>, <span class=\"author\">Krishna, S.<\/span>, <strong><span class=\"author\">Perolo, P.<\/span>,<\/strong> <span class=\"author\">Rasconi, S.<\/span>, &amp; <span class=\"author\">W\u00fcest, A.<\/span> (<span class=\"pubYear\">2021<\/span>). <span class=\"articleTitle\">Primary and net ecosystem production in a large lake diagnosed from high-resolution oxygen measurements<\/span>. <span style=\"color: #33cccc\"><i>Water Resources Research<\/i>,<\/span> <span class=\"vol\">57<\/span>, e2020WR029283. <a class=\"linkBehavior\" href=\"https:\/\/doi.org\/10.1029\/2020WR029283\">https:\/\/doi.org\/10.1029\/2020WR029283<\/a><\/p>\n<p><span class=\"author\">W\u00fcest, A.<\/span>, <span class=\"author\">Bouffard, D.<\/span>, <span class=\"author\">Guillard, J.<\/span>, <span class=\"author\">Ibelings, B. W.<\/span>, <span class=\"author\">Lavanchy, S.<\/span>, <strong><span class=\"author\">Perga, M.-E.<\/span><\/strong>, &amp; <span class=\"author\">Pasche, N.<\/span>(<span class=\"pubYear\">2021<\/span>). <span class=\"articleTitle\">L\u00e9XPLORE: A floating laboratory on Lake Geneva offering unique lake research opportunities<\/span>. <span style=\"color: #33cccc\"><i>Wiley Interdisciplinary Reviews: Water<\/i>,<\/span> e1544. <a class=\"linkBehavior\" href=\"https:\/\/doi.org\/10.1002\/wat2.1544\">https:\/\/doi.org\/10.1002\/wat2.1544<\/a><\/p>\n<p><strong>Rantala, M. V., Bruel, R.,<\/strong> Marchetto, A., Lami, A., Spangenberg, J. E., &amp; <strong>Perga, M.-E. (2021)<\/strong>. Heterogeneous responses of lake CO2 to nutrients and warming in perialpine lakes imprinted in subfossil cladoceran \u03b413C values. <i><span style=\"color: #33cccc\">Science of the Total Environment,<\/span> 782<\/i>, 146923. <a href=\"https:\/\/doi.org\/10.1016\/j.scitotenv.2021.146923\">doi:https:\/\/doi.org\/10.1016\/j.scitotenv.2021.146923<\/a><\/p>\n<p><strong>Bruel, R<\/strong>., Girardclos, S., Marchetto, A., Kremer, K., Crouzet, C., Reyss, J. L., . . . <strong>Perga, M. E.<\/strong> (2021). Reframing Lake Geneva ecological trajectory in a context of multiple but asynchronous pressures.<em><span style=\"color: #33cccc\"> Journal of Paleolimnology<\/span><\/em>, 65(3), 353-368. doi:10.1007\/s10933-021-00176-y<\/p>\n<p><strong>Perga, M.-E<\/strong>., Syarki, M., Spangenberg, J. E., Frossard, V., Lyautey, E., Kalinkina, N., &amp; Bouffard, D. (2021). Fasting or feeding: A planktonic food web under lake ice.<em><span style=\"color: #33cccc\"> Freshwater Biology,<\/span> <\/em>66(3), 570-581. doi:https:\/\/doi.org\/10.1111\/fwb.13661<\/p>\n<p>Otero, I., Darbellay, F., Reynard, E., Het\u00e9nyi, G., <strong>Perga, M.-E., R\u00fcegg, J<\/strong>., . . . de Bellefroid, B. (2021). Designing Inter- and Transdisciplinary Research on Mountains: What Place for the Unexpected? <em><span style=\"color: #33cccc\">Mountain Research and Development<\/span><\/em>, 40(4).<\/p>\n<p><strong>2020<\/strong><\/p>\n<p>Wilson, H. L., Ayala, A. I., Jones, I. D., Rolston, A., Pierson, D., de Eyto, E., Grossart, H.-P., <strong>Perga, M.-E.<\/strong>, Woolway, R. I., and Jennings, E. (2020) Variability in epilimnion depth estimations in lakes,<span style=\"color: #33cccc\"><em> Hydrol. Earth Syst. Sci<\/em>.<\/span>\u00a0 https:\/\/doi.org\/10.5194\/hess-2020-222,<\/p>\n<p>Gu\u00e9nand, Y., <strong>M.-E. Perga<\/strong>, V. Chanudet and D. Bouffard (2020). &#8220;Hydropower operations modulate sensitivity to meteorological forcing in a high altitude reservoir.&#8221; <em><span style=\"color: #33cccc\">Aquatic Sciences<\/span><\/em> <b>82<\/b>(3): 60.<\/p>\n<p>Jenny, J.-P., O. Anneville, F. Arnaud, Y. Baulaz, D. Bouffard, I. Domaizon, S. A. Bocaniov, N. Ch\u00e8vre, M. Dittrich, J.-M. Dorioz, E. S. Dunlop, G. Dur, J. Guillard, T. Guinaldo, S. Jacquet, A. Jamoneau, Z. Jawed, E. Jeppesen, G. Krantzberg, J. Lenters, B. Leoni, M. Meybeck, V. Nava, T. N\u00f5ges, P. N\u00f5ges, M. Patelli, V. Pebbles, <strong>M.-E. Perga<\/strong>, S. Rasconi, C. R. Ruetz, L. Rudstam, N. Salmaso, S. Sapna, D. Straile, O. Tammeorg, M. R. Twiss, D. G. Uzarski, A.-M. Ventel\u00e4, W. F. Vincent, S. W. Wilhelm, S.-\u00c5. W\u00e4ngberg and G. A. Weyhenmeyer (2020). &#8220;Scientists\u2019 Warning to Humanity: Rapid degradation of the world\u2019s large lakes.&#8221; J<em><span style=\"color: #33cccc\">ournal of Great Lakes Research.<\/span><\/em><\/p>\n<p><strong>Perga, M. E<\/strong>., M. Syarki, N. Kalinkina and D. Bouffard (2020). &#8220;A rotiferan version of the punishment of Sisyphus?&#8221; <em><span style=\"color: #33cccc\">Ecology<\/span><\/em> 101(3): e02934.<\/p>\n<p><strong>2019<\/strong><\/p>\n<p>Thomas, C., V. Frossard, <strong>M. E. Perga<\/strong>, N. Tofield-Pasche, H. Hofmann, N. Dubois, N. Belkina, M. Zobkova, S. Robert, and E. Lyautey. 2019. Lateral variations and vertical structure of the microbial methane cycle in the sediment of Lake Onego (Russia). <em><span style=\"color: #33cccc\">Inland Waters.<\/span><\/em>\u00a0<strong>9<\/strong>:205-226.<\/p>\n<p><strong>Lambert, T. &amp; Perga, ME<\/strong>.Non-conservative patterns of dissolved organic matter degradation when and where lake water mixes<em><span style=\"color: #33cccc\">\u00a0Aquat Sci<\/span> <\/em>(2019) 81: 64. https:\/\/doi.org\/10.1007\/s00027-019-0662-z<\/p>\n<p>Masset T, Frossard V, <strong>Perga ME,<\/strong> Cottin N, Piot C, Cachera S, Naffrechoux E (2019) Trophic position and individual feeding habits as drivers of differential PCB bioaccumulation in fish populations. <em><span style=\"color: #33cccc\">Science of The Total Environment, <\/span><\/em><b>674<\/b>, 472-481.<\/p>\n<p>Four B, Thomas M, Danger M, Angeli N, <strong>Perga M-E<\/strong>, Banas D (2019) Using stable isotope approach to quantify pond dam impacts on isotopic niches and assimilation of resources by invertebrates in temporary streams: a case study. <em><span style=\"color: #33cccc\">Hydrobiologia<\/span><\/em><i>,<\/i> <b>834<\/b>, 163-181.<\/p>\n<p><strong>2018<\/strong><\/p>\n<p>Majdi N, Hette-Tronquart N, Auclair E, Bec A, Chouvelon T, Cognie B, . . . <strong>Perga M-E<\/strong> (2018) There&#8217;s no harm in having too much: A comprehensive toolbox of methods in trophic ecology. <em><span style=\"color: #33cccc\">Food Webs,<\/span><\/em> <b>17<\/b>, e00100.<\/p>\n<p>Taranu ZE, Carpenter SR, Frossard V, Jenny J-P, Thomas Z, Vermaire JC, <strong>Perga M-E<\/strong> (2018) Can we detect ecosystem critical transitions and signals of changing resilience from paleo-ecological records? <em><span style=\"color: #33cccc\">Ecosphere<\/span><\/em><i>,<\/i> <b>9<\/b>, e02438.<\/p>\n<p><strong>Perga M-E<\/strong>, Bruel R, Rodriguez L, Gu\u00e9nand Y, Bouffard D (2018) Storm impacts on alpine lakes: Antecedent weather conditions matter more than the event intensity. <em><span style=\"color: #33cccc\">Global Change Biology<\/span><\/em><i>,<\/i> <b>24<\/b>, 5004-5016.<\/p>\n<p>Frantz A, <strong>Perga M-E<\/strong>, Guillard J (2018) Parasitic versus nutritional regulation of natural fish populations. <em><span style=\"color: #33cccc\">Ecology and evolution,<\/span><\/em> <b>8<\/b>, 8713-8725.<\/p>\n<p><strong>Perga M-\u00c9<\/strong>, Danger M, Dubois S, Fritch C, Gaucherel C, Hubas C, . . . Bec A (2018) Forces, failles et opportunit\u00e9s de la recherche fran\u00e7aise en \u00e9cologie trophique. <em><span style=\"color: #33cccc\">Comptes Rendus Biologies.<\/span><\/em><\/p>\n<p>Bruel R, Marchetto A, Bernard A, Lami A, Sabatier P, Frossard V, <strong>Perga M-E<\/strong> (2018) Seeking alternative stable states in a deep lake. <em><span style=\"color: #33cccc\">Freshwater Biology<\/span><\/em><i>,<\/i> <b>63<\/b>, 553-568.<\/p>\n<p>Frossard V, Rimet F, <strong>Perga M-E<\/strong> (2018) Causal networks reveal the dominance of bottom-up interactions in large, deep lakes.<em><span style=\"color: #33cccc\"> Ecological Modelling<\/span><\/em><i>,<\/i> <b>368<\/b>, 136-146.<\/p>\n\n\n<p><\/p>\n","protected":false},"excerpt":{"rendered":"<p>In press Perga. M.-E., Bouletreau, S., Cucherousset, J., Harrod, C., McIntosh, A., Olden, J., Vagnon, C. Jardine, T. A global estimator of C and N isotope baselines for fresh waters. Methods in Ecology and Evolution. 2025 Mittelbach, B.V.A., White, M.E., Rhyner, T.M.Y., Haghipour, N., Perga, M.E., Dubois, N. &amp; Eglinton, T.I. (2025) Deltaic burial of &hellip; <\/p>\n<p class=\"link-more\"><a href=\"https:\/\/wp.unil.ch\/lakes\/teams-publications\/\" class=\"more-link\">Continue reading<span class=\"screen-reader-text\"> &#8220;Team&#8217;s publications&#8221;<\/span><\/a><\/p>\n","protected":false},"author":1001709,"featured_media":0,"parent":0,"menu_order":0,"comment_status":"closed","ping_status":"closed","template":"","meta":{"_seopress_robots_primary_cat":"","_seopress_titles_title":"","_seopress_titles_desc":"","_seopress_robots_index":"","footnotes":""},"class_list":["post-376","page","type-page","status-publish"],"_links":{"self":[{"href":"https:\/\/wp.unil.ch\/lakes\/wp-json\/wp\/v2\/pages\/376","targetHints":{"allow":["GET"]}}],"collection":[{"href":"https:\/\/wp.unil.ch\/lakes\/wp-json\/wp\/v2\/pages"}],"about":[{"href":"https:\/\/wp.unil.ch\/lakes\/wp-json\/wp\/v2\/types\/page"}],"author":[{"embeddable":true,"href":"https:\/\/wp.unil.ch\/lakes\/wp-json\/wp\/v2\/users\/1001709"}],"replies":[{"embeddable":true,"href":"https:\/\/wp.unil.ch\/lakes\/wp-json\/wp\/v2\/comments?post=376"}],"version-history":[{"count":6,"href":"https:\/\/wp.unil.ch\/lakes\/wp-json\/wp\/v2\/pages\/376\/revisions"}],"predecessor-version":[{"id":1359,"href":"https:\/\/wp.unil.ch\/lakes\/wp-json\/wp\/v2\/pages\/376\/revisions\/1359"}],"wp:attachment":[{"href":"https:\/\/wp.unil.ch\/lakes\/wp-json\/wp\/v2\/media?parent=376"}],"curies":[{"name":"wp","href":"https:\/\/api.w.org\/{rel}","templated":true}]}}