{"id":120,"date":"2018-01-24T13:19:18","date_gmt":"2018-01-24T12:19:18","guid":{"rendered":"http:\/\/wp.unil.ch\/lakes\/?page_id=120"},"modified":"2025-03-27T09:52:25","modified_gmt":"2025-03-27T08:52:25","slug":"media","status":"publish","type":"page","link":"https:\/\/wp.unil.ch\/lakes\/media\/","title":{"rendered":"Media"},"content":{"rendered":"\n<h2 class=\"wp-block-heading\">Latest<\/h2>\n\n\n\n<p>Titicaca, le lac meurt de soif. Objectif Monde Hebdo. TV5 Monde. 21 f\u00e9vrier 2025.<\/p>\n\n\n\n<p>L\u2019UNIL perce un myst\u00e8re: <a href=\"https:\/\/www.24heures.ch\/lunil-perce-le-mystere-des-fortes-emissions-de-co2-du-leman-272756952227\">L\u2019eau calcaire et les algues du L\u00e9man \u00e9mettent beaucoup de CO\u2082<\/a>. 24 heures, 30 octobre 2024.<\/p>\n\n\n\n<p>Pourquoi le L\u00e9man \u00e9met de grosses quantit\u00e9s de CO<sub>2<\/sub> <a href=\"https:\/\/www.letemps.ch\/sciences\/environnement\/une-etude-de-l-unil-explique-pourquoi-le-leman-emet-de-grosses-quantites-de-co2\">Le Temps<\/a>, <a href=\"https:\/\/www.swissinfo.ch\/fre\/pourquoi-le-l%C3%A9man-%C3%A9met-de-grosses-quantit%C3%A9s-de-co2\/87891109\">Swissinfo,<\/a> <a href=\"https:\/\/www.lacote.ch\/suisse\/climat-pourquoi-le-leman-emet-de-grosses-quantites-de-co2-1425163\">La c\u00f4te<\/a>, <a href=\"https:\/\/www.rts.ch\/audio-podcast\/2024\/audio\/pourquoi-le-leman-emet-de-grosses-quantites-de-gaz-carbonique-28679590.html\">RTS le journal horaire<\/a> 30 octobre 2024.<\/p>\n\n\n\n<p>Pourquoi le L\u00e9man \u00e9met de grosses quantit\u00e9s de CO2, <a href=\"https:\/\/www.rts.ch\/audio-podcast\/2024\/audio\/pourquoi-le-leman-emet-il-de-grosses-quantites-de-co2-28680111.html\">CQFD<\/a>, <a href=\"https:\/\/www.rts.ch\/play\/tv\/12h45\/video\/12h45?urn=urn:rts:video:15259281#:~:text=1%3A48,effet%20de%20serre\">RTS 12:45<\/a>, <a href=\"https:\/\/www.rts.ch\/audio-podcast\/2024\/audio\/forum-presente-par-renaud-malik-et-coralie-claude-28680677.html\">Forum la 1ere<\/a>, <a href=\"https:\/\/www.tdg.ch\/lunil-perce-le-mystere-des-fortes-emissions-de-co2-du-leman-272756952227\">La tribune de Gen\u00e8ve<\/a>. 31 octobre 2024<\/p>\n\n\n\n<p>Sur les traces du zooplancton du L\u00e9man. RTS la 1ere. 15 juin 2023.<\/p>\n\n\n\n<h2 class=\"wp-block-heading\">For Kids<\/h2>\n\n\n\n<p><strong>UPCOMING<\/strong> S\u00e9rie Podcasts UNIL &#8220;Tu Triches?!&#8221; 12 ao\u00fbt 2024. Le zoo plancton, ces animaux qui se cachent dans les eaux!<\/p>\n\n\n\n<p>Tomy Doda in the Podcast &#8220;ParceQue&#8221; by <a href=\"https:\/\/www.youtube.com\/@YseultTheraulaz\">Yseult Th\u00e9raulaz<\/a> : #15 <a href=\"https:\/\/www.youtube.com\/watch?v=1c-DfbZC_9c\">Pourquoi l&#8217;eau des mers est-elle sal\u00e9e<\/a>? (April 2024)<\/p>\n\n\n\n<h2 class=\"wp-block-heading\">On the media coverage of climate change<\/h2>\n\n\n\n<p><strong>Anthropocene Magazine (US)<\/strong> <a href=\"https:\/\/www.anthropocenemagazine.org\/2023\/07\/the-media-covers-only-a-narrow-slice-of-climate-research-one-that-inspires-fear-over-action\/\">The media covers only a narrow slice of climate research\u2014one that inspires fear over action<\/a><\/p>\n\n\n\n<p><strong>Eos<\/strong>&nbsp;(US) <a href=\"https:\/\/eos.org\/opinions\/from-newsworthiness-to-news-usefulness-in-climate-change-research\"><span style=\"color: #00ccff\">From Newsworthiness to News Usefulness in Climate Change Research<\/span><\/a><\/p>\n\n\n\n<p><strong>Lib\u00e9ration (FR)<\/strong>&nbsp;<a href=\"https:\/\/www.liberation.fr\/checknews\/traitement-mediatique-des-sciences-du-climat-des-choix-peu-propices-a-la-mobilisation-des-citoyens-20230511_73BZTBQKWZHLVAWD42PCM6Q7IA\/\">Traitement m\u00e9diatique des sciences du climat : des choix peu propices \u00e0 la mobilisation des citoyens ?<\/a><\/p>\n\n\n\n<p><strong>Le Temps (CH)<\/strong> <a href=\"https:\/\/www.letemps.ch\/sciences\/environnement\/climat-faire-ayons-enfin-envie-decouter-scientifiques\">Sur le climat, comment faire pour que nous ayons enfin envie d\u2019\u00e9couter les scientifiques?&nbsp;<\/a><\/p>\n\n\n\n<p><strong>France 24 (CH):<\/strong> <a href=\"https:\/\/www.france24.com\/fr\/europe\/20230426-urgence-climatique-et-si-les-m\u00e9dias-favorisaient-l-inaction-du-public\">Urgence climatique : et si les m\u00e9dias favorisaient l\u2019inaction du public ?<\/a>&nbsp;<\/p>\n\n\n\n<p><strong>France Culture (FR):<\/strong> <a href=\"https:\/\/www.radiofrance.fr\/franceculture\/podcasts\/le-journal-des-sciences\/changement-climatique-devier-le-rayonnement-solaire-ne-sera-jamais-une-mesure-de-courte-duree-6732718\">le Journal des Sciences<\/a>&nbsp;<\/p>\n\n\n\n<p><strong>24Heures (CH) : <\/strong>&nbsp;<a href=\"https:\/\/www.24heures.ch\/le-lecteur-se-sentirait-demuni-face-au-changement-climatique-979422151823\">le lecteur se sentirait d\u00e9muni face au changement climatique<\/a><br><strong>Forum-RTS (CH)&nbsp;<\/strong>:&nbsp;<a href=\"https:\/\/www.rts.ch\/audio-podcast\/2023\/audio\/les-contenus-mediatiques-sur-le-climat-suscitent-souvent-du-deni-interview-de-marie-elodie-perga-26120154.html\">Le traitement m\u00e9diatique sur le climat suscite souvent du d\u00e9ni<\/a><\/p>\n\n\n\n<p>Mais aussi<\/p>\n\n\n\n<p><a href=\"https:\/\/www.lematin.ch\/story\/la-couverture-mediatique-favoriserait-le-deni-et-levitement-923796217065\">Le Matin (CH)<\/a>,&nbsp;<a href=\"https:\/\/www.teletext.ch\/fr\/Webtext\/News\/Suisse\/5f116d74-56a3-4b08-9b18-771c35da2edb\">T\u00e9l\u00e9texte<\/a>, <a href=\"https:\/\/www.20min.ch\/fr\/story\/le-matraquage-mediatique-nuit-a-la-protection-du-climat-923796217065\">20min<\/a>,&nbsp;<a href=\"https:\/\/www.bluewin.ch\/fr\/infos\/sciences-technique\/la-couverture-m-diatique-ne-donne-pas-envie-d-agir-1708291.html\">Bluewin.ch<\/a>&nbsp;, <a href=\"https:\/\/www.20minutes.fr\/planete\/4033959-20230423-crise-climatique-couverture-mediatique-actuelle-favoriserait-deni-selon-etude-suisse\">20minutes.fr,&nbsp;<\/a><a href=\"https:\/\/www.msn.com\/fr-ch\/actualite\/others\/la-couverture-m%C3%A9diatique-favoriserait-le-%C2%ABd%C3%A9ni-et-l%C3%A9vitement%C2%BB\/ar-AA1aeeXZ?li=BBqiMbH\">msn<\/a>, <a href=\"https:\/\/www.ledauphine.com\/environnement\/2023\/04\/24\/la-couverture-mediatique-de-la-crise-climatique-est-elle-contre-productive\">le Dauphine<\/a><br><a href=\"https:\/\/www.dna.fr\/environnement\/2023\/04\/24\/la-couverture-mediatique-de-la-crise-climatique-est-elle-contre-productive\">Derni\u00e8res nouvelles d&#8217;Alsace, <\/a><a href=\"https:\/\/www.europe1.fr\/societe\/la-couverture-mediatique-de-la-crise-climatique-favoriserait-deni-et-evitement-selon-une-etude-suisse-4179422\">Europe1<\/a>, <a href=\"https:\/\/www.republicain-lorrain.fr\/environnement\/2023\/04\/24\/la-couverture-mediatique-de-la-crise-climatique-est-elle-contre-productive\">le Republicain Lorrain, <\/a><a href=\"https:\/\/www.bienpublic.com\/environnement\/2023\/04\/24\/la-couverture-mediatique-de-la-crise-climatique-est-elle-contre-productive\">Bien Public<\/a>, <a href=\"https:\/\/www.francelive.fr\/teaser\/ouest-france\/crise-climatique-la-couverture-mediatique-actuelle-favoriserait-deni-et-evitement-selon-une-etude-7984683\/\">Francelive, <\/a><a href=\"https:\/\/information.tv5monde.com\/info\/changement-climatique-la-couverture-mediatique-favoriserait-deni-et-evitement-496291\">TV5monde<\/a><br><a href=\"https:\/\/www.lapresse.ca\/actualites\/environnement\/2023-04-23\/etude-de-l-universite-de-lausanne\/la-couverture-mediatique-de-la-crise-climatique-favoriserait-deni-et-evitement.php\">Lapresse.ca, <\/a>V<a href=\"https:\/\/www.vosgesmatin.fr\/environnement\/2023\/04\/24\/la-couverture-mediatique-de-la-crise-climatique-est-elle-contre-productive\">osgesMatin.fr, <\/a><a href=\"https:\/\/www.wionews.com\/science\/study-finds-that-medias-climate-crisis-coverage-sparks-fear-and-favours-avoidance-585451\">Wionews<\/a>, <a href=\"https:\/\/www.businesstimes.com.sg\/esg\/medias-climate-crisis-coverage-favours-denial-and-avoidance-study\">The Business Times<\/a><br><a href=\"https:\/\/www.barrons.com\/news\/media-s-climate-crisis-coverage-favours-denial-and-avoidance-study-df5e14d8\">Barron&#8217;s<\/a><a href=\"https:\/\/ukdaily.news\/current-media-coverage-favors-denial-according-to-a-swiss-study-2-455939.html\">, UK Daily News<\/a><a href=\"https:\/\/www.eastcoastdaily.in\/2023\/04\/24\/study-reveals-that-the-medias-coverage-of-climate-research-is-carried-out-in-a-way-that-doesnt-provoke-action.html\">, East Coast Daily<\/a><br><a href=\"https:\/\/www.globaldomainsnews.com\/study-of-the-university-of-lausanne-media-coverage-of-the-climate-crisis-would-promote-denial-and-avoidance\">Globaldomainsnews<\/a><a href=\"https:\/\/www.arabnews.fr\/node\/373151\/international\"> ,Arabnews<\/a><a href=\"https:\/\/www.ouest-france.fr\/environnement\/rechauffement-climatique\/crise-climatique-la-couverture-mediatique-actuelle-favoriserait-deni-et-evitement-selon-une-etude-0650644e-e1e9-11ed-87f3-f6e218170d12\">, Ouest-France<\/a><\/p>\n\n\n\n<h2 class=\"wp-block-heading\">On lake-related topics<\/h2>\n\n\n\n<p>T\u00e9l\u00e9Journal 19:30 <a href=\"https:\/\/www.rts.ch\/play\/tv\/19h30\/video\/lanalyse-de-marie-elodie-perga-professeure-de-limnologie-a-lunil-sur-les-risques-du-rechauffement-rapide-du-leman?urn=urn:rts:video:14697687\">RTS <\/a><\/p>\n\n\n\n<p>EPFL podcasts <a href=\"https:\/\/www.epfl.ch\/about\/news-and-media\/fr\/podcast\/lesfacescacheesduclimat\/\">&#8220;les faces cach\u00e9es du climat&#8221;<\/a> March 2023<\/p>\n\n\n\n<p>franceinfo &#8220;<a href=\"https:\/\/www.francetvinfo.fr\/meteo\/climat\/laboratoire-flottant-du-lac-leman-un-hotel-a-capteurs-tres-precieux-pour-comprendre-l-impact-du-rechauffement-climatique_5245342.html\">Laboratoire flottant du lac L\u00e9man : &#8220;Un h\u00f4tel \u00e0 capteurs&#8221; tr\u00e8s pr\u00e9cieux pour comprendre l&#8217;impact du r\u00e9chauffement climatique<\/a>&#8220;. July 2022<\/p>\n\n\n\n<p>LaT\u00e9l\u00e9.VD Radar Vaudois &#8220;<a href=\"https:\/\/latele.ch\/emissions\/radar-vaudois\/radar-vaudois-s-2022-e-139?s=3\">Des moules, des algues et des poissons morts<\/a>&#8220;. July 2022.<\/p>\n\n\n\n<p>RTS CQFD <a href=\"https:\/\/www.rts.ch\/info\/sciences-tech\/environnement\/12845372-des-emissions-massives-de-methane-industriel-reperees-depuis-lespace.html\">&#8220;Des emissions massives de m\u00e9thane industriel repr\u00e9r\u00e9es depuis l&#8217;espace&#8221;<\/a> February 2022<\/p>\n\n\n\n<p>RTS &#8220;On va vers le beau&#8221; April 2021 <a href=\"https:\/\/www.rts.ch\/play\/radio\/on-va-vers-le-beau\/audio\/rhone-leman-et-ecologie-45-un-labo-flottant-pour-comprendre-les-processus-climatiques?id=12107916\">Un laboratoire flottant<\/a>&nbsp;<\/p>\n\n\n\n<p>Uniscope April 2019<a href=\"https:\/\/www.unil.ch\/unicom\/files\/live\/sites\/unicom\/files\/shared\/uniscope\/2018-2019\/643.pdf\"> Le L\u00e9man \u00e0 coeur ouvert<\/a><\/p>\n\n\n\n<p>CQFD RTS la 1\u00e8re 10.04.2019 <a href=\"https:\/\/www.rts.ch\/play\/radio\/cqfd\/audio\/le-leman-manque-doxygene-en-grande-profondeur?id=10321267\">Le L\u00e9man manque d&#8217;oxyg\u00e8ne en grande profondeur<\/a><\/p>\n\n\n\n<p>RTS T\u00e9l\u00e9-Journal 19.02.2019&nbsp;<a href=\"https:\/\/www.rts.ch\/info\/sciences-tech\/10231916-un-laboratoire-sur-le-leman-pour-saisir-les-changements-climatiques.html\">Un laboratoire sur le L\u00e9man pour saisir les changements climatiques<\/a><\/p>\n\n\n\n<p>CQFD RTS 20.09.2018 <a href=\"https:\/\/www.rts.ch\/play\/radio\/cqfd\/audio\/quand-les-lacs-alpins-deviennent-cremeux?id=9857507\">Quand les lacs alpins deviennent cr\u00e9meux<\/a><\/p>\n\n\n\n<p>24 heures, 18.09.2018 <a href=\"https:\/\/www.24heures.ch\/suisse\/secheresses-orages-perturbent-lacs-alpins\/story\/12024841\">S\u00e9cheresse et orages perturbent les lacs alpins<\/a><\/p>\n\n\n\n<p>CQFD RTS la 1\u00e8re &nbsp;21.04.2017 <a href=\"https:\/\/www.rts.ch\/play\/radio\/cqfd\/audio\/rencontre-avec-marie-perga?id=8525840\">Le fonctionnement des lacs alpins<\/a>, ME Perga<\/p>\n\n\n\n<p>CQFD RTS la 1\u00e8re 06.01.2015 <a href=\"https:\/\/pages.rts.ch\/la-1ere\/programmes\/cqfd\/06-01-2015\">la sant\u00e9 des lacs sous la loupe<\/a>,&nbsp;ME Perga<\/p>\n\n\n\n<h2 class=\"wp-block-heading\">Recorded seminars<\/h2>\n\n\n\n<p>MOUNTAINCRAFT : S<a href=\"https:\/\/www.youtube.com\/watch?v=vKFwpRizIKc&amp;list=PLDN5f6a14eLlOBz8ydEj-9Ix44Uomenw-&amp;index=2\" data-type=\"URL\" data-id=\"https:\/\/www.youtube.com\/watch?v=vKFwpRizIKc&amp;list=PLDN5f6a14eLlOBz8ydEj-9Ix44Uomenw-&amp;index=2\" target=\"_blank\" rel=\"noreferrer noopener\">erious gaming to foster adaptations to climate change<\/a>, GAMES ON CAMPUS by GameStar UNIL-EPFL, April 2021.<\/p>\n\n\n\n<p>CLIMACT UNIL-EPFL Ideas&amp;Actions seminar Series. <a href=\"https:\/\/www.youtube.com\/watch?v=crYjkLHJPlE\" data-type=\"URL\" data-id=\"https:\/\/www.youtube.com\/watch?v=crYjkLHJPlE\">That climate science that makes the front page: is it fit to engage public actions.<\/a> April 2021<\/p>\n\n\n\n<p><\/p>\n","protected":false},"excerpt":{"rendered":"<p>Latest Titicaca, le lac meurt de soif. Objectif Monde Hebdo. TV5 Monde. 21 f\u00e9vrier 2025. L\u2019UNIL perce un myst\u00e8re: L\u2019eau calcaire et les algues du L\u00e9man \u00e9mettent beaucoup de CO\u2082. 24 heures, 30 octobre 2024. Pourquoi le L\u00e9man \u00e9met de grosses quantit\u00e9s de CO2 Le Temps, Swissinfo, La c\u00f4te, RTS le journal horaire 30 octobre &hellip; <\/p>\n<p class=\"link-more\"><a href=\"https:\/\/wp.unil.ch\/lakes\/media\/\" class=\"more-link\">Continue reading<span class=\"screen-reader-text\"> &#8220;Media&#8221;<\/span><\/a><\/p>\n","protected":false},"author":1001709,"featured_media":0,"parent":0,"menu_order":0,"comment_status":"closed","ping_status":"closed","template":"","meta":{"_seopress_robots_primary_cat":"","_seopress_titles_title":"","_seopress_titles_desc":"","_seopress_robots_index":"","footnotes":""},"class_list":["post-120","page","type-page","status-publish"],"_links":{"self":[{"href":"https:\/\/wp.unil.ch\/lakes\/wp-json\/wp\/v2\/pages\/120","targetHints":{"allow":["GET"]}}],"collection":[{"href":"https:\/\/wp.unil.ch\/lakes\/wp-json\/wp\/v2\/pages"}],"about":[{"href":"https:\/\/wp.unil.ch\/lakes\/wp-json\/wp\/v2\/types\/page"}],"author":[{"embeddable":true,"href":"https:\/\/wp.unil.ch\/lakes\/wp-json\/wp\/v2\/users\/1001709"}],"replies":[{"embeddable":true,"href":"https:\/\/wp.unil.ch\/lakes\/wp-json\/wp\/v2\/comments?post=120"}],"version-history":[{"count":4,"href":"https:\/\/wp.unil.ch\/lakes\/wp-json\/wp\/v2\/pages\/120\/revisions"}],"predecessor-version":[{"id":1218,"href":"https:\/\/wp.unil.ch\/lakes\/wp-json\/wp\/v2\/pages\/120\/revisions\/1218"}],"wp:attachment":[{"href":"https:\/\/wp.unil.ch\/lakes\/wp-json\/wp\/v2\/media?parent=120"}],"curies":[{"name":"wp","href":"https:\/\/api.w.org\/{rel}","templated":true}]}}