{"id":354,"date":"2017-06-15T12:19:16","date_gmt":"2017-06-15T10:19:16","guid":{"rendered":"http:\/\/wp.unil.ch\/labelettres\/?page_id=354"},"modified":"2025-03-20T10:22:27","modified_gmt":"2025-03-20T09:22:27","slug":"sciences-historiques","status":"publish","type":"page","link":"https:\/\/wp.unil.ch\/labelettres\/sciences-historiques\/","title":{"rendered":"Sciences historiques"},"content":{"rendered":"<div id=\"bdpp-post-masonry-1\" class=\"bdpp-wrap bdpp-lite bdpp-post-masonry-wrap bdpp-post-grid-wrap bdpp-post-data-wrap bdpp-design-1 bdpp-effect-1 bdpp-grid-4  bdpp-clearfix\">\r\n\t<div class=\"bdpp-post-masonry-inr-wrap bdpp-post-data-inr-wrap bdpp-clearfix\"><div class=\"bdpp-post-grid bdpp-col-4 bdpp-columns bdpp-post-16181 bdpp-post-standard bdpp-has-thumb\">\r\n\t<div class=\"bdpp-post-grid-content\">\r\n\t\t\t\t<div class=\"bdpp-post-img-bg\">\r\n\t\t\t<a href=\"https:\/\/wp.unil.ch\/labelettres\/reconstructing-greek-sacred-landscapes-dynamics-and-approaches-from-the-field\/\">\r\n\t\t\t\t<img decoding=\"async\" src=\"https:\/\/wp.unil.ch\/labelettres\/files\/2026\/04\/2026-iasa-esag-reconstructing-greek-sacred-landscapes-couv.jpg\" class=\"bdpp-img bdpp-post-feat-img\" alt=\"Reconstructing Greek Sacred Landscapes. Dynamics and Approaches from the Field\" \/>\r\n\t\t\t\t\t\t\t<\/a>\r\n\t\t<\/div>\r\n\t\t\r\n\t\t<h2 class=\"bdpp-post-title\">\r\n\t\t\t<a href=\"https:\/\/wp.unil.ch\/labelettres\/reconstructing-greek-sacred-landscapes-dynamics-and-approaches-from-the-field\/\">Reconstructing Greek Sacred Landscapes. Dynamics and Approaches from the Field<\/a>\r\n\t\t<\/h2>\r\n\r\n\t\t\t<\/div>\r\n<\/div><div class=\"bdpp-post-grid bdpp-col-4 bdpp-columns bdpp-post-16163 bdpp-post-standard bdpp-has-thumb\">\r\n\t<div class=\"bdpp-post-grid-content\">\r\n\t\t\t\t<div class=\"bdpp-post-img-bg\">\r\n\t\t\t<a href=\"https:\/\/wp.unil.ch\/labelettres\/interconnected-worlds-johann-jakob-scheuchzer-and-the-scientific-discovery-of-the-alps-1500-1730\/\">\r\n\t\t\t\t<img decoding=\"async\" src=\"https:\/\/wp.unil.ch\/labelettres\/files\/2026\/04\/2026-hist-interconnected-worlds-cover.png\" class=\"bdpp-img bdpp-post-feat-img\" alt=\"Interconnected Worlds. Johann Jakob Scheuchzer and the Scientific Discovery of the Alps (1500-1730)\" \/>\r\n\t\t\t\t\t\t\t<\/a>\r\n\t\t<\/div>\r\n\t\t\r\n\t\t<h2 class=\"bdpp-post-title\">\r\n\t\t\t<a href=\"https:\/\/wp.unil.ch\/labelettres\/interconnected-worlds-johann-jakob-scheuchzer-and-the-scientific-discovery-of-the-alps-1500-1730\/\">Interconnected Worlds. Johann Jakob Scheuchzer and the Scientific Discovery of the Alps (1500-1730)<\/a>\r\n\t\t<\/h2>\r\n\r\n\t\t\t<\/div>\r\n<\/div><div class=\"bdpp-post-grid bdpp-col-4 bdpp-columns bdpp-post-16150 bdpp-post-standard bdpp-has-thumb\">\r\n\t<div class=\"bdpp-post-grid-content\">\r\n\t\t\t\t<div class=\"bdpp-post-img-bg\">\r\n\t\t\t<a href=\"https:\/\/wp.unil.ch\/labelettres\/combattre-linvention-du-sabbat-le-de-synagoga-demonum-dhumbert-de-costa-vers-1470-le-premier-traite-contre-la-chasse-aux-sorcieres\/\">\r\n\t\t\t\t<img decoding=\"async\" src=\"https:\/\/wp.unil.ch\/labelettres\/files\/2026\/04\/2026-hist-sabbat.png\" class=\"bdpp-img bdpp-post-feat-img\" alt=\"Combattre l\u2019invention du sabbat. Le \u00abDe synagoga demonum\u00bb d\u2019Humbert de Costa (vers 1470), le premier trait\u00e9 contre la chasse aux sorci\u00e8res?\" \/>\r\n\t\t\t\t\t\t\t<\/a>\r\n\t\t<\/div>\r\n\t\t\r\n\t\t<h2 class=\"bdpp-post-title\">\r\n\t\t\t<a href=\"https:\/\/wp.unil.ch\/labelettres\/combattre-linvention-du-sabbat-le-de-synagoga-demonum-dhumbert-de-costa-vers-1470-le-premier-traite-contre-la-chasse-aux-sorcieres\/\">Combattre l\u2019invention du sabbat. Le \u00abDe synagoga demonum\u00bb d\u2019Humbert de Costa (vers 1470), le premier trait\u00e9 contre la chasse aux sorci\u00e8res?<\/a>\r\n\t\t<\/h2>\r\n\r\n\t\t\t<\/div>\r\n<\/div><div class=\"bdpp-post-grid bdpp-col-4 bdpp-columns bdpp-post-16090 bdpp-post-standard bdpp-has-thumb\">\r\n\t<div class=\"bdpp-post-grid-content\">\r\n\t\t\t\t<div class=\"bdpp-post-img-bg\">\r\n\t\t\t<a href=\"https:\/\/wp.unil.ch\/labelettres\/les-guerres-de-bourgogne-memoires-et-commemorations-en-suisse-1476-2026\/\">\r\n\t\t\t\t<img decoding=\"async\" src=\"https:\/\/wp.unil.ch\/labelettres\/files\/2026\/03\/2026-fra-guerres-de-bourgogne-couv.png\" class=\"bdpp-img bdpp-post-feat-img\" alt=\"Les guerres de Bourgogne. M\u00e9moires et comm\u00e9morations en Suisse (1476-2026)\" \/>\r\n\t\t\t\t\t\t\t<\/a>\r\n\t\t<\/div>\r\n\t\t\r\n\t\t<h2 class=\"bdpp-post-title\">\r\n\t\t\t<a href=\"https:\/\/wp.unil.ch\/labelettres\/les-guerres-de-bourgogne-memoires-et-commemorations-en-suisse-1476-2026\/\">Les guerres de Bourgogne. M\u00e9moires et comm\u00e9morations en Suisse (1476-2026)<\/a>\r\n\t\t<\/h2>\r\n\r\n\t\t\t<\/div>\r\n<\/div><div class=\"bdpp-post-grid bdpp-col-4 bdpp-columns bdpp-post-16108 bdpp-post-standard bdpp-has-thumb\">\r\n\t<div class=\"bdpp-post-grid-content\">\r\n\t\t\t\t<div class=\"bdpp-post-img-bg\">\r\n\t\t\t<a href=\"https:\/\/wp.unil.ch\/labelettres\/objets-iconophores-du-politique-au-tournant-des-lumieres\/\">\r\n\t\t\t\t<img decoding=\"async\" src=\"https:\/\/wp.unil.ch\/labelettres\/files\/2026\/03\/2025-ibc-objets-iconophores-couv.png\" class=\"bdpp-img bdpp-post-feat-img\" alt=\"Objets iconophores du politique au tournant des Lumi\u00e8res\" \/>\r\n\t\t\t\t\t\t\t<\/a>\r\n\t\t<\/div>\r\n\t\t\r\n\t\t<h2 class=\"bdpp-post-title\">\r\n\t\t\t<a href=\"https:\/\/wp.unil.ch\/labelettres\/objets-iconophores-du-politique-au-tournant-des-lumieres\/\">Objets iconophores du politique au tournant des Lumi\u00e8res<\/a>\r\n\t\t<\/h2>\r\n\r\n\t\t\t<\/div>\r\n<\/div><div class=\"bdpp-post-grid bdpp-col-4 bdpp-columns bdpp-post-16103 bdpp-post-standard bdpp-has-thumb\">\r\n\t<div class=\"bdpp-post-grid-content\">\r\n\t\t\t\t<div class=\"bdpp-post-img-bg\">\r\n\t\t\t<a href=\"https:\/\/wp.unil.ch\/labelettres\/isabelle-de-charriere-dutrecht-a-colombier-une-femme-de-lettres-engagee-au-siecle-des-lumieres\/\">\r\n\t\t\t\t<img decoding=\"async\" src=\"https:\/\/wp.unil.ch\/labelettres\/files\/2026\/03\/2025-ibc-isabelle-de-charriere-nrn-couv.png\" class=\"bdpp-img bdpp-post-feat-img\" alt=\"Isabelle de Charri\u00e8re, d\u2019Utrecht \u00e0 Colombier. Une femme de lettres engag\u00e9e au si\u00e8cle des Lumi\u00e8res\" \/>\r\n\t\t\t\t\t\t\t<\/a>\r\n\t\t<\/div>\r\n\t\t\r\n\t\t<h2 class=\"bdpp-post-title\">\r\n\t\t\t<a href=\"https:\/\/wp.unil.ch\/labelettres\/isabelle-de-charriere-dutrecht-a-colombier-une-femme-de-lettres-engagee-au-siecle-des-lumieres\/\">Isabelle de Charri\u00e8re, d\u2019Utrecht \u00e0 Colombier. Une femme de lettres engag\u00e9e au si\u00e8cle des Lumi\u00e8res<\/a>\r\n\t\t<\/h2>\r\n\r\n\t\t\t<\/div>\r\n<\/div><div class=\"bdpp-post-grid bdpp-col-4 bdpp-columns bdpp-post-16059 bdpp-post-standard bdpp-has-thumb\">\r\n\t<div class=\"bdpp-post-grid-content\">\r\n\t\t\t\t<div class=\"bdpp-post-img-bg\">\r\n\t\t\t<a href=\"https:\/\/wp.unil.ch\/labelettres\/archivio-storico-ticinese-dossier-sur-les-sonorites-dans-les-alpes\/\">\r\n\t\t\t\t<img decoding=\"async\" src=\"https:\/\/wp.unil.ch\/labelettres\/files\/2026\/02\/2025-hist-archivio-storico-ticinese-couv.jpg\" class=\"bdpp-img bdpp-post-feat-img\" alt=\"Archivio Storico Ticinese, dossier sur les sonorit\u00e9s dans les Alpes\" \/>\r\n\t\t\t\t\t\t\t<\/a>\r\n\t\t<\/div>\r\n\t\t\r\n\t\t<h2 class=\"bdpp-post-title\">\r\n\t\t\t<a href=\"https:\/\/wp.unil.ch\/labelettres\/archivio-storico-ticinese-dossier-sur-les-sonorites-dans-les-alpes\/\">Archivio Storico Ticinese, dossier sur les sonorit\u00e9s dans les Alpes<\/a>\r\n\t\t<\/h2>\r\n\r\n\t\t\t<\/div>\r\n<\/div><div class=\"bdpp-post-grid bdpp-col-4 bdpp-columns bdpp-post-15958 bdpp-post-standard bdpp-has-thumb\">\r\n\t<div class=\"bdpp-post-grid-content\">\r\n\t\t\t\t<div class=\"bdpp-post-img-bg\">\r\n\t\t\t<a href=\"https:\/\/wp.unil.ch\/labelettres\/la-ville-ideale-entre-utopie-et-realite\/\">\r\n\t\t\t\t<img decoding=\"async\" src=\"https:\/\/wp.unil.ch\/labelettres\/files\/2026\/02\/2025-fdi-la-ville-ideale-couv.jpg\" class=\"bdpp-img bdpp-post-feat-img\" alt=\"La ville id\u00e9ale. Entre utopie et r\u00e9alit\u00e9\" \/>\r\n\t\t\t\t\t\t\t<\/a>\r\n\t\t<\/div>\r\n\t\t\r\n\t\t<h2 class=\"bdpp-post-title\">\r\n\t\t\t<a href=\"https:\/\/wp.unil.ch\/labelettres\/la-ville-ideale-entre-utopie-et-realite\/\">La ville id\u00e9ale. Entre utopie et r\u00e9alit\u00e9<\/a>\r\n\t\t<\/h2>\r\n\r\n\t\t\t<\/div>\r\n<\/div><div class=\"bdpp-post-grid bdpp-col-4 bdpp-columns bdpp-post-15759 bdpp-post-standard bdpp-has-thumb\">\r\n\t<div class=\"bdpp-post-grid-content\">\r\n\t\t\t\t<div class=\"bdpp-post-img-bg\">\r\n\t\t\t<a href=\"https:\/\/wp.unil.ch\/labelettres\/cultures-paysannes\/\">\r\n\t\t\t\t<img decoding=\"async\" src=\"https:\/\/wp.unil.ch\/labelettres\/files\/2025\/12\/2025-hart-hist-cultures-paysanes.jpg\" class=\"bdpp-img bdpp-post-feat-img\" alt=\"Cultures paysannes\" \/>\r\n\t\t\t\t\t\t\t<\/a>\r\n\t\t<\/div>\r\n\t\t\r\n\t\t<h2 class=\"bdpp-post-title\">\r\n\t\t\t<a href=\"https:\/\/wp.unil.ch\/labelettres\/cultures-paysannes\/\">Cultures paysannes<\/a>\r\n\t\t<\/h2>\r\n\r\n\t\t\t<\/div>\r\n<\/div><div class=\"bdpp-post-grid bdpp-col-4 bdpp-columns bdpp-post-15906 bdpp-post-standard bdpp-has-thumb\">\r\n\t<div class=\"bdpp-post-grid-content\">\r\n\t\t\t\t<div class=\"bdpp-post-img-bg\">\r\n\t\t\t<a href=\"https:\/\/wp.unil.ch\/labelettres\/faire-et-defaire-envoutements-et-malefices-savoirs-pratiques-et-representations\/\">\r\n\t\t\t\t<img decoding=\"async\" src=\"https:\/\/wp.unil.ch\/labelettres\/files\/2026\/01\/2026-hist-faire-et-defaire-envoutements-et-malefices-couv.png\" class=\"bdpp-img bdpp-post-feat-img\" alt=\"Faire et d\u00e9faire envo\u00fbtements et mal\u00e9fices. Savoirs, pratiques et repr\u00e9sentations\" \/>\r\n\t\t\t\t\t\t\t<\/a>\r\n\t\t<\/div>\r\n\t\t\r\n\t\t<h2 class=\"bdpp-post-title\">\r\n\t\t\t<a href=\"https:\/\/wp.unil.ch\/labelettres\/faire-et-defaire-envoutements-et-malefices-savoirs-pratiques-et-representations\/\">Faire et d\u00e9faire envo\u00fbtements et mal\u00e9fices. Savoirs, pratiques et repr\u00e9sentations<\/a>\r\n\t\t<\/h2>\r\n\r\n\t\t\t<\/div>\r\n<\/div><div class=\"bdpp-post-grid bdpp-col-4 bdpp-columns bdpp-post-15896 bdpp-post-standard bdpp-has-thumb\">\r\n\t<div class=\"bdpp-post-grid-content\">\r\n\t\t\t\t<div class=\"bdpp-post-img-bg\">\r\n\t\t\t<a href=\"https:\/\/wp.unil.ch\/labelettres\/un-siecle-de-radio-television-le-service-public-audiovisuel-en-suisse-romande\/\">\r\n\t\t\t\t<img decoding=\"async\" src=\"https:\/\/wp.unil.ch\/labelettres\/files\/2026\/01\/2026-hist-rts-couv.jpg\" class=\"bdpp-img bdpp-post-feat-img\" alt=\"Un si\u00e8cle de radio-t\u00e9l\u00e9vision. Le service public audiovisuel en Suisse romande\" \/>\r\n\t\t\t\t\t\t\t<\/a>\r\n\t\t<\/div>\r\n\t\t\r\n\t\t<h2 class=\"bdpp-post-title\">\r\n\t\t\t<a href=\"https:\/\/wp.unil.ch\/labelettres\/un-siecle-de-radio-television-le-service-public-audiovisuel-en-suisse-romande\/\">Un si\u00e8cle de radio-t\u00e9l\u00e9vision. Le service public audiovisuel en Suisse romande<\/a>\r\n\t\t<\/h2>\r\n\r\n\t\t\t<\/div>\r\n<\/div><div class=\"bdpp-post-grid bdpp-col-4 bdpp-columns bdpp-post-15862 bdpp-post-standard bdpp-has-thumb\">\r\n\t<div class=\"bdpp-post-grid-content\">\r\n\t\t\t\t<div class=\"bdpp-post-img-bg\">\r\n\t\t\t<a href=\"https:\/\/wp.unil.ch\/labelettres\/la-repression-de-la-sorcellerie-en-pays-de-vaud-1438-1536-tomes-1-2\/\">\r\n\t\t\t\t<img decoding=\"async\" src=\"https:\/\/wp.unil.ch\/labelettres\/files\/2025\/12\/2025-hist-sorcellerie-vd-couv.jpg\" class=\"bdpp-img bdpp-post-feat-img\" alt=\"La r\u00e9pression de la sorcellerie en Pays de Vaud (1438-1536). Tomes 1 &amp; 2\" \/>\r\n\t\t\t\t\t\t\t<\/a>\r\n\t\t<\/div>\r\n\t\t\r\n\t\t<h2 class=\"bdpp-post-title\">\r\n\t\t\t<a href=\"https:\/\/wp.unil.ch\/labelettres\/la-repression-de-la-sorcellerie-en-pays-de-vaud-1438-1536-tomes-1-2\/\">La r\u00e9pression de la sorcellerie en Pays de Vaud (1438-1536). Tomes 1 &amp; 2<\/a>\r\n\t\t<\/h2>\r\n\r\n\t\t\t<\/div>\r\n<\/div><div class=\"bdpp-post-grid bdpp-col-4 bdpp-columns bdpp-post-15875 bdpp-post-standard bdpp-has-thumb\">\r\n\t<div class=\"bdpp-post-grid-content\">\r\n\t\t\t\t<div class=\"bdpp-post-img-bg\">\r\n\t\t\t<a href=\"https:\/\/wp.unil.ch\/labelettres\/larbre-a-lettres-lecons-inaugurales-2024-2025\/\">\r\n\t\t\t\t<img decoding=\"async\" src=\"https:\/\/wp.unil.ch\/labelettres\/files\/2025\/12\/2025-edl-lecons-inaugurales-2024-2025.jpg\" class=\"bdpp-img bdpp-post-feat-img\" alt=\"L&rsquo;arbre \u00e0 lettres. Le\u00e7ons inaugurales 2024-2025\" \/>\r\n\t\t\t\t\t\t\t<\/a>\r\n\t\t<\/div>\r\n\t\t\r\n\t\t<h2 class=\"bdpp-post-title\">\r\n\t\t\t<a href=\"https:\/\/wp.unil.ch\/labelettres\/larbre-a-lettres-lecons-inaugurales-2024-2025\/\">L&rsquo;arbre \u00e0 lettres. Le\u00e7ons inaugurales 2024-2025<\/a>\r\n\t\t<\/h2>\r\n\r\n\t\t\t<\/div>\r\n<\/div><div class=\"bdpp-post-grid bdpp-col-4 bdpp-columns bdpp-post-15817 bdpp-post-standard bdpp-has-thumb\">\r\n\t<div class=\"bdpp-post-grid-content\">\r\n\t\t\t\t<div class=\"bdpp-post-img-bg\">\r\n\t\t\t<a href=\"https:\/\/wp.unil.ch\/labelettres\/education-et-relations-nord-sud\/\">\r\n\t\t\t\t<img decoding=\"async\" src=\"https:\/\/wp.unil.ch\/labelettres\/files\/2025\/12\/2024-hist-education-et-relations-nord-sud.jpg\" class=\"bdpp-img bdpp-post-feat-img\" alt=\"\u00c9ducation et relations Nord-Sud\" \/>\r\n\t\t\t\t\t\t\t<\/a>\r\n\t\t<\/div>\r\n\t\t\r\n\t\t<h2 class=\"bdpp-post-title\">\r\n\t\t\t<a href=\"https:\/\/wp.unil.ch\/labelettres\/education-et-relations-nord-sud\/\">\u00c9ducation et relations Nord-Sud<\/a>\r\n\t\t<\/h2>\r\n\r\n\t\t\t<\/div>\r\n<\/div><div class=\"bdpp-post-grid bdpp-col-4 bdpp-columns bdpp-post-15800 bdpp-post-standard bdpp-has-thumb\">\r\n\t<div class=\"bdpp-post-grid-content\">\r\n\t\t\t\t<div class=\"bdpp-post-img-bg\">\r\n\t\t\t<a href=\"https:\/\/wp.unil.ch\/labelettres\/building-europe-through-education-building-education-through-europe-actors-spaces-and-pedagogies-in-a-historical-perspective\/\">\r\n\t\t\t\t<img decoding=\"async\" src=\"https:\/\/wp.unil.ch\/labelettres\/files\/2025\/12\/2025-hist-buiding-throug-education-couv-1.jpg\" class=\"bdpp-img bdpp-post-feat-img\" alt=\"Building Europe Through Education, Building Education Through Europe. Actors, Spaces and Pedagogies in a Historical Perspective\" \/>\r\n\t\t\t\t\t\t\t<\/a>\r\n\t\t<\/div>\r\n\t\t\r\n\t\t<h2 class=\"bdpp-post-title\">\r\n\t\t\t<a href=\"https:\/\/wp.unil.ch\/labelettres\/building-europe-through-education-building-education-through-europe-actors-spaces-and-pedagogies-in-a-historical-perspective\/\">Building Europe Through Education, Building Education Through Europe. Actors, Spaces and Pedagogies in a Historical Perspective<\/a>\r\n\t\t<\/h2>\r\n\r\n\t\t\t<\/div>\r\n<\/div><div class=\"bdpp-post-grid bdpp-col-4 bdpp-columns bdpp-post-15805 bdpp-post-standard bdpp-has-thumb\">\r\n\t<div class=\"bdpp-post-grid-content\">\r\n\t\t\t\t<div class=\"bdpp-post-img-bg\">\r\n\t\t\t<a href=\"https:\/\/wp.unil.ch\/labelettres\/educational-internationalism-in-the-cold-war-plural-visions-global-experiences\/\">\r\n\t\t\t\t<img decoding=\"async\" src=\"https:\/\/wp.unil.ch\/labelettres\/files\/2025\/12\/2025-hist-educational-internationalism-couv.png\" class=\"bdpp-img bdpp-post-feat-img\" alt=\"Educational Internationalism in the Cold War. Plural Visions, Global Experiences\" \/>\r\n\t\t\t\t\t\t\t<\/a>\r\n\t\t<\/div>\r\n\t\t\r\n\t\t<h2 class=\"bdpp-post-title\">\r\n\t\t\t<a href=\"https:\/\/wp.unil.ch\/labelettres\/educational-internationalism-in-the-cold-war-plural-visions-global-experiences\/\">Educational Internationalism in the Cold War. Plural Visions, Global Experiences<\/a>\r\n\t\t<\/h2>\r\n\r\n\t\t\t<\/div>\r\n<\/div><div class=\"bdpp-post-grid bdpp-col-4 bdpp-columns bdpp-post-15796 bdpp-post-standard bdpp-has-thumb\">\r\n\t<div class=\"bdpp-post-grid-content\">\r\n\t\t\t\t<div class=\"bdpp-post-img-bg\">\r\n\t\t\t<a href=\"https:\/\/wp.unil.ch\/labelettres\/intellectual-cooperation-at-the-league-of-nations-shaping-cultural-and-political-relations\/\">\r\n\t\t\t\t<img decoding=\"async\" src=\"https:\/\/wp.unil.ch\/labelettres\/files\/2025\/12\/2025-hist-cooperation-intellectuelle-sdn-couv.png\" class=\"bdpp-img bdpp-post-feat-img\" alt=\"Intellectual Cooperation at the League of Nations: Shaping Cultural and Political Relations\" \/>\r\n\t\t\t\t\t\t\t<\/a>\r\n\t\t<\/div>\r\n\t\t\r\n\t\t<h2 class=\"bdpp-post-title\">\r\n\t\t\t<a href=\"https:\/\/wp.unil.ch\/labelettres\/intellectual-cooperation-at-the-league-of-nations-shaping-cultural-and-political-relations\/\">Intellectual Cooperation at the League of Nations: Shaping Cultural and Political Relations<\/a>\r\n\t\t<\/h2>\r\n\r\n\t\t\t<\/div>\r\n<\/div><div class=\"bdpp-post-grid bdpp-col-4 bdpp-columns bdpp-post-15663 bdpp-post-standard bdpp-has-thumb\">\r\n\t<div class=\"bdpp-post-grid-content\">\r\n\t\t\t\t<div class=\"bdpp-post-img-bg\">\r\n\t\t\t<a href=\"https:\/\/wp.unil.ch\/labelettres\/si-je-ne-suis-pas-heureuse-qui-est-ce-qui-le-sera-extraits-du-journal-dalbertine-de-saussure\/\">\r\n\t\t\t\t<img decoding=\"async\" src=\"https:\/\/wp.unil.ch\/labelettres\/files\/2025\/11\/2025-hist-albertine-de-saussure-couv-1.png\" class=\"bdpp-img bdpp-post-feat-img\" alt=\"\u00abSi je ne suis pas heureuse, qui est-ce qui le sera?\u00bb. Extraits du journal d\u2019Albertine de Saussure\" \/>\r\n\t\t\t\t\t\t\t<\/a>\r\n\t\t<\/div>\r\n\t\t\r\n\t\t<h2 class=\"bdpp-post-title\">\r\n\t\t\t<a href=\"https:\/\/wp.unil.ch\/labelettres\/si-je-ne-suis-pas-heureuse-qui-est-ce-qui-le-sera-extraits-du-journal-dalbertine-de-saussure\/\">\u00abSi je ne suis pas heureuse, qui est-ce qui le sera?\u00bb. Extraits du journal d\u2019Albertine de Saussure<\/a>\r\n\t\t<\/h2>\r\n\r\n\t\t\t<\/div>\r\n<\/div><div class=\"bdpp-post-grid bdpp-col-4 bdpp-columns bdpp-post-15737 bdpp-post-standard bdpp-has-thumb\">\r\n\t<div class=\"bdpp-post-grid-content\">\r\n\t\t\t\t<div class=\"bdpp-post-img-bg\">\r\n\t\t\t<a href=\"https:\/\/wp.unil.ch\/labelettres\/encres-traces-papiers-lart-decrire-a-lasile-de-marsens-1875-1900\/\">\r\n\t\t\t\t<img decoding=\"async\" src=\"https:\/\/wp.unil.ch\/labelettres\/files\/2025\/11\/2025-cin-marsens-couv-1244x2000.png\" class=\"bdpp-img bdpp-post-feat-img\" alt=\"Encres, traces, papiers. L\u2019art d\u2019\u00e9crire \u00e0 l\u2019Asile de Marsens, 1875-1900\" \/>\r\n\t\t\t\t\t\t\t<\/a>\r\n\t\t<\/div>\r\n\t\t\r\n\t\t<h2 class=\"bdpp-post-title\">\r\n\t\t\t<a href=\"https:\/\/wp.unil.ch\/labelettres\/encres-traces-papiers-lart-decrire-a-lasile-de-marsens-1875-1900\/\">Encres, traces, papiers. L\u2019art d\u2019\u00e9crire \u00e0 l\u2019Asile de Marsens, 1875-1900<\/a>\r\n\t\t<\/h2>\r\n\r\n\t\t\t<\/div>\r\n<\/div><div class=\"bdpp-post-grid bdpp-col-4 bdpp-columns bdpp-post-15708 bdpp-post-standard bdpp-has-thumb\">\r\n\t<div class=\"bdpp-post-grid-content\">\r\n\t\t\t\t<div class=\"bdpp-post-img-bg\">\r\n\t\t\t<a href=\"https:\/\/wp.unil.ch\/labelettres\/les-suisses-de-bonaparte-dans-la-tourmente-des-guerres-imperiales\/\">\r\n\t\t\t\t<img decoding=\"async\" src=\"https:\/\/wp.unil.ch\/labelettres\/files\/2025\/11\/2025-hist-bonaparte-couv.jpg\" class=\"bdpp-img bdpp-post-feat-img\" alt=\"Les Suisses de Bonaparte, dans la tourmente des guerres imp\u00e9riales\" \/>\r\n\t\t\t\t\t\t\t<\/a>\r\n\t\t<\/div>\r\n\t\t\r\n\t\t<h2 class=\"bdpp-post-title\">\r\n\t\t\t<a href=\"https:\/\/wp.unil.ch\/labelettres\/les-suisses-de-bonaparte-dans-la-tourmente-des-guerres-imperiales\/\">Les Suisses de Bonaparte, dans la tourmente des guerres imp\u00e9riales<\/a>\r\n\t\t<\/h2>\r\n\r\n\t\t\t<\/div>\r\n<\/div>\t<\/div>\r\n\t\t<div class=\"bdpp-paging bdpp-clearfix\">\r\n\t\t\r\n\t\t\t<div class=\"bdpp-load-more bdpp-post-load-more bdpp-ajax-btn-style\" data-conf=\"{&quot;grid&quot;:4,&quot;design&quot;:&quot;design-1&quot;,&quot;show_date&quot;:false,&quot;show_category&quot;:false,&quot;show_content&quot;:false,&quot;show_author&quot;:false,&quot;show_read_more&quot;:true,&quot;show_tags&quot;:false,&quot;show_comments&quot;:false,&quot;read_more_text&quot;:&quot;Lire la suite&quot;,&quot;effect&quot;:&quot;effect-1&quot;,&quot;media_size&quot;:&quot;medium&quot;,&quot;limit&quot;:20,&quot;content_words_limit&quot;:20,&quot;category&quot;:[&quot;4&quot;],&quot;order&quot;:&quot;DESC&quot;,&quot;orderby&quot;:&quot;date&quot;,&quot;pagination&quot;:true,&quot;css_class&quot;:&quot;&quot;,&quot;custom_param_1&quot;:&quot;&quot;,&quot;custom_param_2&quot;:&quot;&quot;,&quot;shortcode&quot;:&quot;bdp_masonry&quot;,&quot;layout_id&quot;:null,&quot;multi_page&quot;:0,&quot;unique&quot;:1,&quot;paged&quot;:1,&quot;max_num_pages&quot;:22}\" data-paged=\"1\">Load More <i class=\"bdpp-fa fa-solid fa-chevron-down bdpp-load-more-icon\"><\/i> <span class=\"bdpp-loader\"><\/span><\/div>\r\n\r\n\t\t\t<\/div>\r\n<\/div>\n\n\n\n<p><\/p>\n","protected":false},"excerpt":{"rendered":"<p>LabeLettres: les publications des chercheuses et chercheurs de la Facult\u00e9 des lettres de l&rsquo;Universit\u00e9 de Lausanne.<\/p>\n","protected":false},"author":1001334,"featured_media":0,"parent":0,"menu_order":0,"comment_status":"closed","ping_status":"closed","template":"","meta":{"_seopress_robots_primary_cat":"","_seopress_titles_title":"","_seopress_titles_desc":"","_seopress_robots_index":"","footnotes":""},"class_list":["post-354","page","type-page","status-publish"],"_links":{"self":[{"href":"https:\/\/wp.unil.ch\/labelettres\/wp-json\/wp\/v2\/pages\/354","targetHints":{"allow":["GET"]}}],"collection":[{"href":"https:\/\/wp.unil.ch\/labelettres\/wp-json\/wp\/v2\/pages"}],"about":[{"href":"https:\/\/wp.unil.ch\/labelettres\/wp-json\/wp\/v2\/types\/page"}],"author":[{"embeddable":true,"href":"https:\/\/wp.unil.ch\/labelettres\/wp-json\/wp\/v2\/users\/1001334"}],"replies":[{"embeddable":true,"href":"https:\/\/wp.unil.ch\/labelettres\/wp-json\/wp\/v2\/comments?post=354"}],"version-history":[{"count":5,"href":"https:\/\/wp.unil.ch\/labelettres\/wp-json\/wp\/v2\/pages\/354\/revisions"}],"predecessor-version":[{"id":13719,"href":"https:\/\/wp.unil.ch\/labelettres\/wp-json\/wp\/v2\/pages\/354\/revisions\/13719"}],"wp:attachment":[{"href":"https:\/\/wp.unil.ch\/labelettres\/wp-json\/wp\/v2\/media?parent=354"}],"curies":[{"name":"wp","href":"https:\/\/api.w.org\/{rel}","templated":true}]}}