{"id":349,"date":"2017-06-15T12:17:40","date_gmt":"2017-06-15T10:17:40","guid":{"rendered":"http:\/\/wp.unil.ch\/labelettres\/?page_id=349"},"modified":"2025-03-20T10:23:04","modified_gmt":"2025-03-20T09:23:04","slug":"sciences-theoriques","status":"publish","type":"page","link":"https:\/\/wp.unil.ch\/labelettres\/sciences-theoriques\/","title":{"rendered":"Sciences th\u00e9oriques"},"content":{"rendered":"<div id=\"bdpp-post-masonry-1\" class=\"bdpp-wrap bdpp-lite bdpp-post-masonry-wrap bdpp-post-grid-wrap bdpp-post-data-wrap bdpp-design-1 bdpp-effect-1 bdpp-grid-4  bdpp-clearfix\">\r\n\t<div class=\"bdpp-post-masonry-inr-wrap bdpp-post-data-inr-wrap bdpp-clearfix\"><div class=\"bdpp-post-grid bdpp-col-4 bdpp-columns bdpp-post-15875 bdpp-post-standard bdpp-has-thumb\">\r\n\t<div class=\"bdpp-post-grid-content\">\r\n\t\t\t\t<div class=\"bdpp-post-img-bg\">\r\n\t\t\t<a href=\"https:\/\/wp.unil.ch\/labelettres\/larbre-a-lettres-lecons-inaugurales-2024-2025\/\">\r\n\t\t\t\t<img decoding=\"async\" src=\"https:\/\/wp.unil.ch\/labelettres\/files\/2025\/12\/2025-edl-lecons-inaugurales-2024-2025.jpg\" class=\"bdpp-img bdpp-post-feat-img\" alt=\"L&rsquo;arbre \u00e0 lettres. Le\u00e7ons inaugurales 2024-2025\" \/>\r\n\t\t\t\t\t\t\t<\/a>\r\n\t\t<\/div>\r\n\t\t\r\n\t\t<h2 class=\"bdpp-post-title\">\r\n\t\t\t<a href=\"https:\/\/wp.unil.ch\/labelettres\/larbre-a-lettres-lecons-inaugurales-2024-2025\/\">L&rsquo;arbre \u00e0 lettres. Le\u00e7ons inaugurales 2024-2025<\/a>\r\n\t\t<\/h2>\r\n\r\n\t\t\t<\/div>\r\n<\/div><div class=\"bdpp-post-grid bdpp-col-4 bdpp-columns bdpp-post-15601 bdpp-post-standard bdpp-has-thumb\">\r\n\t<div class=\"bdpp-post-grid-content\">\r\n\t\t\t\t<div class=\"bdpp-post-img-bg\">\r\n\t\t\t<a href=\"https:\/\/wp.unil.ch\/labelettres\/le-hors-champ-extensions-dun-lieu\/\">\r\n\t\t\t\t<img decoding=\"async\" src=\"https:\/\/wp.unil.ch\/labelettres\/files\/2025\/10\/2025-fra-hors-champ-couv.jpg\" class=\"bdpp-img bdpp-post-feat-img\" alt=\"Le Hors-champ: extensions d&rsquo;un lieu\" \/>\r\n\t\t\t\t\t\t\t<\/a>\r\n\t\t<\/div>\r\n\t\t\r\n\t\t<h2 class=\"bdpp-post-title\">\r\n\t\t\t<a href=\"https:\/\/wp.unil.ch\/labelettres\/le-hors-champ-extensions-dun-lieu\/\">Le Hors-champ: extensions d&rsquo;un lieu<\/a>\r\n\t\t<\/h2>\r\n\r\n\t\t\t<\/div>\r\n<\/div><div class=\"bdpp-post-grid bdpp-col-4 bdpp-columns bdpp-post-15440 bdpp-post-standard bdpp-has-thumb\">\r\n\t<div class=\"bdpp-post-grid-content\">\r\n\t\t\t\t<div class=\"bdpp-post-img-bg\">\r\n\t\t\t<a href=\"https:\/\/wp.unil.ch\/labelettres\/chatgpt-e-intelligenze-artificiali-una-biografia-intellettuale\/\">\r\n\t\t\t\t<img decoding=\"async\" src=\"https:\/\/wp.unil.ch\/labelettres\/files\/2025\/09\/2025-sli-chatgpt-couv.jpg\" class=\"bdpp-img bdpp-post-feat-img\" alt=\"ChatGPT e intelligenze artificiali: una biografia intellettuale\" \/>\r\n\t\t\t\t\t\t\t<\/a>\r\n\t\t<\/div>\r\n\t\t\r\n\t\t<h2 class=\"bdpp-post-title\">\r\n\t\t\t<a href=\"https:\/\/wp.unil.ch\/labelettres\/chatgpt-e-intelligenze-artificiali-una-biografia-intellettuale\/\">ChatGPT e intelligenze artificiali: una biografia intellettuale<\/a>\r\n\t\t<\/h2>\r\n\r\n\t\t\t<\/div>\r\n<\/div><div class=\"bdpp-post-grid bdpp-col-4 bdpp-columns bdpp-post-14110 bdpp-post-standard bdpp-has-thumb\">\r\n\t<div class=\"bdpp-post-grid-content\">\r\n\t\t\t\t<div class=\"bdpp-post-img-bg\">\r\n\t\t\t<a href=\"https:\/\/wp.unil.ch\/labelettres\/espace-langage-reseaux-science-melanges-offerts-en-hommage-a-francois-bavaud\/\">\r\n\t\t\t\t<img decoding=\"async\" src=\"https:\/\/wp.unil.ch\/labelettres\/files\/2025\/07\/2025-sli-clsl-hommage-fbavaud.jpg\" class=\"bdpp-img bdpp-post-feat-img\" alt=\"Espace, langage, r\u00e9seaux, science. M\u00e9langes offerts en hommage \u00e0 Fran\u00e7ois Bavaud\" \/>\r\n\t\t\t\t\t\t\t<\/a>\r\n\t\t<\/div>\r\n\t\t\r\n\t\t<h2 class=\"bdpp-post-title\">\r\n\t\t\t<a href=\"https:\/\/wp.unil.ch\/labelettres\/espace-langage-reseaux-science-melanges-offerts-en-hommage-a-francois-bavaud\/\">Espace, langage, r\u00e9seaux, science. M\u00e9langes offerts en hommage \u00e0 Fran\u00e7ois Bavaud<\/a>\r\n\t\t<\/h2>\r\n\r\n\t\t\t<\/div>\r\n<\/div><div class=\"bdpp-post-grid bdpp-col-4 bdpp-columns bdpp-post-13795 bdpp-post-standard bdpp-has-thumb\">\r\n\t<div class=\"bdpp-post-grid-content\">\r\n\t\t\t\t<div class=\"bdpp-post-img-bg\">\r\n\t\t\t<a href=\"https:\/\/wp.unil.ch\/labelettres\/bronislaw-baczko-1924-2024-abecedaire\/\">\r\n\t\t\t\t<img decoding=\"async\" src=\"https:\/\/wp.unil.ch\/labelettres\/files\/2025\/04\/2024-fra-bronislaw-baczko.jpg\" class=\"bdpp-img bdpp-post-feat-img\" alt=\"Bronislaw Baczko 1924-2024 Ab\u00e9c\u00e9daire\" \/>\r\n\t\t\t\t\t\t\t<\/a>\r\n\t\t<\/div>\r\n\t\t\r\n\t\t<h2 class=\"bdpp-post-title\">\r\n\t\t\t<a href=\"https:\/\/wp.unil.ch\/labelettres\/bronislaw-baczko-1924-2024-abecedaire\/\">Bronislaw Baczko 1924-2024 Ab\u00e9c\u00e9daire<\/a>\r\n\t\t<\/h2>\r\n\r\n\t\t\t<\/div>\r\n<\/div><div class=\"bdpp-post-grid bdpp-col-4 bdpp-columns bdpp-post-13430 bdpp-post-standard bdpp-has-thumb\">\r\n\t<div class=\"bdpp-post-grid-content\">\r\n\t\t\t\t<div class=\"bdpp-post-img-bg\">\r\n\t\t\t<a href=\"https:\/\/wp.unil.ch\/labelettres\/extreme-religious-behaviours-where-religious-practice-and-biological-evolution-clash\/\">\r\n\t\t\t\t<img decoding=\"async\" src=\"https:\/\/wp.unil.ch\/labelettres\/files\/2025\/01\/2024-SLAS-Extreme-religious-behavior-Cover.jpg\" class=\"bdpp-img bdpp-post-feat-img\" alt=\"Extreme religious behaviours: Where religious practice and biological evolution clash\" \/>\r\n\t\t\t\t\t\t\t<\/a>\r\n\t\t<\/div>\r\n\t\t\r\n\t\t<h2 class=\"bdpp-post-title\">\r\n\t\t\t<a href=\"https:\/\/wp.unil.ch\/labelettres\/extreme-religious-behaviours-where-religious-practice-and-biological-evolution-clash\/\">Extreme religious behaviours: Where religious practice and biological evolution clash<\/a>\r\n\t\t<\/h2>\r\n\r\n\t\t\t<\/div>\r\n<\/div><div class=\"bdpp-post-grid bdpp-col-4 bdpp-columns bdpp-post-13324 bdpp-post-standard bdpp-has-thumb\">\r\n\t<div class=\"bdpp-post-grid-content\">\r\n\t\t\t\t<div class=\"bdpp-post-img-bg\">\r\n\t\t\t<a href=\"https:\/\/wp.unil.ch\/labelettres\/perspectives-plurielles-sur-lautonomie-et-ses-paradoxes\/\">\r\n\t\t\t\t<img decoding=\"async\" src=\"https:\/\/wp.unil.ch\/labelettres\/files\/2024\/11\/PAHUD_2024_autonomie_cover.png\" class=\"bdpp-img bdpp-post-feat-img\" alt=\"Perspectives plurielles sur l\u2019autonomie et ses paradoxes\" \/>\r\n\t\t\t\t\t\t\t<\/a>\r\n\t\t<\/div>\r\n\t\t\r\n\t\t<h2 class=\"bdpp-post-title\">\r\n\t\t\t<a href=\"https:\/\/wp.unil.ch\/labelettres\/perspectives-plurielles-sur-lautonomie-et-ses-paradoxes\/\">Perspectives plurielles sur l\u2019autonomie et ses paradoxes<\/a>\r\n\t\t<\/h2>\r\n\r\n\t\t\t<\/div>\r\n<\/div><div class=\"bdpp-post-grid bdpp-col-4 bdpp-columns bdpp-post-13231 bdpp-post-standard bdpp-has-thumb\">\r\n\t<div class=\"bdpp-post-grid-content\">\r\n\t\t\t\t<div class=\"bdpp-post-img-bg\">\r\n\t\t\t<a href=\"https:\/\/wp.unil.ch\/labelettres\/lage-atomique-les-artistes-a-lepreuve-de-lhistoire\/\">\r\n\t\t\t\t<img decoding=\"async\" src=\"https:\/\/wp.unil.ch\/labelettres\/files\/2024\/10\/STAVRINAKI_2024_age-atomique_cover.jpg\" class=\"bdpp-img bdpp-post-feat-img\" alt=\"L&rsquo;\u00e2ge atomique. Les artistes \u00e0 l&rsquo;\u00e9preuve de l&rsquo;histoire\" \/>\r\n\t\t\t\t\t\t\t<\/a>\r\n\t\t<\/div>\r\n\t\t\r\n\t\t<h2 class=\"bdpp-post-title\">\r\n\t\t\t<a href=\"https:\/\/wp.unil.ch\/labelettres\/lage-atomique-les-artistes-a-lepreuve-de-lhistoire\/\">L&rsquo;\u00e2ge atomique. Les artistes \u00e0 l&rsquo;\u00e9preuve de l&rsquo;histoire<\/a>\r\n\t\t<\/h2>\r\n\r\n\t\t\t<\/div>\r\n<\/div><div class=\"bdpp-post-grid bdpp-col-4 bdpp-columns bdpp-post-13224 bdpp-post-standard bdpp-has-thumb\">\r\n\t<div class=\"bdpp-post-grid-content\">\r\n\t\t\t\t<div class=\"bdpp-post-img-bg\">\r\n\t\t\t<a href=\"https:\/\/wp.unil.ch\/labelettres\/shakespeares-theater-of-judgment-six-keywords\/\">\r\n\t\t\t\t<img decoding=\"async\" src=\"https:\/\/wp.unil.ch\/labelettres\/files\/2024\/10\/CURRAN_2024_Shakespeare_cover.jpg\" class=\"bdpp-img bdpp-post-feat-img\" alt=\"Shakespeare&rsquo;s Theater of Judgment: Six Keywords\" \/>\r\n\t\t\t\t\t\t\t<\/a>\r\n\t\t<\/div>\r\n\t\t\r\n\t\t<h2 class=\"bdpp-post-title\">\r\n\t\t\t<a href=\"https:\/\/wp.unil.ch\/labelettres\/shakespeares-theater-of-judgment-six-keywords\/\">Shakespeare&rsquo;s Theater of Judgment: Six Keywords<\/a>\r\n\t\t<\/h2>\r\n\r\n\t\t\t<\/div>\r\n<\/div><div class=\"bdpp-post-grid bdpp-col-4 bdpp-columns bdpp-post-12732 bdpp-post-standard bdpp-has-thumb\">\r\n\t<div class=\"bdpp-post-grid-content\">\r\n\t\t\t\t<div class=\"bdpp-post-img-bg\">\r\n\t\t\t<a href=\"https:\/\/wp.unil.ch\/labelettres\/antoine-meillet-regards-linguistiques-et-historiques-sur-sa-vie-et-son-oeuvre\/\">\r\n\t\t\t\t<img decoding=\"async\" src=\"https:\/\/wp.unil.ch\/labelettres\/files\/2024\/01\/MEYER_2023_EDL322_cover.jpg\" class=\"bdpp-img bdpp-post-feat-img\" alt=\"Antoine Meillet. Regards linguistiques et historiques sur sa vie et son \u0153uvre\" \/>\r\n\t\t\t\t\t\t\t<\/a>\r\n\t\t<\/div>\r\n\t\t\r\n\t\t<h2 class=\"bdpp-post-title\">\r\n\t\t\t<a href=\"https:\/\/wp.unil.ch\/labelettres\/antoine-meillet-regards-linguistiques-et-historiques-sur-sa-vie-et-son-oeuvre\/\">Antoine Meillet. Regards linguistiques et historiques sur sa vie et son \u0153uvre<\/a>\r\n\t\t<\/h2>\r\n\r\n\t\t\t<\/div>\r\n<\/div><div class=\"bdpp-post-grid bdpp-col-4 bdpp-columns bdpp-post-12718 bdpp-post-standard bdpp-has-thumb\">\r\n\t<div class=\"bdpp-post-grid-content\">\r\n\t\t\t\t<div class=\"bdpp-post-img-bg\">\r\n\t\t\t<a href=\"https:\/\/wp.unil.ch\/labelettres\/the-idea-and-practice-of-philosophy-in-gilbert-simondon\/\">\r\n\t\t\t\t<img decoding=\"async\" src=\"https:\/\/wp.unil.ch\/labelettres\/files\/2024\/01\/MAIGNE_2023_Simondon_cover.jpg\" class=\"bdpp-img bdpp-post-feat-img\" alt=\"The Idea and Practice of Philosophy in Gilbert Simondon\" \/>\r\n\t\t\t\t\t\t\t<\/a>\r\n\t\t<\/div>\r\n\t\t\r\n\t\t<h2 class=\"bdpp-post-title\">\r\n\t\t\t<a href=\"https:\/\/wp.unil.ch\/labelettres\/the-idea-and-practice-of-philosophy-in-gilbert-simondon\/\">The Idea and Practice of Philosophy in Gilbert Simondon<\/a>\r\n\t\t<\/h2>\r\n\r\n\t\t\t<\/div>\r\n<\/div><div class=\"bdpp-post-grid bdpp-col-4 bdpp-columns bdpp-post-12445 bdpp-post-standard bdpp-has-thumb\">\r\n\t<div class=\"bdpp-post-grid-content\">\r\n\t\t\t\t<div class=\"bdpp-post-img-bg\">\r\n\t\t\t<a href=\"https:\/\/wp.unil.ch\/labelettres\/ipoteze-religioase-in-studiul-naturii-umane\/\">\r\n\t\t\t\t<img decoding=\"async\" src=\"https:\/\/wp.unil.ch\/labelettres\/files\/2023\/09\/CUCU_2023_Ipoteze-religioase_cover.jpg\" class=\"bdpp-img bdpp-post-feat-img\" alt=\"Ipoteze religioase \u00een studiul naturii umane\" \/>\r\n\t\t\t\t\t\t\t<\/a>\r\n\t\t<\/div>\r\n\t\t\r\n\t\t<h2 class=\"bdpp-post-title\">\r\n\t\t\t<a href=\"https:\/\/wp.unil.ch\/labelettres\/ipoteze-religioase-in-studiul-naturii-umane\/\">Ipoteze religioase \u00een studiul naturii umane<\/a>\r\n\t\t<\/h2>\r\n\r\n\t\t\t<\/div>\r\n<\/div><div class=\"bdpp-post-grid bdpp-col-4 bdpp-columns bdpp-post-12355 bdpp-post-standard bdpp-has-thumb\">\r\n\t<div class=\"bdpp-post-grid-content\">\r\n\t\t\t\t<div class=\"bdpp-post-img-bg\">\r\n\t\t\t<a href=\"https:\/\/wp.unil.ch\/labelettres\/les-douleurs-chroniques-a-lage-avance-en-parler-ou-non\/\">\r\n\t\t\t\t<img decoding=\"async\" src=\"https:\/\/wp.unil.ch\/labelettres\/files\/2023\/07\/MERMINOD_2023_BIL34_cover.jpg\" class=\"bdpp-img bdpp-post-feat-img\" alt=\"Les douleurs chroniques \u00e0 l\u2019\u00e2ge avanc\u00e9: en parler ou non?\" \/>\r\n\t\t\t\t\t\t\t<\/a>\r\n\t\t<\/div>\r\n\t\t\r\n\t\t<h2 class=\"bdpp-post-title\">\r\n\t\t\t<a href=\"https:\/\/wp.unil.ch\/labelettres\/les-douleurs-chroniques-a-lage-avance-en-parler-ou-non\/\">Les douleurs chroniques \u00e0 l\u2019\u00e2ge avanc\u00e9: en parler ou non?<\/a>\r\n\t\t<\/h2>\r\n\r\n\t\t\t<\/div>\r\n<\/div><div class=\"bdpp-post-grid bdpp-col-4 bdpp-columns bdpp-post-12287 bdpp-post-standard bdpp-has-thumb\">\r\n\t<div class=\"bdpp-post-grid-content\">\r\n\t\t\t\t<div class=\"bdpp-post-img-bg\">\r\n\t\t\t<a href=\"https:\/\/wp.unil.ch\/labelettres\/loeuvre-recomposee\/\">\r\n\t\t\t\t<img decoding=\"async\" src=\"https:\/\/wp.unil.ch\/labelettres\/files\/2023\/05\/MAHRER_2022_oeuvre-recomposee_cover.jpg\" class=\"bdpp-img bdpp-post-feat-img\" alt=\"L\u2019\u0153uvre recompos\u00e9e\" \/>\r\n\t\t\t\t\t\t\t<\/a>\r\n\t\t<\/div>\r\n\t\t\r\n\t\t<h2 class=\"bdpp-post-title\">\r\n\t\t\t<a href=\"https:\/\/wp.unil.ch\/labelettres\/loeuvre-recomposee\/\">L\u2019\u0153uvre recompos\u00e9e<\/a>\r\n\t\t<\/h2>\r\n\r\n\t\t\t<\/div>\r\n<\/div><div class=\"bdpp-post-grid bdpp-col-4 bdpp-columns bdpp-post-12200 bdpp-post-standard bdpp-has-thumb\">\r\n\t<div class=\"bdpp-post-grid-content\">\r\n\t\t\t\t<div class=\"bdpp-post-img-bg\">\r\n\t\t\t<a href=\"https:\/\/wp.unil.ch\/labelettres\/machines-a-ecrire\/\">\r\n\t\t\t\t<img decoding=\"async\" src=\"https:\/\/wp.unil.ch\/labelettres\/files\/2023\/04\/MAHRER_2022_Genesis_cover.png\" class=\"bdpp-img bdpp-post-feat-img\" alt=\"Machines \u00e0 \u00e9crire\" \/>\r\n\t\t\t\t\t\t\t<\/a>\r\n\t\t<\/div>\r\n\t\t\r\n\t\t<h2 class=\"bdpp-post-title\">\r\n\t\t\t<a href=\"https:\/\/wp.unil.ch\/labelettres\/machines-a-ecrire\/\">Machines \u00e0 \u00e9crire<\/a>\r\n\t\t<\/h2>\r\n\r\n\t\t\t<\/div>\r\n<\/div><div class=\"bdpp-post-grid bdpp-col-4 bdpp-columns bdpp-post-12108 bdpp-post-standard bdpp-has-thumb\">\r\n\t<div class=\"bdpp-post-grid-content\">\r\n\t\t\t\t<div class=\"bdpp-post-img-bg\">\r\n\t\t\t<a href=\"https:\/\/wp.unil.ch\/labelettres\/studien-zur-genealogie-des-europaischen-denkens-ii-neuzeit-etudes-genealogiques-de-la-pensee-occidentale-ii-temps-modernes\/\">\r\n\t\t\t\t<img decoding=\"async\" src=\"https:\/\/wp.unil.ch\/labelettres\/files\/2023\/02\/SCHUSSLER_2022_Genealogie_cover.jpg\" class=\"bdpp-img bdpp-post-feat-img\" alt=\"Studien zur Genealogie des europ\u00e4ischen Denkens II \u2013 Neuzeit \/ \u00c9tudes g\u00e9n\u00e9alogiques de la pens\u00e9e occidentale II \u2013 Temps modernes\" \/>\r\n\t\t\t\t\t\t\t<\/a>\r\n\t\t<\/div>\r\n\t\t\r\n\t\t<h2 class=\"bdpp-post-title\">\r\n\t\t\t<a href=\"https:\/\/wp.unil.ch\/labelettres\/studien-zur-genealogie-des-europaischen-denkens-ii-neuzeit-etudes-genealogiques-de-la-pensee-occidentale-ii-temps-modernes\/\">Studien zur Genealogie des europ\u00e4ischen Denkens II \u2013 Neuzeit \/ \u00c9tudes g\u00e9n\u00e9alogiques de la pens\u00e9e occidentale II \u2013 Temps modernes<\/a>\r\n\t\t<\/h2>\r\n\r\n\t\t\t<\/div>\r\n<\/div><div class=\"bdpp-post-grid bdpp-col-4 bdpp-columns bdpp-post-11971 bdpp-post-standard bdpp-has-thumb\">\r\n\t<div class=\"bdpp-post-grid-content\">\r\n\t\t\t\t<div class=\"bdpp-post-img-bg\">\r\n\t\t\t<a href=\"https:\/\/wp.unil.ch\/labelettres\/les-univers-des-schwarz-bart-sources-et-traces-dans-les-textes-et-les-avant-textes\/\">\r\n\t\t\t\t<img decoding=\"async\" src=\"https:\/\/wp.unil.ch\/labelettres\/files\/2022\/12\/STAMPFLI_2022_Schwarz-Bart_cover.png\" class=\"bdpp-img bdpp-post-feat-img\" alt=\"Les univers des Schwarz-Bart. Sources et traces dans les textes et les avant-textes\" \/>\r\n\t\t\t\t\t\t\t<\/a>\r\n\t\t<\/div>\r\n\t\t\r\n\t\t<h2 class=\"bdpp-post-title\">\r\n\t\t\t<a href=\"https:\/\/wp.unil.ch\/labelettres\/les-univers-des-schwarz-bart-sources-et-traces-dans-les-textes-et-les-avant-textes\/\">Les univers des Schwarz-Bart. Sources et traces dans les textes et les avant-textes<\/a>\r\n\t\t<\/h2>\r\n\r\n\t\t\t<\/div>\r\n<\/div><div class=\"bdpp-post-grid bdpp-col-4 bdpp-columns bdpp-post-11913 bdpp-post-standard bdpp-has-thumb\">\r\n\t<div class=\"bdpp-post-grid-content\">\r\n\t\t\t\t<div class=\"bdpp-post-img-bg\">\r\n\t\t\t<a href=\"https:\/\/wp.unil.ch\/labelettres\/scrivere-poesia-nel-rinascimento-leredita-classica-nella-lirica-della-prima-meta-del-cinquecento\/\">\r\n\t\t\t\t<img decoding=\"async\" src=\"https:\/\/wp.unil.ch\/labelettres\/files\/2022\/11\/JURI_2022_scrivere_cover.jpg\" class=\"bdpp-img bdpp-post-feat-img\" alt=\"Scrivere poesia nel Rinascimento. L&rsquo;eredit\u00e0 classica nella lirica della prima met\u00e0 del Cinquecento\" \/>\r\n\t\t\t\t\t\t\t<\/a>\r\n\t\t<\/div>\r\n\t\t\r\n\t\t<h2 class=\"bdpp-post-title\">\r\n\t\t\t<a href=\"https:\/\/wp.unil.ch\/labelettres\/scrivere-poesia-nel-rinascimento-leredita-classica-nella-lirica-della-prima-meta-del-cinquecento\/\">Scrivere poesia nel Rinascimento. L&rsquo;eredit\u00e0 classica nella lirica della prima met\u00e0 del Cinquecento<\/a>\r\n\t\t<\/h2>\r\n\r\n\t\t\t<\/div>\r\n<\/div><div class=\"bdpp-post-grid bdpp-col-4 bdpp-columns bdpp-post-11696 bdpp-post-standard bdpp-has-thumb\">\r\n\t<div class=\"bdpp-post-grid-content\">\r\n\t\t\t\t<div class=\"bdpp-post-img-bg\">\r\n\t\t\t<a href=\"https:\/\/wp.unil.ch\/labelettres\/langues-medecine-et-societe-melanges-en-lhonneur-de-pascal-singy\/\">\r\n\t\t\t\t<img decoding=\"async\" src=\"https:\/\/wp.unil.ch\/labelettres\/files\/2022\/08\/MERMINOD_2022_melanges-Singy_cover.jpg\" class=\"bdpp-img bdpp-post-feat-img\" alt=\"Langues, m\u00e9decine et soci\u00e9t\u00e9. M\u00e9langes en l\u2019honneur de Pascal Singy\" \/>\r\n\t\t\t\t\t\t\t<\/a>\r\n\t\t<\/div>\r\n\t\t\r\n\t\t<h2 class=\"bdpp-post-title\">\r\n\t\t\t<a href=\"https:\/\/wp.unil.ch\/labelettres\/langues-medecine-et-societe-melanges-en-lhonneur-de-pascal-singy\/\">Langues, m\u00e9decine et soci\u00e9t\u00e9. M\u00e9langes en l\u2019honneur de Pascal Singy<\/a>\r\n\t\t<\/h2>\r\n\r\n\t\t\t<\/div>\r\n<\/div><div class=\"bdpp-post-grid bdpp-col-4 bdpp-columns bdpp-post-11712 bdpp-post-standard bdpp-has-thumb\">\r\n\t<div class=\"bdpp-post-grid-content\">\r\n\t\t\t\t<div class=\"bdpp-post-img-bg\">\r\n\t\t\t<a href=\"https:\/\/wp.unil.ch\/labelettres\/a-poetic-philosophy-of-language-nietzsche-and-wittgensteins-expressivism\/\">\r\n\t\t\t\t<img decoding=\"async\" src=\"https:\/\/wp.unil.ch\/labelettres\/files\/2022\/08\/MILLS_2022_Poetic_cover.jpg\" class=\"bdpp-img bdpp-post-feat-img\" alt=\"A Poetic Philosophy of Language : Nietzsche and Wittgenstein&rsquo;s Expressivism\" \/>\r\n\t\t\t\t\t\t\t<\/a>\r\n\t\t<\/div>\r\n\t\t\r\n\t\t<h2 class=\"bdpp-post-title\">\r\n\t\t\t<a href=\"https:\/\/wp.unil.ch\/labelettres\/a-poetic-philosophy-of-language-nietzsche-and-wittgensteins-expressivism\/\">A Poetic Philosophy of Language : Nietzsche and Wittgenstein&rsquo;s Expressivism<\/a>\r\n\t\t<\/h2>\r\n\r\n\t\t\t<\/div>\r\n<\/div>\t<\/div>\r\n\t\t<div class=\"bdpp-paging bdpp-clearfix\">\r\n\t\t\r\n\t\t\t<div class=\"bdpp-load-more bdpp-post-load-more bdpp-ajax-btn-style\" data-conf=\"{&quot;grid&quot;:4,&quot;design&quot;:&quot;design-1&quot;,&quot;show_date&quot;:false,&quot;show_category&quot;:false,&quot;show_content&quot;:false,&quot;show_author&quot;:false,&quot;show_read_more&quot;:true,&quot;show_tags&quot;:false,&quot;show_comments&quot;:false,&quot;read_more_text&quot;:&quot;Lire la suite&quot;,&quot;effect&quot;:&quot;effect-1&quot;,&quot;media_size&quot;:&quot;medium&quot;,&quot;limit&quot;:20,&quot;content_words_limit&quot;:20,&quot;category&quot;:[&quot;5&quot;],&quot;order&quot;:&quot;DESC&quot;,&quot;orderby&quot;:&quot;date&quot;,&quot;pagination&quot;:true,&quot;css_class&quot;:&quot;&quot;,&quot;custom_param_1&quot;:&quot;&quot;,&quot;custom_param_2&quot;:&quot;&quot;,&quot;shortcode&quot;:&quot;bdp_masonry&quot;,&quot;layout_id&quot;:null,&quot;multi_page&quot;:0,&quot;unique&quot;:1,&quot;paged&quot;:1,&quot;max_num_pages&quot;:9}\" data-paged=\"1\">Load More <i class=\"bdpp-fa fa-solid fa-chevron-down bdpp-load-more-icon\"><\/i> <span class=\"bdpp-loader\"><\/span><\/div>\r\n\r\n\t\t\t<\/div>\r\n<\/div>\n","protected":false},"excerpt":{"rendered":"<p>LabeLettres: les publications des chercheuses et chercheurs de la Facult\u00e9 des lettres de l&rsquo;Universit\u00e9 de Lausanne.<\/p>\n","protected":false},"author":1001334,"featured_media":0,"parent":0,"menu_order":0,"comment_status":"closed","ping_status":"closed","template":"","meta":{"_seopress_robots_primary_cat":"","_seopress_titles_title":"","_seopress_titles_desc":"","_seopress_robots_index":"","footnotes":""},"class_list":["post-349","page","type-page","status-publish"],"_links":{"self":[{"href":"https:\/\/wp.unil.ch\/labelettres\/wp-json\/wp\/v2\/pages\/349","targetHints":{"allow":["GET"]}}],"collection":[{"href":"https:\/\/wp.unil.ch\/labelettres\/wp-json\/wp\/v2\/pages"}],"about":[{"href":"https:\/\/wp.unil.ch\/labelettres\/wp-json\/wp\/v2\/types\/page"}],"author":[{"embeddable":true,"href":"https:\/\/wp.unil.ch\/labelettres\/wp-json\/wp\/v2\/users\/1001334"}],"replies":[{"embeddable":true,"href":"https:\/\/wp.unil.ch\/labelettres\/wp-json\/wp\/v2\/comments?post=349"}],"version-history":[{"count":4,"href":"https:\/\/wp.unil.ch\/labelettres\/wp-json\/wp\/v2\/pages\/349\/revisions"}],"predecessor-version":[{"id":13720,"href":"https:\/\/wp.unil.ch\/labelettres\/wp-json\/wp\/v2\/pages\/349\/revisions\/13720"}],"wp:attachment":[{"href":"https:\/\/wp.unil.ch\/labelettres\/wp-json\/wp\/v2\/media?parent=349"}],"curies":[{"name":"wp","href":"https:\/\/api.w.org\/{rel}","templated":true}]}}