{"id":32,"date":"2016-12-16T18:29:31","date_gmt":"2016-12-16T17:29:31","guid":{"rendered":"http:\/\/wp.unil.ch\/labelettres\/?page_id=32"},"modified":"2025-03-20T10:21:10","modified_gmt":"2025-03-20T09:21:10","slug":"accueil","status":"publish","type":"page","link":"https:\/\/wp.unil.ch\/labelettres\/","title":{"rendered":"Accueil"},"content":{"rendered":"<div id=\"bdpp-post-masonry-1\" class=\"bdpp-wrap bdpp-lite bdpp-post-masonry-wrap bdpp-post-grid-wrap bdpp-post-data-wrap bdpp-design-1 bdpp-effect-1 bdpp-grid-4  bdpp-clearfix\">\r\n\t<div class=\"bdpp-post-masonry-inr-wrap bdpp-post-data-inr-wrap bdpp-clearfix\"><div class=\"bdpp-post-grid bdpp-col-4 bdpp-columns bdpp-post-16143 bdpp-post-standard bdpp-has-thumb\">\r\n\t<div class=\"bdpp-post-grid-content\">\r\n\t\t\t\t<div class=\"bdpp-post-img-bg\">\r\n\t\t\t<a href=\"https:\/\/wp.unil.ch\/labelettres\/le-immagini-a-roma-nellalto-medioevo-1-dallatrio-alla-navata\/\">\r\n\t\t\t\t<img decoding=\"async\" src=\"https:\/\/wp.unil.ch\/labelettres\/files\/2026\/04\/2026-hart-immagini-a-roma-couv.png\" class=\"bdpp-img bdpp-post-feat-img\" alt=\"Le immagini a Roma nell\u2019alto medioevo. 1. Dall\u2019atrio alla navata\" \/>\r\n\t\t\t\t\t\t\t<\/a>\r\n\t\t<\/div>\r\n\t\t\r\n\t\t<h2 class=\"bdpp-post-title\">\r\n\t\t\t<a href=\"https:\/\/wp.unil.ch\/labelettres\/le-immagini-a-roma-nellalto-medioevo-1-dallatrio-alla-navata\/\">Le immagini a Roma nell\u2019alto medioevo. 1. Dall\u2019atrio alla navata<\/a>\r\n\t\t<\/h2>\r\n\r\n\t\t\t<\/div>\r\n<\/div><div class=\"bdpp-post-grid bdpp-col-4 bdpp-columns bdpp-post-16150 bdpp-post-standard bdpp-has-thumb\">\r\n\t<div class=\"bdpp-post-grid-content\">\r\n\t\t\t\t<div class=\"bdpp-post-img-bg\">\r\n\t\t\t<a href=\"https:\/\/wp.unil.ch\/labelettres\/combattre-linvention-du-sabbat-le-de-synagoga-demonum-dhumbert-de-costa-vers-1470-le-premier-traite-contre-la-chasse-aux-sorcieres\/\">\r\n\t\t\t\t<img decoding=\"async\" src=\"https:\/\/wp.unil.ch\/labelettres\/files\/2026\/04\/2026-hist-sabbat.png\" class=\"bdpp-img bdpp-post-feat-img\" alt=\"Combattre l\u2019invention du sabbat. Le \u00abDe synagoga demonum\u00bb d\u2019Humbert de Costa (vers 1470), le premier trait\u00e9 contre la chasse aux sorci\u00e8res?\" \/>\r\n\t\t\t\t\t\t\t<\/a>\r\n\t\t<\/div>\r\n\t\t\r\n\t\t<h2 class=\"bdpp-post-title\">\r\n\t\t\t<a href=\"https:\/\/wp.unil.ch\/labelettres\/combattre-linvention-du-sabbat-le-de-synagoga-demonum-dhumbert-de-costa-vers-1470-le-premier-traite-contre-la-chasse-aux-sorcieres\/\">Combattre l\u2019invention du sabbat. Le \u00abDe synagoga demonum\u00bb d\u2019Humbert de Costa (vers 1470), le premier trait\u00e9 contre la chasse aux sorci\u00e8res?<\/a>\r\n\t\t<\/h2>\r\n\r\n\t\t\t<\/div>\r\n<\/div><div class=\"bdpp-post-grid bdpp-col-4 bdpp-columns bdpp-post-16090 bdpp-post-standard bdpp-has-thumb\">\r\n\t<div class=\"bdpp-post-grid-content\">\r\n\t\t\t\t<div class=\"bdpp-post-img-bg\">\r\n\t\t\t<a href=\"https:\/\/wp.unil.ch\/labelettres\/les-guerres-de-bourgogne-memoires-et-commemorations-en-suisse-1476-2026\/\">\r\n\t\t\t\t<img decoding=\"async\" src=\"https:\/\/wp.unil.ch\/labelettres\/files\/2026\/03\/2026-fra-guerres-de-bourgogne-couv.png\" class=\"bdpp-img bdpp-post-feat-img\" alt=\"Les guerres de Bourgogne. M\u00e9moires et comm\u00e9morations en Suisse (1476-2026)\" \/>\r\n\t\t\t\t\t\t\t<\/a>\r\n\t\t<\/div>\r\n\t\t\r\n\t\t<h2 class=\"bdpp-post-title\">\r\n\t\t\t<a href=\"https:\/\/wp.unil.ch\/labelettres\/les-guerres-de-bourgogne-memoires-et-commemorations-en-suisse-1476-2026\/\">Les guerres de Bourgogne. M\u00e9moires et comm\u00e9morations en Suisse (1476-2026)<\/a>\r\n\t\t<\/h2>\r\n\r\n\t\t\t<\/div>\r\n<\/div><div class=\"bdpp-post-grid bdpp-col-4 bdpp-columns bdpp-post-16114 bdpp-post-standard bdpp-has-thumb\">\r\n\t<div class=\"bdpp-post-grid-content\">\r\n\t\t\t\t<div class=\"bdpp-post-img-bg\">\r\n\t\t\t<a href=\"https:\/\/wp.unil.ch\/labelettres\/langue-et-integration-requerants-dasile-benevoles-et-institutions-en-suisse-romande-positionnements-de-la-communaute-asile\/\">\r\n\t\t\t\t<img decoding=\"async\" src=\"https:\/\/wp.unil.ch\/labelettres\/files\/2026\/03\/2026-efle-langue-et-integration-couv.png\" class=\"bdpp-img bdpp-post-feat-img\" alt=\"Langue et int\u00e9gration. Requ\u00e9rants d\u2019asile, b\u00e9n\u00e9voles et institutions en Suisse romande: positionnements de la communaut\u00e9 asile\" \/>\r\n\t\t\t\t\t\t\t<\/a>\r\n\t\t<\/div>\r\n\t\t\r\n\t\t<h2 class=\"bdpp-post-title\">\r\n\t\t\t<a href=\"https:\/\/wp.unil.ch\/labelettres\/langue-et-integration-requerants-dasile-benevoles-et-institutions-en-suisse-romande-positionnements-de-la-communaute-asile\/\">Langue et int\u00e9gration. Requ\u00e9rants d\u2019asile, b\u00e9n\u00e9voles et institutions en Suisse romande: positionnements de la communaut\u00e9 asile<\/a>\r\n\t\t<\/h2>\r\n\r\n\t\t\t<\/div>\r\n<\/div><div class=\"bdpp-post-grid bdpp-col-4 bdpp-columns bdpp-post-16108 bdpp-post-standard bdpp-has-thumb\">\r\n\t<div class=\"bdpp-post-grid-content\">\r\n\t\t\t\t<div class=\"bdpp-post-img-bg\">\r\n\t\t\t<a href=\"https:\/\/wp.unil.ch\/labelettres\/objets-iconophores-du-politique-au-tournant-des-lumieres\/\">\r\n\t\t\t\t<img decoding=\"async\" src=\"https:\/\/wp.unil.ch\/labelettres\/files\/2026\/03\/2025-ibc-objets-iconophores-couv.png\" class=\"bdpp-img bdpp-post-feat-img\" alt=\"Objets iconophores du politique au tournant des Lumi\u00e8res\" \/>\r\n\t\t\t\t\t\t\t<\/a>\r\n\t\t<\/div>\r\n\t\t\r\n\t\t<h2 class=\"bdpp-post-title\">\r\n\t\t\t<a href=\"https:\/\/wp.unil.ch\/labelettres\/objets-iconophores-du-politique-au-tournant-des-lumieres\/\">Objets iconophores du politique au tournant des Lumi\u00e8res<\/a>\r\n\t\t<\/h2>\r\n\r\n\t\t\t<\/div>\r\n<\/div><div class=\"bdpp-post-grid bdpp-col-4 bdpp-columns bdpp-post-16103 bdpp-post-standard bdpp-has-thumb\">\r\n\t<div class=\"bdpp-post-grid-content\">\r\n\t\t\t\t<div class=\"bdpp-post-img-bg\">\r\n\t\t\t<a href=\"https:\/\/wp.unil.ch\/labelettres\/isabelle-de-charriere-dutrecht-a-colombier-une-femme-de-lettres-engagee-au-siecle-des-lumieres\/\">\r\n\t\t\t\t<img decoding=\"async\" src=\"https:\/\/wp.unil.ch\/labelettres\/files\/2026\/03\/2025-ibc-isabelle-de-charriere-nrn-couv.png\" class=\"bdpp-img bdpp-post-feat-img\" alt=\"Isabelle de Charri\u00e8re, d\u2019Utrecht \u00e0 Colombier. Une femme de lettres engag\u00e9e au si\u00e8cle des Lumi\u00e8res\" \/>\r\n\t\t\t\t\t\t\t<\/a>\r\n\t\t<\/div>\r\n\t\t\r\n\t\t<h2 class=\"bdpp-post-title\">\r\n\t\t\t<a href=\"https:\/\/wp.unil.ch\/labelettres\/isabelle-de-charriere-dutrecht-a-colombier-une-femme-de-lettres-engagee-au-siecle-des-lumieres\/\">Isabelle de Charri\u00e8re, d\u2019Utrecht \u00e0 Colombier. Une femme de lettres engag\u00e9e au si\u00e8cle des Lumi\u00e8res<\/a>\r\n\t\t<\/h2>\r\n\r\n\t\t\t<\/div>\r\n<\/div><div class=\"bdpp-post-grid bdpp-col-4 bdpp-columns bdpp-post-16059 bdpp-post-standard bdpp-has-thumb\">\r\n\t<div class=\"bdpp-post-grid-content\">\r\n\t\t\t\t<div class=\"bdpp-post-img-bg\">\r\n\t\t\t<a href=\"https:\/\/wp.unil.ch\/labelettres\/archivio-storico-ticinese-dossier-sur-les-sonorites-dans-les-alpes\/\">\r\n\t\t\t\t<img decoding=\"async\" src=\"https:\/\/wp.unil.ch\/labelettres\/files\/2026\/02\/2025-hist-archivio-storico-ticinese-couv.jpg\" class=\"bdpp-img bdpp-post-feat-img\" alt=\"Archivio Storico Ticinese, dossier sur les sonorit\u00e9s dans les Alpes\" \/>\r\n\t\t\t\t\t\t\t<\/a>\r\n\t\t<\/div>\r\n\t\t\r\n\t\t<h2 class=\"bdpp-post-title\">\r\n\t\t\t<a href=\"https:\/\/wp.unil.ch\/labelettres\/archivio-storico-ticinese-dossier-sur-les-sonorites-dans-les-alpes\/\">Archivio Storico Ticinese, dossier sur les sonorit\u00e9s dans les Alpes<\/a>\r\n\t\t<\/h2>\r\n\r\n\t\t\t<\/div>\r\n<\/div><div class=\"bdpp-post-grid bdpp-col-4 bdpp-columns bdpp-post-16080 bdpp-post-standard bdpp-has-thumb\">\r\n\t<div class=\"bdpp-post-grid-content\">\r\n\t\t\t\t<div class=\"bdpp-post-img-bg\">\r\n\t\t\t<a href=\"https:\/\/wp.unil.ch\/labelettres\/%d1%82%d0%b0%d1%80%d1%82%d1%83-%d0%b2-%d0%b8%d1%81%d1%82%d0%be%d1%80%d0%b8%d0%b8-%d1%81%d0%bb%d0%b0%d0%b2%d1%8f%d0%bd%d1%81%d0%ba%d0%be%d0%b9-%d1%84%d0%b8%d0%bb%d0%be%d0%bb%d0%be%d0%b3%d0%b8%d0%b8-3\/\">\r\n\t\t\t\t<img decoding=\"async\" src=\"https:\/\/wp.unil.ch\/labelettres\/files\/2026\/03\/2025-slas-tartu-vol3-couv.jpg\" class=\"bdpp-img bdpp-post-feat-img\" alt=\"\u0422\u0430\u0440\u0442\u0443 \u0432 \u0438\u0441\u0442\u043e\u0440\u0438\u0438 \u0441\u043b\u0430\u0432\u044f\u043d\u0441\u043a\u043e\u0439 \u0444\u0438\u043b\u043e\u043b\u043e\u0433\u0438\u0438. \u0412\u044b\u043f. 3 [Tartu dans l&rsquo;histoire de la philogogie slave, vol. 3]\" \/>\r\n\t\t\t\t\t\t\t<\/a>\r\n\t\t<\/div>\r\n\t\t\r\n\t\t<h2 class=\"bdpp-post-title\">\r\n\t\t\t<a href=\"https:\/\/wp.unil.ch\/labelettres\/%d1%82%d0%b0%d1%80%d1%82%d1%83-%d0%b2-%d0%b8%d1%81%d1%82%d0%be%d1%80%d0%b8%d0%b8-%d1%81%d0%bb%d0%b0%d0%b2%d1%8f%d0%bd%d1%81%d0%ba%d0%be%d0%b9-%d1%84%d0%b8%d0%bb%d0%be%d0%bb%d0%be%d0%b3%d0%b8%d0%b8-3\/\">\u0422\u0430\u0440\u0442\u0443 \u0432 \u0438\u0441\u0442\u043e\u0440\u0438\u0438 \u0441\u043b\u0430\u0432\u044f\u043d\u0441\u043a\u043e\u0439 \u0444\u0438\u043b\u043e\u043b\u043e\u0433\u0438\u0438. \u0412\u044b\u043f. 3 [Tartu dans l&rsquo;histoire de la philogogie slave, vol. 3]<\/a>\r\n\t\t<\/h2>\r\n\r\n\t\t\t<\/div>\r\n<\/div><div class=\"bdpp-post-grid bdpp-col-4 bdpp-columns bdpp-post-16051 bdpp-post-standard bdpp-has-thumb\">\r\n\t<div class=\"bdpp-post-grid-content\">\r\n\t\t\t\t<div class=\"bdpp-post-img-bg\">\r\n\t\t\t<a href=\"https:\/\/wp.unil.ch\/labelettres\/le-corps-acteur-dans-le-theatre-antique\/\">\r\n\t\t\t\t<img decoding=\"async\" src=\"https:\/\/wp.unil.ch\/labelettres\/files\/2026\/02\/2026-iasa-corps-acteur.jpg\" class=\"bdpp-img bdpp-post-feat-img\" alt=\"Le corps acteur dans le th\u00e9\u00e2tre antique\" \/>\r\n\t\t\t\t\t\t\t<\/a>\r\n\t\t<\/div>\r\n\t\t\r\n\t\t<h2 class=\"bdpp-post-title\">\r\n\t\t\t<a href=\"https:\/\/wp.unil.ch\/labelettres\/le-corps-acteur-dans-le-theatre-antique\/\">Le corps acteur dans le th\u00e9\u00e2tre antique<\/a>\r\n\t\t<\/h2>\r\n\r\n\t\t\t<\/div>\r\n<\/div><div class=\"bdpp-post-grid bdpp-col-4 bdpp-columns bdpp-post-15943 bdpp-post-standard bdpp-has-thumb\">\r\n\t<div class=\"bdpp-post-grid-content\">\r\n\t\t\t\t<div class=\"bdpp-post-img-bg\">\r\n\t\t\t<a href=\"https:\/\/wp.unil.ch\/labelettres\/angela-carter-translator-and-translated-in-the-workshop-of-creation\/\">\r\n\t\t\t\t<img decoding=\"async\" src=\"https:\/\/wp.unil.ch\/labelettres\/files\/2026\/01\/2026-angl-angela-carter-couv.jpg\" class=\"bdpp-img bdpp-post-feat-img\" alt=\"Angela Carter Translator and Translated: In the Workshop of Creation\" \/>\r\n\t\t\t\t\t\t\t<\/a>\r\n\t\t<\/div>\r\n\t\t\r\n\t\t<h2 class=\"bdpp-post-title\">\r\n\t\t\t<a href=\"https:\/\/wp.unil.ch\/labelettres\/angela-carter-translator-and-translated-in-the-workshop-of-creation\/\">Angela Carter Translator and Translated: In the Workshop of Creation<\/a>\r\n\t\t<\/h2>\r\n\r\n\t\t\t<\/div>\r\n<\/div><div class=\"bdpp-post-grid bdpp-col-4 bdpp-columns bdpp-post-15958 bdpp-post-standard bdpp-has-thumb\">\r\n\t<div class=\"bdpp-post-grid-content\">\r\n\t\t\t\t<div class=\"bdpp-post-img-bg\">\r\n\t\t\t<a href=\"https:\/\/wp.unil.ch\/labelettres\/la-ville-ideale-entre-utopie-et-realite\/\">\r\n\t\t\t\t<img decoding=\"async\" src=\"https:\/\/wp.unil.ch\/labelettres\/files\/2026\/02\/2025-fdi-la-ville-ideale-couv.jpg\" class=\"bdpp-img bdpp-post-feat-img\" alt=\"La ville id\u00e9ale. Entre utopie et r\u00e9alit\u00e9\" \/>\r\n\t\t\t\t\t\t\t<\/a>\r\n\t\t<\/div>\r\n\t\t\r\n\t\t<h2 class=\"bdpp-post-title\">\r\n\t\t\t<a href=\"https:\/\/wp.unil.ch\/labelettres\/la-ville-ideale-entre-utopie-et-realite\/\">La ville id\u00e9ale. Entre utopie et r\u00e9alit\u00e9<\/a>\r\n\t\t<\/h2>\r\n\r\n\t\t\t<\/div>\r\n<\/div><div class=\"bdpp-post-grid bdpp-col-4 bdpp-columns bdpp-post-15962 bdpp-post-standard bdpp-has-thumb\">\r\n\t<div class=\"bdpp-post-grid-content\">\r\n\t\t\t\t<div class=\"bdpp-post-img-bg\">\r\n\t\t\t<a href=\"https:\/\/wp.unil.ch\/labelettres\/retour-vers-le-vivant-valoriser-les-archives-filmiques-et-sonores-des-arts-du-spectacle\/\">\r\n\t\t\t\t<img decoding=\"async\" src=\"https:\/\/wp.unil.ch\/labelettres\/files\/2026\/02\/2026-fra-cet-retour-vers-le-vivant-couv.jpg\" class=\"bdpp-img bdpp-post-feat-img\" alt=\"Retour vers le vivant: valoriser les archives filmiques et sonores des arts du spectacle\" \/>\r\n\t\t\t\t\t\t\t<\/a>\r\n\t\t<\/div>\r\n\t\t\r\n\t\t<h2 class=\"bdpp-post-title\">\r\n\t\t\t<a href=\"https:\/\/wp.unil.ch\/labelettres\/retour-vers-le-vivant-valoriser-les-archives-filmiques-et-sonores-des-arts-du-spectacle\/\">Retour vers le vivant: valoriser les archives filmiques et sonores des arts du spectacle<\/a>\r\n\t\t<\/h2>\r\n\r\n\t\t\t<\/div>\r\n<\/div><div class=\"bdpp-post-grid bdpp-col-4 bdpp-columns bdpp-post-15952 bdpp-post-standard bdpp-has-thumb\">\r\n\t<div class=\"bdpp-post-grid-content\">\r\n\t\t\t\t<div class=\"bdpp-post-img-bg\">\r\n\t\t\t<a href=\"https:\/\/wp.unil.ch\/labelettres\/les-suisses-de-la-mer-noire-histoire-dune-diaspora-oubliee\/\">\r\n\t\t\t\t<img decoding=\"async\" src=\"https:\/\/wp.unil.ch\/labelettres\/files\/2026\/02\/2026-slas-les-suisses-de-la-mer-noir-couv.jpeg\" class=\"bdpp-img bdpp-post-feat-img\" alt=\"Les Suisses de la mer Noire: histoire d&rsquo;une diaspora oubli\u00e9e\" \/>\r\n\t\t\t\t\t\t\t<\/a>\r\n\t\t<\/div>\r\n\t\t\r\n\t\t<h2 class=\"bdpp-post-title\">\r\n\t\t\t<a href=\"https:\/\/wp.unil.ch\/labelettres\/les-suisses-de-la-mer-noire-histoire-dune-diaspora-oubliee\/\">Les Suisses de la mer Noire: histoire d&rsquo;une diaspora oubli\u00e9e<\/a>\r\n\t\t<\/h2>\r\n\r\n\t\t\t<\/div>\r\n<\/div><div class=\"bdpp-post-grid bdpp-col-4 bdpp-columns bdpp-post-15909 bdpp-post-standard bdpp-has-thumb\">\r\n\t<div class=\"bdpp-post-grid-content\">\r\n\t\t\t\t<div class=\"bdpp-post-img-bg\">\r\n\t\t\t<a href=\"https:\/\/wp.unil.ch\/labelettres\/images-operationnelles-agencements-utilitaires-des-images-en-mouvement\/\">\r\n\t\t\t\t<img decoding=\"async\" src=\"https:\/\/wp.unil.ch\/labelettres\/files\/2026\/01\/2025-cin-images-operationnelles-couv-vf.png\" class=\"bdpp-img bdpp-post-feat-img\" alt=\"Images op\u00e9rationnelles: agencements utilitaires des images en mouvement\" \/>\r\n\t\t\t\t\t\t\t<\/a>\r\n\t\t<\/div>\r\n\t\t\r\n\t\t<h2 class=\"bdpp-post-title\">\r\n\t\t\t<a href=\"https:\/\/wp.unil.ch\/labelettres\/images-operationnelles-agencements-utilitaires-des-images-en-mouvement\/\">Images op\u00e9rationnelles: agencements utilitaires des images en mouvement<\/a>\r\n\t\t<\/h2>\r\n\r\n\t\t\t<\/div>\r\n<\/div><div class=\"bdpp-post-grid bdpp-col-4 bdpp-columns bdpp-post-15759 bdpp-post-standard bdpp-has-thumb\">\r\n\t<div class=\"bdpp-post-grid-content\">\r\n\t\t\t\t<div class=\"bdpp-post-img-bg\">\r\n\t\t\t<a href=\"https:\/\/wp.unil.ch\/labelettres\/cultures-paysannes\/\">\r\n\t\t\t\t<img decoding=\"async\" src=\"https:\/\/wp.unil.ch\/labelettres\/files\/2025\/12\/2025-hart-hist-cultures-paysanes.jpg\" class=\"bdpp-img bdpp-post-feat-img\" alt=\"Cultures paysannes\" \/>\r\n\t\t\t\t\t\t\t<\/a>\r\n\t\t<\/div>\r\n\t\t\r\n\t\t<h2 class=\"bdpp-post-title\">\r\n\t\t\t<a href=\"https:\/\/wp.unil.ch\/labelettres\/cultures-paysannes\/\">Cultures paysannes<\/a>\r\n\t\t<\/h2>\r\n\r\n\t\t\t<\/div>\r\n<\/div><div class=\"bdpp-post-grid bdpp-col-4 bdpp-columns bdpp-post-15906 bdpp-post-standard bdpp-has-thumb\">\r\n\t<div class=\"bdpp-post-grid-content\">\r\n\t\t\t\t<div class=\"bdpp-post-img-bg\">\r\n\t\t\t<a href=\"https:\/\/wp.unil.ch\/labelettres\/faire-et-defaire-envoutements-et-malefices-savoirs-pratiques-et-representations\/\">\r\n\t\t\t\t<img decoding=\"async\" src=\"https:\/\/wp.unil.ch\/labelettres\/files\/2026\/01\/2026-hist-faire-et-defaire-envoutements-et-malefices-couv.png\" class=\"bdpp-img bdpp-post-feat-img\" alt=\"Faire et d\u00e9faire envo\u00fbtements et mal\u00e9fices. Savoirs, pratiques et repr\u00e9sentations\" \/>\r\n\t\t\t\t\t\t\t<\/a>\r\n\t\t<\/div>\r\n\t\t\r\n\t\t<h2 class=\"bdpp-post-title\">\r\n\t\t\t<a href=\"https:\/\/wp.unil.ch\/labelettres\/faire-et-defaire-envoutements-et-malefices-savoirs-pratiques-et-representations\/\">Faire et d\u00e9faire envo\u00fbtements et mal\u00e9fices. Savoirs, pratiques et repr\u00e9sentations<\/a>\r\n\t\t<\/h2>\r\n\r\n\t\t\t<\/div>\r\n<\/div><div class=\"bdpp-post-grid bdpp-col-4 bdpp-columns bdpp-post-15896 bdpp-post-standard bdpp-has-thumb\">\r\n\t<div class=\"bdpp-post-grid-content\">\r\n\t\t\t\t<div class=\"bdpp-post-img-bg\">\r\n\t\t\t<a href=\"https:\/\/wp.unil.ch\/labelettres\/un-siecle-de-radio-television-le-service-public-audiovisuel-en-suisse-romande\/\">\r\n\t\t\t\t<img decoding=\"async\" src=\"https:\/\/wp.unil.ch\/labelettres\/files\/2026\/01\/2026-hist-rts-couv.jpg\" class=\"bdpp-img bdpp-post-feat-img\" alt=\"Un si\u00e8cle de radio-t\u00e9l\u00e9vision. Le service public audiovisuel en Suisse romande\" \/>\r\n\t\t\t\t\t\t\t<\/a>\r\n\t\t<\/div>\r\n\t\t\r\n\t\t<h2 class=\"bdpp-post-title\">\r\n\t\t\t<a href=\"https:\/\/wp.unil.ch\/labelettres\/un-siecle-de-radio-television-le-service-public-audiovisuel-en-suisse-romande\/\">Un si\u00e8cle de radio-t\u00e9l\u00e9vision. Le service public audiovisuel en Suisse romande<\/a>\r\n\t\t<\/h2>\r\n\r\n\t\t\t<\/div>\r\n<\/div><div class=\"bdpp-post-grid bdpp-col-4 bdpp-columns bdpp-post-15922 bdpp-post-standard bdpp-has-thumb\">\r\n\t<div class=\"bdpp-post-grid-content\">\r\n\t\t\t\t<div class=\"bdpp-post-img-bg\">\r\n\t\t\t<a href=\"https:\/\/wp.unil.ch\/labelettres\/les-reseaux-de-personnages-nouveaux-outils-danalyse-narrations-interactives-jeux-video-et-adaptations\/\">\r\n\t\t\t\t<img decoding=\"async\" src=\"https:\/\/wp.unil.ch\/labelettres\/files\/2026\/01\/2026-sli-reseaux-de-personnages-couv.jpg\" class=\"bdpp-img bdpp-post-feat-img\" alt=\"Les r\u00e9seaux de personnages: nouveaux outils d&rsquo;analyse. Narrations interactives, jeux vid\u00e9o et adaptations\" \/>\r\n\t\t\t\t\t\t\t<\/a>\r\n\t\t<\/div>\r\n\t\t\r\n\t\t<h2 class=\"bdpp-post-title\">\r\n\t\t\t<a href=\"https:\/\/wp.unil.ch\/labelettres\/les-reseaux-de-personnages-nouveaux-outils-danalyse-narrations-interactives-jeux-video-et-adaptations\/\">Les r\u00e9seaux de personnages: nouveaux outils d&rsquo;analyse. Narrations interactives, jeux vid\u00e9o et adaptations<\/a>\r\n\t\t<\/h2>\r\n\r\n\t\t\t<\/div>\r\n<\/div><div class=\"bdpp-post-grid bdpp-col-4 bdpp-columns bdpp-post-15917 bdpp-post-standard bdpp-has-thumb\">\r\n\t<div class=\"bdpp-post-grid-content\">\r\n\t\t\t\t<div class=\"bdpp-post-img-bg\">\r\n\t\t\t<a href=\"https:\/\/wp.unil.ch\/labelettres\/lecteur-et-lecture-un-etat-des-lieux\/\">\r\n\t\t\t\t<img decoding=\"async\" src=\"https:\/\/wp.unil.ch\/labelettres\/files\/2026\/01\/2025-efle-lecteur-et-lecture-couv.png\" class=\"bdpp-img bdpp-post-feat-img\" alt=\"Lecteur et lecture: un \u00e9tat des lieux\" \/>\r\n\t\t\t\t\t\t\t<\/a>\r\n\t\t<\/div>\r\n\t\t\r\n\t\t<h2 class=\"bdpp-post-title\">\r\n\t\t\t<a href=\"https:\/\/wp.unil.ch\/labelettres\/lecteur-et-lecture-un-etat-des-lieux\/\">Lecteur et lecture: un \u00e9tat des lieux<\/a>\r\n\t\t<\/h2>\r\n\r\n\t\t\t<\/div>\r\n<\/div><div class=\"bdpp-post-grid bdpp-col-4 bdpp-columns bdpp-post-15866 bdpp-post-standard bdpp-has-thumb\">\r\n\t<div class=\"bdpp-post-grid-content\">\r\n\t\t\t\t<div class=\"bdpp-post-img-bg\">\r\n\t\t\t<a href=\"https:\/\/wp.unil.ch\/labelettres\/echoes-and-frequencies-tele-visions-and-wireless-technologies-19th-21st-centuries\/\">\r\n\t\t\t\t<img decoding=\"async\" src=\"https:\/\/wp.unil.ch\/labelettres\/files\/2025\/12\/2025-cin-echoes-et-frequencies-couv11.png\" class=\"bdpp-img bdpp-post-feat-img\" alt=\"Echoes and Frequencies: Tele-Visions and Wireless Technologies 19th-21st Centuries\" \/>\r\n\t\t\t\t\t\t\t<\/a>\r\n\t\t<\/div>\r\n\t\t\r\n\t\t<h2 class=\"bdpp-post-title\">\r\n\t\t\t<a href=\"https:\/\/wp.unil.ch\/labelettres\/echoes-and-frequencies-tele-visions-and-wireless-technologies-19th-21st-centuries\/\">Echoes and Frequencies: Tele-Visions and Wireless Technologies 19th-21st Centuries<\/a>\r\n\t\t<\/h2>\r\n\r\n\t\t\t<\/div>\r\n<\/div>\t<\/div>\r\n\t\t<div class=\"bdpp-paging bdpp-clearfix\">\r\n\t\t\r\n\t\t\t<div class=\"bdpp-load-more bdpp-post-load-more bdpp-ajax-btn-style\" data-conf=\"{&quot;grid&quot;:4,&quot;design&quot;:&quot;design-1&quot;,&quot;show_date&quot;:false,&quot;show_category&quot;:false,&quot;show_content&quot;:false,&quot;show_author&quot;:false,&quot;show_read_more&quot;:true,&quot;show_tags&quot;:false,&quot;show_comments&quot;:false,&quot;read_more_text&quot;:&quot;Lire la suite&quot;,&quot;effect&quot;:&quot;effect-1&quot;,&quot;media_size&quot;:&quot;medium&quot;,&quot;limit&quot;:20,&quot;content_words_limit&quot;:20,&quot;category&quot;:[],&quot;order&quot;:&quot;DESC&quot;,&quot;orderby&quot;:&quot;date&quot;,&quot;pagination&quot;:true,&quot;css_class&quot;:&quot;&quot;,&quot;custom_param_1&quot;:&quot;&quot;,&quot;custom_param_2&quot;:&quot;&quot;,&quot;shortcode&quot;:&quot;bdp_masonry&quot;,&quot;layout_id&quot;:null,&quot;multi_page&quot;:0,&quot;unique&quot;:1,&quot;paged&quot;:1,&quot;max_num_pages&quot;:60}\" data-paged=\"1\">Load More <i class=\"fa fa-chevron-down bdpp-load-more-icon\"><\/i> <span class=\"bdpp-loader\"><\/span><\/div>\r\n\r\n\t\t\t<\/div>\r\n<\/div>\n","protected":false},"excerpt":{"rendered":"<p>LabeLettres: les publications des chercheuses et chercheurs de la Facult\u00e9 des lettres de l&rsquo;Universit\u00e9 de Lausanne.<\/p>\n","protected":false},"author":1001334,"featured_media":0,"parent":0,"menu_order":0,"comment_status":"closed","ping_status":"closed","template":"","meta":{"_seopress_robots_primary_cat":"","_seopress_titles_title":"","_seopress_titles_desc":"","_seopress_robots_index":"","footnotes":""},"class_list":["post-32","page","type-page","status-publish"],"_links":{"self":[{"href":"https:\/\/wp.unil.ch\/labelettres\/wp-json\/wp\/v2\/pages\/32","targetHints":{"allow":["GET"]}}],"collection":[{"href":"https:\/\/wp.unil.ch\/labelettres\/wp-json\/wp\/v2\/pages"}],"about":[{"href":"https:\/\/wp.unil.ch\/labelettres\/wp-json\/wp\/v2\/types\/page"}],"author":[{"embeddable":true,"href":"https:\/\/wp.unil.ch\/labelettres\/wp-json\/wp\/v2\/users\/1001334"}],"replies":[{"embeddable":true,"href":"https:\/\/wp.unil.ch\/labelettres\/wp-json\/wp\/v2\/comments?post=32"}],"version-history":[{"count":3,"href":"https:\/\/wp.unil.ch\/labelettres\/wp-json\/wp\/v2\/pages\/32\/revisions"}],"predecessor-version":[{"id":13717,"href":"https:\/\/wp.unil.ch\/labelettres\/wp-json\/wp\/v2\/pages\/32\/revisions\/13717"}],"wp:attachment":[{"href":"https:\/\/wp.unil.ch\/labelettres\/wp-json\/wp\/v2\/media?parent=32"}],"curies":[{"name":"wp","href":"https:\/\/api.w.org\/{rel}","templated":true}]}}