{"id":2913,"date":"2018-03-22T16:06:48","date_gmt":"2018-03-22T15:06:48","guid":{"rendered":"http:\/\/wp.unil.ch\/labelettres\/?page_id=2913"},"modified":"2021-08-24T09:11:36","modified_gmt":"2021-08-24T07:11:36","slug":"a-propos","status":"publish","type":"page","link":"https:\/\/wp.unil.ch\/labelettres\/a-propos\/","title":{"rendered":"\u00c0 propos"},"content":{"rendered":"\n<p>La plateforme LabeLettres pr\u00e9sente les publications des chercheuses et chercheurs de la&nbsp;<a href=\"https:\/\/www.unil.ch\/lettres\">Facult\u00e9 des lettres de l\u2019UNIL<\/a>.<\/p>\n\n\n\n<p>Destin\u00e9 au grand public et aux m\u00e9dias, le site recense les ouvrages en quatre cat\u00e9gories qui recoupent les domaines de recherche et d\u2019enseignement de la Facult\u00e9 (arts et m\u00e9dias, langues et litt\u00e9ratures, sciences historiques et sciences th\u00e9oriques). Par cons\u00e9quent, un m\u00eame ouvrage peut se retrouver dans plusieurs cat\u00e9gories \u00e0 la fois.<\/p>\n\n\n\n<p>Contact :&nbsp;<a href=\"mailto:labelettres@unil.ch\">labelettres@unil.ch<\/a><\/p>\n","protected":false},"excerpt":{"rendered":"<p>LabeLettres: les publications des chercheuses et chercheurs de la Facult\u00e9 des lettres de l&rsquo;Universit\u00e9 de Lausanne.<\/p>\n","protected":false},"author":1001334,"featured_media":0,"parent":0,"menu_order":0,"comment_status":"closed","ping_status":"closed","template":"","meta":{"_seopress_robots_primary_cat":"","_seopress_titles_title":"","_seopress_titles_desc":"","_seopress_robots_index":"","footnotes":""},"class_list":["post-2913","page","type-page","status-publish"],"_links":{"self":[{"href":"https:\/\/wp.unil.ch\/labelettres\/wp-json\/wp\/v2\/pages\/2913","targetHints":{"allow":["GET"]}}],"collection":[{"href":"https:\/\/wp.unil.ch\/labelettres\/wp-json\/wp\/v2\/pages"}],"about":[{"href":"https:\/\/wp.unil.ch\/labelettres\/wp-json\/wp\/v2\/types\/page"}],"author":[{"embeddable":true,"href":"https:\/\/wp.unil.ch\/labelettres\/wp-json\/wp\/v2\/users\/1001334"}],"replies":[{"embeddable":true,"href":"https:\/\/wp.unil.ch\/labelettres\/wp-json\/wp\/v2\/comments?post=2913"}],"version-history":[{"count":0,"href":"https:\/\/wp.unil.ch\/labelettres\/wp-json\/wp\/v2\/pages\/2913\/revisions"}],"wp:attachment":[{"href":"https:\/\/wp.unil.ch\/labelettres\/wp-json\/wp\/v2\/media?parent=2913"}],"curies":[{"name":"wp","href":"https:\/\/api.w.org\/{rel}","templated":true}]}}