{"id":14867,"date":"2025-07-23T11:24:30","date_gmt":"2025-07-23T09:24:30","guid":{"rendered":"https:\/\/wp.unil.ch\/labelettres\/?page_id=14867"},"modified":"2025-07-23T11:24:32","modified_gmt":"2025-07-23T09:24:32","slug":"romain-bionda","status":"publish","type":"page","link":"https:\/\/wp.unil.ch\/labelettres\/romain-bionda\/","title":{"rendered":"Romain\u00a0Bionda"},"content":{"rendered":"\n<p><em>Cette liste recense les ouvrages r\u00e9f\u00e9renc\u00e9s sur LabeLettres. Pour acc\u00e9der \u00e0 l\u2019ensemble des publications scientifiques, veuillez consulter <strong><a href=\"https:\/\/iris.unil.ch\/entities\/person\/romainbionda\" target=\"_blank\" rel=\"noreferrer noopener\">IRIS, la plateforme de la recherche institutionnelle<\/a><\/strong>.<\/em><\/p>\n\n\n\n<div style=\"height:20px\" aria-hidden=\"true\" class=\"wp-block-spacer\"><\/div>\n\n\n\n\n<div class=\"su-posts su-posts-teaser-loop \">\n\n\t\t\t\t\t\t\n\t\t\t\n\t\t\t<div id=\"su-post-15962\" class=\"su-post \">\n\t\t\t\t\t\t\t\t\t<a class=\"su-post-thumbnail\" href=\"https:\/\/wp.unil.ch\/labelettres\/retour-vers-le-vivant-valoriser-les-archives-filmiques-et-sonores-des-arts-du-spectacle\/\"><img loading=\"lazy\" decoding=\"async\" width=\"800\" height=\"1200\" src=\"https:\/\/wp.unil.ch\/labelettres\/files\/2026\/02\/2026-fra-cet-retour-vers-le-vivant-couv.jpg\" class=\"attachment-post-thumbnail size-post-thumbnail wp-post-image\" alt=\"2026 fra cet retour vers le vivant couv\" srcset=\"https:\/\/wp.unil.ch\/labelettres\/files\/2026\/02\/2026-fra-cet-retour-vers-le-vivant-couv.jpg 800w, https:\/\/wp.unil.ch\/labelettres\/files\/2026\/02\/2026-fra-cet-retour-vers-le-vivant-couv-435x653.jpg 435w, https:\/\/wp.unil.ch\/labelettres\/files\/2026\/02\/2026-fra-cet-retour-vers-le-vivant-couv-768x1152.jpg 768w\" sizes=\"auto, (max-width: 800px) 100vw, 800px\" \/><\/a>\n\t\t\t\t\t\t\t\t<h2 class=\"su-post-title\"><a href=\"https:\/\/wp.unil.ch\/labelettres\/retour-vers-le-vivant-valoriser-les-archives-filmiques-et-sonores-des-arts-du-spectacle\/\">Retour vers le vivant: valoriser les archives filmiques et sonores des arts du spectacle<\/a><\/h2>\n\t\t\t<\/div>\n\n\t\t\t\t\t\n\t\t\t\n\t\t\t<div id=\"su-post-13245\" class=\"su-post \">\n\t\t\t\t\t\t\t\t\t<a class=\"su-post-thumbnail\" href=\"https:\/\/wp.unil.ch\/labelettres\/femmes-de-spectacle-danse-opera-theatre-creation-representation-et-sociabilite-au-feminin-1650-1914\/\"><img loading=\"lazy\" decoding=\"async\" width=\"791\" height=\"1200\" src=\"https:\/\/wp.unil.ch\/labelettres\/files\/2024\/11\/BIONDA_2024_femmes-spectacle_cover.jpg\" class=\"attachment-post-thumbnail size-post-thumbnail wp-post-image\" alt=\"\" srcset=\"https:\/\/wp.unil.ch\/labelettres\/files\/2024\/11\/BIONDA_2024_femmes-spectacle_cover.jpg 791w, https:\/\/wp.unil.ch\/labelettres\/files\/2024\/11\/BIONDA_2024_femmes-spectacle_cover-435x660.jpg 435w, https:\/\/wp.unil.ch\/labelettres\/files\/2024\/11\/BIONDA_2024_femmes-spectacle_cover-768x1165.jpg 768w\" sizes=\"auto, (max-width: 791px) 100vw, 791px\" \/><\/a>\n\t\t\t\t\t\t\t\t<h2 class=\"su-post-title\"><a href=\"https:\/\/wp.unil.ch\/labelettres\/femmes-de-spectacle-danse-opera-theatre-creation-representation-et-sociabilite-au-feminin-1650-1914\/\">Femmes de spectacle (danse, op\u00e9ra, th\u00e9\u00e2tre). Cr\u00e9ation, repr\u00e9sentation et sociabilit\u00e9 au f\u00e9minin, 1650-1914<\/a><\/h2>\n\t\t\t<\/div>\n\n\t\t\t\t\t\n\t\t\t\n\t\t\t<div id=\"su-post-13201\" class=\"su-post \">\n\t\t\t\t\t\t\t\t\t<a class=\"su-post-thumbnail\" href=\"https:\/\/wp.unil.ch\/labelettres\/la-verite-sur-le-multivers\/\"><img loading=\"lazy\" decoding=\"async\" width=\"853\" height=\"1200\" src=\"https:\/\/wp.unil.ch\/labelettres\/files\/2024\/09\/BIONDA_2024_multivers_cover.jpeg\" class=\"attachment-post-thumbnail size-post-thumbnail wp-post-image\" alt=\"\" srcset=\"https:\/\/wp.unil.ch\/labelettres\/files\/2024\/09\/BIONDA_2024_multivers_cover.jpeg 853w, https:\/\/wp.unil.ch\/labelettres\/files\/2024\/09\/BIONDA_2024_multivers_cover-435x612.jpeg 435w, https:\/\/wp.unil.ch\/labelettres\/files\/2024\/09\/BIONDA_2024_multivers_cover-768x1080.jpeg 768w\" sizes=\"auto, (max-width: 853px) 100vw, 853px\" \/><\/a>\n\t\t\t\t\t\t\t\t<h2 class=\"su-post-title\"><a href=\"https:\/\/wp.unil.ch\/labelettres\/la-verite-sur-le-multivers\/\">La V\u00e9rit\u00e9 sur le Multivers<\/a><\/h2>\n\t\t\t<\/div>\n\n\t\t\t\t\t\n\t\t\t\n\t\t\t<div id=\"su-post-12531\" class=\"su-post \">\n\t\t\t\t\t\t\t\t\t<a class=\"su-post-thumbnail\" href=\"https:\/\/wp.unil.ch\/labelettres\/thebadweeds-hyperliens\/\"><img loading=\"lazy\" decoding=\"async\" width=\"826\" height=\"1200\" src=\"https:\/\/wp.unil.ch\/labelettres\/files\/2023\/10\/BIONDA_2023_Thebadweeds_cover.jpg\" class=\"attachment-post-thumbnail size-post-thumbnail wp-post-image\" alt=\"\" srcset=\"https:\/\/wp.unil.ch\/labelettres\/files\/2023\/10\/BIONDA_2023_Thebadweeds_cover.jpg 826w, https:\/\/wp.unil.ch\/labelettres\/files\/2023\/10\/BIONDA_2023_Thebadweeds_cover-435x632.jpg 435w, https:\/\/wp.unil.ch\/labelettres\/files\/2023\/10\/BIONDA_2023_Thebadweeds_cover-768x1116.jpg 768w\" sizes=\"auto, (max-width: 826px) 100vw, 826px\" \/><\/a>\n\t\t\t\t\t\t\t\t<h2 class=\"su-post-title\"><a href=\"https:\/\/wp.unil.ch\/labelettres\/thebadweeds-hyperliens\/\">THEBADWEEDS #HYPERLIENS<\/a><\/h2>\n\t\t\t<\/div>\n\n\t\t\t\t\t\n\t\t\t\n\t\t\t<div id=\"su-post-12327\" class=\"su-post \">\n\t\t\t\t\t\t\t\t\t<a class=\"su-post-thumbnail\" href=\"https:\/\/wp.unil.ch\/labelettres\/publier-la-litterature-le-texte-et-ses-medias-edition-exposition-performance\/\"><img loading=\"lazy\" decoding=\"async\" width=\"1000\" height=\"1563\" src=\"https:\/\/wp.unil.ch\/labelettres\/files\/2023\/06\/BIONDA_2023_publier_cover.png\" class=\"attachment-post-thumbnail size-post-thumbnail wp-post-image\" alt=\"\" srcset=\"https:\/\/wp.unil.ch\/labelettres\/files\/2023\/06\/BIONDA_2023_publier_cover.png 1000w, https:\/\/wp.unil.ch\/labelettres\/files\/2023\/06\/BIONDA_2023_publier_cover-435x680.png 435w, https:\/\/wp.unil.ch\/labelettres\/files\/2023\/06\/BIONDA_2023_publier_cover-768x1200.png 768w, https:\/\/wp.unil.ch\/labelettres\/files\/2023\/06\/BIONDA_2023_publier_cover-983x1536.png 983w\" sizes=\"auto, (max-width: 1000px) 100vw, 1000px\" \/><\/a>\n\t\t\t\t\t\t\t\t<h2 class=\"su-post-title\"><a href=\"https:\/\/wp.unil.ch\/labelettres\/publier-la-litterature-le-texte-et-ses-medias-edition-exposition-performance\/\">Publier la litt\u00e9rature: le texte et ses m\u00e9dias (\u00e9dition, exposition, performance)<\/a><\/h2>\n\t\t\t<\/div>\n\n\t\t\t\t\t\n\t\t\t\n\t\t\t<div id=\"su-post-11207\" class=\"su-post \">\n\t\t\t\t\t\t\t\t\t<a class=\"su-post-thumbnail\" href=\"https:\/\/wp.unil.ch\/labelettres\/le-theatre-de-science-fiction-premiers-elements-de-cartographie\/\"><img loading=\"lazy\" decoding=\"async\" width=\"1000\" height=\"1563\" src=\"https:\/\/wp.unil.ch\/labelettres\/files\/2022\/01\/BIONDA_2021_Theatre-SF_cover.png\" class=\"attachment-post-thumbnail size-post-thumbnail wp-post-image\" alt=\"\" srcset=\"https:\/\/wp.unil.ch\/labelettres\/files\/2022\/01\/BIONDA_2021_Theatre-SF_cover.png 1000w, https:\/\/wp.unil.ch\/labelettres\/files\/2022\/01\/BIONDA_2021_Theatre-SF_cover-435x680.png 435w, https:\/\/wp.unil.ch\/labelettres\/files\/2022\/01\/BIONDA_2021_Theatre-SF_cover-768x1200.png 768w, https:\/\/wp.unil.ch\/labelettres\/files\/2022\/01\/BIONDA_2021_Theatre-SF_cover-983x1536.png 983w\" sizes=\"auto, (max-width: 1000px) 100vw, 1000px\" \/><\/a>\n\t\t\t\t\t\t\t\t<h2 class=\"su-post-title\"><a href=\"https:\/\/wp.unil.ch\/labelettres\/le-theatre-de-science-fiction-premiers-elements-de-cartographie\/\">Le Th\u00e9\u00e2tre de science-fiction. Premiers \u00e9l\u00e9ments de cartographie<\/a><\/h2>\n\t\t\t<\/div>\n\n\t\t\t\t\t\n\t\t\t\n\t\t\t<div id=\"su-post-8283\" class=\"su-post \">\n\t\t\t\t\t\t\t\t\t<a class=\"su-post-thumbnail\" href=\"https:\/\/wp.unil.ch\/labelettres\/les-etudes-theatrales-a-lintersection-des-disciplines\/\"><img loading=\"lazy\" decoding=\"async\" width=\"1000\" height=\"1563\" src=\"https:\/\/wp.unil.ch\/labelettres\/files\/2020\/06\/BIONDA_Etudes_theatrales_cover.png\" class=\"attachment-post-thumbnail size-post-thumbnail wp-post-image\" alt=\"\" srcset=\"https:\/\/wp.unil.ch\/labelettres\/files\/2020\/06\/BIONDA_Etudes_theatrales_cover.png 1000w, https:\/\/wp.unil.ch\/labelettres\/files\/2020\/06\/BIONDA_Etudes_theatrales_cover-435x680.png 435w, https:\/\/wp.unil.ch\/labelettres\/files\/2020\/06\/BIONDA_Etudes_theatrales_cover-768x1200.png 768w, https:\/\/wp.unil.ch\/labelettres\/files\/2020\/06\/BIONDA_Etudes_theatrales_cover-983x1536.png 983w\" sizes=\"auto, (max-width: 1000px) 100vw, 1000px\" \/><\/a>\n\t\t\t\t\t\t\t\t<h2 class=\"su-post-title\"><a href=\"https:\/\/wp.unil.ch\/labelettres\/les-etudes-theatrales-a-lintersection-des-disciplines\/\">Les \u00e9tudes th\u00e9\u00e2trales \u00e0 l&rsquo;intersection des disciplines<\/a><\/h2>\n\t\t\t<\/div>\n\n\t\t\t\t\t\n\t\t\t\n\t\t\t<div id=\"su-post-6146\" class=\"su-post \">\n\t\t\t\t\t\t\t\t\t<a class=\"su-post-thumbnail\" href=\"https:\/\/wp.unil.ch\/labelettres\/la-mort-de-lauteur\/\"><img loading=\"lazy\" decoding=\"async\" width=\"768\" height=\"1200\" src=\"https:\/\/wp.unil.ch\/labelettres\/files\/2019\/07\/BIONDA_Mort_auteur_cover.jpg\" class=\"attachment-post-thumbnail size-post-thumbnail wp-post-image\" alt=\"\" srcset=\"https:\/\/wp.unil.ch\/labelettres\/files\/2019\/07\/BIONDA_Mort_auteur_cover.jpg 768w, https:\/\/wp.unil.ch\/labelettres\/files\/2019\/07\/BIONDA_Mort_auteur_cover-435x680.jpg 435w\" sizes=\"auto, (max-width: 768px) 100vw, 768px\" \/><\/a>\n\t\t\t\t\t\t\t\t<h2 class=\"su-post-title\"><a href=\"https:\/\/wp.unil.ch\/labelettres\/la-mort-de-lauteur\/\">La Mort de l&rsquo;auteur<\/a><\/h2>\n\t\t\t<\/div>\n\n\t\t\t\t\t\n\t\t\t\n\t\t\t<div id=\"su-post-5454\" class=\"su-post \">\n\t\t\t\t\t\t\t\t\t<a class=\"su-post-thumbnail\" href=\"https:\/\/wp.unil.ch\/labelettres\/faire-litterature-usages-et-pratiques-du-litteraire-xixe-xxie-siecles\/\"><img loading=\"lazy\" decoding=\"async\" width=\"608\" height=\"1024\" src=\"https:\/\/wp.unil.ch\/labelettres\/files\/2019\/03\/BIONDA_ET_AL_Faire_litt_couv_final.jpg\" class=\"attachment-post-thumbnail size-post-thumbnail wp-post-image\" alt=\"\" srcset=\"https:\/\/wp.unil.ch\/labelettres\/files\/2019\/03\/BIONDA_ET_AL_Faire_litt_couv_final.jpg 608w, https:\/\/wp.unil.ch\/labelettres\/files\/2019\/03\/BIONDA_ET_AL_Faire_litt_couv_final-435x733.jpg 435w\" sizes=\"auto, (max-width: 608px) 100vw, 608px\" \/><\/a>\n\t\t\t\t\t\t\t\t<h2 class=\"su-post-title\"><a href=\"https:\/\/wp.unil.ch\/labelettres\/faire-litterature-usages-et-pratiques-du-litteraire-xixe-xxie-siecles\/\">Faire litt\u00e9rature. Usages et pratiques du litt\u00e9raire (XIXe-XXIe si\u00e8cles)<\/a><\/h2>\n\t\t\t<\/div>\n\n\t\t\t\t\t\n\t\t\t\n\t\t\t<div id=\"su-post-5463\" class=\"su-post \">\n\t\t\t\t\t\t\t\t\t<a class=\"su-post-thumbnail\" href=\"https:\/\/wp.unil.ch\/labelettres\/les-conditions-du-theatre-un-etat-de-la-recherche\/\"><img loading=\"lazy\" decoding=\"async\" width=\"843\" height=\"1200\" src=\"https:\/\/wp.unil.ch\/labelettres\/files\/2017\/03\/BIONDA_Conditions_theatre_3_couv-copie.jpg\" class=\"attachment-post-thumbnail size-post-thumbnail wp-post-image\" alt=\"\" srcset=\"https:\/\/wp.unil.ch\/labelettres\/files\/2017\/03\/BIONDA_Conditions_theatre_3_couv-copie.jpg 843w, https:\/\/wp.unil.ch\/labelettres\/files\/2017\/03\/BIONDA_Conditions_theatre_3_couv-copie-435x619.jpg 435w, https:\/\/wp.unil.ch\/labelettres\/files\/2017\/03\/BIONDA_Conditions_theatre_3_couv-copie-768x1093.jpg 768w\" sizes=\"auto, (max-width: 843px) 100vw, 843px\" \/><\/a>\n\t\t\t\t\t\t\t\t<h2 class=\"su-post-title\"><a href=\"https:\/\/wp.unil.ch\/labelettres\/les-conditions-du-theatre-un-etat-de-la-recherche\/\">Les Conditions du th\u00e9\u00e2tre : un \u00e9tat de la recherche<\/a><\/h2>\n\t\t\t<\/div>\n\n\t\t\t\t\t\n\t\t\t\n\t\t\t<div id=\"su-post-5461\" class=\"su-post \">\n\t\t\t\t\t\t\t\t\t<a class=\"su-post-thumbnail\" href=\"https:\/\/wp.unil.ch\/labelettres\/les-conditions-du-theatre-la-theatralisation\/\"><img loading=\"lazy\" decoding=\"async\" width=\"850\" height=\"1200\" src=\"https:\/\/wp.unil.ch\/labelettres\/files\/2017\/02\/BIONDA_Conditions_theatre_2_couv.jpg\" class=\"attachment-post-thumbnail size-post-thumbnail wp-post-image\" alt=\"\" srcset=\"https:\/\/wp.unil.ch\/labelettres\/files\/2017\/02\/BIONDA_Conditions_theatre_2_couv.jpg 850w, https:\/\/wp.unil.ch\/labelettres\/files\/2017\/02\/BIONDA_Conditions_theatre_2_couv-435x614.jpg 435w, https:\/\/wp.unil.ch\/labelettres\/files\/2017\/02\/BIONDA_Conditions_theatre_2_couv-768x1084.jpg 768w\" sizes=\"auto, (max-width: 850px) 100vw, 850px\" \/><\/a>\n\t\t\t\t\t\t\t\t<h2 class=\"su-post-title\"><a href=\"https:\/\/wp.unil.ch\/labelettres\/les-conditions-du-theatre-la-theatralisation\/\">Les Conditions du th\u00e9\u00e2tre : la th\u00e9\u00e2tralisation<\/a><\/h2>\n\t\t\t<\/div>\n\n\t\t\t\t\t\n\t\t\t\n\t\t\t<div id=\"su-post-5457\" class=\"su-post \">\n\t\t\t\t\t\t\t\t\t<a class=\"su-post-thumbnail\" href=\"https:\/\/wp.unil.ch\/labelettres\/les-conditions-du-theatre-le-theatralisable-et-le-theatralise\/\"><img loading=\"lazy\" decoding=\"async\" width=\"845\" height=\"1200\" src=\"https:\/\/wp.unil.ch\/labelettres\/files\/2019\/03\/BIONDA_Conditions_theatre_1_couv.jpg\" class=\"attachment-post-thumbnail size-post-thumbnail wp-post-image\" alt=\"\" srcset=\"https:\/\/wp.unil.ch\/labelettres\/files\/2019\/03\/BIONDA_Conditions_theatre_1_couv.jpg 845w, https:\/\/wp.unil.ch\/labelettres\/files\/2019\/03\/BIONDA_Conditions_theatre_1_couv-435x618.jpg 435w, https:\/\/wp.unil.ch\/labelettres\/files\/2019\/03\/BIONDA_Conditions_theatre_1_couv-768x1091.jpg 768w\" sizes=\"auto, (max-width: 845px) 100vw, 845px\" \/><\/a>\n\t\t\t\t\t\t\t\t<h2 class=\"su-post-title\"><a href=\"https:\/\/wp.unil.ch\/labelettres\/les-conditions-du-theatre-le-theatralisable-et-le-theatralise\/\">Les Conditions du th\u00e9\u00e2tre : le th\u00e9\u00e2tralisable et le th\u00e9\u00e2tralis\u00e9<\/a><\/h2>\n\t\t\t<\/div>\n\n\t\t\t\n<\/div>\n\n","protected":false},"excerpt":{"rendered":"<p>Cette liste recense les ouvrages r\u00e9f\u00e9renc\u00e9s sur LabeLettres. Pour acc\u00e9der \u00e0 l\u2019ensemble des publications scientifiques, veuillez consulter IRIS, la plateforme de la recherche institutionnelle.<\/p>\n","protected":false},"author":1002938,"featured_media":0,"parent":0,"menu_order":0,"comment_status":"closed","ping_status":"closed","template":"","meta":{"_seopress_robots_primary_cat":"","_seopress_titles_title":"","_seopress_titles_desc":"","_seopress_robots_index":"","footnotes":""},"class_list":["post-14867","page","type-page","status-publish"],"_links":{"self":[{"href":"https:\/\/wp.unil.ch\/labelettres\/wp-json\/wp\/v2\/pages\/14867","targetHints":{"allow":["GET"]}}],"collection":[{"href":"https:\/\/wp.unil.ch\/labelettres\/wp-json\/wp\/v2\/pages"}],"about":[{"href":"https:\/\/wp.unil.ch\/labelettres\/wp-json\/wp\/v2\/types\/page"}],"author":[{"embeddable":true,"href":"https:\/\/wp.unil.ch\/labelettres\/wp-json\/wp\/v2\/users\/1002938"}],"replies":[{"embeddable":true,"href":"https:\/\/wp.unil.ch\/labelettres\/wp-json\/wp\/v2\/comments?post=14867"}],"version-history":[{"count":1,"href":"https:\/\/wp.unil.ch\/labelettres\/wp-json\/wp\/v2\/pages\/14867\/revisions"}],"predecessor-version":[{"id":14868,"href":"https:\/\/wp.unil.ch\/labelettres\/wp-json\/wp\/v2\/pages\/14867\/revisions\/14868"}],"wp:attachment":[{"href":"https:\/\/wp.unil.ch\/labelettres\/wp-json\/wp\/v2\/media?parent=14867"}],"curies":[{"name":"wp","href":"https:\/\/api.w.org\/{rel}","templated":true}]}}