{"id":11434,"date":"2022-04-12T16:52:20","date_gmt":"2022-04-12T14:52:20","guid":{"rendered":"https:\/\/wp.unil.ch\/labelettres\/?page_id=11434"},"modified":"2026-03-26T17:48:52","modified_gmt":"2026-03-26T16:48:52","slug":"abonnez-vous-a-notre-newsletter","status":"publish","type":"page","link":"https:\/\/wp.unil.ch\/labelettres\/abonnez-vous-a-notre-newsletter\/","title":{"rendered":"Abonnez-vous \u00e0 notre lettre d&rsquo;information!"},"content":{"rendered":"\n<div class=\"wp-block-columns is-layout-flex wp-container-core-columns-is-layout-9d6595d7 wp-block-columns-is-layout-flex\">\n<div class=\"wp-block-column is-layout-flow wp-block-column-is-layout-flow\" style=\"flex-basis:100%\">\n<div class=\"wp-block-columns is-layout-flex wp-container-core-columns-is-layout-9d6595d7 wp-block-columns-is-layout-flex\">\n<div class=\"wp-block-column is-layout-flow wp-block-column-is-layout-flow\" style=\"flex-basis:66.66%\">\n<p>Huit fois par an, recevez directement les derni\u00e8res actualit\u00e9s en mati\u00e8re de publications des chercheuses et des chercheurs de la Facult\u00e9 des lettres de l&rsquo;Universit\u00e9 de Lausanne.<\/p>\n\n\n\n<p>Retrouvez dans chaque envoi les rubriques :<\/p>\n\n\n\n<p><strong>Sur la cha\u00eene :<\/strong> une autrice ou un auteur vous parler de son dernier livre.<br><strong>En questions :<\/strong> toutes nos derni\u00e8res parutions r\u00e9sum\u00e9es en une question.<br><strong>Dans la presse :<\/strong> une s\u00e9lection des \u00e9chos dans les m\u00e9dias en lien avec des ouvrages r\u00e9cents.<br><strong>\u00c0 l&rsquo;agenda :<\/strong> les prochaines rencontres organis\u00e9es autour des publications de la Facult\u00e9.<br><strong>D&rsquo;un clic :<\/strong> une ressource en ligne d\u00e9velopp\u00e9e au sein de la Facult\u00e9.<\/p>\n\n\n\n<p>Abonnez-vous, c&rsquo;est gratuit! (<a href=\"https:\/\/wp.unil.ch\/labelettres?mailpoet_router&amp;endpoint=view_in_browser&amp;action=view&amp;data=WzYyLCJiNDRkNDE2NDFhODYiLDAsMCwwLDFd\" data-type=\"URL\" data-id=\"https:\/\/wp.unil.ch\/labelettres?mailpoet_router&amp;endpoint=view_in_browser&amp;action=view&amp;data=WzYyLCJiNDRkNDE2NDFhODYiLDAsMCwwLDFd\" target=\"_blank\" rel=\"noreferrer noopener\">lire un exemple<\/a>)<\/p>\n\n\n  \n  \n  <div class=\"\n    mailpoet_form_popup_overlay\n      \"><\/div>\n  <div\n    id=\"mailpoet_form_3\"\n    class=\"\n      mailpoet_form\n      mailpoet_form_html\n      mailpoet_form_position_\n      mailpoet_form_animation_\n    \"\n      >\n\n    <style type=\"text\/css\">\n     #mailpoet_form_3 .mailpoet_form {  }\n#mailpoet_form_3 .mailpoet_column_with_background { padding: 10px; }\n#mailpoet_form_3 .mailpoet_form_column:not(:first-child) { margin-left: 20px; }\n#mailpoet_form_3 .mailpoet_paragraph { line-height: 20px; margin-bottom: 20px; }\n#mailpoet_form_3 .mailpoet_segment_label, #mailpoet_form_3 .mailpoet_text_label, #mailpoet_form_3 .mailpoet_textarea_label, #mailpoet_form_3 .mailpoet_select_label, #mailpoet_form_3 .mailpoet_radio_label, #mailpoet_form_3 .mailpoet_checkbox_label, #mailpoet_form_3 .mailpoet_list_label, #mailpoet_form_3 .mailpoet_date_label { display: block; font-weight: normal; }\n#mailpoet_form_3 .mailpoet_text, #mailpoet_form_3 .mailpoet_textarea, #mailpoet_form_3 .mailpoet_select, #mailpoet_form_3 .mailpoet_date_month, #mailpoet_form_3 .mailpoet_date_day, #mailpoet_form_3 .mailpoet_date_year, #mailpoet_form_3 .mailpoet_date { display: block; }\n#mailpoet_form_3 .mailpoet_text, #mailpoet_form_3 .mailpoet_textarea { width: 200px; }\n#mailpoet_form_3 .mailpoet_checkbox {  }\n#mailpoet_form_3 .mailpoet_submit {  }\n#mailpoet_form_3 .mailpoet_divider {  }\n#mailpoet_form_3 .mailpoet_message {  }\n#mailpoet_form_3 .mailpoet_form_loading { width: 30px; text-align: center; line-height: normal; }\n#mailpoet_form_3 .mailpoet_form_loading > span { width: 5px; height: 5px; background-color: #5b5b5b; }#mailpoet_form_3{;}#mailpoet_form_3 .mailpoet_message {margin: 0; padding: 0 20px;}#mailpoet_form_3 .mailpoet_paragraph.last {margin-bottom: 0} @media (max-width: 500px) {#mailpoet_form_3 {background-image: none;}} @media (min-width: 500px) {#mailpoet_form_3 .last .mailpoet_paragraph:last-child {margin-bottom: 0}}  @media (max-width: 500px) {#mailpoet_form_3 .mailpoet_form_column:last-child .mailpoet_paragraph:last-child {margin-bottom: 0}} \n    <\/style>\n\n    <form\n      target=\"_self\"\n      method=\"post\"\n      action=\"https:\/\/wp.unil.ch\/labelettres\/wp-admin\/admin-post.php?action=mailpoet_subscription_form\"\n      class=\"mailpoet_form mailpoet_form_form mailpoet_form_html\"\n      novalidate\n      data-delay=\"\"\n      data-exit-intent-enabled=\"\"\n      data-font-family=\"\"\n      data-cookie-expiration-time=\"\"\n    >\n      <input type=\"hidden\" name=\"data[form_id]\" value=\"3\" \/>\n      <input type=\"hidden\" name=\"token\" value=\"fc1669b223\" \/>\n      <input type=\"hidden\" name=\"api_version\" value=\"v1\" \/>\n      <input type=\"hidden\" name=\"endpoint\" value=\"subscribers\" \/>\n      <input type=\"hidden\" name=\"mailpoet_method\" value=\"subscribe\" \/>\n\n      <label class=\"mailpoet_hp_email_label\" style=\"display: none !important;\">Veuillez laisser ce champ vide<input type=\"email\" name=\"data[email]\"\/><\/label><div class=\"mailpoet_paragraph\"><label for=\"form_email_3\" class=\"mailpoet_text_label\"  data-automation-id=\"form_email_label\" >E-mail&nbsp;<span class=\"mailpoet_required\" aria-hidden=\"true\">*<\/span><\/label><input type=\"email\" autocomplete=\"email\" class=\"mailpoet_text\" id=\"form_email_3\" name=\"data[form_field_NjA2YWFiNTA1YzljX2VtYWls]\" title=\"E-mail\" value=\"\" data-automation-id=\"form_email\" data-parsley-errors-container=\".mailpoet_error_10pvv\" data-parsley-required=\"true\" required aria-required=\"true\" data-parsley-minlength=\"6\" data-parsley-maxlength=\"150\" data-parsley-type-message=\"Cette valeur doit \u00eatre un e-mail valide.\" data-parsley-required-message=\"Ce champ est n\u00e9cessaire.\"\/><span class=\"mailpoet_error_10pvv\"><\/span><\/div>\n<div class=\"mailpoet_paragraph\"><input type=\"submit\" class=\"mailpoet_submit\" value=\"Je m\u2019abonne\u00a0!\" data-automation-id=\"subscribe-submit-button\" style=\"border-color:transparent;\" \/><span class=\"mailpoet_form_loading\"><span class=\"mailpoet_bounce1\"><\/span><span class=\"mailpoet_bounce2\"><\/span><span class=\"mailpoet_bounce3\"><\/span><\/span><\/div>\n\n      <div class=\"mailpoet_message\">\n        <p class=\"mailpoet_validate_success\"\n                style=\"display:none;\"\n                >V\u00e9rifiez votre boite de r\u00e9ception ou votre r\u00e9pertoire d\u2019ind\u00e9sirables pour confirmer votre abonnement.\n        <\/p>\n        <p class=\"mailpoet_validate_error\"\n                style=\"display:none;\"\n                >        <\/p>\n      <\/div>\n    <\/form>\n\n      <\/div>\n\n  \n\n\n<p>Pour vous d\u00e9sabonner \u00e0 LabeLettres, pri\u00e8re d\u2019\u00e9crire \u00e0 <a href=\"mailto:labelettres@unil.ch\" data-type=\"mailto\" data-id=\"mailto:labelettres@unil.ch\">labelettres@unil.ch<\/a>.<br>Cette option est uniquement disponible aux abonn\u00e9es et abonn\u00e9s non membres de la Facult\u00e9 des lettres.<\/p>\n<\/div>\n\n\n\n<div class=\"wp-block-column is-layout-flow wp-block-column-is-layout-flow\" style=\"flex-basis:33.33%\">\n<figure class=\"wp-block-image size-full\"><img alt=\"\" loading=\"lazy\" decoding=\"async\" width=\"475\" height=\"408\" src=\"https:\/\/wp.unil.ch\/labelettres\/files\/2022\/09\/abo-newsletter-e1662038493258.png\" alt=\"\" class=\"wp-image-11796\" srcset=\"https:\/\/wp.unil.ch\/labelettres\/files\/2022\/09\/abo-newsletter-e1662038493258.png 475w, https:\/\/wp.unil.ch\/labelettres\/files\/2022\/09\/abo-newsletter-e1662038493258-435x374.png 435w\" sizes=\"auto, (max-width: 475px) 100vw, 475px\" \/><\/figure>\n<\/div>\n<\/div>\n\n\n\n<h6 class=\"wp-block-heading\"><strong>Anciens num\u00e9ros<\/strong><\/h6>\n\n\n\n<ul class=\"wp-block-list\">\n<li>N\u00b066 <a href=\"https:\/\/wp.unil.ch\/labelettres?mailpoet_router&amp;endpoint=view_in_browser&amp;action=view&amp;data=WzkzLCIwZDYxZDJmOGZiODIiLDAsMCwwLDFd\" target=\"_blank\" rel=\"noreferrer noopener\">Entre ville utopique et r\u00e9alit\u00e9 (mars 2026)<\/a><\/li>\n\n\n\n<li>N\u00b065 <a href=\"https:\/\/wp.unil.ch\/labelettres?mailpoet_router&amp;endpoint=view_in_browser&amp;action=view&amp;data=WzkyLCI5ODRjYmFhOTcxMWUiLDAsMCw3MCwxXQ\" target=\"_blank\" rel=\"noreferrer noopener\">Des Romands sous les ordres de Bonaparte (F\u00e9vrier 2026)<\/a><\/li>\n\n\n\n<li>N\u00b064 <a href=\"https:\/\/wp.unil.ch\/labelettres?mailpoet_router&amp;endpoint=view_in_browser&amp;action=view&amp;data=WzkxLCI1YTU3Y2ExN2MyMjkiLDAsMCw2OSwxXQ\" target=\"_blank\" rel=\"noreferrer noopener\">Des livres \u00e0 glisser sous le sapin (d\u00e9cembre 2025)<\/a><\/li>\n\n\n\n<li>N\u00b063 <a href=\"https:\/\/wp.unil.ch\/labelettres?mailpoet_router&amp;endpoint=view_in_browser&amp;action=view&amp;data=Wzg5LCJhODJlZjU0NThiYjgiLDAsMCw2OCwxXQ\" target=\"_blank\" rel=\"noreferrer noopener\">Po\u00e8tes francophones d&rsquo;Am\u00e9rique latine (d\u00e9cembre 2025)<\/a><\/li>\n\n\n\n<li>N\u00b062 <a href=\"https:\/\/wp.unil.ch\/labelettres?mailpoet_router&amp;endpoint=view_in_browser&amp;action=view&amp;data=Wzg4LCJkNmM1MjUwMTI4MzciLDQyODk4LCJhMGI5YTkiLDY3LDBd\" target=\"_blank\" rel=\"noreferrer noopener\">Henri Roorda. Envers, en prose et contre tout (octobre 2025)<\/a><\/li>\n\n\n\n<li>N\u00b061 <a href=\"https:\/\/wp.unil.ch\/labelettres?mailpoet_router&amp;endpoint=view_in_browser&amp;action=view&amp;data=Wzg3LCI1YmVhN2U2MmNlZmIiLDAsMCwwLDFd\" target=\"_blank\" rel=\"noreferrer noopener\">De l\u2019orbite au territoire helv\u00e9tique (septembre 2025)<\/a><\/li>\n\n\n\n<li>N\u00b060 <a href=\"https:\/\/wp.unil.ch\/labelettres?mailpoet_router&amp;endpoint=view_in_browser&amp;action=view&amp;data=Wzg1LCJjYTQzZDU5ZGRlMGQiLDAsMCw2NCwxXQ\" target=\"_blank\" rel=\"noreferrer noopener\">La l\u00e9gende du Graal chez Jacques Roubaud (juin 2025)<\/a><\/li>\n\n\n\n<li>N\u00b059 <a href=\"https:\/\/wp.unil.ch\/labelettres?mailpoet_router&amp;endpoint=view_in_browser&amp;action=view&amp;data=Wzg0LCIwNzg0ZTAxMGYyNWYiLDAsMCw2MywxXQ\" data-type=\"link\" data-id=\"https:\/\/wp.unil.ch\/labelettres?mailpoet_router&amp;endpoint=view_in_browser&amp;action=view&amp;data=Wzg0LCIwNzg0ZTAxMGYyNWYiLDAsMCw2MywxXQ\" target=\"_blank\" rel=\"noreferrer noopener\">Revoir et red\u00e9couvrir Alain Tanner (avril 2025)<\/a><\/li>\n\n\n\n<li>N\u00b058 <a href=\"https:\/\/wp.unil.ch\/labelettres?mailpoet_router&amp;endpoint=view_in_browser&amp;action=view&amp;data=WzgyLCIzNmI1ODIyNjQ4MTQiLDQyODk4LCJhMGI5YTkiLDYxLDBd\" data-type=\"link\" data-id=\"https:\/\/wp.unil.ch\/labelettres?mailpoet_router&amp;endpoint=view_in_browser&amp;action=view&amp;data=WzgyLCIzNmI1ODIyNjQ4MTQiLDQyODk4LCJhMGI5YTkiLDYxLDBd\" target=\"_blank\" rel=\"noreferrer noopener\">Le nocturne \u00e9clair\u00e9 par la musicologie et l&rsquo;histoire de l&rsquo;art (mars 2025)<\/a><\/li>\n\n\n\n<li>N\u00b057 <a href=\"https:\/\/wp.unil.ch\/labelettres?mailpoet_router&amp;endpoint=view_in_browser&amp;action=view&amp;data=WzgxLCI4YTk2MmY2ZjEwOWMiLDQyODk4LCJhMGI5YTkiLDYwLDBd\" data-type=\"link\" data-id=\"https:\/\/wp.unil.ch\/labelettres?mailpoet_router&amp;endpoint=view_in_browser&amp;action=view&amp;data=WzgxLCI4YTk2MmY2ZjEwOWMiLDQyODk4LCJhMGI5YTkiLDYwLDBd\">Grains de folie sous le sapin (d\u00e9cembre 2024)<\/a><\/li>\n\n\n\n<li>N\u00b056 <a href=\"https:\/\/wp.unil.ch\/labelettres?mailpoet_router&amp;endpoint=view_in_browser&amp;action=view&amp;data=WzgwLCI0ZTNiZDBhZmVjZDYiLDQyODk4LCJhMGI5YTkiLDU5LDBd\" data-type=\"link\" data-id=\"https:\/\/wp.unil.ch\/labelettres?mailpoet_router&amp;endpoint=view_in_browser&amp;action=view&amp;data=WzgwLCI0ZTNiZDBhZmVjZDYiLDQyODk4LCJhMGI5YTkiLDU5LDBd\" target=\"_blank\" rel=\"noreferrer noopener\">La riche histoire architecturale de l&rsquo;Ouest lausannois (septembre 2024)<\/a><\/li>\n\n\n\n<li>N\u00b055 <a href=\"https:\/\/wp.unil.ch\/labelettres?mailpoet_router&amp;endpoint=view_in_browser&amp;action=view&amp;data=Wzc5LCIzMTI3ZjhiZDZkMDkiLDAsMCw1OCwxXQ\" data-type=\"link\" data-id=\"https:\/\/wp.unil.ch\/labelettres?mailpoet_router&amp;endpoint=view_in_browser&amp;action=view&amp;data=Wzc5LCIzMTI3ZjhiZDZkMDkiLDAsMCw1OCwxXQ\" target=\"_blank\" rel=\"noreferrer noopener\">Qu&rsquo;est-ce qu&rsquo;un personnage? (juin 2024)<\/a><\/li>\n\n\n\n<li>N\u00b054 <a href=\"https:\/\/wp.unil.ch\/labelettres?mailpoet_router&amp;endpoint=view_in_browser&amp;action=view&amp;data=Wzc4LCI5MWE1MTZjYmY0MDciLDAsMCw1NywxXQ\" data-type=\"link\" data-id=\"https:\/\/wp.unil.ch\/labelettres?mailpoet_router&amp;endpoint=view_in_browser&amp;action=view&amp;data=Wzc4LCI5MWE1MTZjYmY0MDciLDAsMCw1NywxXQ\" target=\"_blank\" rel=\"noreferrer noopener\">Le pupitre et le scrutin (avril 2024)<\/a><\/li>\n\n\n\n<li>N\u00b053 <a href=\"https:\/\/wp.unil.ch\/labelettres?mailpoet_router&amp;endpoint=view_in_browser&amp;action=view&amp;data=Wzc3LCI2ZTAzOWU1N2UxZjEiLDAsMCw1NiwxXQ\" data-type=\"link\" data-id=\"https:\/\/wp.unil.ch\/labelettres?mailpoet_router&amp;endpoint=view_in_browser&amp;action=view&amp;data=Wzc3LCI2ZTAzOWU1N2UxZjEiLDAsMCw1NiwxXQ\" target=\"_blank\" rel=\"noreferrer noopener\">Connaissez-vous Antoine Meillet? (mars 2024)<\/a><\/li>\n\n\n\n<li>N\u00b052 <a href=\"https:\/\/wp.unil.ch\/labelettres?mailpoet_router&amp;endpoint=view_in_browser&amp;action=view&amp;data=Wzc2LCI0MTU2N2U3NjM5Y2EiLDAsMCw1NSwxXQ\" data-type=\"link\" data-id=\"https:\/\/wp.unil.ch\/labelettres?mailpoet_router&amp;endpoint=view_in_browser&amp;action=view&amp;data=Wzc2LCI0MTU2N2U3NjM5Y2EiLDAsMCw1NSwxXQ\" target=\"_blank\" rel=\"noreferrer noopener\">L&rsquo;\u00e9clat d&rsquo;une plume (f\u00e9vrier 2024)<\/a><\/li>\n\n\n\n<li>N\u00b051 <a href=\"https:\/\/wp.unil.ch\/labelettres?mailpoet_router&amp;endpoint=view_in_browser&amp;action=view&amp;data=Wzc1LCJiOTUwYjM5Y2I0ZmEiLDAsMCw1NCwxXQ\" data-type=\"link\" data-id=\"https:\/\/wp.unil.ch\/labelettres?mailpoet_router&amp;endpoint=view_in_browser&amp;action=view&amp;data=Wzc1LCJiOTUwYjM5Y2I0ZmEiLDAsMCw1NCwxXQ\" target=\"_blank\" rel=\"noreferrer noopener\">Des livres \u00e0 glisser sous le sapin (d\u00e9cembre 2023)<\/a><\/li>\n\n\n\n<li>N\u00b050 <a href=\"https:\/\/wp.unil.ch\/labelettres?mailpoet_router&amp;endpoint=view_in_browser&amp;action=view&amp;data=Wzc0LCI4ZGU5YjBkYTM2ZDUiLDAsMCw1MywxXQ\" data-type=\"link\" data-id=\"https:\/\/wp.unil.ch\/labelettres?mailpoet_router&amp;endpoint=view_in_browser&amp;action=view&amp;data=Wzc0LCI4ZGU5YjBkYTM2ZDUiLDAsMCw1MywxXQ\" target=\"_blank\" rel=\"noreferrer noopener\">Pas de langue de bois! (novembre 2023)<\/a><\/li>\n\n\n\n<li>N\u00b049 <a href=\"https:\/\/wp.unil.ch\/labelettres?mailpoet_router&amp;endpoint=view_in_browser&amp;action=view&amp;data=WzczLCI3MGJlNThlNWU2YmEiLDAsMCw1MiwxXQ\" data-type=\"link\" data-id=\"https:\/\/wp.unil.ch\/labelettres?mailpoet_router&amp;endpoint=view_in_browser&amp;action=view&amp;data=WzczLCI3MGJlNThlNWU2YmEiLDAsMCw1MiwxXQ\" target=\"_blank\" rel=\"noreferrer noopener\">Cousins germains (octobre 2023)<\/a><\/li>\n\n\n\n<li>N\u00b048 <a href=\"https:\/\/wp.unil.ch\/labelettres?mailpoet_router&amp;endpoint=view_in_browser&amp;action=view&amp;data=WzcyLCIwMzk1MjBiOWRhOTUiLDAsMCw1MSwxXQ\" data-type=\"link\" data-id=\"https:\/\/wp.unil.ch\/labelettres?mailpoet_router&amp;endpoint=view_in_browser&amp;action=view&amp;data=WzcyLCIwMzk1MjBiOWRhOTUiLDAsMCw1MSwxXQ\" target=\"_blank\" rel=\"noreferrer noopener\">Culture vid\u00e9oludique (septembre 2023)<\/a><\/li>\n\n\n\n<li>N\u00b047 <a href=\"https:\/\/wp.unil.ch\/labelettres?mailpoet_router&amp;endpoint=view_in_browser&amp;action=view&amp;data=WzcxLCJkMzg3MDBlNjRhNDUiLDAsMCw1MCwxXQ\" data-type=\"link\" data-id=\"https:\/\/wp.unil.ch\/labelettres?mailpoet_router&amp;endpoint=view_in_browser&amp;action=view&amp;data=WzcxLCJkMzg3MDBlNjRhNDUiLDAsMCw1MCwxXQ\" target=\"_blank\" rel=\"noreferrer noopener\">Machines \u00e0 \u00e9crire (juin 2023)<\/a><\/li>\n\n\n\n<li>N\u00b046 <a href=\"https:\/\/wp.unil.ch\/labelettres?mailpoet_router&amp;endpoint=view_in_browser&amp;action=view&amp;data=WzcwLCJkMGYxMjQ1MDk1ZDYiLDAsMCw0OSwxXQ\" data-type=\"link\" data-id=\"https:\/\/wp.unil.ch\/labelettres?mailpoet_router&amp;endpoint=view_in_browser&amp;action=view&amp;data=WzcwLCJkMGYxMjQ1MDk1ZDYiLDAsMCw0OSwxXQ\" target=\"_blank\" rel=\"noreferrer noopener\">La t\u00e9l\u00e9vision avant la TV (avril 2023)<\/a><\/li>\n\n\n\n<li>N\u00b045 <a href=\"https:\/\/wp.unil.ch\/labelettres?mailpoet_router&amp;endpoint=view_in_browser&amp;action=view&amp;data=WzY4LCI0N2ZmOGNhZjMxZjQiLDAsMCw0OCwxXQ\" data-type=\"link\" data-id=\"https:\/\/wp.unil.ch\/labelettres?mailpoet_router&amp;endpoint=view_in_browser&amp;action=view&amp;data=WzY4LCI0N2ZmOGNhZjMxZjQiLDAsMCw0OCwxXQ\" target=\"_blank\" rel=\"noreferrer noopener\">Vous ne parlez pas (encore) hindi? (mars 2023)<\/a><\/li>\n\n\n\n<li>N\u00b044 <a href=\"https:\/\/wp.unil.ch\/labelettres?mailpoet_router&amp;endpoint=view_in_browser&amp;action=view&amp;data=WzY3LCJlMjVlZjkxYTc2MzMiLDAsMCw0NywxXQ\" data-type=\"link\" data-id=\"https:\/\/wp.unil.ch\/labelettres?mailpoet_router&amp;endpoint=view_in_browser&amp;action=view&amp;data=WzY3LCJlMjVlZjkxYTc2MzMiLDAsMCw0NywxXQ\" target=\"_blank\" rel=\"noreferrer noopener\">La lyre multim\u00e9dia (f\u00e9vrier 2023)<\/a><\/li>\n\n\n\n<li>N\u00b043 <a href=\"https:\/\/wp.unil.ch\/labelettres?mailpoet_router&amp;endpoint=view_in_browser&amp;action=view&amp;data=WzY2LCI4MjQyY2UzNzU0ZGMiLDAsMCw0NiwxXQ\" data-type=\"link\" data-id=\"https:\/\/wp.unil.ch\/labelettres?mailpoet_router&amp;endpoint=view_in_browser&amp;action=view&amp;data=WzY2LCI4MjQyY2UzNzU0ZGMiLDAsMCw0NiwxXQ\" target=\"_blank\" rel=\"noreferrer noopener\">Des livres \u00e0 glisser sous le sapin (d\u00e9cembre 2022)<\/a><\/li>\n\n\n\n<li>N\u00b042 <a href=\"https:\/\/wp.unil.ch\/labelettres?mailpoet_router&amp;endpoint=view_in_browser&amp;action=view&amp;data=WzY1LCJhZDExZjVkYzE5OTUiLDAsMCw0NSwxXQ\" data-type=\"link\" data-id=\"https:\/\/wp.unil.ch\/labelettres?mailpoet_router&amp;endpoint=view_in_browser&amp;action=view&amp;data=WzY1LCJhZDExZjVkYzE5OTUiLDAsMCw0NSwxXQ\" target=\"_blank\" rel=\"noreferrer noopener\">La l\u00e9gende de sainte Catherine d&rsquo;Alexandrie (novembre 2022)<\/a><\/li>\n\n\n\n<li>N\u00b041 <a href=\"https:\/\/wp.unil.ch\/labelettres?mailpoet_router&amp;endpoint=view_in_browser&amp;action=view&amp;data=WzY0LCIxZTU4OTQ4Njg3M2EiLDAsMCw0NCwxXQ\" data-type=\"link\" data-id=\"https:\/\/wp.unil.ch\/labelettres?mailpoet_router&amp;endpoint=view_in_browser&amp;action=view&amp;data=WzY0LCIxZTU4OTQ4Njg3M2EiLDAsMCw0NCwxXQ\" target=\"_blank\" rel=\"noreferrer noopener\">Moli\u00e8re souffle ses 400 bougies (octobre 2022)<\/a><\/li>\n\n\n\n<li>N\u00b040 <a href=\"https:\/\/wp.unil.ch\/labelettres?mailpoet_router&amp;endpoint=view_in_browser&amp;action=view&amp;data=WzYyLCJiNDRkNDE2NDFhODYiLDAsMCw0MywxXQ\" data-type=\"link\" data-id=\"https:\/\/wp.unil.ch\/labelettres?mailpoet_router&amp;endpoint=view_in_browser&amp;action=view&amp;data=WzYyLCJiNDRkNDE2NDFhODYiLDAsMCw0MywxXQ\" target=\"_blank\" rel=\"noreferrer noopener\">L&rsquo;enseignement de la BD et les nouveaut\u00e9s de la rentr\u00e9e (septembre 2022)<\/a><\/li>\n<\/ul>\n<\/div>\n<\/div>\n\n\n\n<p><\/p>\n","protected":false},"excerpt":{"rendered":"<p>Huit fois par an, recevez directement les derni\u00e8res actualit\u00e9s en mati\u00e8re de publications des chercheuses et des chercheurs de la Facult\u00e9 des lettres de l&rsquo;Universit\u00e9 de Lausanne. Retrouvez dans chaque envoi les rubriques : Sur la cha\u00eene : une autrice<\/p>\n","protected":false},"author":719,"featured_media":0,"parent":0,"menu_order":0,"comment_status":"closed","ping_status":"closed","template":"","meta":{"_seopress_robots_primary_cat":"","_seopress_titles_title":"","_seopress_titles_desc":"","_seopress_robots_index":"","footnotes":""},"class_list":["post-11434","page","type-page","status-publish"],"_links":{"self":[{"href":"https:\/\/wp.unil.ch\/labelettres\/wp-json\/wp\/v2\/pages\/11434","targetHints":{"allow":["GET"]}}],"collection":[{"href":"https:\/\/wp.unil.ch\/labelettres\/wp-json\/wp\/v2\/pages"}],"about":[{"href":"https:\/\/wp.unil.ch\/labelettres\/wp-json\/wp\/v2\/types\/page"}],"author":[{"embeddable":true,"href":"https:\/\/wp.unil.ch\/labelettres\/wp-json\/wp\/v2\/users\/719"}],"replies":[{"embeddable":true,"href":"https:\/\/wp.unil.ch\/labelettres\/wp-json\/wp\/v2\/comments?post=11434"}],"version-history":[{"count":4,"href":"https:\/\/wp.unil.ch\/labelettres\/wp-json\/wp\/v2\/pages\/11434\/revisions"}],"predecessor-version":[{"id":16137,"href":"https:\/\/wp.unil.ch\/labelettres\/wp-json\/wp\/v2\/pages\/11434\/revisions\/16137"}],"wp:attachment":[{"href":"https:\/\/wp.unil.ch\/labelettres\/wp-json\/wp\/v2\/media?parent=11434"}],"curies":[{"name":"wp","href":"https:\/\/api.w.org\/{rel}","templated":true}]}}