{"id":684,"date":"2024-07-05T11:40:07","date_gmt":"2024-07-05T09:40:07","guid":{"rendered":"https:\/\/wp.unil.ch\/lab\/?page_id=684"},"modified":"2025-01-20T21:40:31","modified_gmt":"2025-01-20T20:40:31","slug":"teams","status":"publish","type":"page","link":"https:\/\/wp.unil.ch\/lab\/teams\/","title":{"rendered":"Nos Teams"},"content":{"rendered":"\n<div class=\"wp-block-group alignwide\"><div class=\"wp-block-group__inner-container is-layout-constrained wp-block-group-is-layout-constrained\">\n<p class=\"has-text-align-left has-background\" style=\"background-color:#e8e5d178;font-size:21px;letter-spacing:3px;text-transform:none\">Le LAB est constitu\u00e9 de quatre teams ind\u00e9pendantes travaillant sous la coordination d&rsquo;un comit\u00e9 central. Chaque team &#8211; Estudiantine, Excursion, Manifestation et Workchope &#8211; apporte sa petite touche au LAB et organise de supers \u00e9v\u00e9nements pour les \u00e9tudiant\u00b7es.<\/p>\n\n\n\n<p class=\"has-text-align-center\" style=\"font-size:14px;letter-spacing:3px;text-transform:none\">Clique sur les boutons et d\u00e9couvre les \u00e9v\u00e9nements propos\u00e9s par chaque team !<\/p>\n<\/div><\/div>\n\n\n\n<div style=\"height:44px\" aria-hidden=\"true\" class=\"wp-block-spacer\"><\/div>\n\n\n\n<div class=\"wp-block-cover aligncenter has-parallax\" style=\"min-height:400px;aspect-ratio:unset;\"><span aria-hidden=\"true\" class=\"wp-block-cover__background has-light-background-background-color has-background-dim\"><\/span><div class=\"wp-block-cover__image-background wp-image-502 has-parallax\" style=\"background-position:50% 50%;background-image:url(https:\/\/wp.unil.ch\/lab\/files\/2023\/09\/IMG_9983.jpg)\"><\/div><div class=\"wp-block-cover__inner-container is-layout-flow wp-block-cover-is-layout-flow\">\n<div class=\"wp-block-group alignwide is-vertical is-content-justification-center is-layout-flex wp-container-core-group-is-layout-4b2eccd6 wp-block-group-is-layout-flex\">\n<div class=\"wp-block-buttons alignwide is-content-justification-center is-layout-flex wp-container-core-buttons-is-layout-5e6b19ed wp-block-buttons-is-layout-flex\">\n<div class=\"wp-block-button has-custom-width wp-block-button__width-100 has-custom-font-size is-style-outline has-large-font-size is-style-outline--1\" style=\"letter-spacing:2px;text-transform:uppercase\"><a class=\"wp-block-button__link has-accent-color has-text-color has-background has-text-align-center wp-element-button\" href=\"https:\/\/wp.unil.ch\/lab\/team-estu\/\" style=\"border-radius:100px;background-color:#d6b456de\"><strong>Team Estudiantine<\/strong> <strong>\u2192<\/strong><\/a><\/div>\n<\/div>\n\n\n\n<p class=\"has-text-align-center has-accent-color has-text-color has-link-color wp-elements-1571e7f5ac261c642c6de0bdb3ba77e0\" style=\"font-size:21px;letter-spacing:3px;text-transform:none\"><strong>La team Estu rend la vie des biologistes plus sereine et porte une attention particuli\u00e8re aux \u00e9tudiant\u00b7es de 1e ann\u00e9e<\/strong><\/p>\n<\/div>\n<\/div><\/div>\n\n\n\n<div style=\"height:44px\" aria-hidden=\"true\" class=\"wp-block-spacer\"><\/div>\n\n\n\n<div class=\"wp-block-cover aligncenter has-parallax\" style=\"min-height:400px;aspect-ratio:unset;\"><span aria-hidden=\"true\" class=\"wp-block-cover__background has-light-background-background-color has-background-dim\"><\/span><div class=\"wp-block-cover__image-background wp-image-1011 has-parallax\" style=\"background-position:50% 50%;background-image:url(https:\/\/wp.unil.ch\/lab\/files\/2024\/07\/fe50faf9-e953-4b52-96be-4b1e79292852.jpg)\"><\/div><div class=\"wp-block-cover__inner-container is-layout-flow wp-block-cover-is-layout-flow\">\n<div class=\"wp-block-group alignwide is-vertical is-content-justification-center is-layout-flex wp-container-core-group-is-layout-4b2eccd6 wp-block-group-is-layout-flex\">\n<div class=\"wp-block-buttons alignwide is-content-justification-center is-layout-flex wp-container-core-buttons-is-layout-5e6b19ed wp-block-buttons-is-layout-flex\">\n<div class=\"wp-block-button has-custom-width wp-block-button__width-100 has-custom-font-size is-style-outline has-large-font-size is-style-outline--2\" style=\"letter-spacing:2px;text-transform:uppercase\"><a class=\"wp-block-button__link has-accent-color has-text-color has-background has-text-align-center wp-element-button\" href=\"https:\/\/wp.unil.ch\/lab\/team-excu\/\" style=\"border-radius:100px;background-color:#d6b456de\">Team Excursion <strong>\u2192<\/strong><\/a><\/div>\n<\/div>\n\n\n\n<p class=\"has-text-align-center has-accent-color has-text-color has-link-color wp-elements-2d5c324d1e993f8538f4ac93848fc11b\" style=\"font-size:21px;letter-spacing:3px;text-transform:none\"><strong>Balades dans la nature, d\u00e9couvertes de mus\u00e9es, visite de labos : la team Excu fera tout pour satisfaire ta curiosit\u00e9 et ton besoin d&rsquo;aventure<\/strong><\/p>\n<\/div>\n<\/div><\/div>\n\n\n\n<div style=\"height:44px\" aria-hidden=\"true\" class=\"wp-block-spacer\"><\/div>\n\n\n\n<div class=\"wp-block-cover aligncenter has-parallax\" style=\"min-height:400px;aspect-ratio:unset;\"><span aria-hidden=\"true\" class=\"wp-block-cover__background has-light-background-background-color has-background-dim\"><\/span><div class=\"wp-block-cover__image-background wp-image-1388 has-parallax\" style=\"background-position:50% 50%;background-image:url(https:\/\/wp.unil.ch\/lab\/files\/2024\/07\/ecb9008b-c4ff-4ff0-9e86-001d56ce1255.jpg)\"><\/div><div class=\"wp-block-cover__inner-container is-layout-flow wp-block-cover-is-layout-flow\">\n<div class=\"wp-block-group alignwide is-vertical is-content-justification-center is-layout-flex wp-container-core-group-is-layout-4b2eccd6 wp-block-group-is-layout-flex\">\n<div class=\"wp-block-buttons alignwide is-content-justification-center is-layout-flex wp-container-core-buttons-is-layout-5e6b19ed wp-block-buttons-is-layout-flex\">\n<div class=\"wp-block-button has-custom-width wp-block-button__width-100 has-custom-font-size is-style-outline has-large-font-size is-style-outline--3\" style=\"letter-spacing:1px;text-transform:uppercase\"><a class=\"wp-block-button__link has-accent-color has-text-color has-background has-text-align-center wp-element-button\" href=\"https:\/\/wp.unil.ch\/lab\/team-manif\/\" style=\"border-radius:100px;background-color:#d6b456de\">Team Manifestation <strong>\u2192<\/strong><\/a><\/div>\n<\/div>\n\n\n\n<p class=\"has-text-align-center has-accent-color has-text-color has-link-color wp-elements-3fd2ea68dfc591c9ee333900ffeda6da\" style=\"font-size:21px;letter-spacing:3px;text-transform:none\"><strong>Rejoins la team Manif pour passer une b\u00eate de soir\u00e9e et te foutre une mine m\u00e9morable !<\/strong><\/p>\n<\/div>\n<\/div><\/div>\n\n\n\n<div style=\"height:44px\" aria-hidden=\"true\" class=\"wp-block-spacer\"><\/div>\n\n\n\n<div class=\"wp-block-cover aligncenter has-parallax\" style=\"min-height:400px;aspect-ratio:unset;\"><span aria-hidden=\"true\" class=\"wp-block-cover__background has-light-background-background-color has-background-dim\"><\/span><div class=\"wp-block-cover__image-background wp-image-1009 has-parallax\" style=\"background-position:50% 50%;background-image:url(https:\/\/wp.unil.ch\/lab\/files\/2024\/07\/wc.jpg)\"><\/div><div class=\"wp-block-cover__inner-container is-layout-flow wp-block-cover-is-layout-flow\">\n<div class=\"wp-block-group alignwide is-vertical is-content-justification-center is-layout-flex wp-container-core-group-is-layout-4b2eccd6 wp-block-group-is-layout-flex\">\n<div class=\"wp-block-buttons alignwide is-content-justification-center is-layout-flex wp-container-core-buttons-is-layout-5e6b19ed wp-block-buttons-is-layout-flex\">\n<div class=\"wp-block-button has-custom-width wp-block-button__width-100 has-custom-font-size is-style-outline has-large-font-size is-style-outline--4\" style=\"letter-spacing:2px;text-transform:uppercase\"><a class=\"wp-block-button__link has-accent-color has-text-color has-background has-text-align-center wp-element-button\" href=\"https:\/\/wp.unil.ch\/lab\/team-workchope\/\" style=\"border-radius:100px;background-color:#d6b456de\">Team workchope <strong>\u2192<\/strong><\/a><\/div>\n<\/div>\n\n\n\n<p class=\"has-text-align-center has-accent-color has-text-color has-link-color wp-elements-fb9d8c6841a7b72580beec930232d9a9\" style=\"font-size:21px;letter-spacing:3px;text-transform:none\"><strong>Grand\u00b7es amateur\u00b7ices de binch&rsquo;, tous les \u00e9v\u00e9nements de la team Workchope orbitent autour de la bi\u00e8re<\/strong><\/p>\n<\/div>\n<\/div><\/div>\n","protected":false},"excerpt":{"rendered":"<p>Le LAB est constitu\u00e9 de quatre teams ind\u00e9pendantes travaillant sous la coordination d&rsquo;un comit\u00e9 central. Chaque team &#8211; Estudiantine, Excursion, Manifestation et Workchope &#8211; apporte sa petite touche&hellip;<\/p>\n","protected":false},"author":1002825,"featured_media":0,"parent":0,"menu_order":0,"comment_status":"closed","ping_status":"closed","template":"template-full-width.php","meta":{"_seopress_robots_primary_cat":"","_seopress_titles_title":"","_seopress_titles_desc":"","_seopress_robots_index":"","footnotes":""},"class_list":["post-684","page","type-page","status-publish","has-post-thumbnail"],"_links":{"self":[{"href":"https:\/\/wp.unil.ch\/lab\/wp-json\/wp\/v2\/pages\/684","targetHints":{"allow":["GET"]}}],"collection":[{"href":"https:\/\/wp.unil.ch\/lab\/wp-json\/wp\/v2\/pages"}],"about":[{"href":"https:\/\/wp.unil.ch\/lab\/wp-json\/wp\/v2\/types\/page"}],"author":[{"embeddable":true,"href":"https:\/\/wp.unil.ch\/lab\/wp-json\/wp\/v2\/users\/1002825"}],"replies":[{"embeddable":true,"href":"https:\/\/wp.unil.ch\/lab\/wp-json\/wp\/v2\/comments?post=684"}],"version-history":[{"count":5,"href":"https:\/\/wp.unil.ch\/lab\/wp-json\/wp\/v2\/pages\/684\/revisions"}],"predecessor-version":[{"id":3189,"href":"https:\/\/wp.unil.ch\/lab\/wp-json\/wp\/v2\/pages\/684\/revisions\/3189"}],"wp:attachment":[{"href":"https:\/\/wp.unil.ch\/lab\/wp-json\/wp\/v2\/media?parent=684"}],"curies":[{"name":"wp","href":"https:\/\/api.w.org\/{rel}","templated":true}]}}