{"id":310,"date":"2023-07-26T16:16:04","date_gmt":"2023-07-26T14:16:04","guid":{"rendered":"https:\/\/wp.unil.ch\/lab\/?page_id=310"},"modified":"2025-09-11T11:46:05","modified_gmt":"2025-09-11T09:46:05","slug":"partenaires","status":"publish","type":"page","link":"https:\/\/wp.unil.ch\/lab\/partenaires\/","title":{"rendered":"Nos partenaires"},"content":{"rendered":"\n<p class=\"has-text-align-center has-background has-normal-font-size\" style=\"background-color:#e8e5d178;letter-spacing:3px;text-transform:none\">Le LAB a la chance de pouvoir compter sur des partenaires qui partagent ses valeurs. Ces collaborations nous permettent de te proposer des \u00e9v\u00e8nements de dingus ainsi que des offres juteuses.<\/p>\n\n\n\n<div class=\"wp-block-group is-layout-grid wp-container-core-group-is-layout-da7a6a80 wp-block-group-is-layout-grid\">\n<div class=\"wp-block-group has-background is-vertical is-content-justification-center is-layout-flex wp-container-core-group-is-layout-dae89687 wp-block-group-is-layout-flex\" style=\"background-color:#5f664591\">\n<figure class=\"wp-block-image size-full is-resized\"><img loading=\"lazy\" decoding=\"async\" width=\"263\" height=\"192\" src=\"https:\/\/wp.unil.ch\/lab\/files\/2025\/07\/download.png\" alt=\"download\" class=\"wp-image-3284\" style=\"object-fit:cover;width:250px;height:100px\" srcset=\"https:\/\/wp.unil.ch\/lab\/files\/2025\/07\/download.png 263w, https:\/\/wp.unil.ch\/lab\/files\/2025\/07\/download-16x12.png 16w\" sizes=\"auto, (max-width: 263px) 100vw, 263px\" \/><\/figure>\n\n\n\n<h3 class=\"wp-block-heading has-text-align-center\" style=\"text-transform:uppercase\">Brands for students<\/h3>\n\n\n\n<p class=\"has-text-align-left\"><em>Des offres all\u00e9chantes toutes les semaines, sp\u00e9cialement pour nous autres pauvres \u00e9tudiant\u00b7e\u00b7s<\/em><\/p>\n\n\n\n<div class=\"wp-block-buttons is-content-justification-center is-layout-flex wp-container-core-buttons-is-layout-14c487f4 wp-block-buttons-is-layout-flex\">\n<div class=\"wp-block-button is-style-outline is-style-outline--1\"><a class=\"wp-block-button__link has-white-color has-buttons-background-background-color has-text-color has-background has-small-font-size has-text-align-center has-custom-font-size wp-element-button\" href=\"https:\/\/brandsforstudents.ch\/fr\" style=\"border-radius:100px\" target=\"_blank\" rel=\"noreferrer noopener\">En savoir plus sur Brands for Students <strong>\u2192<\/strong><\/a><\/div>\n<\/div>\n<\/div>\n\n\n\n<div class=\"wp-block-group has-background is-vertical is-content-justification-center is-layout-flex wp-container-core-group-is-layout-dae89687 wp-block-group-is-layout-flex\" style=\"background-color:#5f664591\">\n<figure class=\"wp-block-image size-full is-resized\"><img loading=\"lazy\" decoding=\"async\" width=\"600\" height=\"280\" src=\"https:\/\/wp.unil.ch\/lab\/files\/2025\/09\/migros_logo.webp\" alt=\"migros logo\" class=\"wp-image-3397\" style=\"object-fit:cover;width:250px;height:100px\" srcset=\"https:\/\/wp.unil.ch\/lab\/files\/2025\/09\/migros_logo.webp 600w, https:\/\/wp.unil.ch\/lab\/files\/2025\/09\/migros_logo-300x140.webp 300w, https:\/\/wp.unil.ch\/lab\/files\/2025\/09\/migros_logo-18x8.webp 18w, https:\/\/wp.unil.ch\/lab\/files\/2025\/09\/migros_logo-540x252.webp 540w\" sizes=\"auto, (max-width: 600px) 100vw, 600px\" \/><\/figure>\n\n\n\n<h3 class=\"wp-block-heading has-text-align-center\" style=\"text-transform:uppercase\">MIGROS DORIGNY<\/h3>\n\n\n\n<p class=\"has-text-align-left\"><em>Un magasin directement sur le campus, que demander de plus ?<\/em><\/p>\n\n\n\n<div class=\"wp-block-buttons is-content-justification-center is-layout-flex wp-container-core-buttons-is-layout-14c487f4 wp-block-buttons-is-layout-flex\">\n<div class=\"wp-block-button is-style-outline is-style-outline--2\"><a class=\"wp-block-button__link has-white-color has-buttons-background-background-color has-text-color has-background has-small-font-size has-text-align-center has-custom-font-size wp-element-button\" href=\"https:\/\/vaud.migros.ch\/fr.html\" style=\"border-radius:100px\" target=\"_blank\" rel=\"noreferrer noopener\">En savoir plus sur Migros Dorigny \u2192<\/a><\/div>\n<\/div>\n<\/div>\n\n\n\n<div class=\"wp-block-group has-background wp-container-content-b4c5012d is-vertical is-content-justification-center is-layout-flex wp-container-core-group-is-layout-dae89687 wp-block-group-is-layout-flex\" style=\"background-color:#5f664591\">\n<figure class=\"wp-block-image size-full is-resized\"><img loading=\"lazy\" decoding=\"async\" width=\"200\" height=\"200\" src=\"https:\/\/wp.unil.ch\/lab\/files\/2025\/07\/1630576860759.jpeg\" alt=\"1630576860759\" class=\"wp-image-3283\" style=\"object-fit:cover;width:250px;height:100px\" srcset=\"https:\/\/wp.unil.ch\/lab\/files\/2025\/07\/1630576860759.jpeg 200w, https:\/\/wp.unil.ch\/lab\/files\/2025\/07\/1630576860759-150x150.jpeg 150w, https:\/\/wp.unil.ch\/lab\/files\/2025\/07\/1630576860759-12x12.jpeg 12w\" sizes=\"auto, (max-width: 200px) 100vw, 200px\" \/><\/figure>\n\n\n\n<h3 class=\"wp-block-heading has-text-align-center\" style=\"text-transform:uppercase\">Pro Natura Vaud<\/h3>\n\n\n\n<p class=\"has-text-align-left\"><em>Apprendre la th\u00e9orie c&rsquo;est bien, mais observer la nature par soi-m\u00eame c&rsquo;est quand m\u00eame vachement mieux, non?<\/em><\/p>\n\n\n\n<div class=\"wp-block-buttons is-content-justification-center is-layout-flex wp-container-core-buttons-is-layout-14c487f4 wp-block-buttons-is-layout-flex\">\n<div class=\"wp-block-button is-style-outline is-style-outline--3\"><a class=\"wp-block-button__link has-white-color has-buttons-background-background-color has-text-color has-background has-small-font-size has-custom-font-size wp-element-button\" href=\"https:\/\/www.pronatura-vd.ch\/fr\" style=\"border-radius:100px\" target=\"_blank\" rel=\"noreferrer noopener\">En savoir plus sur <strong>Pro Natura<\/strong> Vaud <strong>\u2192<\/strong><\/a><\/div>\n<\/div>\n<\/div>\n\n\n\n<div class=\"wp-block-group has-background is-vertical is-content-justification-center is-layout-flex wp-container-core-group-is-layout-dae89687 wp-block-group-is-layout-flex\" style=\"background-color:#5f664591\">\n<figure class=\"wp-block-image size-large is-resized\"><img loading=\"lazy\" decoding=\"async\" width=\"1024\" height=\"421\" src=\"https:\/\/wp.unil.ch\/lab\/files\/2025\/07\/75b26a1c5de58ee9140efff1d926feeb134fc337-1024x421.png\" alt=\"75b26a1c5de58ee9140efff1d926feeb134fc337\" class=\"wp-image-3282\" style=\"object-fit:cover;width:250px;height:100px\" srcset=\"https:\/\/wp.unil.ch\/lab\/files\/2025\/07\/75b26a1c5de58ee9140efff1d926feeb134fc337-1024x421.png 1024w, https:\/\/wp.unil.ch\/lab\/files\/2025\/07\/75b26a1c5de58ee9140efff1d926feeb134fc337-300x123.png 300w, https:\/\/wp.unil.ch\/lab\/files\/2025\/07\/75b26a1c5de58ee9140efff1d926feeb134fc337-768x315.png 768w, https:\/\/wp.unil.ch\/lab\/files\/2025\/07\/75b26a1c5de58ee9140efff1d926feeb134fc337-1536x631.png 1536w, https:\/\/wp.unil.ch\/lab\/files\/2025\/07\/75b26a1c5de58ee9140efff1d926feeb134fc337-2048x841.png 2048w, https:\/\/wp.unil.ch\/lab\/files\/2025\/07\/75b26a1c5de58ee9140efff1d926feeb134fc337-18x7.png 18w, https:\/\/wp.unil.ch\/lab\/files\/2025\/07\/75b26a1c5de58ee9140efff1d926feeb134fc337-540x222.png 540w, https:\/\/wp.unil.ch\/lab\/files\/2025\/07\/75b26a1c5de58ee9140efff1d926feeb134fc337-1080x444.png 1080w, https:\/\/wp.unil.ch\/lab\/files\/2025\/07\/75b26a1c5de58ee9140efff1d926feeb134fc337-1980x813.png 1980w\" sizes=\"auto, (max-width: 1024px) 100vw, 1024px\" \/><\/figure>\n\n\n\n<h3 class=\"wp-block-heading has-text-align-center\" style=\"text-transform:uppercase\">Puerto Mate<\/h3>\n\n\n\n<p class=\"has-text-align-left\"><em>M\u00e9ga bon mais \u00e0 consommer avec mod\u00e9ration (vous \u00eates adultes et responsables)<\/em><\/p>\n\n\n\n<div class=\"wp-block-buttons is-content-justification-center is-layout-flex wp-container-core-buttons-is-layout-14c487f4 wp-block-buttons-is-layout-flex\">\n<div class=\"wp-block-button is-style-outline is-style-outline--4\"><a class=\"wp-block-button__link has-white-color has-buttons-background-background-color has-text-color has-background has-small-font-size has-text-align-center has-custom-font-size wp-element-button\" href=\"https:\/\/www.puertomate.com\/fr\/\" style=\"border-radius:100px\" target=\"_blank\" rel=\"noreferrer noopener\">En savoir plus sur Puerto Mate <strong>\u2192<\/strong><\/a><\/div>\n<\/div>\n<\/div>\n\n\n\n<div class=\"wp-block-group has-background is-vertical is-content-justification-center is-layout-flex wp-container-core-group-is-layout-dae89687 wp-block-group-is-layout-flex\" style=\"background-color:#5f664591\">\n<figure class=\"wp-block-image size-large is-resized\"><img loading=\"lazy\" decoding=\"async\" width=\"1024\" height=\"403\" src=\"https:\/\/wp.unil.ch\/lab\/files\/2025\/07\/stoody-sharing-c68d3d29-1024x403.png\" alt=\"stoody sharing c68d3d29\" class=\"wp-image-3285\" style=\"object-fit:cover;width:250px;height:100px\" srcset=\"https:\/\/wp.unil.ch\/lab\/files\/2025\/07\/stoody-sharing-c68d3d29-1024x403.png 1024w, https:\/\/wp.unil.ch\/lab\/files\/2025\/07\/stoody-sharing-c68d3d29-300x118.png 300w, https:\/\/wp.unil.ch\/lab\/files\/2025\/07\/stoody-sharing-c68d3d29-768x302.png 768w, https:\/\/wp.unil.ch\/lab\/files\/2025\/07\/stoody-sharing-c68d3d29-1536x605.png 1536w, https:\/\/wp.unil.ch\/lab\/files\/2025\/07\/stoody-sharing-c68d3d29-18x7.png 18w, https:\/\/wp.unil.ch\/lab\/files\/2025\/07\/stoody-sharing-c68d3d29-540x213.png 540w, https:\/\/wp.unil.ch\/lab\/files\/2025\/07\/stoody-sharing-c68d3d29-1080x425.png 1080w, https:\/\/wp.unil.ch\/lab\/files\/2025\/07\/stoody-sharing-c68d3d29.png 1600w\" sizes=\"auto, (max-width: 1024px) 100vw, 1024px\" \/><\/figure>\n\n\n\n<h3 class=\"wp-block-heading has-text-align-center\" style=\"text-transform:uppercase\">STOODY<\/h3>\n\n\n\n<p class=\"has-text-align-left\"><em>Une carte \u00e9tudiante 2.0 qui offre plein de r\u00e9ducs, parce que la vie est d\u00e9j\u00e0 bien assez ch\u00e8re comme \u00e7a<\/em><\/p>\n\n\n\n<div class=\"wp-block-buttons is-content-justification-center is-layout-flex wp-container-core-buttons-is-layout-14c487f4 wp-block-buttons-is-layout-flex\">\n<div class=\"wp-block-button is-style-outline is-style-outline--5\"><a class=\"wp-block-button__link has-white-color has-buttons-background-background-color has-text-color has-background has-small-font-size has-text-align-center has-custom-font-size wp-element-button\" href=\"https:\/\/stoody.ch\/fr\" style=\"border-radius:100px\" target=\"_blank\" rel=\"noreferrer noopener\">En savoir plus sur Stoody<strong>\u2192<\/strong><\/a><\/div>\n<\/div>\n<\/div>\n<\/div>\n\n\n\n<p><\/p>\n","protected":false},"excerpt":{"rendered":"<p>Le LAB a la chance de pouvoir compter sur des partenaires qui partagent ses valeurs. Ces collaborations nous permettent de te proposer des \u00e9v\u00e8nements de dingus ainsi que&hellip;<\/p>\n","protected":false},"author":1002648,"featured_media":0,"parent":0,"menu_order":0,"comment_status":"closed","ping_status":"closed","template":"template-full-width.php","meta":{"_seopress_robots_primary_cat":"","_seopress_titles_title":"","_seopress_titles_desc":"","_seopress_robots_index":"","footnotes":""},"class_list":["post-310","page","type-page","status-publish","has-post-thumbnail"],"_links":{"self":[{"href":"https:\/\/wp.unil.ch\/lab\/wp-json\/wp\/v2\/pages\/310","targetHints":{"allow":["GET"]}}],"collection":[{"href":"https:\/\/wp.unil.ch\/lab\/wp-json\/wp\/v2\/pages"}],"about":[{"href":"https:\/\/wp.unil.ch\/lab\/wp-json\/wp\/v2\/types\/page"}],"author":[{"embeddable":true,"href":"https:\/\/wp.unil.ch\/lab\/wp-json\/wp\/v2\/users\/1002648"}],"replies":[{"embeddable":true,"href":"https:\/\/wp.unil.ch\/lab\/wp-json\/wp\/v2\/comments?post=310"}],"version-history":[{"count":5,"href":"https:\/\/wp.unil.ch\/lab\/wp-json\/wp\/v2\/pages\/310\/revisions"}],"predecessor-version":[{"id":3399,"href":"https:\/\/wp.unil.ch\/lab\/wp-json\/wp\/v2\/pages\/310\/revisions\/3399"}],"wp:attachment":[{"href":"https:\/\/wp.unil.ch\/lab\/wp-json\/wp\/v2\/media?parent=310"}],"curies":[{"name":"wp","href":"https:\/\/api.w.org\/{rel}","templated":true}]}}