{"id":704,"date":"2024-07-05T12:23:27","date_gmt":"2024-07-05T10:23:27","guid":{"rendered":"https:\/\/wp.unil.ch\/lab\/?page_id=704"},"modified":"2025-12-01T15:31:09","modified_gmt":"2025-12-01T14:31:09","slug":"team-excursion","status":"publish","type":"page","link":"https:\/\/wp.unil.ch\/lab\/en\/team-excursion\/","title":{"rendered":"Excursion team"},"content":{"rendered":"<p class=\"has-background\" style=\"background-color:#e8e5d178;font-size:21px;letter-spacing:3px;text-transform:none\">Nature walks, museum discoveries, lab visits: the Excu team specializes in organizing exploration outings. They'll go the extra mile to satisfy your curiosity and thirst for adventure<\/p>\n\n\n\n<div class=\"wp-block-group is-vertical is-content-justification-center is-layout-flex wp-container-core-group-is-layout-4b2eccd6 wp-block-group-is-layout-flex\">\n<p class=\"has-text-align-center\" style=\"font-size:14px;letter-spacing:1px\"><strong>Is your favourite event coming up soon?<\/strong><\/p>\n\n\n\n<div class=\"wp-block-buttons is-content-justification-center is-layout-flex wp-container-core-buttons-is-layout-16018d1d wp-block-buttons-is-layout-flex\">\n<div class=\"wp-block-button has-custom-width wp-block-button__width-75 is-style-outline is-style-outline--1\"><a class=\"wp-block-button__link has-accent-color has-text-color has-link-color has-small-font-size has-text-align-center has-custom-font-size wp-element-button\" href=\"https:\/\/wp.unil.ch\/lab\/en\/calendrier\/\" style=\"border-radius:100px\">Check out our upcoming events! <strong>\u2192<\/strong><\/a><\/div>\n<\/div>\n<\/div>\n\n\n\n<div class=\"wp-block-group\"><div class=\"wp-block-group__inner-container is-layout-constrained wp-block-group-is-layout-constrained\">\n<div class=\"wp-block-cover alignwide is-light\"><span aria-hidden=\"true\" class=\"wp-block-cover__background has-buttons-text-background-color has-background-dim-20 has-background-dim\"><\/span><div class=\"wp-block-cover__inner-container is-layout-flow wp-block-cover-is-layout-flow\">\n<div class=\"wp-block-group alignwide is-vertical is-content-justification-center is-layout-flex wp-container-core-group-is-layout-4b2eccd6 wp-block-group-is-layout-flex\">\n<div class=\"wp-block-cover alignwide has-parallax\" style=\"min-height:200px;aspect-ratio:unset;\"><div class=\"wp-block-cover__image-background wp-image-1351 has-parallax\" style=\"background-position:50% 50%;background-image:url(https:\/\/wp.unil.ch\/lab\/files\/2024\/07\/IMG_5681-e1720783077557.jpeg)\"><\/div><span aria-hidden=\"true\" class=\"wp-block-cover__background has-background-dim\" style=\"background-color:#282c1c\"><\/span><div class=\"wp-block-cover__inner-container is-layout-flow wp-block-cover-is-layout-flow\">\n<div class=\"wp-block-group\"><div class=\"wp-block-group__inner-container is-layout-constrained wp-block-group-is-layout-constrained\">\n<h2 class=\"wp-block-heading alignwide has-text-align-center\" style=\"font-size:45px;letter-spacing:5px\">Nature<\/h2>\n<\/div><\/div>\n<\/div><\/div>\n\n\n\n<p class=\"has-text-align-left has-accent-color has-text-color has-link-color has-normal-font-size wp-elements-9003e4a1afbfa093f04e366b24f0ca8a\"><em>Join the Excu team on nature walks through the region's nature reserves. You'll have the opportunity to observe the beautiful nature you study, and who knows, you may even have the chance to see some interesting species<\/em>.<\/p>\n<\/div>\n<\/div><\/div>\n<\/div><\/div>\n\n\n\n<div class=\"wp-block-group\"><div class=\"wp-block-group__inner-container is-layout-constrained wp-block-group-is-layout-constrained\">\n<div class=\"wp-block-cover alignwide is-light\"><span aria-hidden=\"true\" class=\"wp-block-cover__background has-buttons-text-background-color has-background-dim-20 has-background-dim\"><\/span><div class=\"wp-block-cover__inner-container is-layout-flow wp-block-cover-is-layout-flow\">\n<div class=\"wp-block-group alignwide is-vertical is-content-justification-center is-layout-flex wp-container-core-group-is-layout-4b2eccd6 wp-block-group-is-layout-flex\">\n<div class=\"wp-block-cover alignwide has-parallax\" style=\"min-height:200px;aspect-ratio:unset;\"><div class=\"wp-block-cover__image-background wp-image-1346 has-parallax\" style=\"background-position:50% 50%;background-image:url(https:\/\/wp.unil.ch\/lab\/files\/2024\/07\/WhatsApp-Image-2024-07-12-at-12.47.00.jpeg)\"><\/div><span aria-hidden=\"true\" class=\"wp-block-cover__background has-background-dim\" style=\"background-color:#282c1c\"><\/span><div class=\"wp-block-cover__inner-container is-layout-flow wp-block-cover-is-layout-flow\">\n<div class=\"wp-block-group\"><div class=\"wp-block-group__inner-container is-layout-constrained wp-block-group-is-layout-constrained\">\n<h2 class=\"wp-block-heading alignwide has-text-align-center\" style=\"font-size:45px;letter-spacing:5px\">Visits<\/h2>\n<\/div><\/div>\n<\/div><\/div>\n\n\n\n<p class=\"has-text-align-left has-accent-color has-text-color has-link-color has-normal-font-size wp-elements-86cbe91072f16a20f67280cf0f3fed94\"><em>Museums are full of hidden secrets behind their exhibitions. The Excu team allows you to uncover behind-the-scenes secrets and learn more about natural sciences<\/em>.<\/p>\n<\/div>\n<\/div><\/div>\n<\/div><\/div>\n\n\n\n<div class=\"wp-block-group\"><div class=\"wp-block-group__inner-container is-layout-constrained wp-block-group-is-layout-constrained\">\n<div class=\"wp-block-cover alignwide is-light\"><span aria-hidden=\"true\" class=\"wp-block-cover__background has-buttons-text-background-color has-background-dim-20 has-background-dim\"><\/span><div class=\"wp-block-cover__inner-container is-layout-flow wp-block-cover-is-layout-flow\">\n<div class=\"wp-block-group alignwide is-vertical is-content-justification-center is-layout-flex wp-container-core-group-is-layout-4b2eccd6 wp-block-group-is-layout-flex\">\n<div class=\"wp-block-cover alignwide has-parallax\" style=\"min-height:200px;aspect-ratio:unset;\"><div class=\"wp-block-cover__image-background wp-image-1358 has-parallax\" style=\"background-position:50% 50%;background-image:url(https:\/\/wp.unil.ch\/lab\/files\/2024\/07\/IMG_6005-e1720783487945.jpg)\"><\/div><span aria-hidden=\"true\" class=\"wp-block-cover__background has-background-dim\" style=\"background-color:#282c1c\"><\/span><div class=\"wp-block-cover__inner-container is-layout-flow wp-block-cover-is-layout-flow\">\n<div class=\"wp-block-group\"><div class=\"wp-block-group__inner-container is-layout-constrained wp-block-group-is-layout-constrained\">\n<h2 class=\"wp-block-heading alignwide has-text-align-center\" style=\"font-size:45px;letter-spacing:5px\">Labs<\/h2>\n<\/div><\/div>\n<\/div><\/div>\n\n\n\n<p class=\"has-text-align-left has-accent-color has-text-color has-link-color has-normal-font-size wp-elements-0195f83cf5b21eabc83b572445792766\"><em>Beyond classes, what does the work of a biologist really look like? Join the Excu team and UNIL professors to explore cutting-edge laboratories in their field<\/em>.<\/p>\n<\/div>\n<\/div><\/div>\n<\/div><\/div>\n\n\n\n<div class=\"wp-block-group has-background has-normal-font-size is-vertical is-content-justification-center is-layout-flex wp-container-core-group-is-layout-4b2eccd6 wp-block-group-is-layout-flex\" style=\"background-color:#e8e5d178;letter-spacing:3px;text-transform:none\">\n<p class=\"has-normal-font-size\"><strong>Gallery<\/strong><\/p>\n\n\n\n<div class=\"alignnormal\"><div id=\"metaslider-id-1866\" style=\"max-width: 800px; margin: 0 auto;\" class=\"ml-slider-3-108-0 metaslider metaslider-flex metaslider-1866 ml-slider has-dots-nav ms-theme-default\" role=\"region\" aria-label=\"Excu team\" data-height=\"500\" data-width=\"800\">\n    <div id=\"metaslider_container_1866\">\n        <div id=\"metaslider_1866\">\n            <ul class='slides'>\n                <li style=\"display: block; width: 100%;\" class=\"slide-1932 ms-image\" aria-roledescription=\"slide\" data-date=\"2024-07-16 12:00:45\" data-filename=\"WhatsApp-Image-2024-07-16-at-00.14.11-800x500.jpeg\" data-slide-type=\"image\"><img loading=\"lazy\" decoding=\"async\" src=\"https:\/\/wp.unil.ch\/lab\/files\/2024\/07\/WhatsApp-Image-2024-07-16-at-00.14.11-800x500.jpeg\" height=\"500\" width=\"800\" alt=\"salamandre\" class=\"slider-1866 slide-1932 msDefaultImage\" title=\"salamander\" \/><div class=\"caption-wrap\"><div class=\"caption\"><div style=\"text-align:center;\">SALAMANDRE FESTIVAL - 2023<\/div><\/div><\/div><\/li>\n                <li style=\"display: none; width: 100%;\" class=\"slide-1867 ms-image\" aria-roledescription=\"slide\" data-date=\"2024-07-15 19:29:15\" data-filename=\"WhatsApp-Image-2024-07-12-at-12.47.00-e1720782837840-656x410.jpeg\" data-slide-type=\"image\"><img loading=\"lazy\" decoding=\"async\" src=\"https:\/\/wp.unil.ch\/lab\/files\/2024\/07\/WhatsApp-Image-2024-07-12-at-12.47.00-e1720782837840-656x410.jpeg\" height=\"500\" width=\"800\" alt=\"musee\" class=\"slider-1866 slide-1867 msDefaultImage\" title=\"museum\" \/><div class=\"caption-wrap\"><div class=\"caption\"><div style=\"text-align:center;\">RUMINE PALACE - 2024<\/div><\/div><\/div><\/li>\n                <li style=\"display: none; width: 100%;\" class=\"slide-3051 ms-image\" aria-roledescription=\"slide\" data-date=\"2024-10-29 11:43:12\" data-filename=\"WhatsApp-Image-2024-10-25-at-17.45.00-800x500.jpeg\" data-slide-type=\"image\"><img loading=\"lazy\" decoding=\"async\" src=\"https:\/\/wp.unil.ch\/lab\/files\/2024\/10\/WhatsApp-Image-2024-10-25-at-17.45.00-800x500.jpeg\" height=\"500\" width=\"800\" alt=\"\" class=\"slider-1866 slide-3051 msDefaultImage\" title=\"WhatsApp Image 2024-10-25 at 17.45.00\" \/><div class=\"caption-wrap\"><div class=\"caption\"><div style=\"text-align:center;\">SALAMANDRE FESTIVAL - 2024<\/div><\/div><\/div><\/li>\n                <li style=\"display: none; width: 100%;\" class=\"slide-1931 ms-image\" aria-roledescription=\"slide\" data-date=\"2024-07-16 12:00:45\" data-filename=\"WhatsApp-Image-2024-07-16-at-00.14.21-800x500.jpeg\" data-slide-type=\"image\"><img loading=\"lazy\" decoding=\"async\" src=\"https:\/\/wp.unil.ch\/lab\/files\/2024\/07\/WhatsApp-Image-2024-07-16-at-00.14.21-800x500.jpeg\" height=\"500\" width=\"800\" alt=\"musee\" class=\"slider-1866 slide-1931 msDefaultImage\" title=\"museum\" \/><div class=\"caption-wrap\"><div class=\"caption\"><div>\n<div style=\"text-align:center;\">RUMINE PALACE - 2024<\/div>\n<\/div><\/div><\/div><\/li>\n                <li style=\"display: none; width: 100%;\" class=\"slide-1933 ms-image\" aria-roledescription=\"slide\" data-date=\"2024-07-16 12:00:46\" data-filename=\"WhatsApp-Image-2024-07-16-at-00.14.12-800x500.jpeg\" data-slide-type=\"image\"><img loading=\"lazy\" decoding=\"async\" src=\"https:\/\/wp.unil.ch\/lab\/files\/2024\/07\/WhatsApp-Image-2024-07-16-at-00.14.12-800x500.jpeg\" height=\"500\" width=\"800\" alt=\"salamandre\" class=\"slider-1866 slide-1933 msDefaultImage\" title=\"salamander\" \/><div class=\"caption-wrap\"><div class=\"caption\"><div>\n<div style=\"text-align:center;\">SALAMANDRE FESTIVAL - 2023<\/div>\n<\/div><\/div><\/div><\/li>\n                <li style=\"display: none; width: 100%;\" class=\"slide-1934 ms-image\" aria-roledescription=\"slide\" data-date=\"2024-07-16 12:00:47\" data-filename=\"monke-800x500.jpeg\" data-slide-type=\"image\"><img loading=\"lazy\" decoding=\"async\" src=\"https:\/\/wp.unil.ch\/lab\/files\/2024\/07\/monke-800x500.jpeg\" height=\"500\" width=\"800\" alt=\"monke\" class=\"slider-1866 slide-1934 msDefaultImage\" title=\"monke\" \/><div class=\"caption-wrap\"><div class=\"caption\"><div style=\"text-align:center;\">:o<\/div><\/div><\/div><\/li>\n                <li style=\"display: none; width: 100%;\" class=\"slide-1930 ms-image\" aria-roledescription=\"slide\" data-date=\"2024-07-16 12:00:42\" data-filename=\"beet-800x500.jpeg\" data-slide-type=\"image\"><img loading=\"lazy\" decoding=\"async\" src=\"https:\/\/wp.unil.ch\/lab\/files\/2024\/07\/beet-800x500.jpeg\" height=\"500\" width=\"800\" alt=\"musee\" class=\"slider-1866 slide-1930 msDefaultImage\" title=\"museum\" \/><div class=\"caption-wrap\"><div class=\"caption\"><div>\n<div style=\"text-align:center;\">RUMINE PALACE - 2024<\/div>\n<\/div><\/div><\/div><\/li>\n                <li style=\"display: none; width: 100%;\" class=\"slide-3050 ms-image\" aria-roledescription=\"slide\" data-date=\"2024-10-29 11:43:11\" data-filename=\"WhatsApp-Image-2024-10-25-at-17.45.03-800x500.jpeg\" data-slide-type=\"image\"><img loading=\"lazy\" decoding=\"async\" src=\"https:\/\/wp.unil.ch\/lab\/files\/2024\/10\/WhatsApp-Image-2024-10-25-at-17.45.03-800x500.jpeg\" height=\"500\" width=\"800\" alt=\"\" class=\"slider-1866 slide-3050 msDefaultImage\" title=\"WhatsApp Image 2024-10-25 at 17.45.03\" \/><div class=\"caption-wrap\"><div class=\"caption\"><div style=\"text-align:center;\">SALAMANDRE FESTIVAL - 2024<\/div><\/div><\/div><\/li>\n            <\/ul>\n        <\/div>\n        \n    <\/div>\n<\/div><\/div>\n\n\n\n<p class=\"has-text-align-center has-normal-font-size\"><em>...and many more pictures on our <a href=\"https:\/\/www.instagram.com\/lelabunil\/\">Instagram<\/a> !<\/em><\/p>\n\n\n\n<figure class=\"wp-block-image size-large is-resized is-style-rounded\"><a href=\"https:\/\/www.instagram.com\/lelabunil\/\" target=\"_blank\" rel=\"noreferrer noopener\"><img alt=\"\" loading=\"lazy\" decoding=\"async\" width=\"1024\" height=\"1024\" src=\"https:\/\/wp.unil.ch\/lab\/files\/2024\/07\/5-1-1024x1024.png\" class=\"wp-image-1828\" style=\"width:32px;height:auto\" srcset=\"https:\/\/wp.unil.ch\/lab\/files\/2024\/07\/5-1-1024x1024.png 1024w, https:\/\/wp.unil.ch\/lab\/files\/2024\/07\/5-1-300x300.png 300w, https:\/\/wp.unil.ch\/lab\/files\/2024\/07\/5-1-150x150.png 150w, https:\/\/wp.unil.ch\/lab\/files\/2024\/07\/5-1-768x768.png 768w, https:\/\/wp.unil.ch\/lab\/files\/2024\/07\/5-1-540x540.png 540w, https:\/\/wp.unil.ch\/lab\/files\/2024\/07\/5-1.png 1080w\" sizes=\"auto, (max-width: 1024px) 100vw, 1024px\" \/><\/a><\/figure>\n<\/div>\n\n\n\n<div class=\"wp-block-group alignfull has-background has-normal-font-size is-vertical is-content-justification-center is-nowrap is-layout-flex wp-container-core-group-is-layout-73832be3 wp-block-group-is-layout-flex\" style=\"background-color:#5f664591;letter-spacing:3px;text-transform:none\">\n<p class=\"has-text-align-center has-normal-font-size\"><strong>Curious about the other teams?<\/strong><\/p>\n\n\n\n<div class=\"wp-block-buttons is-horizontal is-content-justification-center is-layout-flex wp-container-core-buttons-is-layout-499968f5 wp-block-buttons-is-layout-flex\">\n<div class=\"wp-block-button has-custom-width wp-block-button__width-50 is-style-outline is-style-outline--2\"><a class=\"wp-block-button__link has-accent-color has-text-color has-link-color has-custom-font-size wp-element-button\" href=\"https:\/\/wp.unil.ch\/lab\/en\/team-estudiantine\/\" style=\"border-radius:100px;font-size:14px\">Estudiantine team <strong>\u2192<\/strong><\/a><\/div>\n\n\n\n<div class=\"wp-block-button has-custom-width wp-block-button__width-50 is-style-outline is-style-outline--3\"><a class=\"wp-block-button__link has-accent-color has-text-color has-link-color has-custom-font-size wp-element-button\" href=\"https:\/\/wp.unil.ch\/lab\/en\/team-manifestation\/\" style=\"border-radius:100px;font-size:14px\">Manifestation team <strong>\u2192<\/strong><\/a><\/div>\n\n\n\n<div class=\"wp-block-button has-custom-width wp-block-button__width-50 is-style-outline is-style-outline--4\"><a class=\"wp-block-button__link has-accent-color has-text-color has-link-color has-custom-font-size wp-element-button\" href=\"https:\/\/wp.unil.ch\/lab\/en\/team-workchope\/\" style=\"border-radius:100px;font-size:14px\">Workchope team <strong>\u2192<\/strong><\/a><\/div>\n<\/div>\n<\/div>\n\n\n\n<details class=\"wp-block-details has-background is-layout-flow wp-block-details-is-layout-flow\" style=\"background-color:#e8e5d178;font-size:21px;letter-spacing:3px;text-transform:none\"><summary>Members of the Excursion team<\/summary>\n<p class=\"has-text-align-left has-small-font-size\">(Come say hi, we're nice &lt;3)<\/p>\n\n\n\n<div class=\"wp-block-group is-vertical is-content-justification-center is-layout-flex wp-container-core-group-is-layout-4b2eccd6 wp-block-group-is-layout-flex\">\n<figure class=\"wp-block-image size-full is-resized\"><img loading=\"lazy\" decoding=\"async\" width=\"1200\" height=\"1200\" src=\"https:\/\/wp.unil.ch\/lab\/files\/2025\/09\/excu-alexis.jpeg\" alt=\"excu alexis\" class=\"wp-image-3411\" style=\"width:300px;height:auto\" srcset=\"https:\/\/wp.unil.ch\/lab\/files\/2025\/09\/excu-alexis.jpeg 1200w, https:\/\/wp.unil.ch\/lab\/files\/2025\/09\/excu-alexis-300x300.jpeg 300w, https:\/\/wp.unil.ch\/lab\/files\/2025\/09\/excu-alexis-1024x1024.jpeg 1024w, https:\/\/wp.unil.ch\/lab\/files\/2025\/09\/excu-alexis-150x150.jpeg 150w, https:\/\/wp.unil.ch\/lab\/files\/2025\/09\/excu-alexis-768x768.jpeg 768w, https:\/\/wp.unil.ch\/lab\/files\/2025\/09\/excu-alexis-12x12.jpeg 12w, https:\/\/wp.unil.ch\/lab\/files\/2025\/09\/excu-alexis-540x540.jpeg 540w, https:\/\/wp.unil.ch\/lab\/files\/2025\/09\/excu-alexis-1080x1080.jpeg 1080w\" sizes=\"auto, (max-width: 1200px) 100vw, 1200px\" \/><\/figure>\n\n\n\n<p><strong>Alexis<\/strong><\/p>\n<\/div>\n\n\n\n<div class=\"wp-block-group is-vertical is-content-justification-center is-layout-flex wp-container-core-group-is-layout-4b2eccd6 wp-block-group-is-layout-flex\">\n<figure class=\"wp-block-image size-full is-resized\"><img loading=\"lazy\" decoding=\"async\" width=\"1200\" height=\"1200\" src=\"https:\/\/wp.unil.ch\/lab\/files\/2025\/08\/comite-excu-amandine-.jpg\" alt=\"comite excu amandine\" class=\"wp-image-3343\" style=\"width:300px;height:auto\" srcset=\"https:\/\/wp.unil.ch\/lab\/files\/2025\/08\/comite-excu-amandine-.jpg 1200w, https:\/\/wp.unil.ch\/lab\/files\/2025\/08\/comite-excu-amandine--300x300.jpg 300w, https:\/\/wp.unil.ch\/lab\/files\/2025\/08\/comite-excu-amandine--1024x1024.jpg 1024w, https:\/\/wp.unil.ch\/lab\/files\/2025\/08\/comite-excu-amandine--150x150.jpg 150w, https:\/\/wp.unil.ch\/lab\/files\/2025\/08\/comite-excu-amandine--768x768.jpg 768w, https:\/\/wp.unil.ch\/lab\/files\/2025\/08\/comite-excu-amandine--12x12.jpg 12w, https:\/\/wp.unil.ch\/lab\/files\/2025\/08\/comite-excu-amandine--540x540.jpg 540w, https:\/\/wp.unil.ch\/lab\/files\/2025\/08\/comite-excu-amandine--1080x1080.jpg 1080w\" sizes=\"auto, (max-width: 1200px) 100vw, 1200px\" \/><\/figure>\n\n\n\n<p><strong>Amandine<\/strong><\/p>\n<\/div>\n\n\n\n<div class=\"wp-block-group is-vertical is-content-justification-center is-layout-flex wp-container-core-group-is-layout-4b2eccd6 wp-block-group-is-layout-flex\">\n<figure class=\"wp-block-image size-full is-resized\"><img alt=\"\" loading=\"lazy\" decoding=\"async\" width=\"293\" height=\"293\" src=\"https:\/\/wp.unil.ch\/lab\/files\/2024\/09\/stickbug.gif\" class=\"wp-image-2870\" style=\"width:300px;height:auto\" \/><\/figure>\n\n\n\n<p><strong>Aneston<\/strong><\/p>\n<\/div>\n\n\n\n<div class=\"wp-block-group is-vertical is-content-justification-center is-layout-flex wp-container-core-group-is-layout-4b2eccd6 wp-block-group-is-layout-flex\">\n<figure class=\"wp-block-image size-full is-resized\"><img alt=\"\" loading=\"lazy\" decoding=\"async\" width=\"293\" height=\"293\" src=\"https:\/\/wp.unil.ch\/lab\/files\/2024\/09\/stickbug.gif\" class=\"wp-image-2870\" style=\"width:300px;height:auto\" \/><\/figure>\n\n\n\n<p><strong>Bilal<\/strong><\/p>\n<\/div>\n\n\n\n<div class=\"wp-block-group is-vertical is-content-justification-center is-layout-flex wp-container-core-group-is-layout-4b2eccd6 wp-block-group-is-layout-flex\">\n<figure class=\"wp-block-image size-full is-resized\"><img loading=\"lazy\" decoding=\"async\" width=\"900\" height=\"900\" src=\"https:\/\/wp.unil.ch\/lab\/files\/2025\/09\/excu-estelle.jpeg\" alt=\"excu estelle\" class=\"wp-image-3436\" style=\"width:300px;height:auto\" srcset=\"https:\/\/wp.unil.ch\/lab\/files\/2025\/09\/excu-estelle.jpeg 900w, https:\/\/wp.unil.ch\/lab\/files\/2025\/09\/excu-estelle-300x300.jpeg 300w, https:\/\/wp.unil.ch\/lab\/files\/2025\/09\/excu-estelle-150x150.jpeg 150w, https:\/\/wp.unil.ch\/lab\/files\/2025\/09\/excu-estelle-768x768.jpeg 768w, https:\/\/wp.unil.ch\/lab\/files\/2025\/09\/excu-estelle-12x12.jpeg 12w, https:\/\/wp.unil.ch\/lab\/files\/2025\/09\/excu-estelle-540x540.jpeg 540w\" sizes=\"auto, (max-width: 900px) 100vw, 900px\" \/><\/figure>\n\n\n\n<p><strong>Estelle<\/strong><\/p>\n<\/div>\n\n\n\n<div class=\"wp-block-group is-vertical is-content-justification-center is-layout-flex wp-container-core-group-is-layout-4b2eccd6 wp-block-group-is-layout-flex\">\n<figure class=\"wp-block-image size-full is-resized\"><img alt=\"\" loading=\"lazy\" decoding=\"async\" width=\"293\" height=\"293\" src=\"https:\/\/wp.unil.ch\/lab\/files\/2024\/09\/stickbug.gif\" class=\"wp-image-2870\" style=\"width:300px;height:auto\" \/><\/figure>\n\n\n\n<p><strong>Karine<\/strong><\/p>\n<\/div>\n\n\n\n<div class=\"wp-block-group is-vertical is-content-justification-center is-layout-flex wp-container-core-group-is-layout-4b2eccd6 wp-block-group-is-layout-flex\">\n<figure class=\"wp-block-image size-full is-resized\"><img alt=\"\" loading=\"lazy\" decoding=\"async\" width=\"293\" height=\"293\" src=\"https:\/\/wp.unil.ch\/lab\/files\/2024\/09\/stickbug.gif\" class=\"wp-image-2870\" style=\"width:300px;height:auto\" \/><\/figure>\n\n\n\n<p><strong>Marie<\/strong><\/p>\n<\/div>\n\n\n\n<div class=\"wp-block-group is-vertical is-content-justification-center is-layout-flex wp-container-core-group-is-layout-4b2eccd6 wp-block-group-is-layout-flex\">\n<figure class=\"wp-block-image size-full is-resized\"><img alt=\"\" loading=\"lazy\" decoding=\"async\" width=\"1200\" height=\"1200\" src=\"https:\/\/wp.unil.ch\/lab\/files\/2024\/07\/Excu-Neige.jpg\" class=\"wp-image-1542\" style=\"width:300px;height:auto\" srcset=\"https:\/\/wp.unil.ch\/lab\/files\/2024\/07\/Excu-Neige.jpg 1200w, https:\/\/wp.unil.ch\/lab\/files\/2024\/07\/Excu-Neige-300x300.jpg 300w, https:\/\/wp.unil.ch\/lab\/files\/2024\/07\/Excu-Neige-1024x1024.jpg 1024w, https:\/\/wp.unil.ch\/lab\/files\/2024\/07\/Excu-Neige-150x150.jpg 150w, https:\/\/wp.unil.ch\/lab\/files\/2024\/07\/Excu-Neige-768x768.jpg 768w, https:\/\/wp.unil.ch\/lab\/files\/2024\/07\/Excu-Neige-540x540.jpg 540w, https:\/\/wp.unil.ch\/lab\/files\/2024\/07\/Excu-Neige-1080x1080.jpg 1080w\" sizes=\"auto, (max-width: 1200px) 100vw, 1200px\" \/><\/figure>\n\n\n\n<p><strong>Snow<\/strong><\/p>\n<\/div>\n<\/details>","protected":false},"excerpt":{"rendered":"<p>Balades dans la nature, d\u00e9couvertes de mus\u00e9es, visites de labos, et plus encore : la team Excu est la sp\u00e9cialiste de l&rsquo;organisation de sorties d\u00e9couvertes. Elle fera tout&hellip;<\/p>","protected":false},"author":1002825,"featured_media":1011,"parent":0,"menu_order":0,"comment_status":"closed","ping_status":"closed","template":"template-full-width-cover.php","meta":{"_seopress_robots_primary_cat":"","_seopress_titles_title":"","_seopress_titles_desc":"","_seopress_robots_index":"","footnotes":""},"class_list":["post-704","page","type-page","status-publish","has-post-thumbnail"],"_links":{"self":[{"href":"https:\/\/wp.unil.ch\/lab\/en\/wp-json\/wp\/v2\/pages\/704","targetHints":{"allow":["GET"]}}],"collection":[{"href":"https:\/\/wp.unil.ch\/lab\/en\/wp-json\/wp\/v2\/pages"}],"about":[{"href":"https:\/\/wp.unil.ch\/lab\/en\/wp-json\/wp\/v2\/types\/page"}],"author":[{"embeddable":true,"href":"https:\/\/wp.unil.ch\/lab\/en\/wp-json\/wp\/v2\/users\/1002825"}],"replies":[{"embeddable":true,"href":"https:\/\/wp.unil.ch\/lab\/en\/wp-json\/wp\/v2\/comments?post=704"}],"version-history":[{"count":5,"href":"https:\/\/wp.unil.ch\/lab\/en\/wp-json\/wp\/v2\/pages\/704\/revisions"}],"predecessor-version":[{"id":3463,"href":"https:\/\/wp.unil.ch\/lab\/en\/wp-json\/wp\/v2\/pages\/704\/revisions\/3463"}],"wp:featuredmedia":[{"embeddable":true,"href":"https:\/\/wp.unil.ch\/lab\/en\/wp-json\/wp\/v2\/media\/1011"}],"wp:attachment":[{"href":"https:\/\/wp.unil.ch\/lab\/en\/wp-json\/wp\/v2\/media?parent=704"}],"curies":[{"name":"wp","href":"https:\/\/api.w.org\/{rel}","templated":true}]}}