{"id":684,"date":"2024-07-05T11:40:07","date_gmt":"2024-07-05T09:40:07","guid":{"rendered":"https:\/\/wp.unil.ch\/lab\/?page_id=684"},"modified":"2025-01-20T21:40:31","modified_gmt":"2025-01-20T20:40:31","slug":"teams","status":"publish","type":"page","link":"https:\/\/wp.unil.ch\/lab\/en\/teams\/","title":{"rendered":"Our Teams"},"content":{"rendered":"<div class=\"wp-block-group alignwide\"><div class=\"wp-block-group__inner-container is-layout-constrained wp-block-group-is-layout-constrained\">\n<p class=\"has-text-align-left has-background\" style=\"background-color:#e8e5d178;font-size:21px;letter-spacing:3px;text-transform:none\">The LAB consists of four independent teams operating under the coordination of a central committee. Each team \u2013 Estudiantine, Excursion, Manifestation, and Workchope \u2013 contributes its unique touch to the LAB and organizes fantastic events for students.<\/p>\n\n\n\n<p class=\"has-text-align-center\" style=\"font-size:14px;letter-spacing:3px;text-transform:none\">Click on the buttons and discover the events offered by each team!<\/p>\n<\/div><\/div>\n\n\n\n<div style=\"height:44px\" aria-hidden=\"true\" class=\"wp-block-spacer\"><\/div>\n\n\n\n<div class=\"wp-block-cover aligncenter has-parallax\" style=\"min-height:400px;aspect-ratio:unset;\"><span aria-hidden=\"true\" class=\"wp-block-cover__background has-light-background-background-color has-background-dim\"><\/span><div class=\"wp-block-cover__image-background wp-image-502 has-parallax\" style=\"background-position:50% 50%;background-image:url(https:\/\/wp.unil.ch\/lab\/files\/2023\/09\/IMG_9983.jpg)\"><\/div><div class=\"wp-block-cover__inner-container is-layout-flow wp-block-cover-is-layout-flow\">\n<div class=\"wp-block-group alignwide is-vertical is-content-justification-center is-layout-flex wp-container-core-group-is-layout-4b2eccd6 wp-block-group-is-layout-flex\">\n<div class=\"wp-block-buttons alignwide is-content-justification-center is-layout-flex wp-container-core-buttons-is-layout-5e6b19ed wp-block-buttons-is-layout-flex\">\n<div class=\"wp-block-button has-custom-width wp-block-button__width-100 has-custom-font-size is-style-outline has-large-font-size is-style-outline--1\" style=\"letter-spacing:2px;text-transform:uppercase\"><a class=\"wp-block-button__link has-accent-color has-text-color has-background has-text-align-center wp-element-button\" href=\"https:\/\/wp.unil.ch\/lab\/en\/team-estu\/\" style=\"border-radius:100px;background-color:#d6b456de\"><strong>Estudiantine team<\/strong> <strong>\u2192<\/strong><\/a><\/div>\n<\/div>\n\n\n\n<p class=\"has-text-align-center has-accent-color has-text-color has-link-color wp-elements-1571e7f5ac261c642c6de0bdb3ba77e0\" style=\"font-size:21px;letter-spacing:3px;text-transform:none\"><strong>The Estu team makes life easier for biologists and pays special attention to first-year students.<\/strong><\/p>\n<\/div>\n<\/div><\/div>\n\n\n\n<div style=\"height:44px\" aria-hidden=\"true\" class=\"wp-block-spacer\"><\/div>\n\n\n\n<div class=\"wp-block-cover aligncenter has-parallax\" style=\"min-height:400px;aspect-ratio:unset;\"><span aria-hidden=\"true\" class=\"wp-block-cover__background has-light-background-background-color has-background-dim\"><\/span><div class=\"wp-block-cover__image-background wp-image-1011 has-parallax\" style=\"background-position:50% 50%;background-image:url(https:\/\/wp.unil.ch\/lab\/files\/2024\/07\/fe50faf9-e953-4b52-96be-4b1e79292852.jpg)\"><\/div><div class=\"wp-block-cover__inner-container is-layout-flow wp-block-cover-is-layout-flow\">\n<div class=\"wp-block-group alignwide is-vertical is-content-justification-center is-layout-flex wp-container-core-group-is-layout-4b2eccd6 wp-block-group-is-layout-flex\">\n<div class=\"wp-block-buttons alignwide is-content-justification-center is-layout-flex wp-container-core-buttons-is-layout-5e6b19ed wp-block-buttons-is-layout-flex\">\n<div class=\"wp-block-button has-custom-width wp-block-button__width-100 has-custom-font-size is-style-outline has-large-font-size is-style-outline--2\" style=\"letter-spacing:2px;text-transform:uppercase\"><a class=\"wp-block-button__link has-accent-color has-text-color has-background has-text-align-center wp-element-button\" href=\"https:\/\/wp.unil.ch\/lab\/en\/team-excu\/\" style=\"border-radius:100px;background-color:#d6b456de\">Excursion team <strong>\u2192<\/strong><\/a><\/div>\n<\/div>\n\n\n\n<p class=\"has-text-align-center has-accent-color has-text-color has-link-color wp-elements-2d5c324d1e993f8538f4ac93848fc11b\" style=\"font-size:21px;letter-spacing:3px;text-transform:none\"><strong>Nature walks, museum discoveries, lab visits: the Excu team specializes in organizing exploration outings. They'll go the extra mile to satisfy your curiosity and thirst for adventure<\/strong><\/p>\n<\/div>\n<\/div><\/div>\n\n\n\n<div style=\"height:44px\" aria-hidden=\"true\" class=\"wp-block-spacer\"><\/div>\n\n\n\n<div class=\"wp-block-cover aligncenter has-parallax\" style=\"min-height:400px;aspect-ratio:unset;\"><span aria-hidden=\"true\" class=\"wp-block-cover__background has-light-background-background-color has-background-dim\"><\/span><div class=\"wp-block-cover__image-background wp-image-1388 has-parallax\" style=\"background-position:50% 50%;background-image:url(https:\/\/wp.unil.ch\/lab\/files\/2024\/07\/ecb9008b-c4ff-4ff0-9e86-001d56ce1255.jpg)\"><\/div><div class=\"wp-block-cover__inner-container is-layout-flow wp-block-cover-is-layout-flow\">\n<div class=\"wp-block-group alignwide is-vertical is-content-justification-center is-layout-flex wp-container-core-group-is-layout-4b2eccd6 wp-block-group-is-layout-flex\">\n<div class=\"wp-block-buttons alignwide is-content-justification-center is-layout-flex wp-container-core-buttons-is-layout-5e6b19ed wp-block-buttons-is-layout-flex\">\n<div class=\"wp-block-button has-custom-width wp-block-button__width-100 has-custom-font-size is-style-outline has-large-font-size is-style-outline--3\" style=\"letter-spacing:1px;text-transform:uppercase\"><a class=\"wp-block-button__link has-accent-color has-text-color has-background has-text-align-center wp-element-button\" href=\"https:\/\/wp.unil.ch\/lab\/en\/team-manif\/\" style=\"border-radius:100px;background-color:#d6b456de\">Manifestation team <strong>\u2192<\/strong><\/a><\/div>\n<\/div>\n\n\n\n<p class=\"has-text-align-center has-accent-color has-text-color has-link-color wp-elements-3fd2ea68dfc591c9ee333900ffeda6da\" style=\"font-size:21px;letter-spacing:3px;text-transform:none\"><strong>Join the Manif team for an epic night out and a memorable time!<\/strong><\/p>\n<\/div>\n<\/div><\/div>\n\n\n\n<div style=\"height:44px\" aria-hidden=\"true\" class=\"wp-block-spacer\"><\/div>\n\n\n\n<div class=\"wp-block-cover aligncenter has-parallax\" style=\"min-height:400px;aspect-ratio:unset;\"><span aria-hidden=\"true\" class=\"wp-block-cover__background has-light-background-background-color has-background-dim\"><\/span><div class=\"wp-block-cover__image-background wp-image-1009 has-parallax\" style=\"background-position:50% 50%;background-image:url(https:\/\/wp.unil.ch\/lab\/files\/2024\/07\/wc.jpg)\"><\/div><div class=\"wp-block-cover__inner-container is-layout-flow wp-block-cover-is-layout-flow\">\n<div class=\"wp-block-group alignwide is-vertical is-content-justification-center is-layout-flex wp-container-core-group-is-layout-4b2eccd6 wp-block-group-is-layout-flex\">\n<div class=\"wp-block-buttons alignwide is-content-justification-center is-layout-flex wp-container-core-buttons-is-layout-5e6b19ed wp-block-buttons-is-layout-flex\">\n<div class=\"wp-block-button has-custom-width wp-block-button__width-100 has-custom-font-size is-style-outline has-large-font-size is-style-outline--4\" style=\"letter-spacing:2px;text-transform:uppercase\"><a class=\"wp-block-button__link has-accent-color has-text-color has-background has-text-align-center wp-element-button\" href=\"https:\/\/wp.unil.ch\/lab\/en\/team-workchope\/\" style=\"border-radius:100px;background-color:#d6b456de\">Workchope team <strong>\u2192<\/strong><\/a><\/div>\n<\/div>\n\n\n\n<p class=\"has-text-align-center has-accent-color has-text-color has-link-color wp-elements-fb9d8c6841a7b72580beec930232d9a9\" style=\"font-size:21px;letter-spacing:3px;text-transform:none\"><strong>As big fans of a good drink, all events organized by the Workchope team revolve around beer<\/strong><\/p>\n<\/div>\n<\/div><\/div>","protected":false},"excerpt":{"rendered":"<p>Le LAB est constitu\u00e9 de quatre teams ind\u00e9pendantes travaillant sous la coordination d&rsquo;un comit\u00e9 central. Chaque team &#8211; Estudiantine, Excursion, Manifestation et Workchope &#8211; apporte sa petite touche&hellip;<\/p>","protected":false},"author":1002825,"featured_media":0,"parent":0,"menu_order":0,"comment_status":"closed","ping_status":"closed","template":"template-full-width.php","meta":{"_seopress_robots_primary_cat":"","_seopress_titles_title":"","_seopress_titles_desc":"","_seopress_robots_index":"","footnotes":""},"class_list":["post-684","page","type-page","status-publish","has-post-thumbnail"],"_links":{"self":[{"href":"https:\/\/wp.unil.ch\/lab\/en\/wp-json\/wp\/v2\/pages\/684","targetHints":{"allow":["GET"]}}],"collection":[{"href":"https:\/\/wp.unil.ch\/lab\/en\/wp-json\/wp\/v2\/pages"}],"about":[{"href":"https:\/\/wp.unil.ch\/lab\/en\/wp-json\/wp\/v2\/types\/page"}],"author":[{"embeddable":true,"href":"https:\/\/wp.unil.ch\/lab\/en\/wp-json\/wp\/v2\/users\/1002825"}],"replies":[{"embeddable":true,"href":"https:\/\/wp.unil.ch\/lab\/en\/wp-json\/wp\/v2\/comments?post=684"}],"version-history":[{"count":5,"href":"https:\/\/wp.unil.ch\/lab\/en\/wp-json\/wp\/v2\/pages\/684\/revisions"}],"predecessor-version":[{"id":3189,"href":"https:\/\/wp.unil.ch\/lab\/en\/wp-json\/wp\/v2\/pages\/684\/revisions\/3189"}],"wp:attachment":[{"href":"https:\/\/wp.unil.ch\/lab\/en\/wp-json\/wp\/v2\/media?parent=684"}],"curies":[{"name":"wp","href":"https:\/\/api.w.org\/{rel}","templated":true}]}}