{"id":6,"date":"2019-11-28T16:00:19","date_gmt":"2019-11-28T15:00:19","guid":{"rendered":"http:\/\/wp.unil.ch\/modele\/?page_id=6"},"modified":"2025-10-24T15:18:49","modified_gmt":"2025-10-24T13:18:49","slug":"acceuil","status":"publish","type":"page","link":"https:\/\/wp.unil.ch\/lab\/en\/","title":{"rendered":"The LAB - Association of Biology Students"},"content":{"rendered":"<hr class=\"wp-block-separator alignfull has-alpha-channel-opacity is-style-dots\" \/>\n\n\n\n<div class=\"wp-block-group alignfull is-vertical is-content-justification-center is-layout-flex wp-container-core-group-is-layout-0472769e wp-block-group-is-layout-flex\">\n<div class=\"wp-block-group alignwide wp-container-content-9cfa9a5a\"><div class=\"wp-block-group__inner-container is-layout-flow wp-block-group-is-layout-flow\">\n<div class=\"wp-block-cover alignfull has-parallax\" style=\"min-height:450px;aspect-ratio:unset;\"><div class=\"wp-block-cover__image-background wp-image-2642 has-parallax\" style=\"background-position:50% 50%;background-image:url(https:\/\/wp.unil.ch\/lab\/files\/2024\/08\/9cf44427-cbaf-4d70-afe8-7ebdbf82b9cf.jpg)\"><\/div><span aria-hidden=\"true\" class=\"wp-block-cover__background has-light-background-background-color has-background-dim-60 has-background-dim\"><\/span><div class=\"wp-block-cover__inner-container is-layout-constrained wp-block-cover-is-layout-constrained\">\n<div class=\"wp-block-columns alignwide is-layout-flex wp-container-core-columns-is-layout-ac3ebc3b wp-block-columns-is-layout-flex\">\n<div class=\"wp-block-column is-vertically-aligned-center is-layout-flow wp-block-column-is-layout-flow\">\n<h2 class=\"wp-block-heading has-text-align-right\">A vibrant association<\/h2>\n<\/div>\n\n\n\n<div class=\"wp-block-column is-vertically-aligned-center is-layout-flow wp-block-column-is-layout-flow\">\n<div class=\"wp-block-group is-vertical is-layout-flex wp-container-core-group-is-layout-8cf370e7 wp-block-group-is-layout-flex\">\n<p class=\"has-text-align-left has-accent-color has-text-color has-link-color wp-elements-c1b9c95f741fc7910b8a9a2216b37405\" style=\"font-size:21px;letter-spacing:3px;text-transform:none\"><strong>Our goal?<\/strong><br><strong>Offering support to students, helping you feel fully integrated, giving you tools for your future, and, most importantly, organizing parties to unwind!<\/strong><\/p>\n\n\n\n<p class=\"has-text-align-left has-accent-color has-text-color has-link-color wp-elements-f9e84e0166a36148ad7ccb83bfa8cc1d\" style=\"font-size:21px;letter-spacing:3px;text-transform:none\"><strong>To make it all happen, we have a motivated team split into four groups. Take a look at their activities here!<\/strong><\/p>\n<\/div>\n\n\n\n<div class=\"wp-block-buttons is-horizontal is-content-justification-left is-layout-flex wp-container-core-buttons-is-layout-7e5fce0a wp-block-buttons-is-layout-flex\">\n<div class=\"wp-block-button has-custom-width wp-block-button__width-50 is-style-outline is-style-outline--1\"><a class=\"wp-block-button__link has-accent-color has-buttons-background-background-color has-text-color has-background has-link-color has-normal-font-size has-text-align-center has-custom-font-size wp-element-button\" href=\"https:\/\/wp.unil.ch\/lab\/en\/teams\/\" style=\"border-radius:100px\">All our events <strong>\u2192<\/strong><\/a><\/div>\n<\/div>\n<\/div>\n<\/div>\n<\/div><\/div>\n<\/div><\/div>\n\n\n\n<div class=\"wp-block-group alignfull wp-container-content-9cfa9a5a is-content-justification-center\" style=\"margin-top:0;margin-bottom:0\"><div class=\"wp-block-group__inner-container is-layout-constrained wp-block-group-is-layout-constrained\">\n<div style=\"height:var(--wp--preset--spacing--20)\" aria-hidden=\"true\" class=\"wp-block-spacer\"><\/div>\n\n\n\n<div class=\"wp-block-cover alignfull has-parallax\" style=\"min-height:450px;aspect-ratio:unset;\"><div class=\"wp-block-cover__image-background wp-image-2641 has-parallax\" style=\"background-position:50% 50%;background-image:url(https:\/\/wp.unil.ch\/lab\/files\/2024\/08\/5dcfed86-fb45-445e-83ff-17226f917051-e1724003286329.jpg)\"><\/div><span aria-hidden=\"true\" class=\"wp-block-cover__background has-light-background-background-color has-background-dim-60 has-background-dim\"><\/span><div class=\"wp-block-cover__inner-container is-layout-constrained wp-block-cover-is-layout-constrained\">\n<div class=\"wp-block-columns alignwide is-layout-flex wp-container-core-columns-is-layout-ac3ebc3b wp-block-columns-is-layout-flex\">\n<div class=\"wp-block-column is-vertically-aligned-center is-layout-flow wp-block-column-is-layout-flow\">\n<h2 class=\"wp-block-heading has-text-align-right\">Committed <br><strong>members <\/strong><\/h2>\n<\/div>\n\n\n\n<div class=\"wp-block-column is-vertically-aligned-center is-layout-flow wp-block-column-is-layout-flow\">\n<p class=\"has-text-align-left has-accent-color has-text-color has-link-color wp-elements-998443f06b8d22d551d0817272eddb91\" style=\"font-size:21px;letter-spacing:3px;text-transform:none\"><strong>Nothing would be possible at the LAB without our amazing and highly motivated members. They are the ones who keep the LAB alive and organize incredible events for you!<\/strong><\/p>\n\n\n\n<div class=\"wp-block-buttons is-content-justification-left is-layout-flex wp-container-core-buttons-is-layout-fdcfc74e wp-block-buttons-is-layout-flex\">\n<div class=\"wp-block-button has-custom-width wp-block-button__width-50 is-style-outline is-style-outline--2\"><a class=\"wp-block-button__link has-accent-color has-buttons-background-background-color has-text-color has-background has-link-color has-normal-font-size has-text-align-center has-custom-font-size wp-element-button\" href=\"https:\/\/wp.unil.ch\/lab\/en\/membres\/\" style=\"border-radius:100px\">More about our members <strong>\u2192<\/strong><\/a><\/div>\n<\/div>\n<\/div>\n<\/div>\n<\/div><\/div>\n<\/div><\/div>\n\n\n\n<div class=\"wp-block-group alignfull wp-container-content-9cfa9a5a is-content-justification-center\" style=\"margin-top:0;margin-bottom:0\"><div class=\"wp-block-group__inner-container is-layout-constrained wp-block-group-is-layout-constrained\">\n<div style=\"height:var(--wp--preset--spacing--20)\" aria-hidden=\"true\" class=\"wp-block-spacer\"><\/div>\n\n\n\n<div class=\"wp-block-cover alignfull has-parallax\" style=\"min-height:450px;aspect-ratio:unset;\"><div class=\"wp-block-cover__image-background wp-image-2780 has-parallax\" style=\"background-position:50% 50%;background-image:url(https:\/\/wp.unil.ch\/lab\/files\/2024\/08\/5dc3ce89-58a9-49d7-a647-d15deed940a0-e1724012937396.jpg)\"><\/div><span aria-hidden=\"true\" class=\"wp-block-cover__background has-light-background-background-color has-background-dim-60 has-background-dim\"><\/span><div class=\"wp-block-cover__inner-container is-layout-constrained wp-block-cover-is-layout-constrained\">\n<div class=\"wp-block-columns alignwide is-layout-flex wp-container-core-columns-is-layout-ac3ebc3b wp-block-columns-is-layout-flex\">\n<div class=\"wp-block-column is-vertically-aligned-center is-layout-flow wp-block-column-is-layout-flow\">\n<h2 class=\"wp-block-heading has-text-align-right\">Memories of a lifetime<\/h2>\n<\/div>\n\n\n\n<div class=\"wp-block-column is-vertically-aligned-center is-layout-flow wp-block-column-is-layout-flow\">\n<p class=\"has-text-align-left has-accent-color has-text-color has-link-color wp-elements-3999a943cbde0e2a33cd8b6edc1eeef3\" style=\"font-size:21px;letter-spacing:3px;text-transform:none\"><strong>With the help of the best artists in biology, the LAB creates amazing goodies so you can represent your faculty with pride. <\/strong><br><strong>If you're looking for a keepsake from your studies, don\u2019t miss out on our awesome goodies! <\/strong><\/p>\n\n\n\n<div class=\"wp-block-buttons is-content-justification-left is-layout-flex wp-container-core-buttons-is-layout-fdcfc74e wp-block-buttons-is-layout-flex\">\n<div class=\"wp-block-button has-custom-width wp-block-button__width-50 is-style-outline is-style-outline--3\"><a class=\"wp-block-button__link has-accent-color has-buttons-background-background-color has-text-color has-background has-link-color has-normal-font-size has-text-align-center has-custom-font-size wp-element-button\" href=\"https:\/\/wp.unil.ch\/lab\/en\/goodies\/\" style=\"border-radius:100px\">Click to admire our goodies <strong>\u2192<\/strong><\/a><\/div>\n<\/div>\n<\/div>\n<\/div>\n<\/div><\/div>\n<\/div><\/div>\n<\/div>\n\n\n\n<hr class=\"wp-block-separator has-alpha-channel-opacity is-style-dots\" \/>\n\n\n\n<div class=\"wp-block-columns alignfull is-layout-flex wp-container-core-columns-is-layout-9d6595d7 wp-block-columns-is-layout-flex\">\n<div class=\"wp-block-column is-vertically-aligned-stretch is-layout-flow wp-block-column-is-layout-flow\" style=\"flex-basis:50%\">\n<div class=\"wp-block-group alignwide has-background has-large-font-size is-vertical is-content-justification-center is-nowrap is-layout-flex wp-container-core-group-is-layout-6e392426 wp-block-group-is-layout-flex\" style=\"background-color:#5f664591\">\n<p class=\"has-text-align-center has-accent-color has-text-color has-link-color wp-elements-5832f5356aefe930ed0dc71b9deaf06e\" style=\"font-size:21px;letter-spacing:5px;text-transform:none\">Follow us on Instagram to stay updated!<\/p>\n\n\n\n<figure class=\"wp-block-image size-full is-resized is-style-rounded\"><a href=\"https:\/\/www.instagram.com\/lelabunil\/\" target=\"_blank\" rel=\"noreferrer noopener\"><img alt=\"\" loading=\"lazy\" decoding=\"async\" width=\"1080\" height=\"1080\" src=\"https:\/\/wp.unil.ch\/lab\/files\/2024\/07\/5-1.png\" class=\"wp-image-1828\" style=\"width:53px;height:auto\" srcset=\"https:\/\/wp.unil.ch\/lab\/files\/2024\/07\/5-1.png 1080w, https:\/\/wp.unil.ch\/lab\/files\/2024\/07\/5-1-300x300.png 300w, https:\/\/wp.unil.ch\/lab\/files\/2024\/07\/5-1-1024x1024.png 1024w, https:\/\/wp.unil.ch\/lab\/files\/2024\/07\/5-1-150x150.png 150w, https:\/\/wp.unil.ch\/lab\/files\/2024\/07\/5-1-768x768.png 768w, https:\/\/wp.unil.ch\/lab\/files\/2024\/07\/5-1-540x540.png 540w\" sizes=\"auto, (max-width: 1080px) 100vw, 1080px\" \/><\/a><\/figure>\n<\/div>\n<\/div>\n\n\n\n<div class=\"wp-block-column is-vertically-aligned-stretch is-layout-flow wp-block-column-is-layout-flow\" style=\"flex-basis:50%\">\n<div class=\"wp-block-group alignwide has-text-color has-background is-vertical is-content-justification-center is-nowrap is-layout-flex wp-container-core-group-is-layout-c949212f wp-block-group-is-layout-flex\" style=\"color:#000000;background-color:#5f664591\">\n<p class=\"has-text-align-center has-accent-color has-text-color has-link-color wp-elements-08a93913a1a3ef2eb965ed733de411ff\" style=\"font-size:21px;letter-spacing:5px;text-transform:none\">Do you have a question?<\/p>\n\n\n\n<div class=\"wp-block-buttons is-horizontal is-content-justification-center is-layout-flex wp-container-core-buttons-is-layout-499968f5 wp-block-buttons-is-layout-flex\">\n<div class=\"wp-block-button has-custom-width wp-block-button__width-100 is-style-outline is-style-outline--4\"><a class=\"wp-block-button__link has-buttons-background-background-color has-text-color has-background wp-element-button\" href=\"https:\/\/wp.unil.ch\/lab\/en\/FAQ\/\" style=\"border-radius:50px;color:#ffffff\">Check out our Q&amp;A! <strong>\u2192<\/strong><\/a><\/div>\n<\/div>\n<\/div>\n<\/div>\n<\/div>\n\n\n\n<div class=\"alignnormal\"><div id=\"metaslider-id-2984\" style=\"width: 100%; margin: 0 auto;\" class=\"ml-slider-3-107-0 metaslider metaslider-flex metaslider-2984 ml-slider hide-navigation-smartphone hide-navigation-tablet hide-navigation-laptop hide-navigation-desktop has-dots-nav has-carousel-mode ms-theme-outline\" role=\"region\" aria-label=\"Highlights\" data-height=\"500\" data-width=\"800\">\n    <div id=\"metaslider_container_2984\">\n        <div id=\"metaslider_2984\">\n            <ul class='slides'>\n                <li style=\"display: none; width: 100%;\" class=\"slide-3016 ms-image\" aria-roledescription=\"slide\" data-date=\"2024-10-11 16:35:28\" data-filename=\"IMG_1251-800x500.jpeg\" data-slide-type=\"image\"><img loading=\"lazy\" decoding=\"async\" src=\"https:\/\/wp.unil.ch\/lab\/files\/2024\/10\/IMG_1251-800x500.jpeg\" height=\"500\" width=\"800\" alt=\"assembl\u00e9e g\u00e9n\u00e9rale\" class=\"slider-2984 slide-3016 msDefaultImage\" title=\"general assembly\" \/><\/li>\n                <li style=\"display: none; width: 100%;\" class=\"slide-2991 ms-image\" aria-roledescription=\"slide\" data-date=\"2024-10-11 15:59:20\" data-filename=\"DSC03570-800x500.jpg\" data-slide-type=\"image\"><img loading=\"lazy\" decoding=\"async\" src=\"https:\/\/wp.unil.ch\/lab\/files\/2024\/10\/DSC03570-800x500.jpg\" height=\"500\" width=\"800\" alt=\"workchope\" class=\"slider-2984 slide-2991 msDefaultImage\" title=\"workchope\" \/><\/li>\n                <li style=\"display: none; width: 100%;\" class=\"slide-2986 ms-image\" aria-roledescription=\"slide\" data-date=\"2024-10-11 15:54:00\" data-filename=\"WhatsApp-Image-2024-09-18-at-17.22.55-800x500.jpeg\" data-slide-type=\"image\"><img loading=\"lazy\" decoding=\"async\" src=\"https:\/\/wp.unil.ch\/lab\/files\/2024\/09\/WhatsApp-Image-2024-09-18-at-17.22.55-800x500.jpeg\" height=\"500\" width=\"800\" alt=\"rallye 2024\" class=\"slider-2984 slide-2986 msDefaultImage\" title=\"rally 2024\" \/><\/li>\n                <li style=\"display: none; width: 100%;\" class=\"slide-2998 ms-image\" aria-roledescription=\"slide\" data-date=\"2024-10-11 16:04:54\" data-filename=\"WhatsApp-Image-2024-07-15-at-20.29.27-800x500.jpeg\" data-slide-type=\"image\"><img loading=\"lazy\" decoding=\"async\" src=\"https:\/\/wp.unil.ch\/lab\/files\/2024\/07\/WhatsApp-Image-2024-07-15-at-20.29.27-800x500.jpeg\" height=\"500\" width=\"800\" alt=\"beerpong\" class=\"slider-2984 slide-2998 msDefaultImage\" title=\"beerpong\" \/><\/li>\n                <li style=\"display: none; width: 100%;\" class=\"slide-3052 ms-image\" aria-roledescription=\"slide\" data-date=\"2024-10-29 11:45:53\" data-filename=\"IMG_3677-800x500.jpeg\" data-slide-type=\"image\"><img loading=\"lazy\" decoding=\"async\" src=\"https:\/\/wp.unil.ch\/lab\/files\/2024\/10\/IMG_3677-800x500.jpeg\" height=\"500\" width=\"800\" alt=\"\" class=\"slider-2984 slide-3052 msDefaultImage\" title=\"IMG_3677\" \/><\/li>\n                <li style=\"display: none; width: 100%;\" class=\"slide-3017 ms-image\" aria-roledescription=\"slide\" data-date=\"2024-10-11 16:35:28\" data-filename=\"CEA2149D-FE7A-4104-BDF7-5929EA24DAA2-800x500.jpg\" data-slide-type=\"image\"><img loading=\"lazy\" decoding=\"async\" src=\"https:\/\/wp.unil.ch\/lab\/files\/2024\/10\/CEA2149D-FE7A-4104-BDF7-5929EA24DAA2-800x500.jpg\" height=\"500\" width=\"800\" alt=\"r\u00e9union comit\u00e9 24-25\" class=\"slider-2984 slide-3017 msDefaultImage\" title=\"committee meeting 24-25\" \/><\/li>\n                <li style=\"display: none; width: 100%;\" class=\"slide-2997 ms-image\" aria-roledescription=\"slide\" data-date=\"2024-10-11 16:04:29\" data-filename=\"0b9e24c8-e628-473c-a874-13004532444f-800x500.jpg\" data-slide-type=\"image\"><img loading=\"lazy\" decoding=\"async\" src=\"https:\/\/wp.unil.ch\/lab\/files\/2024\/08\/0b9e24c8-e628-473c-a874-13004532444f-800x500.jpg\" height=\"500\" width=\"800\" alt=\"journ\u00e9e d&#039;accueil\" class=\"slider-2984 slide-2997 msDefaultImage\" title=\"open house\" \/><\/li>\n                <li style=\"display: none; width: 100%;\" class=\"slide-3014 ms-image\" aria-roledescription=\"slide\" data-date=\"2024-10-11 16:35:26\" data-filename=\"IMG_3369-686x428.jpg\" data-slide-type=\"image\"><img loading=\"lazy\" decoding=\"async\" src=\"https:\/\/wp.unil.ch\/lab\/files\/2024\/10\/IMG_3369-686x428.jpg\" height=\"500\" width=\"800\" alt=\"pr\u00e9paration du workchope\" class=\"slider-2984 slide-3014 msDefaultImage\" title=\"preparing the workchope\" \/><\/li>\n                <li style=\"display: none; width: 100%;\" class=\"slide-3013 ms-image\" aria-roledescription=\"slide\" data-date=\"2024-10-11 16:35:25\" data-filename=\"5dcfed86-fb45-445e-83ff-17226f917051-e1724003286329-800x500.jpg\" data-slide-type=\"image\"><img loading=\"lazy\" decoding=\"async\" src=\"https:\/\/wp.unil.ch\/lab\/files\/2024\/08\/5dcfed86-fb45-445e-83ff-17226f917051-e1724003286329-800x500.jpg\" height=\"500\" width=\"800\" alt=\"pr\u00e9paration du beerpong\" class=\"slider-2984 slide-3013 msDefaultImage\" title=\"preparing beerpong\" \/><\/li>\n                <li style=\"display: none; width: 100%;\" class=\"slide-3073 ms-image\" aria-roledescription=\"slide\" data-date=\"2024-11-25 11:38:34\" data-filename=\"IMG_3182-800x500.jpg\" data-slide-type=\"image\"><img loading=\"lazy\" decoding=\"async\" src=\"https:\/\/wp.unil.ch\/lab\/files\/2024\/11\/IMG_3182-800x500.jpg\" height=\"500\" width=\"800\" alt=\"beerpong\" class=\"slider-2984 slide-3073 msDefaultImage\" title=\"beerpong\" \/><\/li>\n                <li style=\"display: none; width: 100%;\" class=\"slide-3015 ms-image\" aria-roledescription=\"slide\" data-date=\"2024-10-11 16:35:27\" data-filename=\"IMG_3173-800x500.jpeg\" data-slide-type=\"image\"><img loading=\"lazy\" decoding=\"async\" src=\"https:\/\/wp.unil.ch\/lab\/files\/2024\/10\/IMG_3173-800x500.jpeg\" height=\"500\" width=\"800\" alt=\"assembl\u00e9e g\u00e9n\u00e9rale\" class=\"slider-2984 slide-3015 msDefaultImage\" title=\"general assembly\" \/><\/li>\n                <li style=\"display: none; width: 100%;\" class=\"slide-3053 ms-image\" aria-roledescription=\"slide\" data-date=\"2024-10-29 11:45:54\" data-filename=\"WhatsApp-Image-2024-10-25-at-17.45.03-800x500.jpeg\" data-slide-type=\"image\"><img loading=\"lazy\" decoding=\"async\" src=\"https:\/\/wp.unil.ch\/lab\/files\/2024\/10\/WhatsApp-Image-2024-10-25-at-17.45.03-800x500.jpeg\" height=\"500\" width=\"800\" alt=\"\" class=\"slider-2984 slide-3053 msDefaultImage\" title=\"WhatsApp Image 2024-10-25 at 17.45.03\" \/><\/li>\n                <li style=\"display: none; width: 100%;\" class=\"slide-3150 ms-image\" aria-roledescription=\"slide\" data-date=\"2024-12-16 12:28:37\" data-filename=\"D55F0219-89F5-4B41-9A2A-4CE6A7E38567-800x500.jpg\" data-slide-type=\"image\"><img loading=\"lazy\" decoding=\"async\" src=\"https:\/\/wp.unil.ch\/lab\/files\/2024\/12\/D55F0219-89F5-4B41-9A2A-4CE6A7E38567-800x500.jpg\" height=\"500\" width=\"800\" alt=\"journ\u00e9es d\u00e9couvertes\" class=\"slider-2984 slide-3150 msDefaultImage\" title=\"discovery days\" \/><\/li>\n                <li style=\"display: none; width: 100%;\" class=\"slide-2989 ms-image\" aria-roledescription=\"slide\" data-date=\"2024-10-11 15:55:34\" data-filename=\"0c58d617-7370-4359-bc2a-e18ceb21698d-1-800x500.jpg\" data-slide-type=\"image\"><img loading=\"lazy\" decoding=\"async\" src=\"https:\/\/wp.unil.ch\/lab\/files\/2024\/07\/0c58d617-7370-4359-bc2a-e18ceb21698d-1-800x500.jpg\" height=\"500\" width=\"800\" alt=\"soir\u00e9e en boite\" class=\"slider-2984 slide-2989 msDefaultImage\" title=\"club night\" \/><\/li>\n            <\/ul>\n        <\/div>\n        \n    <\/div>\n<\/div><\/div>\n\n\n\n<hr class=\"wp-block-separator has-alpha-channel-opacity is-style-dots\" \/>\n\n\n\n<p><\/p>","protected":false},"excerpt":{"rendered":"<p>Suis-nous sur Insta pour rester au jus ! Une question particuli\u00e8re?<\/p>","protected":false},"author":1002825,"featured_media":2379,"parent":0,"menu_order":0,"comment_status":"closed","ping_status":"closed","template":"template-full-width-cover.php","meta":{"_seopress_robots_primary_cat":"","_seopress_titles_title":"","_seopress_titles_desc":"","_seopress_robots_index":"","footnotes":""},"class_list":["post-6","page","type-page","status-publish","has-post-thumbnail"],"_links":{"self":[{"href":"https:\/\/wp.unil.ch\/lab\/en\/wp-json\/wp\/v2\/pages\/6","targetHints":{"allow":["GET"]}}],"collection":[{"href":"https:\/\/wp.unil.ch\/lab\/en\/wp-json\/wp\/v2\/pages"}],"about":[{"href":"https:\/\/wp.unil.ch\/lab\/en\/wp-json\/wp\/v2\/types\/page"}],"author":[{"embeddable":true,"href":"https:\/\/wp.unil.ch\/lab\/en\/wp-json\/wp\/v2\/users\/1002825"}],"replies":[{"embeddable":true,"href":"https:\/\/wp.unil.ch\/lab\/en\/wp-json\/wp\/v2\/comments?post=6"}],"version-history":[{"count":5,"href":"https:\/\/wp.unil.ch\/lab\/en\/wp-json\/wp\/v2\/pages\/6\/revisions"}],"predecessor-version":[{"id":3455,"href":"https:\/\/wp.unil.ch\/lab\/en\/wp-json\/wp\/v2\/pages\/6\/revisions\/3455"}],"wp:featuredmedia":[{"embeddable":true,"href":"https:\/\/wp.unil.ch\/lab\/en\/wp-json\/wp\/v2\/media\/2379"}],"wp:attachment":[{"href":"https:\/\/wp.unil.ch\/lab\/en\/wp-json\/wp\/v2\/media?parent=6"}],"curies":[{"name":"wp","href":"https:\/\/api.w.org\/{rel}","templated":true}]}}