{"id":660,"date":"2023-09-12T15:37:14","date_gmt":"2023-09-12T13:37:14","guid":{"rendered":"https:\/\/wp.unil.ch\/khirbet-beit-netofa\/?page_id=660"},"modified":"2023-09-12T15:37:15","modified_gmt":"2023-09-12T13:37:15","slug":"campagne-de-fouille-avril-mai-2023","status":"publish","type":"page","link":"https:\/\/wp.unil.ch\/khirbet-beit-netofa\/campagne-de-fouille-avril-mai-2023\/","title":{"rendered":"Campagne de fouille &#8211; Avril-Mai 2023"},"content":{"rendered":"\n<figure class=\"wp-block-image size-large\"><img alt=\"\" loading=\"lazy\" decoding=\"async\" width=\"1024\" height=\"768\" src=\"https:\/\/wp.unil.ch\/khirbet-beit-netofa\/files\/2023\/09\/Khirbet_Bet_Netofa_Ouest-1024x768.jpg\" alt=\"\" class=\"wp-image-668\" srcset=\"https:\/\/wp.unil.ch\/khirbet-beit-netofa\/files\/2023\/09\/Khirbet_Bet_Netofa_Ouest-1024x768.jpg 1024w, https:\/\/wp.unil.ch\/khirbet-beit-netofa\/files\/2023\/09\/Khirbet_Bet_Netofa_Ouest-300x225.jpg 300w, https:\/\/wp.unil.ch\/khirbet-beit-netofa\/files\/2023\/09\/Khirbet_Bet_Netofa_Ouest-768x576.jpg 768w, https:\/\/wp.unil.ch\/khirbet-beit-netofa\/files\/2023\/09\/Khirbet_Bet_Netofa_Ouest-16x12.jpg 16w, https:\/\/wp.unil.ch\/khirbet-beit-netofa\/files\/2023\/09\/Khirbet_Bet_Netofa_Ouest.jpg 1386w\" sizes=\"auto, (max-width: 1024px) 100vw, 1024px\" \/><\/figure>\n\n\n\n<p><em>Khirbet Bet Netofa depuis son acc\u00e8s Ouest.\u00a9R.Aligon<\/em><\/p>\n\n\n\n<p>L\u2019ann\u00e9e pass\u00e9e, en 2022, lors de la deuxi\u00e8me campagne de fouille, il avait \u00e9t\u00e9 d\u00e9cid\u00e9 de concentrer les recherches \u00e0 l\u2019est du sommet du site de Khirbet Bet Netofa. C\u2019est pourquoi deux carr\u00e9s de fouilles ont \u00e9t\u00e9 ouverts&nbsp;: le carr\u00e9 n\u00b01 au nord et le carr\u00e9 n\u00b02 au sud de cette zone. Deux grottes attenantes aux carr\u00e9s, les grotte n\u00b01 et n\u00b02, avaient \u00e9t\u00e9 \u00e9galement prospect\u00e9es partiellement pour des raisons de s\u00e9curit\u00e9.<\/p>\n\n\n\n<p>Les divers artefacts trouv\u00e9s ont montr\u00e9 que les traces d\u2019habitation les plus anciennes remontaient \u00e0 la p\u00e9riode du Bronze r\u00e9cent (vers 1500 av.). Les fouilles ont r\u00e9v\u00e9l\u00e9 deux enclos b\u00e2tis vers la fin du I<sup>er<\/sup>-II<sup>\u00e8me<\/sup> si\u00e8cle de l\u2019\u00e8re chr\u00e9tienne&nbsp;; ceux-ci auraient \u00e9t\u00e9 en service jusqu\u2019\u00e0 la fin du IV<sup>\u00e8me <\/sup>si\u00e8cle. L\u2019hypoth\u00e8se de recherche s\u2019orientait, au regard de l\u2019ensemble des \u00e9l\u00e9ments d\u00e9couverts vers une ferme romaine (1<sup>er<\/sup>-IV<sup>\u00e8me<\/sup> si\u00e8cles). Toutefois, des fouilles plus approfondies semblaient n\u00e9cessaires pour confirmer ces d\u00e9couvertes et d\u00e9terminer \u00e9galement l\u2019usage et la fonction des deux grottes.<\/p>\n\n\n\n<figure class=\"wp-block-image size-large\"><img alt=\"\" loading=\"lazy\" decoding=\"async\" width=\"768\" height=\"1024\" src=\"https:\/\/wp.unil.ch\/khirbet-beit-netofa\/files\/2023\/09\/Zone_N_carre_est-768x1024.jpg\" alt=\"\" class=\"wp-image-670\" srcset=\"https:\/\/wp.unil.ch\/khirbet-beit-netofa\/files\/2023\/09\/Zone_N_carre_est-768x1024.jpg 768w, https:\/\/wp.unil.ch\/khirbet-beit-netofa\/files\/2023\/09\/Zone_N_carre_est-225x300.jpg 225w, https:\/\/wp.unil.ch\/khirbet-beit-netofa\/files\/2023\/09\/Zone_N_carre_est-9x12.jpg 9w, https:\/\/wp.unil.ch\/khirbet-beit-netofa\/files\/2023\/09\/Zone_N_carre_est.jpg 900w\" sizes=\"auto, (max-width: 768px) 100vw, 768px\" \/><\/figure>\n\n\n\n<p><em>1 Zone N, carr\u00e9 est \u00a9R.Aligon<\/em><\/p>\n\n\n\n<p>Lors de la saison 2023, il a \u00e9t\u00e9 d\u00e9cid\u00e9 d\u2019\u00e9tendre les recherches et reprendre les fouilles en quatre zones distinctes. Tout d\u2019abord, il \u00e9tait n\u00e9cessaire de poursuivre les investigations dans la zone (N) ouverte l\u2019ann\u00e9e derni\u00e8re pour confirmer les hypoth\u00e8ses \u00e9mises (photo n\u00b01). C\u2019est pourquoi l\u2019\u00e9quipe a d\u00e9cid\u00e9 de reprendre les fouilles dans le carr\u00e9 n\u00b02 et d\u2019\u00e9tendre la surface vers le nord et l\u2019ouest. De plus, en association avec une \u00e9quipe isra\u00e9lienne de sp\u00e9l\u00e9ologues, la grotte n\u00b01 a pu \u00eatre partiellement excav\u00e9e. Parall\u00e8lement \u00e0 cela, le choix d\u2019\u00e9tendre les recherches \u00e0 d\u2019autres zones, pour avoir une vision plus globale du site s\u2019est impos\u00e9. Ainsi une nouvelle cavit\u00e9 au sommet de la colline a \u00e9t\u00e9 fouill\u00e9e\u00a0: la grotte n\u00b03 (photo n\u00b02). <\/p>\n\n\n\n<figure class=\"wp-block-image size-large\"><img alt=\"\" loading=\"lazy\" decoding=\"async\" width=\"768\" height=\"1024\" src=\"https:\/\/wp.unil.ch\/khirbet-beit-netofa\/files\/2023\/09\/Grotte3_trou_acces-768x1024.jpg\" alt=\"\" class=\"wp-image-666\" srcset=\"https:\/\/wp.unil.ch\/khirbet-beit-netofa\/files\/2023\/09\/Grotte3_trou_acces-768x1024.jpg 768w, https:\/\/wp.unil.ch\/khirbet-beit-netofa\/files\/2023\/09\/Grotte3_trou_acces-225x300.jpg 225w, https:\/\/wp.unil.ch\/khirbet-beit-netofa\/files\/2023\/09\/Grotte3_trou_acces-9x12.jpg 9w, https:\/\/wp.unil.ch\/khirbet-beit-netofa\/files\/2023\/09\/Grotte3_trou_acces.jpg 900w\" sizes=\"auto, (max-width: 768px) 100vw, 768px\" \/><\/figure>\n\n\n\n<p><em>2 Grotte N\u00b03, trou d\u2019acc\u00e8s \u00a9R.Aligon<\/em><\/p>\n\n\n\n<p>Celle-ci semble tenir un r\u00f4le important dans la vie du site, de par sa position, sa forme et sa taille. Le quatri\u00e8me et dernier lieu de fouille ouvert en 2023 est situ\u00e9 du c\u00f4t\u00e9 ouest du sommet du site, nomm\u00e9e zone G (photo N\u00b03). Il a \u00e9t\u00e9 choisi, car des traces \u00e9videntes de construction affleuraient.<\/p>\n\n\n\n<figure class=\"wp-block-image size-large\"><img alt=\"\" loading=\"lazy\" decoding=\"async\" width=\"768\" height=\"1024\" src=\"https:\/\/wp.unil.ch\/khirbet-beit-netofa\/files\/2023\/09\/ZoneG_1er_jour_fouille-768x1024.jpg\" alt=\"\" class=\"wp-image-672\" srcset=\"https:\/\/wp.unil.ch\/khirbet-beit-netofa\/files\/2023\/09\/ZoneG_1er_jour_fouille-768x1024.jpg 768w, https:\/\/wp.unil.ch\/khirbet-beit-netofa\/files\/2023\/09\/ZoneG_1er_jour_fouille-225x300.jpg 225w, https:\/\/wp.unil.ch\/khirbet-beit-netofa\/files\/2023\/09\/ZoneG_1er_jour_fouille-9x12.jpg 9w, https:\/\/wp.unil.ch\/khirbet-beit-netofa\/files\/2023\/09\/ZoneG_1er_jour_fouille.jpg 900w\" sizes=\"auto, (max-width: 768px) 100vw, 768px\" \/><\/figure>\n\n\n\n<p><em>3 Zone G, 1<sup>er<\/sup> jour de fouille \u00a9R.Aligon<\/em><\/p>\n\n\n\n<p>La campagne de fouille 2023 dans la zone N a mis au jour une cuvette taill\u00e9e dans la pierre ainsi qu\u2019un bassin pl\u00e2tr\u00e9 recouvert ult\u00e9rieurement par un mur (photo N\u00b04).<\/p>\n\n\n\n<figure class=\"wp-block-image size-large\"><img alt=\"\" loading=\"lazy\" decoding=\"async\" width=\"768\" height=\"1024\" src=\"https:\/\/wp.unil.ch\/khirbet-beit-netofa\/files\/2023\/09\/ZoneN_cuvette-768x1024.jpg\" alt=\"\" class=\"wp-image-662\" srcset=\"https:\/\/wp.unil.ch\/khirbet-beit-netofa\/files\/2023\/09\/ZoneN_cuvette-768x1024.jpg 768w, https:\/\/wp.unil.ch\/khirbet-beit-netofa\/files\/2023\/09\/ZoneN_cuvette-225x300.jpg 225w, https:\/\/wp.unil.ch\/khirbet-beit-netofa\/files\/2023\/09\/ZoneN_cuvette-9x12.jpg 9w, https:\/\/wp.unil.ch\/khirbet-beit-netofa\/files\/2023\/09\/ZoneN_cuvette.jpg 900w\" sizes=\"auto, (max-width: 768px) 100vw, 768px\" \/><\/figure>\n\n\n\n<p><em>4 Zone N, cuvette taill\u00e9e dans la roche \u00a9R.Aligon<\/em><\/p>\n\n\n\n<p>La proximit\u00e9 d\u2019une rampe d\u2019acc\u00e8s au Nord sugg\u00e8re que cette zone servait \u00e0 la transformation de produits agricoles r\u00e9colt\u00e9s dans la vall\u00e9e de Netofa. Ces structures ont \u00e9t\u00e9 abandonn\u00e9es au milieu de la p\u00e9riode romaine, un mur ayant \u00e9t\u00e9 construit dessus. Cela semble indiquer une modification de la fonction de la zone, peut-\u00eatre li\u00e9 \u00e0 un changement des cultures agricoles ou peut-\u00eatre une r\u00e9affectation de la zone N, comme p\u00e2turage par exemple. Concernant la grotte n\u00b01, les d\u00e9couvertes montrent les m\u00eames strates d\u2019occupation que la zone N. Par ailleurs, la pr\u00e9sence de charbon de bois et de poterie galil\u00e9enne typique indique que la grotte \u00e9tait habit\u00e9e autrefois. Toutefois, il est impossible de d\u00e9terminer, en l\u2019\u00e9tat actuel des recherches, s\u2019il s\u2019agissait d\u2019un logement p\u00e9renne ou bien d\u2019un abri saisonnier pour les travailleurs agricoles.<\/p>\n\n\n\n<figure class=\"wp-block-image size-large\"><img alt=\"\" loading=\"lazy\" decoding=\"async\" width=\"1024\" height=\"768\" src=\"https:\/\/wp.unil.ch\/khirbet-beit-netofa\/files\/2023\/09\/ZoneG-1024x768.jpg\" alt=\"\" class=\"wp-image-671\" srcset=\"https:\/\/wp.unil.ch\/khirbet-beit-netofa\/files\/2023\/09\/ZoneG-1024x768.jpg 1024w, https:\/\/wp.unil.ch\/khirbet-beit-netofa\/files\/2023\/09\/ZoneG-300x225.jpg 300w, https:\/\/wp.unil.ch\/khirbet-beit-netofa\/files\/2023\/09\/ZoneG-768x576.jpg 768w, https:\/\/wp.unil.ch\/khirbet-beit-netofa\/files\/2023\/09\/ZoneG-16x12.jpg 16w, https:\/\/wp.unil.ch\/khirbet-beit-netofa\/files\/2023\/09\/ZoneG.jpg 1386w\" sizes=\"auto, (max-width: 1024px) 100vw, 1024px\" \/><\/figure>\n\n\n\n<p><em>5 Zone G \u00a9Guillaume Saehr<\/em><\/p>\n\n\n\n<p>En 2023, une nouvelle zone de fouille (G), situ\u00e9e \u00e0 l\u2019ouest du sommet du site, a \u00e9t\u00e9 ouverte (photo N\u00b05). Elle a \u00e9t\u00e9 choisie, car une grande structure carr\u00e9e visible affleurait. Une des hypoth\u00e8ses de recherche faisait penser \u00e0 une tour. Toutefois, la finesse des murs exhum\u00e9s et la vaisselle galil\u00e9enne d\u00e9couverte ne corroborent pas cette piste\u00a0; elles indiquent plut\u00f4t qu\u2019il s\u2019agissait d\u2019un lieu d\u2019habitation. Les p\u00e9riodes d\u2019occupation correspondent \u00e0 celles de la zone N. On constate un changement de disposition des murs et de la ma\u00e7onnerie, \u00e0 l\u2019\u00e9poque medio-romaine, et un nouveau b\u00e2timent est construit lors de la p\u00e9riode tardive, vers le V<sup>\u00e8me <\/sup>si\u00e8cle de l\u2019\u00e8re chr\u00e9tienne. \u00c0 l\u2019\u00e9poque, la r\u00e9gion connaissait un d\u00e9veloppement \u00e9conomique et l\u2019arriv\u00e9e d\u2019une nouvelle population, ceci aurait pu amener des changements architecturaux. Les fermes hell\u00e9nistiques et romaines de la r\u00e9gion ont tendance \u00e0 regrouper les b\u00e2timents et former un plan massif, cela pourrait expliquer la structure carr\u00e9e\u00a0vue en surface. Les d\u00e9couvertes mises au jour dans la zone G peuvent sugg\u00e9rer la pr\u00e9sence d\u2019un hameau ou petit village s\u2019\u00e9tendant sur la couronne de la colline\u00a0; l\u2019eau est stock\u00e9e dans plusieurs citernes pl\u00e2tr\u00e9es creus\u00e9es dans la roche et provient \u00e9galement de la source \u2018En Netofa situ\u00e9e \u00e0 1 kilom\u00e8tres au nord-ouest du site. Toutefois, des fouilles plus pouss\u00e9es seront n\u00e9cessaires pour \u00e9tayer ces hypoth\u00e8ses.<\/p>\n\n\n\n<figure class=\"wp-block-image size-large\"><img alt=\"\" loading=\"lazy\" decoding=\"async\" width=\"768\" height=\"1024\" src=\"https:\/\/wp.unil.ch\/khirbet-beit-netofa\/files\/2023\/09\/Grotte3_tunnel-768x1024.jpg\" alt=\"\" class=\"wp-image-667\" srcset=\"https:\/\/wp.unil.ch\/khirbet-beit-netofa\/files\/2023\/09\/Grotte3_tunnel-768x1024.jpg 768w, https:\/\/wp.unil.ch\/khirbet-beit-netofa\/files\/2023\/09\/Grotte3_tunnel-225x300.jpg 225w, https:\/\/wp.unil.ch\/khirbet-beit-netofa\/files\/2023\/09\/Grotte3_tunnel-9x12.jpg 9w, https:\/\/wp.unil.ch\/khirbet-beit-netofa\/files\/2023\/09\/Grotte3_tunnel.jpg 900w\" sizes=\"auto, (max-width: 768px) 100vw, 768px\" \/><\/figure>\n\n\n\n<p><em>6 Grotte N\u00b03, tunnel \u00a9R.Aligon<\/em><\/p>\n\n\n\n<p>La derni\u00e8re zone de fouille est la grotte n\u00b03 situ\u00e9e au sommet du site (photo N\u00b06). Les \u00e9l\u00e9ments d\u00e9couverts ont permis d\u2019\u00e9tablir que la fonction de la cavit\u00e9 a chang\u00e9. Dans la premi\u00e8re phase d&rsquo;occupation, au d\u00e9but de la p\u00e9riode romaine, la cavit\u00e9 \u00e9tait une citerne pl\u00e2tr\u00e9e pour stocker l\u2019eau. Elle semble avoir ensuite \u00e9t\u00e9 transform\u00e9e en une grotte refuge au cours du I<sup>er<\/sup> si\u00e8cle avant l\u2019\u00e8re chr\u00e9tienne. Elle semble avoir servi \u00e0 cet usage en continu jusqu&rsquo;\u00e0 la fin de la p\u00e9riode romaine (V<sup>\u00e8me<\/sup> si\u00e8cle de l\u2019\u00e8re chr\u00e9tienne). Il est important de noter que l\u2019utilisation en tant que refuge est ant\u00e9rieure \u00e0 la premi\u00e8re r\u00e9volte juive (66-74 apr.), et a continu\u00e9 bien apr\u00e8s la seconde r\u00e9volte juive (132-136 apr.). Une telle activit\u00e9 de grotte refuge sur le moyen terme t\u00e9moigne de la situation instable et potentiellement dangereuse en Basse Galil\u00e9e tout au long de la p\u00e9riode romaine, c\u2019est peut-\u00eatre d\u2019ailleurs cette instabilit\u00e9 qui a men\u00e9 \u00e0 l\u2019abandon du site agricole de Khirbet Bet Netofa, au IV<sup>\u00e8me<\/sup>-V<sup>\u00e8me<\/sup> si\u00e8cle de l\u2019\u00e8re chr\u00e9tienne.<\/p>\n\n\n\n<p>La campagne de fouille 2023 a mis au jour de nombreuses d\u00e9couvertes, dont une rare pi\u00e8ce en or de l\u2019empereur Hadrien. La caract\u00e9risation de ce site rural en Galil\u00e9e se poursuivra dans les ann\u00e9es \u00e0 venir.<\/p>\n\n\n\n<figure class=\"wp-block-image size-large\"><img alt=\"\" loading=\"lazy\" decoding=\"async\" width=\"1024\" height=\"576\" src=\"https:\/\/wp.unil.ch\/khirbet-beit-netofa\/files\/2023\/09\/Bet_Shearim_arche_synagogue-1024x576.jpg\" alt=\"\" class=\"wp-image-664\" srcset=\"https:\/\/wp.unil.ch\/khirbet-beit-netofa\/files\/2023\/09\/Bet_Shearim_arche_synagogue-1024x576.jpg 1024w, https:\/\/wp.unil.ch\/khirbet-beit-netofa\/files\/2023\/09\/Bet_Shearim_arche_synagogue-300x169.jpg 300w, https:\/\/wp.unil.ch\/khirbet-beit-netofa\/files\/2023\/09\/Bet_Shearim_arche_synagogue-768x432.jpg 768w, https:\/\/wp.unil.ch\/khirbet-beit-netofa\/files\/2023\/09\/Bet_Shearim_arche_synagogue-18x10.jpg 18w, https:\/\/wp.unil.ch\/khirbet-beit-netofa\/files\/2023\/09\/Bet_Shearim_arche_synagogue.jpg 1386w\" sizes=\"auto, (max-width: 1024px) 100vw, 1024px\" \/><\/figure>\n\n\n\n<p><em>7 Bet Shearim, arche de la synagogue \u00a9D.Hamidovic<\/em><\/p>\n\n\n\n<p>En plus de la fouille arch\u00e9ologique, des visites sont organis\u00e9es lors des temps de repos. En 2023, nous avons visit\u00e9 le site de Bet Shearim (photo N\u00b07), notamment la n\u00e9cropole et la synagogue, sur le littoral les vestiges de C\u00e9sar\u00e9e (photo N\u00b08) \u00e9rig\u00e9s par H\u00e9rode le Grand \u00e0 la fin du I<sup>er<\/sup> si\u00e8cle avant l\u2019\u00e8re chr\u00e9tienne, et enfin<\/p>\n\n\n\n<figure class=\"wp-block-image size-large\"><img alt=\"\" loading=\"lazy\" decoding=\"async\" width=\"768\" height=\"1024\" src=\"https:\/\/wp.unil.ch\/khirbet-beit-netofa\/files\/2023\/09\/Cesaree_fortification_croises-768x1024.jpg\" alt=\"\" class=\"wp-image-665\" srcset=\"https:\/\/wp.unil.ch\/khirbet-beit-netofa\/files\/2023\/09\/Cesaree_fortification_croises-768x1024.jpg 768w, https:\/\/wp.unil.ch\/khirbet-beit-netofa\/files\/2023\/09\/Cesaree_fortification_croises-225x300.jpg 225w, https:\/\/wp.unil.ch\/khirbet-beit-netofa\/files\/2023\/09\/Cesaree_fortification_croises-9x12.jpg 9w, https:\/\/wp.unil.ch\/khirbet-beit-netofa\/files\/2023\/09\/Cesaree_fortification_croises.jpg 900w\" sizes=\"auto, (max-width: 768px) 100vw, 768px\" \/><\/figure>\n\n\n\n<p><em>8 C\u00e9sar\u00e9e, fortification des Crois\u00e9s \u00a9R.Aligon<\/em><\/p>\n\n\n\n<p>la ville m\u00e9di\u00e9vale d\u2019Akko- Saint Jean d\u2019Acre avec notamment la visite de la forteresse crois\u00e9e des hospitaliers (photo N\u00b09).<\/p>\n\n\n\n<figure class=\"wp-block-image size-large\"><img alt=\"\" loading=\"lazy\" decoding=\"async\" width=\"768\" height=\"1024\" src=\"https:\/\/wp.unil.ch\/khirbet-beit-netofa\/files\/2023\/09\/Akko_Saint_Jean_Acre_forteresse_hospitaliers-768x1024.jpg\" alt=\"\" class=\"wp-image-663\" srcset=\"https:\/\/wp.unil.ch\/khirbet-beit-netofa\/files\/2023\/09\/Akko_Saint_Jean_Acre_forteresse_hospitaliers-768x1024.jpg 768w, https:\/\/wp.unil.ch\/khirbet-beit-netofa\/files\/2023\/09\/Akko_Saint_Jean_Acre_forteresse_hospitaliers-225x300.jpg 225w, https:\/\/wp.unil.ch\/khirbet-beit-netofa\/files\/2023\/09\/Akko_Saint_Jean_Acre_forteresse_hospitaliers-9x12.jpg 9w, https:\/\/wp.unil.ch\/khirbet-beit-netofa\/files\/2023\/09\/Akko_Saint_Jean_Acre_forteresse_hospitaliers.jpg 900w\" sizes=\"auto, (max-width: 768px) 100vw, 768px\" \/><\/figure>\n\n\n\n<p><em>9 Akko-Saint Jean d\u2019Acre, forteresse des hospitaliers \u00a9R.Aligon<\/em><\/p>\n","protected":false},"excerpt":{"rendered":"<p>Khirbet Bet Netofa depuis son acc\u00e8s Ouest.\u00a9R.Aligon L\u2019ann\u00e9e pass\u00e9e, en 2022, lors de la deuxi\u00e8me campagne de fouille, il avait \u00e9t\u00e9 d\u00e9cid\u00e9 de concentrer les recherches \u00e0 l\u2019est du sommet &hellip; <\/p>\n","protected":false},"author":1001134,"featured_media":0,"parent":0,"menu_order":0,"comment_status":"closed","ping_status":"closed","template":"","meta":{"_seopress_robots_primary_cat":"","_seopress_titles_title":"","_seopress_titles_desc":"","_seopress_robots_index":"","footnotes":""},"class_list":["post-660","page","type-page","status-publish"],"_links":{"self":[{"href":"https:\/\/wp.unil.ch\/khirbet-beit-netofa\/wp-json\/wp\/v2\/pages\/660","targetHints":{"allow":["GET"]}}],"collection":[{"href":"https:\/\/wp.unil.ch\/khirbet-beit-netofa\/wp-json\/wp\/v2\/pages"}],"about":[{"href":"https:\/\/wp.unil.ch\/khirbet-beit-netofa\/wp-json\/wp\/v2\/types\/page"}],"author":[{"embeddable":true,"href":"https:\/\/wp.unil.ch\/khirbet-beit-netofa\/wp-json\/wp\/v2\/users\/1001134"}],"replies":[{"embeddable":true,"href":"https:\/\/wp.unil.ch\/khirbet-beit-netofa\/wp-json\/wp\/v2\/comments?post=660"}],"version-history":[{"count":0,"href":"https:\/\/wp.unil.ch\/khirbet-beit-netofa\/wp-json\/wp\/v2\/pages\/660\/revisions"}],"wp:attachment":[{"href":"https:\/\/wp.unil.ch\/khirbet-beit-netofa\/wp-json\/wp\/v2\/media?parent=660"}],"curies":[{"name":"wp","href":"https:\/\/api.w.org\/{rel}","templated":true}]}}