{"id":6,"date":"2019-11-28T16:00:19","date_gmt":"2019-11-28T15:00:19","guid":{"rendered":"http:\/\/wp.unil.ch\/modele\/?page_id=6"},"modified":"2021-07-12T16:32:43","modified_gmt":"2021-07-12T14:32:43","slug":"home","status":"publish","type":"page","link":"https:\/\/wp.unil.ch\/khirbet-beit-netofa\/home\/","title":{"rendered":"Pr\u00e9sentation"},"content":{"rendered":"\n<p>Khirbet Beit Netofa est un site d\u2019environ 5 hectares sis au sommet d\u2019une petite colline situ\u00e9e \u00e0 l\u2019extr\u00e9mit\u00e9 Est de la vall\u00e9e de Netofa, dans la r\u00e9gion de la Galil\u00e9e, au Nord de l\u2019\u00c9tat d\u2019Isra\u00ebl. Celui-ci est proche de la ville moderne d\u2019Eilabun.<\/p>\n\n\n\n<p>Le site est exceptionnel \u00e0 plus d\u2019un titre. Tout d\u2019abord Netofa est mentionn\u00e9 dans les \u00e9crits rabbiniques et dans des textes des p\u00e9riodes des Croisades et des Ottomans. D\u2019autre part, le site bien que r\u00e9pertori\u00e9 n\u2019a jamais \u00e9t\u00e9 fouill\u00e9, cas rare en Isra\u00ebl, ce qui offre un site vierge de contaminations modernes et accro\u00eet ainsi des probl\u00e9matiques de recherche sans biais.<\/p>\n\n\n\n<p>Lors de diff\u00e9rents rep\u00e9rages de surface, il a \u00e9t\u00e9 ramass\u00e9 des tessons de poterie allant de la p\u00e9riode du Fer IIC (VIII<sup>e<\/sup>-VI<sup>e<\/sup> s. avant l\u2019\u00e8re chr\u00e9tienne) \u00e0 la p\u00e9riode mameluke (XIII<sup>e<\/sup>-XVI<sup>e<\/sup> s.) en passant par les p\u00e9riodes romaine et byzantine (I<sup>er <\/sup>av.-VII<sup>e<\/sup> de l\u2019\u00e8re chr\u00e9tienne), ce qui montre une longue occupation du site. De m\u00eame, en parcourant le terrain, de nombreux \u00e9l\u00e9ments architecturaux affleurent. Par ailleurs, les photographies a\u00e9riennes laissent voir de v\u00e9ritables b\u00e2timents. Ces \u00e9l\u00e9ments et la situation g\u00e9ographique fondent un projet scientifique pour l\u2019\u00e9tude raisonn\u00e9e d\u2019un site rural en Galil\u00e9e sur la longue dur\u00e9e. Jusqu\u2019\u00e0 pr\u00e9sent, les \u00e9tudes arch\u00e9ologiques sur la longue dur\u00e9e ont surtout \u00e9t\u00e9 faites sur les sites urbains de la Galil\u00e9e.<\/p>\n\n\n\n<div class=\"wp-block-image\"><figure class=\"aligncenter size-large\"><img alt=\"\" loading=\"lazy\" decoding=\"async\" width=\"538\" height=\"262\" src=\"https:\/\/wp.unil.ch\/khirbet-beit-netofa\/files\/2021\/07\/image.png\" alt=\"\" class=\"wp-image-180\" srcset=\"https:\/\/wp.unil.ch\/khirbet-beit-netofa\/files\/2021\/07\/image.png 538w, https:\/\/wp.unil.ch\/khirbet-beit-netofa\/files\/2021\/07\/image-300x146.png 300w\" sizes=\"auto, (max-width: 538px) 100vw, 538px\" \/><figcaption><br><em>Seuil de porte \u00a9 R. Aligon (UNIL)<\/em><\/figcaption><\/figure><\/div>\n\n\n\n<p>Au regard de tous ces \u00e9l\u00e9ments, il apparait clairement qu\u2019un chantier au long cours, de plusieurs campagnes de fouille sur plusieurs ann\u00e9es, semble n\u00e9cessaire pour pouvoir faire une enqu\u00eate scientifique approfondie sur la population r\u00e9sidente, sur leur mode de vie, sur leur culture mat\u00e9rielle, sur la faune, sur la flore\u2026<\/p>\n\n\n\n<div class=\"wp-block-image\"><figure class=\"aligncenter size-large\"><img alt=\"\" loading=\"lazy\" decoding=\"async\" width=\"314\" height=\"534\" src=\"https:\/\/wp.unil.ch\/khirbet-beit-netofa\/files\/2021\/07\/image-1.png\" alt=\"\" class=\"wp-image-181\" srcset=\"https:\/\/wp.unil.ch\/khirbet-beit-netofa\/files\/2021\/07\/image-1.png 314w, https:\/\/wp.unil.ch\/khirbet-beit-netofa\/files\/2021\/07\/image-1-176x300.png 176w\" sizes=\"auto, (max-width: 314px) 100vw, 314px\" \/><figcaption>C<em>iterne \u00a9 R. Aligon (UNIL)<\/em><\/figcaption><\/figure><\/div>\n\n\n\n<p>Par exemple, l\u2019\u00e9tude des citernes peut nous renseigner sur le nombre d\u2019habitants, sur les m\u00e9thodes de stockage, sur les diff\u00e9rents produits stock\u00e9s\u2026<\/p>\n\n\n\n<p>La collecte d\u2019\u00e9l\u00e9ments de la faune (os, \u0153uf&#8230;) et de la flore (pollens, graines\u2026) contribue \u00e0 d\u00e9terminer le r\u00e9gime alimentaire de la population, et <em>in fine<\/em> les types d\u2019\u00e9levage et de culture ainsi que le climat et les ressource naturelles des \u00e9poques correspondantes.<\/p>\n\n\n\n<div class=\"wp-block-image\"><figure class=\"aligncenter size-large\"><img alt=\"\" loading=\"lazy\" decoding=\"async\" width=\"258\" height=\"534\" src=\"https:\/\/wp.unil.ch\/khirbet-beit-netofa\/files\/2021\/07\/image-2.png\" alt=\"\" class=\"wp-image-182\" srcset=\"https:\/\/wp.unil.ch\/khirbet-beit-netofa\/files\/2021\/07\/image-2.png 258w, https:\/\/wp.unil.ch\/khirbet-beit-netofa\/files\/2021\/07\/image-2-145x300.png 145w\" sizes=\"auto, (max-width: 258px) 100vw, 258px\" \/><figcaption><em>Mur et angle de mur \u00a9 R. Aligon (UNIL)<\/em><\/figcaption><\/figure><\/div>\n\n\n\n<p>Les diff\u00e9rents alignements de pierre affleurant en surface prouvent l\u2019existence de structures. La fouille a pour but aussi de les analyser pour d\u00e9terminer leur fonction (b\u00e2timent public, fortification, habitation\u2026) et leur date d\u2019\u00e9rection et d\u2019usage. La synth\u00e8se de ces donn\u00e9es permettra de caract\u00e9riser le site en lui-m\u00eame et de discuter une organisation sociale et son \u00e9volution suivant les diff\u00e9rentes \u00e9poques.<\/p>\n\n\n\n<div class=\"wp-block-image\"><figure class=\"aligncenter size-large\"><img alt=\"\" loading=\"lazy\" decoding=\"async\" width=\"538\" height=\"262\" src=\"https:\/\/wp.unil.ch\/khirbet-beit-netofa\/files\/2021\/07\/image-3.png\" alt=\"\" class=\"wp-image-183\" srcset=\"https:\/\/wp.unil.ch\/khirbet-beit-netofa\/files\/2021\/07\/image-3.png 538w, https:\/\/wp.unil.ch\/khirbet-beit-netofa\/files\/2021\/07\/image-3-300x146.png 300w\" sizes=\"auto, (max-width: 538px) 100vw, 538px\" \/><figcaption><em>Pierres en r\u00e9emploi pour d\u00e9limiter un mur de berger \u00a9 D. Hamidovic (UNIL)<\/em><\/figcaption><\/figure><\/div>\n\n\n\n<p><\/p>\n","protected":false},"excerpt":{"rendered":"<p>Khirbet Beit Netofa est un site d\u2019environ 5 hectares sis au sommet d\u2019une petite colline situ\u00e9e \u00e0 l\u2019extr\u00e9mit\u00e9 Est de la vall\u00e9e de Netofa, dans la r\u00e9gion de la Galil\u00e9e, &hellip; <\/p>\n","protected":false},"author":108,"featured_media":0,"parent":0,"menu_order":0,"comment_status":"closed","ping_status":"closed","template":"","meta":{"_seopress_robots_primary_cat":"","_seopress_titles_title":"","_seopress_titles_desc":"","_seopress_robots_index":"","footnotes":""},"class_list":["post-6","page","type-page","status-publish"],"_links":{"self":[{"href":"https:\/\/wp.unil.ch\/khirbet-beit-netofa\/wp-json\/wp\/v2\/pages\/6","targetHints":{"allow":["GET"]}}],"collection":[{"href":"https:\/\/wp.unil.ch\/khirbet-beit-netofa\/wp-json\/wp\/v2\/pages"}],"about":[{"href":"https:\/\/wp.unil.ch\/khirbet-beit-netofa\/wp-json\/wp\/v2\/types\/page"}],"author":[{"embeddable":true,"href":"https:\/\/wp.unil.ch\/khirbet-beit-netofa\/wp-json\/wp\/v2\/users\/108"}],"replies":[{"embeddable":true,"href":"https:\/\/wp.unil.ch\/khirbet-beit-netofa\/wp-json\/wp\/v2\/comments?post=6"}],"version-history":[{"count":0,"href":"https:\/\/wp.unil.ch\/khirbet-beit-netofa\/wp-json\/wp\/v2\/pages\/6\/revisions"}],"wp:attachment":[{"href":"https:\/\/wp.unil.ch\/khirbet-beit-netofa\/wp-json\/wp\/v2\/media?parent=6"}],"curies":[{"name":"wp","href":"https:\/\/api.w.org\/{rel}","templated":true}]}}