{"id":334,"date":"2021-07-15T14:20:40","date_gmt":"2021-07-15T12:20:40","guid":{"rendered":"https:\/\/wp.unil.ch\/khirbet-beit-netofa\/?page_id=334"},"modified":"2022-06-14T13:00:34","modified_gmt":"2022-06-14T11:00:34","slug":"reperages-2018-2019","status":"publish","type":"page","link":"https:\/\/wp.unil.ch\/khirbet-beit-netofa\/galleries-photos\/reperages-2018-2019\/","title":{"rendered":"Rep\u00e9rages 2018-2019"},"content":{"rendered":"<div id=\"metaslider-id-254\" style=\"width: 100%;\" class=\"ml-slider-3-107-0 metaslider metaslider-flex metaslider-254 ml-slider has-dots-nav ms-theme-default\" role=\"region\" aria-label=\"Rep\u00e9rage 2018-2019\" data-height=\"397\" data-width=\"700\">\n    <div id=\"metaslider_container_254\">\n        <div id=\"metaslider_254\">\n            <ul class='slides'>\n                <li style=\"display: block; width: 100%;\" class=\"slide-475 ms-image \" aria-roledescription=\"slide\" data-date=\"2022-06-14 12:53:49\" data-filename=\"vue-de-la-vallee-Beit-Netofa-depuis-le-site-\u00a9-R.Aligon-UNIL-5-700x397.jpg\" data-slide-type=\"image\"><img loading=\"lazy\" decoding=\"async\" src=\"https:\/\/wp.unil.ch\/khirbet-beit-netofa\/files\/2021\/07\/vue-de-la-vallee-Beit-Netofa-depuis-le-site-\u00a9-R.Aligon-UNIL-5-700x397.jpg\" height=\"397\" width=\"700\" alt=\"\" class=\"slider-254 slide-475 msDefaultImage\" title=\"vue de la vall\u00e9e Beit Netofa depuis le site \u00a9 R.Aligon (UNIL)\" \/><div class=\"caption-wrap\"><div class=\"caption\">vue de la vall\u00e9e Beit Netofa depuis le site \u00a9 R.Aligon (UNIL)<\/div><\/div><\/li>\n                <li style=\"display: none; width: 100%;\" class=\"slide-476 ms-image \" aria-roledescription=\"slide\" data-date=\"2022-06-14 12:53:50\" data-filename=\"vegetation-en-ete-\u00a9-D.Hamidovic-UNIL-4-700x397.jpg\" data-slide-type=\"image\"><img loading=\"lazy\" decoding=\"async\" src=\"https:\/\/wp.unil.ch\/khirbet-beit-netofa\/files\/2021\/07\/vegetation-en-ete-\u00a9-D.Hamidovic-UNIL-4-700x397.jpg\" height=\"397\" width=\"700\" alt=\"\" class=\"slider-254 slide-476 msDefaultImage\" title=\"v\u00e9g\u00e9tation en \u00e9t\u00e9 \u00a9 D.Hamidovic (UNIL)\" \/><div class=\"caption-wrap\"><div class=\"caption\">v\u00e9g\u00e9tation en \u00e9t\u00e9 \u00a9 D.Hamidovic (UNIL)<\/div><\/div><\/li>\n                <li style=\"display: none; width: 100%;\" class=\"slide-477 ms-image \" aria-roledescription=\"slide\" data-date=\"2022-06-14 12:53:50\" data-filename=\"seuil-de-porte-\u00a9-R.Aligon-UNIL-5-700x397.jpg\" data-slide-type=\"image\"><img loading=\"lazy\" decoding=\"async\" src=\"https:\/\/wp.unil.ch\/khirbet-beit-netofa\/files\/2021\/07\/seuil-de-porte-\u00a9-R.Aligon-UNIL-5-700x397.jpg\" height=\"397\" width=\"700\" alt=\"\" class=\"slider-254 slide-477 msDefaultImage\" title=\"seuil de porte \u00a9 R.Aligon (UNIL)\" \/><div class=\"caption-wrap\"><div class=\"caption\">seuil de porte \u00a9 R.Aligon (UNIL)<\/div><\/div><\/li>\n                <li style=\"display: none; width: 100%;\" class=\"slide-478 ms-image \" aria-roledescription=\"slide\" data-date=\"2022-06-14 12:53:50\" data-filename=\"pierres-obturant-une-citerne-\u00a9-R.Aligon-UNIL-5-700x397.jpg\" data-slide-type=\"image\"><img loading=\"lazy\" decoding=\"async\" src=\"https:\/\/wp.unil.ch\/khirbet-beit-netofa\/files\/2021\/07\/pierres-obturant-une-citerne-\u00a9-R.Aligon-UNIL-5-700x397.jpg\" height=\"397\" width=\"700\" alt=\"\" class=\"slider-254 slide-478 msDefaultImage\" title=\"pierres obturant une citerne \u00a9 R.Aligon (UNIL)\" \/><div class=\"caption-wrap\"><div class=\"caption\">pierres obturant une citerne \u00a9 R.Aligon (UNIL)<\/div><\/div><\/li>\n                <li style=\"display: none; width: 100%;\" class=\"slide-479 ms-image \" aria-roledescription=\"slide\" data-date=\"2022-06-14 12:53:51\" data-filename=\"pierres-en-reemploi-pour-delimiter-un-mur-de-berger-\u00a9-D.Hamidovic-UNIL-5-345x196.jpg\" data-slide-type=\"image\"><img loading=\"lazy\" decoding=\"async\" src=\"https:\/\/wp.unil.ch\/khirbet-beit-netofa\/files\/2021\/07\/pierres-en-reemploi-pour-delimiter-un-mur-de-berger-\u00a9-D.Hamidovic-UNIL-5-345x196.jpg\" height=\"397\" width=\"700\" alt=\"\" class=\"slider-254 slide-479 msDefaultImage\" title=\"pierres en r\u00e9emploi pour d\u00e9limiter un mur de berger \u00a9 D.Hamidovic (UNIL)\" \/><div class=\"caption-wrap\"><div class=\"caption\">pierres en r\u00e9emploi pour d\u00e9limiter un mur de berger \u00a9 D.Hamidovic (UNIL)<\/div><\/div><\/li>\n                <li style=\"display: none; width: 100%;\" class=\"slide-480 ms-image \" aria-roledescription=\"slide\" data-date=\"2022-06-14 12:53:51\" data-filename=\"pierre-taillee-\u00a9-R.Aligon-UNIL-5-583x330.jpg\" data-slide-type=\"image\"><img loading=\"lazy\" decoding=\"async\" src=\"https:\/\/wp.unil.ch\/khirbet-beit-netofa\/files\/2021\/07\/pierre-taillee-\u00a9-R.Aligon-UNIL-5-583x330.jpg\" height=\"397\" width=\"700\" alt=\"\" class=\"slider-254 slide-480 msDefaultImage\" title=\"pierre taill\u00e9e \u00a9 R.Aligon (UNIL)\" \/><div class=\"caption-wrap\"><div class=\"caption\">pierre taill\u00e9e \u00a9 R.Aligon (UNIL)<\/div><\/div><\/li>\n                <li style=\"display: none; width: 100%;\" class=\"slide-481 ms-image \" aria-roledescription=\"slide\" data-date=\"2022-06-14 12:53:51\" data-filename=\"mur-et-angle-de-mur-\u00a9-R.Aligon-UNIL-5-583x330.jpg\" data-slide-type=\"image\"><img loading=\"lazy\" decoding=\"async\" src=\"https:\/\/wp.unil.ch\/khirbet-beit-netofa\/files\/2021\/07\/mur-et-angle-de-mur-\u00a9-R.Aligon-UNIL-5-583x330.jpg\" height=\"397\" width=\"700\" alt=\"\" class=\"slider-254 slide-481 msDefaultImage\" title=\"mur et angle de mur \u00a9 R.Aligon (UNIL)\" \/><div class=\"caption-wrap\"><div class=\"caption\">mur et angle de mur \u00a9 R.Aligon (UNIL)<\/div><\/div><\/li>\n                <li style=\"display: none; width: 100%;\" class=\"slide-482 ms-image \" aria-roledescription=\"slide\" data-date=\"2022-06-14 12:53:52\" data-filename=\"citerne-\u00a9-R.Aligon-UNIL-6-700x397.jpg\" data-slide-type=\"image\"><img loading=\"lazy\" decoding=\"async\" src=\"https:\/\/wp.unil.ch\/khirbet-beit-netofa\/files\/2021\/07\/citerne-\u00a9-R.Aligon-UNIL-6-700x397.jpg\" height=\"397\" width=\"700\" alt=\"\" class=\"slider-254 slide-482 msDefaultImage\" title=\"citerne \u00a9 R.Aligon (UNIL)\" \/><div class=\"caption-wrap\"><div class=\"caption\">citerne \u00a9 R.Aligon (UNIL)<\/div><\/div><\/li>\n                <li style=\"display: none; width: 100%;\" class=\"slide-483 ms-image \" aria-roledescription=\"slide\" data-date=\"2022-06-14 12:53:52\" data-filename=\"chemin-dacces-et-vue-de-lensemble-du-site-\u00a9-R.Aligon-UNIL-6-700x397.jpg\" data-slide-type=\"image\"><img loading=\"lazy\" decoding=\"async\" src=\"https:\/\/wp.unil.ch\/khirbet-beit-netofa\/files\/2021\/07\/chemin-dacces-et-vue-de-lensemble-du-site-\u00a9-R.Aligon-UNIL-6-700x397.jpg\" height=\"397\" width=\"700\" alt=\"\" class=\"slider-254 slide-483 msDefaultImage\" title=\"chemin d&#039;acc\u00e8s et vue de l&#039;ensemble du site \u00a9 R.Aligon (UNIL)\" \/><div class=\"caption-wrap\"><div class=\"caption\">chemin d'acc\u00e8s et vue de l'ensemble du site \u00a9 R.Aligon (UNIL)<\/div><\/div><\/li>\n                <li style=\"display: none; width: 100%;\" class=\"slide-484 ms-image \" aria-roledescription=\"slide\" data-date=\"2022-06-14 12:53:52\" data-filename=\"carapace-de-tortue-\u00a9-D.Hamidovic-UNIL-7-700x397.jpg\" data-slide-type=\"image\"><img loading=\"lazy\" decoding=\"async\" src=\"https:\/\/wp.unil.ch\/khirbet-beit-netofa\/files\/2021\/07\/carapace-de-tortue-\u00a9-D.Hamidovic-UNIL-7-700x397.jpg\" height=\"397\" width=\"700\" alt=\"\" class=\"slider-254 slide-484 msDefaultImage\" title=\"carapace de tortue \u00a9 D.Hamidovic (UNIL)\" \/><div class=\"caption-wrap\"><div class=\"caption\">carapace de tortue \u00a9 D.Hamidovic (UNIL)<\/div><\/div><\/li>\n                <li style=\"display: none; width: 100%;\" class=\"slide-485 ms-image \" aria-roledescription=\"slide\" data-date=\"2022-06-14 12:53:53\" data-filename=\"vue-de-la-vallee-Beit-Netofa-depuis-le-site-\u00a9-R.Aligon-UNIL-4-700x397.jpg\" data-slide-type=\"image\"><img loading=\"lazy\" decoding=\"async\" src=\"https:\/\/wp.unil.ch\/khirbet-beit-netofa\/files\/2021\/07\/vue-de-la-vallee-Beit-Netofa-depuis-le-site-\u00a9-R.Aligon-UNIL-4-700x397.jpg\" height=\"397\" width=\"700\" alt=\"\" class=\"slider-254 slide-485 msDefaultImage\" title=\"vue-de-la-vallee-Beit-Netofa-depuis-le-site-\u00a9-R.Aligon-UNIL-4\" \/><div class=\"caption-wrap\"><div class=\"caption\">vue-de-la-vallee-Beit-Netofa-depuis-le-site-\u00a9-R.Aligon-UNIL-4<\/div><\/div><\/li>\n                <li style=\"display: none; width: 100%;\" class=\"slide-486 ms-image \" aria-roledescription=\"slide\" data-date=\"2022-06-14 12:53:53\" data-filename=\"vegetation-en-ete-\u00a9-D.Hamidovic-UNIL-3-700x397.jpg\" data-slide-type=\"image\"><img loading=\"lazy\" decoding=\"async\" src=\"https:\/\/wp.unil.ch\/khirbet-beit-netofa\/files\/2021\/07\/vegetation-en-ete-\u00a9-D.Hamidovic-UNIL-3-700x397.jpg\" height=\"397\" width=\"700\" alt=\"\" class=\"slider-254 slide-486 msDefaultImage\" title=\"vegetation-en-ete-\u00a9-D.Hamidovic-UNIL-3\" \/><div class=\"caption-wrap\"><div class=\"caption\">vegetation-en-ete-\u00a9-D.Hamidovic-UNIL-3<\/div><\/div><\/li>\n                <li style=\"display: none; width: 100%;\" class=\"slide-487 ms-image \" aria-roledescription=\"slide\" data-date=\"2022-06-14 12:53:53\" data-filename=\"seuil-de-porte-\u00a9-R.Aligon-UNIL-4-700x397.jpg\" data-slide-type=\"image\"><img loading=\"lazy\" decoding=\"async\" src=\"https:\/\/wp.unil.ch\/khirbet-beit-netofa\/files\/2021\/07\/seuil-de-porte-\u00a9-R.Aligon-UNIL-4-700x397.jpg\" height=\"397\" width=\"700\" alt=\"\" class=\"slider-254 slide-487 msDefaultImage\" title=\"seuil-de-porte-\u00a9-R.Aligon-UNIL-4\" \/><div class=\"caption-wrap\"><div class=\"caption\">seuil-de-porte-\u00a9-R.Aligon-UNIL-4<\/div><\/div><\/li>\n                <li style=\"display: none; width: 100%;\" class=\"slide-488 ms-image \" aria-roledescription=\"slide\" data-date=\"2022-06-14 12:53:54\" data-filename=\"pierres-obturant-une-citerne-\u00a9-R.Aligon-UNIL-4-700x397.jpg\" data-slide-type=\"image\"><img loading=\"lazy\" decoding=\"async\" src=\"https:\/\/wp.unil.ch\/khirbet-beit-netofa\/files\/2021\/07\/pierres-obturant-une-citerne-\u00a9-R.Aligon-UNIL-4-700x397.jpg\" height=\"397\" width=\"700\" alt=\"\" class=\"slider-254 slide-488 msDefaultImage\" title=\"pierres-obturant-une-citerne-\u00a9-R.Aligon-UNIL-4\" \/><div class=\"caption-wrap\"><div class=\"caption\">pierres-obturant-une-citerne-\u00a9-R.Aligon-UNIL-4<\/div><\/div><\/li>\n                <li style=\"display: none; width: 100%;\" class=\"slide-489 ms-image \" aria-roledescription=\"slide\" data-date=\"2022-06-14 12:53:54\" data-filename=\"pierres-en-reemploi-pour-delimiter-un-mur-de-berger-\u00a9-D.Hamidovic-UNIL-4-345x196.jpg\" data-slide-type=\"image\"><img loading=\"lazy\" decoding=\"async\" src=\"https:\/\/wp.unil.ch\/khirbet-beit-netofa\/files\/2021\/07\/pierres-en-reemploi-pour-delimiter-un-mur-de-berger-\u00a9-D.Hamidovic-UNIL-4-345x196.jpg\" height=\"397\" width=\"700\" alt=\"\" class=\"slider-254 slide-489 msDefaultImage\" title=\"pierres-en-reemploi-pour-delimiter-un-mur-de-berger-\u00a9-D.Hamidovic-UNIL-4\" \/><div class=\"caption-wrap\"><div class=\"caption\">pierres-en-reemploi-pour-delimiter-un-mur-de-berger-\u00a9-D.Hamidovic-UNIL-4<\/div><\/div><\/li>\n                <li style=\"display: none; width: 100%;\" class=\"slide-490 ms-image \" aria-roledescription=\"slide\" data-date=\"2022-06-14 12:53:55\" data-filename=\"pierre-taillee-\u00a9-R.Aligon-UNIL-4-583x330.jpg\" data-slide-type=\"image\"><img loading=\"lazy\" decoding=\"async\" src=\"https:\/\/wp.unil.ch\/khirbet-beit-netofa\/files\/2021\/07\/pierre-taillee-\u00a9-R.Aligon-UNIL-4-583x330.jpg\" height=\"397\" width=\"700\" alt=\"\" class=\"slider-254 slide-490 msDefaultImage\" title=\"pierre-taillee-\u00a9-R.Aligon-UNIL-4\" \/><div class=\"caption-wrap\"><div class=\"caption\">pierre-taillee-\u00a9-R.Aligon-UNIL-4<\/div><\/div><\/li>\n                <li style=\"display: none; width: 100%;\" class=\"slide-491 ms-image \" aria-roledescription=\"slide\" data-date=\"2022-06-14 12:53:55\" data-filename=\"mur-et-angle-de-mur-\u00a9-R.Aligon-UNIL-4-583x330.jpg\" data-slide-type=\"image\"><img loading=\"lazy\" decoding=\"async\" src=\"https:\/\/wp.unil.ch\/khirbet-beit-netofa\/files\/2021\/07\/mur-et-angle-de-mur-\u00a9-R.Aligon-UNIL-4-583x330.jpg\" height=\"397\" width=\"700\" alt=\"\" class=\"slider-254 slide-491 msDefaultImage\" title=\"mur-et-angle-de-mur-\u00a9-R.Aligon-UNIL-4\" \/><div class=\"caption-wrap\"><div class=\"caption\">mur-et-angle-de-mur-\u00a9-R.Aligon-UNIL-4<\/div><\/div><\/li>\n            <\/ul>\n        <\/div>\n        \n    <\/div>\n<\/div>\n\n\n\n<figure class=\"wp-block-gallery has-nested-images columns-2 is-cropped wp-block-gallery-1 is-layout-flex wp-block-gallery-is-layout-flex\">\n<figure class=\"wp-block-image size-large\"><img alt=\"\" loading=\"lazy\" decoding=\"async\" width=\"1024\" height=\"498\" data-id=\"345\" src=\"https:\/\/wp.unil.ch\/khirbet-beit-netofa\/files\/2021\/07\/carapace-de-tortue-\u00a9-D.Hamidovic-UNIL-7-1024x498.jpg\" alt=\"\" class=\"wp-image-345\" srcset=\"https:\/\/wp.unil.ch\/khirbet-beit-netofa\/files\/2021\/07\/carapace-de-tortue-\u00a9-D.Hamidovic-UNIL-7-1024x498.jpg 1024w, https:\/\/wp.unil.ch\/khirbet-beit-netofa\/files\/2021\/07\/carapace-de-tortue-\u00a9-D.Hamidovic-UNIL-7-300x146.jpg 300w, https:\/\/wp.unil.ch\/khirbet-beit-netofa\/files\/2021\/07\/carapace-de-tortue-\u00a9-D.Hamidovic-UNIL-7-768x373.jpg 768w, https:\/\/wp.unil.ch\/khirbet-beit-netofa\/files\/2021\/07\/carapace-de-tortue-\u00a9-D.Hamidovic-UNIL-7-1536x746.jpg 1536w, https:\/\/wp.unil.ch\/khirbet-beit-netofa\/files\/2021\/07\/carapace-de-tortue-\u00a9-D.Hamidovic-UNIL-7.jpg 1920w\" sizes=\"auto, (max-width: 1024px) 100vw, 1024px\" \/><figcaption>carapace de tortue \u00a9 D.Hamidovic (UNIL)<\/figcaption><\/figure>\n\n\n\n<figure class=\"wp-block-image size-large\"><img alt=\"\" loading=\"lazy\" decoding=\"async\" width=\"1024\" height=\"498\" data-id=\"354\" src=\"https:\/\/wp.unil.ch\/khirbet-beit-netofa\/files\/2021\/07\/vue-de-la-vallee-Beit-Netofa-depuis-le-site-\u00a9-R.Aligon-UNIL-5-1024x498.jpg\" alt=\"\" class=\"wp-image-354\" srcset=\"https:\/\/wp.unil.ch\/khirbet-beit-netofa\/files\/2021\/07\/vue-de-la-vallee-Beit-Netofa-depuis-le-site-\u00a9-R.Aligon-UNIL-5-1024x498.jpg 1024w, https:\/\/wp.unil.ch\/khirbet-beit-netofa\/files\/2021\/07\/vue-de-la-vallee-Beit-Netofa-depuis-le-site-\u00a9-R.Aligon-UNIL-5-300x146.jpg 300w, https:\/\/wp.unil.ch\/khirbet-beit-netofa\/files\/2021\/07\/vue-de-la-vallee-Beit-Netofa-depuis-le-site-\u00a9-R.Aligon-UNIL-5-768x373.jpg 768w, https:\/\/wp.unil.ch\/khirbet-beit-netofa\/files\/2021\/07\/vue-de-la-vallee-Beit-Netofa-depuis-le-site-\u00a9-R.Aligon-UNIL-5-1536x746.jpg 1536w, https:\/\/wp.unil.ch\/khirbet-beit-netofa\/files\/2021\/07\/vue-de-la-vallee-Beit-Netofa-depuis-le-site-\u00a9-R.Aligon-UNIL-5.jpg 1920w\" sizes=\"auto, (max-width: 1024px) 100vw, 1024px\" \/><figcaption>vue de la vall\u00e9e Beit Netofa depuis le site \u00a9 R.Aligon (UNIL)<\/figcaption><\/figure>\n\n\n\n<figure class=\"wp-block-image size-large\"><img alt=\"\" loading=\"lazy\" decoding=\"async\" width=\"1024\" height=\"498\" data-id=\"353\" src=\"https:\/\/wp.unil.ch\/khirbet-beit-netofa\/files\/2021\/07\/vegetation-en-ete-\u00a9-D.Hamidovic-UNIL-4-1024x498.jpg\" alt=\"\" class=\"wp-image-353\" srcset=\"https:\/\/wp.unil.ch\/khirbet-beit-netofa\/files\/2021\/07\/vegetation-en-ete-\u00a9-D.Hamidovic-UNIL-4-1024x498.jpg 1024w, https:\/\/wp.unil.ch\/khirbet-beit-netofa\/files\/2021\/07\/vegetation-en-ete-\u00a9-D.Hamidovic-UNIL-4-300x146.jpg 300w, https:\/\/wp.unil.ch\/khirbet-beit-netofa\/files\/2021\/07\/vegetation-en-ete-\u00a9-D.Hamidovic-UNIL-4-768x373.jpg 768w, https:\/\/wp.unil.ch\/khirbet-beit-netofa\/files\/2021\/07\/vegetation-en-ete-\u00a9-D.Hamidovic-UNIL-4-1536x746.jpg 1536w, https:\/\/wp.unil.ch\/khirbet-beit-netofa\/files\/2021\/07\/vegetation-en-ete-\u00a9-D.Hamidovic-UNIL-4.jpg 1920w\" sizes=\"auto, (max-width: 1024px) 100vw, 1024px\" \/><figcaption>v\u00e9g\u00e9tation en \u00e9t\u00e9 \u00a9 D.Hamidovic (UNIL)<\/figcaption><\/figure>\n\n\n\n<figure class=\"wp-block-image size-large\"><img alt=\"\" loading=\"lazy\" decoding=\"async\" width=\"1024\" height=\"498\" data-id=\"352\" src=\"https:\/\/wp.unil.ch\/khirbet-beit-netofa\/files\/2021\/07\/seuil-de-porte-\u00a9-R.Aligon-UNIL-5-1024x498.jpg\" alt=\"\" class=\"wp-image-352\" srcset=\"https:\/\/wp.unil.ch\/khirbet-beit-netofa\/files\/2021\/07\/seuil-de-porte-\u00a9-R.Aligon-UNIL-5-1024x498.jpg 1024w, https:\/\/wp.unil.ch\/khirbet-beit-netofa\/files\/2021\/07\/seuil-de-porte-\u00a9-R.Aligon-UNIL-5-300x146.jpg 300w, https:\/\/wp.unil.ch\/khirbet-beit-netofa\/files\/2021\/07\/seuil-de-porte-\u00a9-R.Aligon-UNIL-5-768x373.jpg 768w, https:\/\/wp.unil.ch\/khirbet-beit-netofa\/files\/2021\/07\/seuil-de-porte-\u00a9-R.Aligon-UNIL-5-1536x746.jpg 1536w, https:\/\/wp.unil.ch\/khirbet-beit-netofa\/files\/2021\/07\/seuil-de-porte-\u00a9-R.Aligon-UNIL-5.jpg 1920w\" sizes=\"auto, (max-width: 1024px) 100vw, 1024px\" \/><figcaption>seuil de porte \u00a9 R.Aligon (UNIL)<\/figcaption><\/figure>\n\n\n\n<figure class=\"wp-block-image size-large\"><img alt=\"\" loading=\"lazy\" decoding=\"async\" width=\"1024\" height=\"498\" data-id=\"351\" src=\"https:\/\/wp.unil.ch\/khirbet-beit-netofa\/files\/2021\/07\/pierres-obturant-une-citerne-\u00a9-R.Aligon-UNIL-5-1024x498.jpg\" alt=\"\" class=\"wp-image-351\" srcset=\"https:\/\/wp.unil.ch\/khirbet-beit-netofa\/files\/2021\/07\/pierres-obturant-une-citerne-\u00a9-R.Aligon-UNIL-5-1024x498.jpg 1024w, https:\/\/wp.unil.ch\/khirbet-beit-netofa\/files\/2021\/07\/pierres-obturant-une-citerne-\u00a9-R.Aligon-UNIL-5-300x146.jpg 300w, https:\/\/wp.unil.ch\/khirbet-beit-netofa\/files\/2021\/07\/pierres-obturant-une-citerne-\u00a9-R.Aligon-UNIL-5-768x373.jpg 768w, https:\/\/wp.unil.ch\/khirbet-beit-netofa\/files\/2021\/07\/pierres-obturant-une-citerne-\u00a9-R.Aligon-UNIL-5-1536x746.jpg 1536w, https:\/\/wp.unil.ch\/khirbet-beit-netofa\/files\/2021\/07\/pierres-obturant-une-citerne-\u00a9-R.Aligon-UNIL-5.jpg 1920w\" sizes=\"auto, (max-width: 1024px) 100vw, 1024px\" \/><figcaption>pierres obturant une citerne \u00a9 R.Aligon (UNIL)<\/figcaption><\/figure>\n\n\n\n<figure class=\"wp-block-image size-large\"><img alt=\"\" loading=\"lazy\" decoding=\"async\" width=\"403\" height=\"196\" data-id=\"350\" src=\"https:\/\/wp.unil.ch\/khirbet-beit-netofa\/files\/2021\/07\/pierres-en-reemploi-pour-delimiter-un-mur-de-berger-\u00a9-D.Hamidovic-UNIL-5.jpg\" alt=\"\" class=\"wp-image-350\" srcset=\"https:\/\/wp.unil.ch\/khirbet-beit-netofa\/files\/2021\/07\/pierres-en-reemploi-pour-delimiter-un-mur-de-berger-\u00a9-D.Hamidovic-UNIL-5.jpg 403w, https:\/\/wp.unil.ch\/khirbet-beit-netofa\/files\/2021\/07\/pierres-en-reemploi-pour-delimiter-un-mur-de-berger-\u00a9-D.Hamidovic-UNIL-5-300x146.jpg 300w\" sizes=\"auto, (max-width: 403px) 100vw, 403px\" \/><figcaption>pierres en r\u00e9emploi pour d\u00e9limiter un mur de berger \u00a9 D.Hamidovic (UNIL)<\/figcaption><\/figure>\n\n\n\n<figure class=\"wp-block-image size-large\"><img alt=\"\" loading=\"lazy\" decoding=\"async\" width=\"497\" height=\"1024\" data-id=\"349\" src=\"https:\/\/wp.unil.ch\/khirbet-beit-netofa\/files\/2021\/07\/pierre-taillee-\u00a9-R.Aligon-UNIL-5-497x1024.jpg\" alt=\"\" class=\"wp-image-349\" srcset=\"https:\/\/wp.unil.ch\/khirbet-beit-netofa\/files\/2021\/07\/pierre-taillee-\u00a9-R.Aligon-UNIL-5-497x1024.jpg 497w, https:\/\/wp.unil.ch\/khirbet-beit-netofa\/files\/2021\/07\/pierre-taillee-\u00a9-R.Aligon-UNIL-5-146x300.jpg 146w, https:\/\/wp.unil.ch\/khirbet-beit-netofa\/files\/2021\/07\/pierre-taillee-\u00a9-R.Aligon-UNIL-5.jpg 583w\" sizes=\"auto, (max-width: 497px) 100vw, 497px\" \/><figcaption>pierre taill\u00e9e \u00a9 R.Aligon (UNIL)<\/figcaption><\/figure>\n\n\n\n<figure class=\"wp-block-image size-large\"><img alt=\"\" loading=\"lazy\" decoding=\"async\" width=\"497\" height=\"1024\" data-id=\"348\" src=\"https:\/\/wp.unil.ch\/khirbet-beit-netofa\/files\/2021\/07\/mur-et-angle-de-mur-\u00a9-R.Aligon-UNIL-5-497x1024.jpg\" alt=\"\" class=\"wp-image-348\" srcset=\"https:\/\/wp.unil.ch\/khirbet-beit-netofa\/files\/2021\/07\/mur-et-angle-de-mur-\u00a9-R.Aligon-UNIL-5-497x1024.jpg 497w, https:\/\/wp.unil.ch\/khirbet-beit-netofa\/files\/2021\/07\/mur-et-angle-de-mur-\u00a9-R.Aligon-UNIL-5-146x300.jpg 146w, https:\/\/wp.unil.ch\/khirbet-beit-netofa\/files\/2021\/07\/mur-et-angle-de-mur-\u00a9-R.Aligon-UNIL-5.jpg 583w\" sizes=\"auto, (max-width: 497px) 100vw, 497px\" \/><figcaption>mur et angle de mur \u00a9 R.Aligon (UNIL)<\/figcaption><\/figure>\n\n\n\n<figure class=\"wp-block-image size-large\"><img alt=\"\" loading=\"lazy\" decoding=\"async\" width=\"602\" height=\"1024\" data-id=\"347\" src=\"https:\/\/wp.unil.ch\/khirbet-beit-netofa\/files\/2021\/07\/citerne-\u00a9-R.Aligon-UNIL-6-602x1024.jpg\" alt=\"\" class=\"wp-image-347\" srcset=\"https:\/\/wp.unil.ch\/khirbet-beit-netofa\/files\/2021\/07\/citerne-\u00a9-R.Aligon-UNIL-6-602x1024.jpg 602w, https:\/\/wp.unil.ch\/khirbet-beit-netofa\/files\/2021\/07\/citerne-\u00a9-R.Aligon-UNIL-6-176x300.jpg 176w, https:\/\/wp.unil.ch\/khirbet-beit-netofa\/files\/2021\/07\/citerne-\u00a9-R.Aligon-UNIL-6.jpg 705w\" sizes=\"auto, (max-width: 602px) 100vw, 602px\" \/><figcaption>citerne \u00a9 R.Aligon (UNIL)<\/figcaption><\/figure>\n\n\n\n<figure class=\"wp-block-image size-large\"><img alt=\"\" loading=\"lazy\" decoding=\"async\" width=\"1024\" height=\"498\" data-id=\"346\" src=\"https:\/\/wp.unil.ch\/khirbet-beit-netofa\/files\/2021\/07\/chemin-dacces-et-vue-de-lensemble-du-site-\u00a9-R.Aligon-UNIL-6-1024x498.jpg\" alt=\"\" class=\"wp-image-346\" srcset=\"https:\/\/wp.unil.ch\/khirbet-beit-netofa\/files\/2021\/07\/chemin-dacces-et-vue-de-lensemble-du-site-\u00a9-R.Aligon-UNIL-6-1024x498.jpg 1024w, https:\/\/wp.unil.ch\/khirbet-beit-netofa\/files\/2021\/07\/chemin-dacces-et-vue-de-lensemble-du-site-\u00a9-R.Aligon-UNIL-6-300x146.jpg 300w, https:\/\/wp.unil.ch\/khirbet-beit-netofa\/files\/2021\/07\/chemin-dacces-et-vue-de-lensemble-du-site-\u00a9-R.Aligon-UNIL-6-768x373.jpg 768w, https:\/\/wp.unil.ch\/khirbet-beit-netofa\/files\/2021\/07\/chemin-dacces-et-vue-de-lensemble-du-site-\u00a9-R.Aligon-UNIL-6-1536x746.jpg 1536w, https:\/\/wp.unil.ch\/khirbet-beit-netofa\/files\/2021\/07\/chemin-dacces-et-vue-de-lensemble-du-site-\u00a9-R.Aligon-UNIL-6.jpg 1920w\" sizes=\"auto, (max-width: 1024px) 100vw, 1024px\" \/><figcaption>chemin d&rsquo;acc\u00e8s et vue de l&rsquo;ensemble du site \u00a9 R.Aligon (UNIL)<\/figcaption><\/figure>\n<\/figure>\n\n\n\n<p><\/p>\n","protected":false},"excerpt":{"rendered":"","protected":false},"author":1001134,"featured_media":0,"parent":331,"menu_order":0,"comment_status":"closed","ping_status":"closed","template":"","meta":{"_seopress_robots_primary_cat":"","_seopress_titles_title":"","_seopress_titles_desc":"","_seopress_robots_index":"","footnotes":""},"class_list":["post-334","page","type-page","status-publish"],"_links":{"self":[{"href":"https:\/\/wp.unil.ch\/khirbet-beit-netofa\/wp-json\/wp\/v2\/pages\/334","targetHints":{"allow":["GET"]}}],"collection":[{"href":"https:\/\/wp.unil.ch\/khirbet-beit-netofa\/wp-json\/wp\/v2\/pages"}],"about":[{"href":"https:\/\/wp.unil.ch\/khirbet-beit-netofa\/wp-json\/wp\/v2\/types\/page"}],"author":[{"embeddable":true,"href":"https:\/\/wp.unil.ch\/khirbet-beit-netofa\/wp-json\/wp\/v2\/users\/1001134"}],"replies":[{"embeddable":true,"href":"https:\/\/wp.unil.ch\/khirbet-beit-netofa\/wp-json\/wp\/v2\/comments?post=334"}],"version-history":[{"count":0,"href":"https:\/\/wp.unil.ch\/khirbet-beit-netofa\/wp-json\/wp\/v2\/pages\/334\/revisions"}],"up":[{"embeddable":true,"href":"https:\/\/wp.unil.ch\/khirbet-beit-netofa\/wp-json\/wp\/v2\/pages\/331"}],"wp:attachment":[{"href":"https:\/\/wp.unil.ch\/khirbet-beit-netofa\/wp-json\/wp\/v2\/media?parent=334"}],"curies":[{"name":"wp","href":"https:\/\/api.w.org\/{rel}","templated":true}]}}