{"id":225,"date":"2021-07-15T10:55:42","date_gmt":"2021-07-15T08:55:42","guid":{"rendered":"https:\/\/wp.unil.ch\/khirbet-beit-netofa\/?page_id=225"},"modified":"2022-06-21T16:11:03","modified_gmt":"2022-06-21T14:11:03","slug":"campagnes-de-fouilles","status":"publish","type":"page","link":"https:\/\/wp.unil.ch\/khirbet-beit-netofa\/campagnes-de-fouilles\/","title":{"rendered":"Campagne de fouille &#8211; Avril 2022"},"content":{"rendered":"\n<figure class=\"wp-block-image size-large\"><img alt=\"\" loading=\"lazy\" decoding=\"async\" width=\"1024\" height=\"768\" src=\"https:\/\/wp.unil.ch\/khirbet-beit-netofa\/files\/2022\/06\/Image1-1024x768.jpg\" alt=\"\" class=\"wp-image-509\" srcset=\"https:\/\/wp.unil.ch\/khirbet-beit-netofa\/files\/2022\/06\/Image1-1024x768.jpg 1024w, https:\/\/wp.unil.ch\/khirbet-beit-netofa\/files\/2022\/06\/Image1-300x225.jpg 300w, https:\/\/wp.unil.ch\/khirbet-beit-netofa\/files\/2022\/06\/Image1-768x576.jpg 768w, https:\/\/wp.unil.ch\/khirbet-beit-netofa\/files\/2022\/06\/Image1-1536x1152.jpg 1536w, https:\/\/wp.unil.ch\/khirbet-beit-netofa\/files\/2022\/06\/Image1-16x12.jpg 16w, https:\/\/wp.unil.ch\/khirbet-beit-netofa\/files\/2022\/06\/Image1.jpg 1599w\" sizes=\"auto, (max-width: 1024px) 100vw, 1024px\" \/><figcaption>1) L&rsquo;\u00e9quipe d\u00e9couvre le site \u00a9 R.Aligon<\/figcaption><\/figure>\n\n\n\n<p>La campagne de fouille en 2021 n\u2019a pu avoir lieu sur le terrain \u00e0 cause de la pand\u00e9mie du Covid-19. Toutefois, l\u2019ensemble de la colline a \u00e9t\u00e9 photographi\u00e9 par drone.<\/p>\n\n\n\n<p>La premi\u00e8re campagne de fouille a eu lieu en avril 2022. Nous avons ouvert deux secteurs dans la partie sup\u00e9rieure de la colline \u00e0 l\u2019Est, parce qu\u2019un enclos avec un mur \u00e9pais et trois entr\u00e9es pouvait clairement \u00eatre vu en surface. L\u2019un concerne un carr\u00e9 de 22,5 m\u00e8tres de c\u00f4t\u00e9, l\u2019enclos 1 (photo 2), avec une petite porte d\u2019acc\u00e8s au sud, et un autre rectangulaire (22,5 m x 12,5 m) au nord du premier, l\u2019enclos 2 (photo 3).<\/p>\n\n\n\n<figure class=\"wp-block-image size-large\"><img alt=\"\" loading=\"lazy\" decoding=\"async\" width=\"1024\" height=\"682\" src=\"https:\/\/wp.unil.ch\/khirbet-beit-netofa\/files\/2022\/06\/Image2-1024x682.jpg\" alt=\"\" class=\"wp-image-510\" srcset=\"https:\/\/wp.unil.ch\/khirbet-beit-netofa\/files\/2022\/06\/Image2-1024x682.jpg 1024w, https:\/\/wp.unil.ch\/khirbet-beit-netofa\/files\/2022\/06\/Image2-300x200.jpg 300w, https:\/\/wp.unil.ch\/khirbet-beit-netofa\/files\/2022\/06\/Image2-768x512.jpg 768w, https:\/\/wp.unil.ch\/khirbet-beit-netofa\/files\/2022\/06\/Image2-1536x1023.jpg 1536w, https:\/\/wp.unil.ch\/khirbet-beit-netofa\/files\/2022\/06\/Image2-18x12.jpg 18w, https:\/\/wp.unil.ch\/khirbet-beit-netofa\/files\/2022\/06\/Image2.jpg 1588w\" sizes=\"auto, (max-width: 1024px) 100vw, 1024px\" \/><figcaption>2) Carr\u00e9 de fouille n\u00b01 \u00a9 D. Hamidovic<\/figcaption><\/figure>\n\n\n\n<figure class=\"wp-block-image size-large\"><img alt=\"\" loading=\"lazy\" decoding=\"async\" width=\"1024\" height=\"683\" src=\"https:\/\/wp.unil.ch\/khirbet-beit-netofa\/files\/2022\/06\/Image3-1024x683.jpg\" alt=\"\" class=\"wp-image-511\" srcset=\"https:\/\/wp.unil.ch\/khirbet-beit-netofa\/files\/2022\/06\/Image3-1024x683.jpg 1024w, https:\/\/wp.unil.ch\/khirbet-beit-netofa\/files\/2022\/06\/Image3-300x200.jpg 300w, https:\/\/wp.unil.ch\/khirbet-beit-netofa\/files\/2022\/06\/Image3-768x512.jpg 768w, https:\/\/wp.unil.ch\/khirbet-beit-netofa\/files\/2022\/06\/Image3-1536x1025.jpg 1536w, https:\/\/wp.unil.ch\/khirbet-beit-netofa\/files\/2022\/06\/Image3-18x12.jpg 18w, https:\/\/wp.unil.ch\/khirbet-beit-netofa\/files\/2022\/06\/Image3.jpg 1599w\" sizes=\"auto, (max-width: 1024px) 100vw, 1024px\" \/><figcaption>3) Carr\u00e9 de fouille n\u00b02 \u00a9 R.Aligon<\/figcaption><\/figure>\n\n\n\n<p>Les r\u00e9sultats ont d\u00e9pass\u00e9 nos esp\u00e9rances. Les plus anciennes traces d\u2019habitation appartiennent aux p\u00e9riodes du Bronze r\u00e9cent (vers 1500 av.) et du Fer (VII<sup>e<\/sup>-VI<sup>e<\/sup> s. av.) selon la poterie trouv\u00e9e. Cependant, le nombre de tessons est faible au regard de ceux datant de la p\u00e9riode romaine. Nous n\u2019avons pas trouv\u00e9 de structure qui date des p\u00e9riodes suivantes.<\/p>\n\n\n\n<p>Les deux enclos sont b\u00e2tis de mani\u00e8re similaire et semblent avoir \u00e9t\u00e9 construits \u00e0 la fin du I<sup>er<\/sup>-II<sup>e<\/sup> si\u00e8cles de l\u2019\u00e8re chr\u00e9tienne (photo 4). Ils ont \u00e9t\u00e9 en service jusqu\u2019au IV<sup>e<\/sup> si\u00e8cle de l\u2019\u00e8re chr\u00e9tienne.<\/p>\n\n\n\n<figure class=\"wp-block-image size-large\"><img alt=\"\" loading=\"lazy\" decoding=\"async\" width=\"1024\" height=\"988\" src=\"https:\/\/wp.unil.ch\/khirbet-beit-netofa\/files\/2022\/06\/Image4-1024x988.jpg\" alt=\"\" class=\"wp-image-512\" srcset=\"https:\/\/wp.unil.ch\/khirbet-beit-netofa\/files\/2022\/06\/Image4-1024x988.jpg 1024w, https:\/\/wp.unil.ch\/khirbet-beit-netofa\/files\/2022\/06\/Image4-300x289.jpg 300w, https:\/\/wp.unil.ch\/khirbet-beit-netofa\/files\/2022\/06\/Image4-768x741.jpg 768w, https:\/\/wp.unil.ch\/khirbet-beit-netofa\/files\/2022\/06\/Image4-12x12.jpg 12w, https:\/\/wp.unil.ch\/khirbet-beit-netofa\/files\/2022\/06\/Image4.jpg 1244w\" sizes=\"auto, (max-width: 1024px) 100vw, 1024px\" \/><figcaption>4) Vue des 2 enclos depuis le ciel \u00a9 D. Hamidovic<\/figcaption><\/figure>\n\n\n\n<p>La situation de la colline dominant la vall\u00e9e agricole de Beit Netofa, le plan et l\u2019\u00e9chelle des enclos sugg\u00e8rent qu\u2019il s\u2019agit d\u2019une ferme romaine (I<sup>er<\/sup>-IV<sup>e<\/sup> s. apr.). Nous n\u2019avons pas exhum\u00e9 de murs int\u00e9rieurs et d\u2019habitations. De nouvelles fouilles seront n\u00e9cessaires pour confirmer ou infirmer ce constat. Des grottes sont int\u00e9gr\u00e9es aux enclos (photo 5) mais nous n\u2019avons pas fouill\u00e9 celles-ci pour savoir si ce sont des grottes de refuge et\/ou des grottes de stockage. La ou les fonctions de ces grottes restent \u00e0 d\u00e9terminer dans des fouilles ult\u00e9rieures.<\/p>\n\n\n\n<figure class=\"wp-block-image size-large\"><img alt=\"\" loading=\"lazy\" decoding=\"async\" width=\"1024\" height=\"768\" src=\"https:\/\/wp.unil.ch\/khirbet-beit-netofa\/files\/2022\/06\/Image5-1024x768.jpg\" alt=\"\" class=\"wp-image-513\" srcset=\"https:\/\/wp.unil.ch\/khirbet-beit-netofa\/files\/2022\/06\/Image5-1024x768.jpg 1024w, https:\/\/wp.unil.ch\/khirbet-beit-netofa\/files\/2022\/06\/Image5-300x225.jpg 300w, https:\/\/wp.unil.ch\/khirbet-beit-netofa\/files\/2022\/06\/Image5-768x576.jpg 768w, https:\/\/wp.unil.ch\/khirbet-beit-netofa\/files\/2022\/06\/Image5-1536x1152.jpg 1536w, https:\/\/wp.unil.ch\/khirbet-beit-netofa\/files\/2022\/06\/Image5-16x12.jpg 16w, https:\/\/wp.unil.ch\/khirbet-beit-netofa\/files\/2022\/06\/Image5.jpg 1599w\" sizes=\"auto, (max-width: 1024px) 100vw, 1024px\" \/><figcaption>5) Entr\u00e9e de la grotte n\u00b02 \u00a9 R. Aligon<\/figcaption><\/figure>\n\n\n\n<p>Par ailleurs, la roche affleurante a souvent \u00e9t\u00e9 taill\u00e9e pour am\u00e9nager la colline&nbsp;: de simples rigoles pour l\u2019\u00e9coulement des eaux de pluie \u00e0 l\u2019extraction de pierres pour les constructions du site. Par exemple, deux pressoirs \u00e0 olive et un pressoir \u00e0 vin ont \u00e9t\u00e9 trouv\u00e9s sur les pentes de la colline. Leur fouille s\u2019av\u00e8re n\u00e9cessaire pour les dater. De m\u00eame, l\u2019eau pour l\u2019\u00e9tablissement provient de citernes creus\u00e9es dans le rocher (photo 6), car la source la plus proche, \u2018En Netofa, est \u00e0 1&rsquo;200 m\u00e8tres du site.<\/p>\n\n\n\n<figure class=\"wp-block-image size-large\"><img alt=\"\" loading=\"lazy\" decoding=\"async\" width=\"1024\" height=\"953\" src=\"https:\/\/wp.unil.ch\/khirbet-beit-netofa\/files\/2022\/06\/Image6-1024x953.jpg\" alt=\"\" class=\"wp-image-504\" srcset=\"https:\/\/wp.unil.ch\/khirbet-beit-netofa\/files\/2022\/06\/Image6-1024x953.jpg 1024w, https:\/\/wp.unil.ch\/khirbet-beit-netofa\/files\/2022\/06\/Image6-300x279.jpg 300w, https:\/\/wp.unil.ch\/khirbet-beit-netofa\/files\/2022\/06\/Image6-768x715.jpg 768w, https:\/\/wp.unil.ch\/khirbet-beit-netofa\/files\/2022\/06\/Image6-13x12.jpg 13w, https:\/\/wp.unil.ch\/khirbet-beit-netofa\/files\/2022\/06\/Image6.jpg 1289w\" sizes=\"auto, (max-width: 1024px) 100vw, 1024px\" \/><figcaption>6) Citerne \u00e0 eau \u00a9 R.Aligon<\/figcaption><\/figure>\n\n\n\n<p>Le site semble avoir eu une phase plus tardive d\u2019occupation \u00e0 l\u2019\u00e9poque mamelouke (XIII<sup>e<\/sup>-XIV<sup>e<\/sup> s. apr.)&nbsp;; quelques tessons de poterie et monnaies (photo 7) l\u2019attestent mais sur une faible dur\u00e9e.<\/p>\n\n\n\n<figure class=\"wp-block-image size-full\"><img alt=\"\" loading=\"lazy\" decoding=\"async\" width=\"396\" height=\"190\" src=\"https:\/\/wp.unil.ch\/khirbet-beit-netofa\/files\/2022\/06\/Image7.png\" alt=\"\" class=\"wp-image-505\" srcset=\"https:\/\/wp.unil.ch\/khirbet-beit-netofa\/files\/2022\/06\/Image7.png 396w, https:\/\/wp.unil.ch\/khirbet-beit-netofa\/files\/2022\/06\/Image7-300x144.png 300w, https:\/\/wp.unil.ch\/khirbet-beit-netofa\/files\/2022\/06\/Image7-18x9.png 18w\" sizes=\"auto, (max-width: 396px) 100vw, 396px\" \/><figcaption>7) Pi\u00e8ce mamelouke en alliage de cuivre \u00a9 D. Hamidovic<\/figcaption><\/figure>\n\n\n\n<p>Durant la campagne de fouille, nous avons profit\u00e9 des quelques moments de rel\u00e2ches pour visiter quelques-uns des nombreux sites historiques que propose Isra\u00ebl. Ainsi, nous nous sommes tout d\u2019abord rendus, sur le site des vestiges de l\u2019H\u00e9rodion (photo 8). Celui-ci aurait \u00e9rig\u00e9 par le roi H\u00e9rode le grand, pour lui servir de place forte et de mausol\u00e9e, m\u00eame si \u00e0 ce jour l\u2019emplacement de ce dernier n\u2019a toujours pas \u00e9t\u00e9 identifi\u00e9 formellement.<\/p>\n\n\n\n<figure class=\"wp-block-image size-large\"><img alt=\"\" loading=\"lazy\" decoding=\"async\" width=\"1024\" height=\"768\" src=\"https:\/\/wp.unil.ch\/khirbet-beit-netofa\/files\/2022\/06\/Image8-1024x768.jpg\" alt=\"\" class=\"wp-image-506\" srcset=\"https:\/\/wp.unil.ch\/khirbet-beit-netofa\/files\/2022\/06\/Image8-1024x768.jpg 1024w, https:\/\/wp.unil.ch\/khirbet-beit-netofa\/files\/2022\/06\/Image8-300x225.jpg 300w, https:\/\/wp.unil.ch\/khirbet-beit-netofa\/files\/2022\/06\/Image8-768x576.jpg 768w, https:\/\/wp.unil.ch\/khirbet-beit-netofa\/files\/2022\/06\/Image8-1536x1152.jpg 1536w, https:\/\/wp.unil.ch\/khirbet-beit-netofa\/files\/2022\/06\/Image8-16x12.jpg 16w, https:\/\/wp.unil.ch\/khirbet-beit-netofa\/files\/2022\/06\/Image8.jpg 1599w\" sizes=\"auto, (max-width: 1024px) 100vw, 1024px\" \/><figcaption>8) Sommet de l&rsquo;H\u00e9rodion \u00a9 R.  Aligon<\/figcaption><\/figure>\n\n\n\n<p>Apr\u00e8s la visite de ce dernier, nous nous sommes dirig\u00e9s vers l\u2019Est afin de contempler la Mer Morte et de nous y baigner. Depuis celle-ci, nous avons repris la route et un fait d\u00e9tour vers l\u2019illustre site de Qumr\u00e2n entour\u00e9 de ces si magnifiques et caract\u00e9ristiques formations rocheuses, cribl\u00e9es de nombreuses grottes (photo 9).<\/p>\n\n\n\n<figure class=\"wp-block-image size-large\"><img alt=\"\" loading=\"lazy\" decoding=\"async\" width=\"1024\" height=\"768\" src=\"https:\/\/wp.unil.ch\/khirbet-beit-netofa\/files\/2022\/06\/Image9-1024x768.jpg\" alt=\"\" class=\"wp-image-507\" srcset=\"https:\/\/wp.unil.ch\/khirbet-beit-netofa\/files\/2022\/06\/Image9-1024x768.jpg 1024w, https:\/\/wp.unil.ch\/khirbet-beit-netofa\/files\/2022\/06\/Image9-300x225.jpg 300w, https:\/\/wp.unil.ch\/khirbet-beit-netofa\/files\/2022\/06\/Image9-768x576.jpg 768w, https:\/\/wp.unil.ch\/khirbet-beit-netofa\/files\/2022\/06\/Image9-1536x1152.jpg 1536w, https:\/\/wp.unil.ch\/khirbet-beit-netofa\/files\/2022\/06\/Image9-16x12.jpg 16w, https:\/\/wp.unil.ch\/khirbet-beit-netofa\/files\/2022\/06\/Image9.jpg 1599w\" sizes=\"auto, (max-width: 1024px) 100vw, 1024px\" \/><figcaption>9) Formation rocheuses proche de Qumr\u00e2n \u00a9 R. Aligon<\/figcaption><\/figure>\n\n\n\n<p>Et pour finir, un s\u00e9jour en Isra\u00ebl sans un passage dans la ville embl\u00e9matique et multimill\u00e9naire de J\u00e9rusalem ne saurait se concevoir. C\u2019est ainsi, que nous avons termin\u00e9 notre p\u00e9riple isra\u00e9lien, par une d\u00e9ambulation dans les antiques ruelles \u00e9troites de la vieille ville, et par la d\u00e9couverte de quelques-uns des innombrables monuments historiques que compte la ville de J\u00e9rusalem (photo 10).<\/p>\n\n\n\n<figure class=\"wp-block-image size-large\"><img alt=\"\" loading=\"lazy\" decoding=\"async\" width=\"1024\" height=\"768\" src=\"https:\/\/wp.unil.ch\/khirbet-beit-netofa\/files\/2022\/06\/Image10-1024x768.jpg\" alt=\"\" class=\"wp-image-508\" srcset=\"https:\/\/wp.unil.ch\/khirbet-beit-netofa\/files\/2022\/06\/Image10-1024x768.jpg 1024w, https:\/\/wp.unil.ch\/khirbet-beit-netofa\/files\/2022\/06\/Image10-300x225.jpg 300w, https:\/\/wp.unil.ch\/khirbet-beit-netofa\/files\/2022\/06\/Image10-768x576.jpg 768w, https:\/\/wp.unil.ch\/khirbet-beit-netofa\/files\/2022\/06\/Image10-1536x1152.jpg 1536w, https:\/\/wp.unil.ch\/khirbet-beit-netofa\/files\/2022\/06\/Image10-16x12.jpg 16w, https:\/\/wp.unil.ch\/khirbet-beit-netofa\/files\/2022\/06\/Image10.jpg 1599w\" sizes=\"auto, (max-width: 1024px) 100vw, 1024px\" \/><figcaption>10) Porte de Damas, J\u00e9rusalem \u00a9 R. Aligon<\/figcaption><\/figure>\n","protected":false},"excerpt":{"rendered":"<p>La campagne de fouille en 2021 n\u2019a pu avoir lieu sur le terrain \u00e0 cause de la pand\u00e9mie du Covid-19. Toutefois, l\u2019ensemble de la colline a \u00e9t\u00e9 photographi\u00e9 par drone. &hellip; <\/p>\n","protected":false},"author":1001134,"featured_media":0,"parent":0,"menu_order":0,"comment_status":"closed","ping_status":"closed","template":"","meta":{"_seopress_robots_primary_cat":"","_seopress_titles_title":"","_seopress_titles_desc":"","_seopress_robots_index":"","footnotes":""},"class_list":["post-225","page","type-page","status-publish"],"_links":{"self":[{"href":"https:\/\/wp.unil.ch\/khirbet-beit-netofa\/wp-json\/wp\/v2\/pages\/225","targetHints":{"allow":["GET"]}}],"collection":[{"href":"https:\/\/wp.unil.ch\/khirbet-beit-netofa\/wp-json\/wp\/v2\/pages"}],"about":[{"href":"https:\/\/wp.unil.ch\/khirbet-beit-netofa\/wp-json\/wp\/v2\/types\/page"}],"author":[{"embeddable":true,"href":"https:\/\/wp.unil.ch\/khirbet-beit-netofa\/wp-json\/wp\/v2\/users\/1001134"}],"replies":[{"embeddable":true,"href":"https:\/\/wp.unil.ch\/khirbet-beit-netofa\/wp-json\/wp\/v2\/comments?post=225"}],"version-history":[{"count":0,"href":"https:\/\/wp.unil.ch\/khirbet-beit-netofa\/wp-json\/wp\/v2\/pages\/225\/revisions"}],"wp:attachment":[{"href":"https:\/\/wp.unil.ch\/khirbet-beit-netofa\/wp-json\/wp\/v2\/media?parent=225"}],"curies":[{"name":"wp","href":"https:\/\/api.w.org\/{rel}","templated":true}]}}