{"id":188,"date":"2021-07-12T16:34:45","date_gmt":"2021-07-12T14:34:45","guid":{"rendered":"https:\/\/wp.unil.ch\/khirbet-beit-netofa\/?page_id=188"},"modified":"2023-08-02T21:23:24","modified_gmt":"2023-08-02T19:23:24","slug":"volontaires","status":"publish","type":"page","link":"https:\/\/wp.unil.ch\/khirbet-beit-netofa\/volontaires\/","title":{"rendered":"Volontaires"},"content":{"rendered":"\n<p>Vous \u00eates passionn\u00e9 par l\u2019histoire ancienne, vous aimez le d\u00e9paysement et voyager afin de d\u00e9couvrir des cultures et des pays diff\u00e9rents ; de plus, vous appr\u00e9ciez les activit\u00e9s de plein air. Alors, n\u2019h\u00e9sitez pas et venez nous rejoindre sur le terrain, pour participer \u00e0 une campagne de fouille.<\/p>\n\n\n\n<p>Vous d\u00e9couvrirez les diff\u00e9rentes techniques et technologies, utilis\u00e9es lors d\u2019une fouille. De m\u00eame, vous apprendrez les buts et finalit\u00e9s d\u2019une campagne de fouille mais aussi les d\u00e9fis \u00e0 relever pour y parvenir. Vous prendrez part \u00e0 une formidable aventure scientifique et humaine, dans un environnement exceptionnel, qui vous laissera certainement des souvenirs ind\u00e9l\u00e9biles.<\/p>\n\n\n\n<p>Les campagnes de fouille se d\u00e9roulent chaque ann\u00e9e, habituellement pendant le printemps, et durent environ deux semaines, toutefois des modifications peuvent survenir. Si vous \u00eates int\u00e9ress\u00e9, et souhaitez connaitre les conditions de participation, veuillez contacter R\u00e9gis Aligon    (<a href=\"mailto:regis.aligon@unil.ch\">regis.aligon@unil.ch<\/a>)<\/p>\n\n\n\n<p><\/p>\n\n\n\n<p><\/p>\n","protected":false},"excerpt":{"rendered":"<p>Vous \u00eates passionn\u00e9 par l\u2019histoire ancienne, vous aimez le d\u00e9paysement et voyager afin de d\u00e9couvrir des cultures et des pays diff\u00e9rents ; de plus, vous appr\u00e9ciez les activit\u00e9s de plein &hellip; <\/p>\n","protected":false},"author":1001134,"featured_media":0,"parent":0,"menu_order":0,"comment_status":"closed","ping_status":"closed","template":"","meta":{"_seopress_robots_primary_cat":"","_seopress_titles_title":"","_seopress_titles_desc":"","_seopress_robots_index":"","footnotes":""},"class_list":["post-188","page","type-page","status-publish"],"_links":{"self":[{"href":"https:\/\/wp.unil.ch\/khirbet-beit-netofa\/wp-json\/wp\/v2\/pages\/188","targetHints":{"allow":["GET"]}}],"collection":[{"href":"https:\/\/wp.unil.ch\/khirbet-beit-netofa\/wp-json\/wp\/v2\/pages"}],"about":[{"href":"https:\/\/wp.unil.ch\/khirbet-beit-netofa\/wp-json\/wp\/v2\/types\/page"}],"author":[{"embeddable":true,"href":"https:\/\/wp.unil.ch\/khirbet-beit-netofa\/wp-json\/wp\/v2\/users\/1001134"}],"replies":[{"embeddable":true,"href":"https:\/\/wp.unil.ch\/khirbet-beit-netofa\/wp-json\/wp\/v2\/comments?post=188"}],"version-history":[{"count":0,"href":"https:\/\/wp.unil.ch\/khirbet-beit-netofa\/wp-json\/wp\/v2\/pages\/188\/revisions"}],"wp:attachment":[{"href":"https:\/\/wp.unil.ch\/khirbet-beit-netofa\/wp-json\/wp\/v2\/media?parent=188"}],"curies":[{"name":"wp","href":"https:\/\/api.w.org\/{rel}","templated":true}]}}