{"id":225,"date":"2021-07-15T10:55:42","date_gmt":"2021-07-15T08:55:42","guid":{"rendered":"https:\/\/wp.unil.ch\/khirbet-beit-netofa\/?page_id=225"},"modified":"2022-06-21T16:11:03","modified_gmt":"2022-06-21T14:11:03","slug":"campagnes-de-fouilles","status":"publish","type":"page","link":"https:\/\/wp.unil.ch\/khirbet-beit-netofa\/en\/campagnes-de-fouilles\/","title":{"rendered":"Excavation campaign - April 2022"},"content":{"rendered":"<figure class=\"wp-block-image size-large\"><img alt=\"\" loading=\"lazy\" decoding=\"async\" width=\"1024\" height=\"768\" src=\"https:\/\/wp.unil.ch\/khirbet-beit-netofa\/files\/2022\/06\/Image1-1024x768.jpg\" class=\"wp-image-509\" srcset=\"https:\/\/wp.unil.ch\/khirbet-beit-netofa\/files\/2022\/06\/Image1-1024x768.jpg 1024w, https:\/\/wp.unil.ch\/khirbet-beit-netofa\/files\/2022\/06\/Image1-300x225.jpg 300w, https:\/\/wp.unil.ch\/khirbet-beit-netofa\/files\/2022\/06\/Image1-768x576.jpg 768w, https:\/\/wp.unil.ch\/khirbet-beit-netofa\/files\/2022\/06\/Image1-1536x1152.jpg 1536w, https:\/\/wp.unil.ch\/khirbet-beit-netofa\/files\/2022\/06\/Image1-16x12.jpg 16w, https:\/\/wp.unil.ch\/khirbet-beit-netofa\/files\/2022\/06\/Image1.jpg 1599w\" sizes=\"auto, (max-width: 1024px) 100vw, 1024px\" \/><figcaption>1) The team discovers the site \u00a9 R.Aligon<\/figcaption><\/figure>\n\n\n\n<p>In 2021 The excavation campaign could not take place on spot due to the Covid-19 pandemic. However, the entire hill was photographed by drone.<\/p>\n\n\n\n<p>The first excavation campaign took place in April 2022. We opened two sectors on the upper eastern part of the hill as an enclosure with a thick wall and three entrances could clearly be seen on the surface. One sector concerns a square measuring 22.5 meters on a side; the enclosure n\u00b01 (pic. 2), with a small access door on its south side, and another rectangular sector (22.5 m x 12.5 m) northen of the first; the enclosure n\u00b0 2 (pic. 3).<\/p>\n\n\n\n<figure class=\"wp-block-image size-large\"><img alt=\"\" loading=\"lazy\" decoding=\"async\" width=\"1024\" height=\"682\" src=\"https:\/\/wp.unil.ch\/khirbet-beit-netofa\/files\/2022\/06\/Image2-1024x682.jpg\" class=\"wp-image-510\" srcset=\"https:\/\/wp.unil.ch\/khirbet-beit-netofa\/files\/2022\/06\/Image2-1024x682.jpg 1024w, https:\/\/wp.unil.ch\/khirbet-beit-netofa\/files\/2022\/06\/Image2-300x200.jpg 300w, https:\/\/wp.unil.ch\/khirbet-beit-netofa\/files\/2022\/06\/Image2-768x512.jpg 768w, https:\/\/wp.unil.ch\/khirbet-beit-netofa\/files\/2022\/06\/Image2-1536x1023.jpg 1536w, https:\/\/wp.unil.ch\/khirbet-beit-netofa\/files\/2022\/06\/Image2-18x12.jpg 18w, https:\/\/wp.unil.ch\/khirbet-beit-netofa\/files\/2022\/06\/Image2.jpg 1588w\" sizes=\"auto, (max-width: 1024px) 100vw, 1024px\" \/><figcaption>2) Excavation square n\u00b01 \u00a9 D. Hamidovic<\/figcaption><\/figure>\n\n\n\n<figure class=\"wp-block-image size-large\"><img alt=\"\" loading=\"lazy\" decoding=\"async\" width=\"1024\" height=\"683\" src=\"https:\/\/wp.unil.ch\/khirbet-beit-netofa\/files\/2022\/06\/Image3-1024x683.jpg\" class=\"wp-image-511\" srcset=\"https:\/\/wp.unil.ch\/khirbet-beit-netofa\/files\/2022\/06\/Image3-1024x683.jpg 1024w, https:\/\/wp.unil.ch\/khirbet-beit-netofa\/files\/2022\/06\/Image3-300x200.jpg 300w, https:\/\/wp.unil.ch\/khirbet-beit-netofa\/files\/2022\/06\/Image3-768x512.jpg 768w, https:\/\/wp.unil.ch\/khirbet-beit-netofa\/files\/2022\/06\/Image3-1536x1025.jpg 1536w, https:\/\/wp.unil.ch\/khirbet-beit-netofa\/files\/2022\/06\/Image3-18x12.jpg 18w, https:\/\/wp.unil.ch\/khirbet-beit-netofa\/files\/2022\/06\/Image3.jpg 1599w\" sizes=\"auto, (max-width: 1024px) 100vw, 1024px\" \/><figcaption>3) Excavation square n\u00b02 \u00a9 R.Aligon<\/figcaption><\/figure>\n\n\n\n<p>The results exceeded our expectations. The oldest traces of inhabitation belong to the Late Bronze (around 1500 BCE) and Iron (7<sup>th<\/sup>-6<sup>th<\/sup> century BCE) according to the pottery found. However, the number of sherds is low compared to those dating from the Roman period. We have not found any structure of subsequent periods.<\/p>\n\n\n\n<p>The two enclosures are built in a similar way and seem to have been erected at the end of the 1<sup>st<\/sup>-2<sup>th<\/sup> century CE (pic. 4). They were in use until the 4<sup>th<\/sup> century CE.<\/p>\n\n\n\n<figure class=\"wp-block-image size-large\"><img alt=\"\" loading=\"lazy\" decoding=\"async\" width=\"1024\" height=\"988\" src=\"https:\/\/wp.unil.ch\/khirbet-beit-netofa\/files\/2022\/06\/Image4-1024x988.jpg\" class=\"wp-image-512\" srcset=\"https:\/\/wp.unil.ch\/khirbet-beit-netofa\/files\/2022\/06\/Image4-1024x988.jpg 1024w, https:\/\/wp.unil.ch\/khirbet-beit-netofa\/files\/2022\/06\/Image4-300x289.jpg 300w, https:\/\/wp.unil.ch\/khirbet-beit-netofa\/files\/2022\/06\/Image4-768x741.jpg 768w, https:\/\/wp.unil.ch\/khirbet-beit-netofa\/files\/2022\/06\/Image4-12x12.jpg 12w, https:\/\/wp.unil.ch\/khirbet-beit-netofa\/files\/2022\/06\/Image4.jpg 1244w\" sizes=\"auto, (max-width: 1024px) 100vw, 1024px\" \/><figcaption>4) Sky view of the 2 enclosures \u00a9 D. Hamidovic<\/figcaption><\/figure>\n\n\n\n<p>The hill location overlooking the agricultural valley of Beit Netofa, the enclosures plan and scale suggest that it is a Roman farm (1<sup>st<\/sup>-4<sup>th<\/sup> century BC). We have not unearthed any interior walls or dwellings. Further excavations will be necessary to confirm or refute this observation. Caves are built into the enclosures (photo 5) but we have not yet digged them to ascertain if they are caves of refuge and\/or caves of storage. The function  of these caves remain to be determined in subsequent excavations.<\/p>\n\n\n\n<figure class=\"wp-block-image size-large\"><img alt=\"\" loading=\"lazy\" decoding=\"async\" width=\"1024\" height=\"768\" src=\"https:\/\/wp.unil.ch\/khirbet-beit-netofa\/files\/2022\/06\/Image5-1024x768.jpg\" class=\"wp-image-513\" srcset=\"https:\/\/wp.unil.ch\/khirbet-beit-netofa\/files\/2022\/06\/Image5-1024x768.jpg 1024w, https:\/\/wp.unil.ch\/khirbet-beit-netofa\/files\/2022\/06\/Image5-300x225.jpg 300w, https:\/\/wp.unil.ch\/khirbet-beit-netofa\/files\/2022\/06\/Image5-768x576.jpg 768w, https:\/\/wp.unil.ch\/khirbet-beit-netofa\/files\/2022\/06\/Image5-1536x1152.jpg 1536w, https:\/\/wp.unil.ch\/khirbet-beit-netofa\/files\/2022\/06\/Image5-16x12.jpg 16w, https:\/\/wp.unil.ch\/khirbet-beit-netofa\/files\/2022\/06\/Image5.jpg 1599w\" sizes=\"auto, (max-width: 1024px) 100vw, 1024px\" \/><figcaption>5) Cave entrance n\u00b0 2 \u00a9 R. Aligon<\/figcaption><\/figure>\n\n\n\n<p>In addition, the outcropping rock has often been cut to erect the hill: from simple rainwater drains to the extraction of stones for the construction of the site. For example, two olive presses and a wine press were found on the hill slopes. Their excavation is necessary to date them. Similarly, facility water comes from cisterns dug into the rock (pic. 6), as the nearest spring, \u2018En Netofa, is 1'200 metres from the site.<\/p>\n\n\n\n<figure class=\"wp-block-image size-large\"><img alt=\"\" loading=\"lazy\" decoding=\"async\" width=\"1024\" height=\"953\" src=\"https:\/\/wp.unil.ch\/khirbet-beit-netofa\/files\/2022\/06\/Image6-1024x953.jpg\" class=\"wp-image-504\" srcset=\"https:\/\/wp.unil.ch\/khirbet-beit-netofa\/files\/2022\/06\/Image6-1024x953.jpg 1024w, https:\/\/wp.unil.ch\/khirbet-beit-netofa\/files\/2022\/06\/Image6-300x279.jpg 300w, https:\/\/wp.unil.ch\/khirbet-beit-netofa\/files\/2022\/06\/Image6-768x715.jpg 768w, https:\/\/wp.unil.ch\/khirbet-beit-netofa\/files\/2022\/06\/Image6-13x12.jpg 13w, https:\/\/wp.unil.ch\/khirbet-beit-netofa\/files\/2022\/06\/Image6.jpg 1289w\" sizes=\"auto, (max-width: 1024px) 100vw, 1024px\" \/><figcaption>6) Water tank \u00a9 R. Aligon<\/figcaption><\/figure>\n\n\n\n<p>The site seems to have had a later phase of occupation during the Mamluk period (13<sup>th<\/sup>-14<sup>th<\/sup> century CE); some pottery shards and coins (pic. 7) attest it but over a short time.<\/p>\n\n\n\n<figure class=\"wp-block-image size-full\"><img alt=\"\" loading=\"lazy\" decoding=\"async\" width=\"396\" height=\"190\" src=\"https:\/\/wp.unil.ch\/khirbet-beit-netofa\/files\/2022\/06\/Image7.png\" class=\"wp-image-505\" srcset=\"https:\/\/wp.unil.ch\/khirbet-beit-netofa\/files\/2022\/06\/Image7.png 396w, https:\/\/wp.unil.ch\/khirbet-beit-netofa\/files\/2022\/06\/Image7-300x144.png 300w, https:\/\/wp.unil.ch\/khirbet-beit-netofa\/files\/2022\/06\/Image7-18x9.png 18w\" sizes=\"auto, (max-width: 396px) 100vw, 396px\" \/><figcaption>7) Mamluk copper alloy piece \u00a9 D. Hamidovic<\/figcaption><\/figure>\n\n\n\n<p>Over the excavation campaign, we took advantage of few moments of relaxation to visit some of the several historical sites that Israel offers. Thus, we first went to the remains of the Herodion (photo 8). It would have been erected by King Herod the great, to serve him as a stronghold and mausoleum, even if to this day the location of the latter has still not been formally identified.<\/p>\n\n\n\n<figure class=\"wp-block-image size-large\"><img alt=\"\" loading=\"lazy\" decoding=\"async\" width=\"1024\" height=\"768\" src=\"https:\/\/wp.unil.ch\/khirbet-beit-netofa\/files\/2022\/06\/Image8-1024x768.jpg\" class=\"wp-image-506\" srcset=\"https:\/\/wp.unil.ch\/khirbet-beit-netofa\/files\/2022\/06\/Image8-1024x768.jpg 1024w, https:\/\/wp.unil.ch\/khirbet-beit-netofa\/files\/2022\/06\/Image8-300x225.jpg 300w, https:\/\/wp.unil.ch\/khirbet-beit-netofa\/files\/2022\/06\/Image8-768x576.jpg 768w, https:\/\/wp.unil.ch\/khirbet-beit-netofa\/files\/2022\/06\/Image8-1536x1152.jpg 1536w, https:\/\/wp.unil.ch\/khirbet-beit-netofa\/files\/2022\/06\/Image8-16x12.jpg 16w, https:\/\/wp.unil.ch\/khirbet-beit-netofa\/files\/2022\/06\/Image8.jpg 1599w\" sizes=\"auto, (max-width: 1024px) 100vw, 1024px\" \/><figcaption>Herodion Summit \u00a9 R. Aligon<\/figcaption><\/figure>\n\n\n\n<p>After visiting Herodion, we headed east to contemplate the Dead Sea and bathe there. Then, we took the road again and made a detour to the illustrious site of Qumran surrounded by these so magnificent and characteristic rock formations, riddled with numerous caves.<\/p>\n\n\n\n<figure class=\"wp-block-image size-large\"><img alt=\"\" loading=\"lazy\" decoding=\"async\" width=\"1024\" height=\"768\" src=\"https:\/\/wp.unil.ch\/khirbet-beit-netofa\/files\/2022\/06\/Image9-1024x768.jpg\" class=\"wp-image-507\" srcset=\"https:\/\/wp.unil.ch\/khirbet-beit-netofa\/files\/2022\/06\/Image9-1024x768.jpg 1024w, https:\/\/wp.unil.ch\/khirbet-beit-netofa\/files\/2022\/06\/Image9-300x225.jpg 300w, https:\/\/wp.unil.ch\/khirbet-beit-netofa\/files\/2022\/06\/Image9-768x576.jpg 768w, https:\/\/wp.unil.ch\/khirbet-beit-netofa\/files\/2022\/06\/Image9-1536x1152.jpg 1536w, https:\/\/wp.unil.ch\/khirbet-beit-netofa\/files\/2022\/06\/Image9-16x12.jpg 16w, https:\/\/wp.unil.ch\/khirbet-beit-netofa\/files\/2022\/06\/Image9.jpg 1599w\" sizes=\"auto, (max-width: 1024px) 100vw, 1024px\" \/><figcaption>9) Rock Formation near Qumr\u00e2n \u00a9 R. Aligon<\/figcaption><\/figure>\n\n\n\n<p>Finally, a stay in Israel without a visit to the emblematic and multi-millennial city of Jerusalem is inconceivable. This is how we ended our Israeli journey, with a stroll through the ancient narrow streets of the old city, and the discovery of some of the countless historical monuments in the city of Jerusalem.<\/p>\n\n\n\n<figure class=\"wp-block-image size-large\"><img alt=\"\" loading=\"lazy\" decoding=\"async\" width=\"1024\" height=\"768\" src=\"https:\/\/wp.unil.ch\/khirbet-beit-netofa\/files\/2022\/06\/Image10-1024x768.jpg\" class=\"wp-image-508\" srcset=\"https:\/\/wp.unil.ch\/khirbet-beit-netofa\/files\/2022\/06\/Image10-1024x768.jpg 1024w, https:\/\/wp.unil.ch\/khirbet-beit-netofa\/files\/2022\/06\/Image10-300x225.jpg 300w, https:\/\/wp.unil.ch\/khirbet-beit-netofa\/files\/2022\/06\/Image10-768x576.jpg 768w, https:\/\/wp.unil.ch\/khirbet-beit-netofa\/files\/2022\/06\/Image10-1536x1152.jpg 1536w, https:\/\/wp.unil.ch\/khirbet-beit-netofa\/files\/2022\/06\/Image10-16x12.jpg 16w, https:\/\/wp.unil.ch\/khirbet-beit-netofa\/files\/2022\/06\/Image10.jpg 1599w\" sizes=\"auto, (max-width: 1024px) 100vw, 1024px\" \/><figcaption>10) Damascus Gate, Jerusalem \u00a9 R. Aligon<\/figcaption><\/figure>","protected":false},"excerpt":{"rendered":"<p>La campagne de fouille en 2021 n\u2019a pu avoir lieu sur le terrain \u00e0 cause de la pand\u00e9mie du Covid-19. Toutefois, l\u2019ensemble de la colline a \u00e9t\u00e9 photographi\u00e9 par drone. &hellip; <\/p>","protected":false},"author":1001134,"featured_media":0,"parent":0,"menu_order":0,"comment_status":"closed","ping_status":"closed","template":"","meta":{"_seopress_robots_primary_cat":"","_seopress_titles_title":"","_seopress_titles_desc":"","_seopress_robots_index":"","footnotes":""},"class_list":["post-225","page","type-page","status-publish"],"_links":{"self":[{"href":"https:\/\/wp.unil.ch\/khirbet-beit-netofa\/en\/wp-json\/wp\/v2\/pages\/225","targetHints":{"allow":["GET"]}}],"collection":[{"href":"https:\/\/wp.unil.ch\/khirbet-beit-netofa\/en\/wp-json\/wp\/v2\/pages"}],"about":[{"href":"https:\/\/wp.unil.ch\/khirbet-beit-netofa\/en\/wp-json\/wp\/v2\/types\/page"}],"author":[{"embeddable":true,"href":"https:\/\/wp.unil.ch\/khirbet-beit-netofa\/en\/wp-json\/wp\/v2\/users\/1001134"}],"replies":[{"embeddable":true,"href":"https:\/\/wp.unil.ch\/khirbet-beit-netofa\/en\/wp-json\/wp\/v2\/comments?post=225"}],"version-history":[{"count":0,"href":"https:\/\/wp.unil.ch\/khirbet-beit-netofa\/en\/wp-json\/wp\/v2\/pages\/225\/revisions"}],"wp:attachment":[{"href":"https:\/\/wp.unil.ch\/khirbet-beit-netofa\/en\/wp-json\/wp\/v2\/media?parent=225"}],"curies":[{"name":"wp","href":"https:\/\/api.w.org\/{rel}","templated":true}]}}