{"id":188,"date":"2021-07-12T16:34:45","date_gmt":"2021-07-12T14:34:45","guid":{"rendered":"https:\/\/wp.unil.ch\/khirbet-beit-netofa\/?page_id=188"},"modified":"2023-08-02T21:23:24","modified_gmt":"2023-08-02T19:23:24","slug":"volontaires","status":"publish","type":"page","link":"https:\/\/wp.unil.ch\/khirbet-beit-netofa\/en\/volontaires\/","title":{"rendered":"Volunteers"},"content":{"rendered":"<p>You are passionate about ancient history, you enjoy immersion and traveling to discover different cultures and countries; moreover, you appreciate outdoor activities. So, don't hesitate and  join us in the field to take part in an excavation campaign.<\/p>\n\n\n\n<p>You will explore various techniques and technologies used during an excavation. Similarly, you will learn about the aims and purposes of an excavation campaign, as well as the challenges to overcome in order to reach the goals. You will be part of an incredible scientific and human adventure, in an exceptional environment that will undoubtedly leave you with lasting memories.<\/p>\n\n\n\n<p>If you are interested and would like to know the participation conditions, please contact R\u00e9gis Aligon.  (<a href=\"mailto:regis.aligon@unil.ch\">regis.aligon@unil.ch<\/a>)<\/p>\n\n\n\n<p><\/p>\n\n\n\n<p><\/p>","protected":false},"excerpt":{"rendered":"<p>Vous \u00eates passionn\u00e9 par l\u2019histoire ancienne, vous aimez le d\u00e9paysement et voyager afin de d\u00e9couvrir des cultures et des pays diff\u00e9rents ; de plus, vous appr\u00e9ciez les activit\u00e9s de plein &hellip; <\/p>","protected":false},"author":1001134,"featured_media":0,"parent":0,"menu_order":0,"comment_status":"closed","ping_status":"closed","template":"","meta":{"_seopress_robots_primary_cat":"","_seopress_titles_title":"","_seopress_titles_desc":"","_seopress_robots_index":"","footnotes":""},"class_list":["post-188","page","type-page","status-publish"],"_links":{"self":[{"href":"https:\/\/wp.unil.ch\/khirbet-beit-netofa\/en\/wp-json\/wp\/v2\/pages\/188","targetHints":{"allow":["GET"]}}],"collection":[{"href":"https:\/\/wp.unil.ch\/khirbet-beit-netofa\/en\/wp-json\/wp\/v2\/pages"}],"about":[{"href":"https:\/\/wp.unil.ch\/khirbet-beit-netofa\/en\/wp-json\/wp\/v2\/types\/page"}],"author":[{"embeddable":true,"href":"https:\/\/wp.unil.ch\/khirbet-beit-netofa\/en\/wp-json\/wp\/v2\/users\/1001134"}],"replies":[{"embeddable":true,"href":"https:\/\/wp.unil.ch\/khirbet-beit-netofa\/en\/wp-json\/wp\/v2\/comments?post=188"}],"version-history":[{"count":0,"href":"https:\/\/wp.unil.ch\/khirbet-beit-netofa\/en\/wp-json\/wp\/v2\/pages\/188\/revisions"}],"wp:attachment":[{"href":"https:\/\/wp.unil.ch\/khirbet-beit-netofa\/en\/wp-json\/wp\/v2\/media?parent=188"}],"curies":[{"name":"wp","href":"https:\/\/api.w.org\/{rel}","templated":true}]}}