{"id":185,"date":"2021-07-12T16:33:53","date_gmt":"2021-07-12T14:33:53","guid":{"rendered":"https:\/\/wp.unil.ch\/khirbet-beit-netofa\/?page_id=185"},"modified":"2026-03-25T14:11:10","modified_gmt":"2026-03-25T13:11:10","slug":"equipe","status":"publish","type":"page","link":"https:\/\/wp.unil.ch\/khirbet-beit-netofa\/en\/equipe\/","title":{"rendered":"Team"},"content":{"rendered":"<p><\/p>\n\n\n\n<figure class=\"wp-block-table\"><table><tbody><tr><td><img decoding=\"async\" src=\"https:\/\/wp.unil.ch\/khirbet-beit-netofa\/files\/2022\/06\/Archeo_D_hamidovic-724x1024.png\" alt=\"D_Hamidovic\" style=\"width: 150px\"><\/td><td> Director of the archaeological excavation: Prof. Dr. David Hamidovic (UNIL)<\/td><\/tr><tr><td><img alt=\"\" loading=\"lazy\" decoding=\"async\" width=\"724\" height=\"1024\" class=\"wp-image-370\" style=\"width: 150px\" src=\"https:\/\/wp.unil.ch\/khirbet-beit-netofa\/files\/2022\/06\/Archeo_R_aligon-724x1024.png\" srcset=\"https:\/\/wp.unil.ch\/khirbet-beit-netofa\/files\/2022\/06\/Archeo_R_aligon-724x1024.png 724w, https:\/\/wp.unil.ch\/khirbet-beit-netofa\/files\/2022\/06\/Archeo_R_aligon-212x300.png 212w, https:\/\/wp.unil.ch\/khirbet-beit-netofa\/files\/2022\/06\/Archeo_R_aligon-768x1086.png 768w, https:\/\/wp.unil.ch\/khirbet-beit-netofa\/files\/2022\/06\/Archeo_R_aligon.png 849w\" sizes=\"auto, (max-width: 724px) 100vw, 724px\" \/><\/td><td>Logistics and Communication Manager: R\u00e9gis Aligon (UNIL)<\/td><\/tr><tr><td><\/td><td>Operations Manager: Dr. Benjamin Arubas (UNIL)<\/td><\/tr><tr><td><\/td><td>Underground Operations Manager: Prof. Yinon Shivtiel (ZAC)<\/td><\/tr><tr><td><\/td><td>Numismatist: Dr. Dany Syon (IAA)<\/td><\/tr><tr><td><\/td><td>Excavation Square Supervisor: Guillaume Saehr (UNIL)<\/td><\/tr><tr><td><\/td><td>WebMaster : Sophie Gloor (UNIL)<\/td><\/tr><\/tbody><\/table><\/figure>","protected":false},"excerpt":{"rendered":"<p>Directeur de la fouille arch\u00e9ologique : Prof. Dr. David Hamidovic (UNIL) Responsable logistique et communication : R\u00e9gis Aligon (UNIL) Responsable des op\u00e9rations : Dr Benjamin Arubas (UNIL) Responsable des op\u00e9rations &hellip; <\/p>","protected":false},"author":1001134,"featured_media":0,"parent":0,"menu_order":0,"comment_status":"closed","ping_status":"closed","template":"","meta":{"_seopress_robots_primary_cat":"","_seopress_titles_title":"","_seopress_titles_desc":"","_seopress_robots_index":"","footnotes":""},"class_list":["post-185","page","type-page","status-publish"],"_links":{"self":[{"href":"https:\/\/wp.unil.ch\/khirbet-beit-netofa\/en\/wp-json\/wp\/v2\/pages\/185","targetHints":{"allow":["GET"]}}],"collection":[{"href":"https:\/\/wp.unil.ch\/khirbet-beit-netofa\/en\/wp-json\/wp\/v2\/pages"}],"about":[{"href":"https:\/\/wp.unil.ch\/khirbet-beit-netofa\/en\/wp-json\/wp\/v2\/types\/page"}],"author":[{"embeddable":true,"href":"https:\/\/wp.unil.ch\/khirbet-beit-netofa\/en\/wp-json\/wp\/v2\/users\/1001134"}],"replies":[{"embeddable":true,"href":"https:\/\/wp.unil.ch\/khirbet-beit-netofa\/en\/wp-json\/wp\/v2\/comments?post=185"}],"version-history":[{"count":4,"href":"https:\/\/wp.unil.ch\/khirbet-beit-netofa\/en\/wp-json\/wp\/v2\/pages\/185\/revisions"}],"predecessor-version":[{"id":742,"href":"https:\/\/wp.unil.ch\/khirbet-beit-netofa\/en\/wp-json\/wp\/v2\/pages\/185\/revisions\/742"}],"wp:attachment":[{"href":"https:\/\/wp.unil.ch\/khirbet-beit-netofa\/en\/wp-json\/wp\/v2\/media?parent=185"}],"curies":[{"name":"wp","href":"https:\/\/api.w.org\/{rel}","templated":true}]}}