{"id":240,"date":"2014-11-24T16:30:00","date_gmt":"2014-11-24T15:30:00","guid":{"rendered":"http:\/\/wp.unil.ch\/keel-lab\/?page_id=240"},"modified":"2024-02-20T13:03:22","modified_gmt":"2024-02-20T12:03:22","slug":"reviews-book-chapters","status":"publish","type":"page","link":"https:\/\/wp.unil.ch\/keel-lab\/original-papers\/reviews-book-chapters\/","title":{"rendered":"Reviews-Books-Chapters"},"content":{"rendered":"<p>Burz SD, Causevic S, Dal Co A, Dmitrijeva M, Engel P, Garrido-Sanz D, Greub G, Hapfelmeier S, Hardt W-D, Hatzimanikatis V, Heiman CM, Herzog MK-M, Hockenberry A, Keel C, Keppler A, Lee S-J, Luneau J, Malfertheiner L, Mitri S, Ngyuen, Oftadeh O, Pacheco AR, Peaudecerf F, Resch G, Ruscheweyh H-J, Sahin A, Sanders IR, Slack E, Sunagawa S, Tackmann J, Tecon R, Ugolini GS, Vacheron J, van der Meer JR, Vayena E, Vonaesch P, Vorholt JA. 2023. From microbiome composition to functional engineering, one step at a time. <a href=\"https:\/\/doi.org\/10.1128\/mmbr.00063-23\"><span style=\"color: #800000\">Microbiology and Molecular Biology Reviews<\/span><\/a> 87:e0006323. DOI: 10.1128\/mmbr.00063-23.<\/p>\n<p><span style=\"color: #800000\"><span style=\"color: #333333\">Heiman <span lang=\"EN-US\">CM, <\/span>Vacheron J, Keel <span lang=\"EN-US\">CJ. 2023. <\/span>Evolutionary and ecological role of extracellular contractile injection systems: from threat to weapon<span lang=\"EN-US\">. <\/span><\/span>Front<span lang=\"DE-CH\">iers in <\/span>Microbiol<span lang=\"DE-CH\">ogy <\/span><\/span><span lang=\"DE-CH\">14:1264877. <\/span>DOI: 10.3389\/fmicb.2023.1264877.<\/p>\n<p>Pronk LJU, Bakker PAHM, Keel C, Maurhofer M, Flury P. 2022. The secret life of plant-beneficial rhizosphere bacteria: insects as alternative hosts. <span style=\"color: #800000\"><a style=\"color: #800000\" href=\"https:\/\/doi.org\/10.1111\/1462-2920.15968\">Environmental Microbiology<\/a><\/span> 24:3273-3289. DOI: 10.1111\/1462-2920.15968.<\/p>\n<p>Keel C. 2016. A look into the toolbox of multi-talents: Insect pathogenicity determinants of plant-beneficial pseudomonads. <span style=\"color: #800000\"><a style=\"color: #800000\" href=\"https:\/\/onlinelibrary.wiley.com\/doi\/10.1111\/1462-2920.13462\/full\">Environmental Microbiology<\/a><\/span> 18:3207<span style=\"color: #000000\">\u2013<\/span>3209. DOI: 10.1111\/1462-2920.13462.<\/p>\n<p>Venturi V, Keel C. 2016. Signaling in the rhizosphere. Special Issue: Unravelling the Secrets of the Rhizosphere. <span style=\"color: #800000\"><a style=\"color: #800000\" href=\"https:\/\/www.sciencedirect.com\/science\/article\/pii\/S1360138516000066\">Trends in Plant Science<\/a><\/span> 21:187\u2013198. DOI: 10.1016\/j.tplants.2016.01.005.<\/p>\n<p><span style=\"color: #333333\">Kupferschmied P, Keel C. 2014. Insecticidal activity of plant root-associated bacteria. pp. 52-58 in Bertrand C (ed), <span style=\"color: #800000\">Natural Products and Biocontrol.<\/span> Presses Universitaires de Perpignan. ISBN 978-2-35412-234-8.<\/span><\/p>\n<p><span style=\"color: #333333\">Kupferschmied P, Maurhofer M, Keel C. 2013. Promise for plant pest control: root-associated pseudomonads with insecticidal activities. <span style=\"color: #800000\"><a style=\"color: #800000\" href=\"https:\/\/journal.frontiersin.org\/Journal\/10.3389\/fpls.2013.00287\/full\" target=\"_blank\" rel=\"noopener noreferrer\">Frontiers in Plant Science<\/a><\/span> 4:287. F1000Prime recommended. DOI: 10.3389\/fpls.2013.00287.<\/span><\/p>\n<p><span style=\"color: #333333\">Rochat L, P\u00e9chy-Tarr M, Maurhofer M, Keel C. 2010. Combined use of fluorescent reporters and flow cytometry for simultaneous monitoring of bacterial growth and gene expression on plant roots. <\/span><span style=\"color: #333333\">pp. 3461-70<\/span><span style=\"color: #333333\"> in\u00a0<\/span><span style=\"color: #333333\">Timmis KN (ed),<\/span><span style=\"color: #333333\"> <span style=\"color: #800000\"><a style=\"color: #800000\" href=\"https:\/\/www.springer.com\/life+sciences\/microbiology\/book\/978-3-540-77584-3\" target=\"_blank\" rel=\"noopener noreferrer\">Handbook of Hydrocarbon and Lipid Microbiology<\/a><\/span>. Springer Verlag Berlin. ISBN 978-3-540-77584-3.<\/span><\/p>\n<p><span style=\"color: #333333\">Elad Y, Maurhofer M, Keel C, Gessler C, Duffy B (eds) 2009. <span style=\"color: #800000\"><a style=\"color: #800000\" href=\"https:\/\/www.iobc-wprs.org\/pub\/bulletins\/index.html#2008\" target=\"_blank\" rel=\"noopener noreferrer\">Molecular Tools for Understanding and Improving Biocontrol<\/a><\/span>. IOBC\/WPRS Bulletin 43, 390 pp. ISBN 978-92-9067-217-3.<\/span><\/p>\n<p><span style=\"color: #333333\">Loper JE, Bruck D, P\u00e9chy-Tarr M, Maurhofer M, Keel C, Gross H. 2008. Genomic analysis of secondary metabolite production by <em>Pseudomonas fluorescens<\/em> Pf-5. pp. 1-6 in Lorito M, Woo S, Scala S (eds), <span style=\"color: #800000\"><a style=\"color: #800000\" href=\"https:\/\/www.apsnet.org\/apsstore\/shopapspress\/Pages\/62556.aspx\" target=\"_blank\" rel=\"noopener noreferrer\">Biology of Molecular Plant-Microbe Interactions Vol 6<\/a><\/span>. APS Press. ISBN 978-0-9654625-5-6.<\/span><\/p>\n<p><span style=\"color: #333333\">Dubuis C, Keel C, Haas D. 2007. Dialogues of root-colonizing biocontrol pseudomonads. <span style=\"color: #800000\"><a style=\"color: #800000\" href=\"https:\/\/link.springer.com\/article\/10.1007\/s10658-007-9157-1\" target=\"_blank\" rel=\"noopener noreferrer\">European Journal of Plant Patholog<\/a>y<\/span> 119:311-28. DOI: 10.1007\/s10658-007-9157-1.<\/span><\/p>\n<p><span style=\"color: #333333\">Haas D, Keel C. 2003. Regulation of antibiotic production in root-colonizing <em>Pseudomona<\/em>s spp. and relevance for biological control of plant disease. <span style=\"color: #800000\"><a style=\"color: #800000\" href=\"https:\/\/www.annualreviews.org\/doi\/full\/10.1146\/annurev.phyto.41.052002.095656?url_ver=Z39.88-2003&amp;rfr_id=ori:rid:crossref.org&amp;rfr_dat=cr_pub%3dpubmed\" target=\"_blank\" rel=\"noopener noreferrer\">Annual Review of Phytopathology<\/a><\/span> 41:117-53. DOI: 10.1146\/annurev.phyto.41.052002.095656.<\/span><\/p>\n<p><span style=\"color: #333333\">Haas D, Keel C, Reimmann C. 2002. Signal transduction in plant-beneficial rhizobacteria with biocontrol properties. <span style=\"color: #800000\"><a style=\"color: #800000\" href=\"https:\/\/link.springer.com\/article\/10.1023%2FA%3A1020549019981\" target=\"_blank\" rel=\"noopener noreferrer\">Antonie Van Leeuwenhoek<\/a><\/span> 81:385-95. DOI: 10.1023\/a:1020549019981.<\/span><\/p>\n<p><span style=\"color: #333333\">Haas D, Blumer C, Keel C. 2000. Biocontrol ability of fluorescent pseudomonads genetically dissected: importance of positive feedback regulation. <span style=\"color: #800000\"><a style=\"color: #800000\" href=\"https:\/\/www.sciencedirect.com\/science\/article\/pii\/S0958166900000987\" target=\"_blank\" rel=\"noopener noreferrer\">Current Opinion in Biotechnology<\/a><\/span> 11:290-7. DOI: 10.1016\/s0958-1669(00)00098-7.<\/span><\/p>\n<p><span style=\"color: #333333\">Keel C. D\u00e9fago G. 1997. Interactions between beneficial soil bacteria and root pathogens: mechanisms and ecological impact. pp. 27-46 in Gange AC, Brown VK (eds), <span style=\"color: #800000\">Multitrophic Interactions in Terrestrial Systems. Blackwell Science<\/span>. ISBN 0 86542 767 4.<\/span><\/p>\n<p><span style=\"color: #333333\">D\u00e9fago G, Keel C, Mo\u00ebnne-Loccoz Y. 1997. Fate of released <em>Pseudomonas<\/em> bacteria in the soil profile: implications for the use of genetically-modified microbial inoculants. pp. 403-418 in Zelikoff JT, Stolen JS (eds), <span style=\"color: #800000\">Ecotoxicology: Responses, Biomarkers and Risk Assessment<\/span>. SOS Pubns. ISBN-13: 978-0887052019.<\/span><\/p>\n<p><span style=\"color: #333333\">D\u00e9fago G, Keel C, Mo\u00ebnne-Loccoz Y. 1996. Fate of introduced biocontrol agent <em>Pseudomonas fluorescens<\/em> CHA0 in soil: Biosafety considerations. pp. 241-245 in Wenhua T, Cook RJ, Rovira A (eds), <span style=\"color: #800000\">Advances in Biological Control of Plant Diseases<\/span>. China Agricultural University Press.<\/span><\/p>\n<p><span style=\"color: #333333\">D\u00e9fago G., Keel C., 1995. Pseudomonads as biocontrol agents of diseases caused by soil-borne pathogens. pp. 137-148 in Hokkanen HMT, Lynch JM (eds), <span style=\"color: #800000\"><a style=\"color: #800000\" href=\"https:\/\/www.cambridge.org\/gb\/academic\/subjects\/life-sciences\/natural-resource-management-agriculture-horticulture-and\/biological-control-benefits-and-risks\" target=\"_blank\" rel=\"noopener noreferrer\">Biological Control: Benefits and Risks. Plant and Microbial Biotechnology Research Series 4<\/a><\/span>. Cambridge University Press. ISNB 9780521544054<\/span><\/p>\n<p><span style=\"color: #333333\">Voisard C., Bull C., Keel C., Laville J., Maurhofer M., Schnider U., D\u00e9fago G., Haas D., 1994. Biocontrol of root diseases by <em>Pseudomonas fluorescens<\/em> CHA0: current concepts and experimental approaches. pp. 67-89 in O\u2019Gara F, Dowling D, Boesten B (eds), <span style=\"color: #800000\"><a style=\"color: #800000\" href=\"https:\/\/onlinelibrary.wiley.com\/book\/10.1002\/9783527615810\" target=\"_blank\" rel=\"noopener noreferrer\">Molecular Ecology of Rhizosphere Microorganisms: Biotechnology and the Release of GMOs<\/a><\/span>.VCH Publishers. DOI: 10.1002\/9783527615810.<\/span><\/p>\n<p><span style=\"color: #333333\">Maurhofer M, Sacherer P, Keel C, D\u00e9fago G. 1994. Role of some metabolites produced by Pseudomonas fluorescens strain CHA0 in the suppression of different plant diseases. pp. 117-119 in Ryder MH, Stephens PM, Bowen GD (eds), <span style=\"color: #800000\"><a style=\"color: #800000\" href=\"https:\/\/publications.csiro.au\/rpr\/pub?list=BRO&amp;pid=procite:e113a11b-8fcb-4427-8aa0-f632249cbc6d\" target=\"_blank\" rel=\"noopener noreferrer\">Improving Plant Productivity with Rhizosphere Bacteria<\/a><\/span>. Glen Osmond, SA: CSIRO Division of Soils. ISBN 0643053964.<\/span><\/p>\n<p><span style=\"color: #333333\">Keel C, Zala M, Troxler J, Natsch A, Pfirter HP, D\u00e9fago G. 1994. Application of biocontrol strain <em>Pseudomonas fluorescen<\/em>s CHA0 to standard soil columns and field-scale lysimeters &#8211; I. Survival and translocation. pp. 255-257 in Ryder MH, Stephens PM, Bowen GD (eds), <span style=\"color: #800000\"><a style=\"color: #800000\" href=\"https:\/\/publications.csiro.au\/rpr\/pub?list=BRO&amp;pid=procite:e113a11b-8fcb-4427-8aa0-f632249cbc6d\" target=\"_blank\" rel=\"noopener noreferrer\">Improving Plant Productivity with Rhizosphere Bacteria<\/a><\/span>. Glen Osmond, SA: CSIRO Division of Soils. ISBN 0643053964.<\/span><\/p>\n<p><span style=\"color: #333333\">Troxler J, Zala M, Keel C, Natsch A, D\u00e9fago G. 1994. Application of biocontrol strain <em>Pseudomonas fluorescens<\/em> CHA0 to standard soil columns and field-scale lysimeters &#8211; II. Detection and enumeration. pp. 258-260 in Ryder MH, Stephens PM, Bowen GD (eds), <span style=\"color: #800000\"><a style=\"color: #800000\" href=\"https:\/\/publications.csiro.au\/rpr\/pub?list=BRO&amp;pid=procite:e113a11b-8fcb-4427-8aa0-f632249cbc6d\" target=\"_blank\" rel=\"noopener noreferrer\">Improving Plant Productivity with Rhizosphere Bacteria<\/a><\/span>. Glen Osmond, SA: CSIRO Division of Soils. ISBN 0643053964.<\/span><\/p>\n<p><span style=\"color: #333333\">Keel C, Koller B, D\u00e9fago G. (eds) 1990. <a href=\"https:\/\/www.iobc-wprs.org\/pub\/bulletins\/iobc-wprs_bulletin_2010_61.pdf\" target=\"_blank\" rel=\"noopener noreferrer\"><span style=\"color: #800000\">Plant Growth-Promoting Rhizobacteria &#8211; Progress and Prospects<\/span><\/a>. IOBC-WPRS Bulletin 14(8), 418 p. ETH Zurich. ISBN 92-9067-042-8.<\/span><\/p>\n<p><span style=\"color: #333333\">Keel C, Maurhofer M, Oberh\u00e4nsli T, Voisard C, Haas D, D\u00e9fago G. 1991. Role of 2,4-diacetylphloroglucinol in the suppression of take-all of wheat by a strain of <em>Pseudomonas fluorescens<\/em>. pp. 335-339 in Beemster ABR, Bollen GJ, Gerlagh M, Ruissen MA, Schippers B, Tempel A (eds), <span style=\"color: #800000\"><a style=\"color: #800000\" href=\"https:\/\/www.sciencedirect.com\/science\/bookseries\/01662287\/23\" target=\"_blank\" rel=\"noopener noreferrer\">Biotic Interactions and Soil-Borne Diseases. Developments in Agricultural and Managed-Forest Ecology 23<\/a><\/span>. Elsevier. ISBN: 978-0-444-88728-3.<\/span><\/p>\n<p><span style=\"color: #333333\">Haas D, Keel C, Laville J, Maurhofer M, Oberh\u00e4nsli T, Schnider U, Voisard C, W\u00fcthrich B, D\u00e9fago G. 1991. Secondary metabolites of <em>Pseudomonas fluorescens<\/em> strain CHA0 involved in the suppression of root diseases. pp. 450-456 in Hennecke H, Verma DPS (eds), <span style=\"color: #800000\"><a style=\"color: #800000\" href=\"https:\/\/www.springer.com\/life+sciences\/plant+sciences\/book\/978-0-7923-1082-2\" target=\"_blank\" rel=\"noopener noreferrer\">Advances in Molecular Genetics of Plant-Microbe Interactions 1<\/a><\/span>. Series: Current Plant Science and Biotechnology in Agriculture, Vol. 10. Kluwer Academic Publishers. ISBN 978-90-481-4083-1.<\/span><\/p>\n<p><span style=\"color: #333333\">D\u00e9fago G, Berling C-H, Burger U, Haas D, Kahr G, Keel C, Voisard C, Wirthner P, W\u00fcthrich B. 1990. Suppression of black root rot of tobacco and other root diseases by strains of <em>Pseudomonas fluorescens<\/em>: Potential applications and mechanisms. pp. 93-108 in Hornby D (ed), <span style=\"color: #800000\">Biological Control of Soil-Borne Plant Pathogens<\/span>. CAB International, Wallingford, UK. ISBN: 0851986374.<\/span><\/p>\n","protected":false},"excerpt":{"rendered":"<p>Burz SD, Causevic S, Dal Co A, Dmitrijeva M, Engel P, Garrido-Sanz D, Greub G, Hapfelmeier S, Hardt W-D, Hatzimanikatis V, Heiman CM, Herzog MK-M, Hockenberry A, Keel C, Keppler A, Lee S-J, Luneau J, Malfertheiner L, Mitri S, Ngyuen,<\/p>\n","protected":false},"author":1001061,"featured_media":0,"parent":238,"menu_order":1,"comment_status":"closed","ping_status":"closed","template":"","meta":{"_seopress_robots_primary_cat":"","_seopress_titles_title":"","_seopress_titles_desc":"","_seopress_robots_index":"","footnotes":""},"class_list":["post-240","page","type-page","status-publish"],"_links":{"self":[{"href":"https:\/\/wp.unil.ch\/keel-lab\/wp-json\/wp\/v2\/pages\/240","targetHints":{"allow":["GET"]}}],"collection":[{"href":"https:\/\/wp.unil.ch\/keel-lab\/wp-json\/wp\/v2\/pages"}],"about":[{"href":"https:\/\/wp.unil.ch\/keel-lab\/wp-json\/wp\/v2\/types\/page"}],"author":[{"embeddable":true,"href":"https:\/\/wp.unil.ch\/keel-lab\/wp-json\/wp\/v2\/users\/1001061"}],"replies":[{"embeddable":true,"href":"https:\/\/wp.unil.ch\/keel-lab\/wp-json\/wp\/v2\/comments?post=240"}],"version-history":[{"count":3,"href":"https:\/\/wp.unil.ch\/keel-lab\/wp-json\/wp\/v2\/pages\/240\/revisions"}],"predecessor-version":[{"id":1141,"href":"https:\/\/wp.unil.ch\/keel-lab\/wp-json\/wp\/v2\/pages\/240\/revisions\/1141"}],"up":[{"embeddable":true,"href":"https:\/\/wp.unil.ch\/keel-lab\/wp-json\/wp\/v2\/pages\/238"}],"wp:attachment":[{"href":"https:\/\/wp.unil.ch\/keel-lab\/wp-json\/wp\/v2\/media?parent=240"}],"curies":[{"name":"wp","href":"https:\/\/api.w.org\/{rel}","templated":true}]}}