{"id":2401,"date":"2026-04-09T10:20:43","date_gmt":"2026-04-09T08:20:43","guid":{"rendered":"https:\/\/wp.unil.ch\/journeerecherchessp\/?page_id=2401"},"modified":"2026-04-09T13:55:08","modified_gmt":"2026-04-09T11:55:08","slug":"programme-6","status":"publish","type":"page","link":"https:\/\/wp.unil.ch\/journeerecherchessp\/programme-6\/","title":{"rendered":"Programme"},"content":{"rendered":"\n<p class=\"has-vivid-purple-color has-text-color has-link-color has-large-font-size wp-elements-04c3b5bcccce5bed061baddaced9b37c\"><br><strong>Jeudi 30 avril 2026 de 13h00 \u00e0 17h30<\/strong><\/p>\n\n\n\n<p class=\"has-vivid-purple-color has-text-color has-link-color has-medium-font-size wp-elements-a973c24c43a3100d52743f73e11434c2\">G\u00e9opolis 1612, Universit\u00e9 de Lausanne<\/p>\n\n\n\n<p><strong>Interroger la relation entre chercheur\u00b7es et participant\u00b7es : Penser et d\u00e9passer les logiques extractivistes en recherche<\/strong><\/p>\n\n\n\n<p>La Journ\u00e9e de la recherche 2026 propose d\u2019ouvrir un espace de r\u00e9flexion collective autour de d\u00e9marches de recherche attentives aux enjeux de r\u00e9ciprocit\u00e9 et de restitution.<br><br><\/p>\n\n\n\n<p class=\"has-vivid-purple-color has-text-color has-link-color has-medium-font-size wp-elements-73ed226778e509b9db2c6c59db0a5341\"><\/p>\n\n\n\n<div data-wp-interactive=\"core\/file\" class=\"wp-block-file\"><object data-wp-bind--hidden=\"!state.hasPdfPreview\" hidden class=\"wp-block-file__embed\" data=\"https:\/\/wp.unil.ch\/journeerecherchessp\/files\/2026\/04\/jr_programme-2026.pdf\" type=\"application\/pdf\" style=\"width:100%;height:600px\" aria-label=\"Contenu embarqu\u00e9 JR_Programme-2026.\"><\/object><a id=\"wp-block-file--media-c2480ecf-4855-4fbe-a7ec-c6dcb781418f\" href=\"https:\/\/wp.unil.ch\/journeerecherchessp\/files\/2026\/04\/jr_programme-2026.pdf\">JR_Programme-2026<\/a><a href=\"https:\/\/wp.unil.ch\/journeerecherchessp\/files\/2026\/04\/jr_programme-2026.pdf\" class=\"wp-block-file__button wp-element-button\" download aria-describedby=\"wp-block-file--media-c2480ecf-4855-4fbe-a7ec-c6dcb781418f\">T\u00e9l\u00e9charger<\/a><\/div>\n","protected":false},"excerpt":{"rendered":"<p>Jeudi 30 avril 2026 de 13h00 \u00e0 17h30 G\u00e9opolis 1612, Universit\u00e9 de Lausanne Interroger la relation entre chercheur\u00b7es et participant\u00b7es : Penser et d\u00e9passer les logiques extractivistes en recherche La Journ\u00e9e de la recherche 2026 propose d\u2019ouvrir un espace de<\/p>\n","protected":false},"author":163,"featured_media":0,"parent":0,"menu_order":0,"comment_status":"closed","ping_status":"closed","template":"","meta":{"_seopress_robots_primary_cat":"","_seopress_titles_title":"","_seopress_titles_desc":"","_seopress_robots_index":"","ngg_post_thumbnail":0,"footnotes":""},"class_list":["post-2401","page","type-page","status-publish"],"_links":{"self":[{"href":"https:\/\/wp.unil.ch\/journeerecherchessp\/wp-json\/wp\/v2\/pages\/2401","targetHints":{"allow":["GET"]}}],"collection":[{"href":"https:\/\/wp.unil.ch\/journeerecherchessp\/wp-json\/wp\/v2\/pages"}],"about":[{"href":"https:\/\/wp.unil.ch\/journeerecherchessp\/wp-json\/wp\/v2\/types\/page"}],"author":[{"embeddable":true,"href":"https:\/\/wp.unil.ch\/journeerecherchessp\/wp-json\/wp\/v2\/users\/163"}],"replies":[{"embeddable":true,"href":"https:\/\/wp.unil.ch\/journeerecherchessp\/wp-json\/wp\/v2\/comments?post=2401"}],"version-history":[{"count":5,"href":"https:\/\/wp.unil.ch\/journeerecherchessp\/wp-json\/wp\/v2\/pages\/2401\/revisions"}],"predecessor-version":[{"id":2431,"href":"https:\/\/wp.unil.ch\/journeerecherchessp\/wp-json\/wp\/v2\/pages\/2401\/revisions\/2431"}],"wp:attachment":[{"href":"https:\/\/wp.unil.ch\/journeerecherchessp\/wp-json\/wp\/v2\/media?parent=2401"}],"curies":[{"name":"wp","href":"https:\/\/api.w.org\/{rel}","templated":true}]}}