{"id":2351,"date":"2025-04-09T09:15:23","date_gmt":"2025-04-09T07:15:23","guid":{"rendered":"https:\/\/wp.unil.ch\/journeerecherchessp\/?page_id=2351"},"modified":"2025-04-09T11:45:16","modified_gmt":"2025-04-09T09:45:16","slug":"journee-2025","status":"publish","type":"page","link":"https:\/\/wp.unil.ch\/journeerecherchessp\/journee-2025\/","title":{"rendered":"Journ\u00e9e 2025"},"content":{"rendered":"\n<h2 class=\"wp-block-heading\">\u00ab&nbsp;Le savoir scientifique&nbsp;: un bien commun&nbsp;? \u00bb<\/h2>\n\n\n\n<p>L\u2019\u00e9dition 2025 de la Journ\u00e9e de la recherche SSP a eu pour but de partager nos exp\u00e9riences de chercheur\u00b7euses pour nourrir une r\u00e9flexion critique sur la signification et les enjeux du partage des savoirs. Un savoir vivant est, par essence, un savoir partag\u00e9. Mais ce partage garantit-il toujours de faire du savoir un bien commun&nbsp;? Nos messages atteignent-ils r\u00e9ellement leurs destinataires&nbsp;? Cette journ\u00e9e invite \u00e0 explorer les outils, les postures et les pratiques qui contribuent \u00e0 faire du savoir un bien commun. Que partageons-nous&nbsp;? Avec qui&nbsp;? \u00c0 quels moments du processus scientifique&nbsp;? Quels outils de communication peut-on mobiliser en SSP pour diffuser les connaissances et valoriser la richesse des contributions des acteur\u00b7trices impliqu\u00e9\u00b7es dans le partage scientifique&nbsp;? Au-del\u00e0 de la diffusion des savoirs, cette r\u00e9flexion questionne les implications sociales des interactions entre scientifiques et soci\u00e9t\u00e9. Quel est le positionnement des chercheur\u00b7euses dans l\u2019espace public&nbsp;? Intervenir, est-ce n\u00e9cessairement prendre position&nbsp;? Cette journ\u00e9e a aussi \u00e9t\u00e9 l\u2019occasion d\u2019examiner le positionnement des scientifiques lorsqu\u2019ils\u00b7elles s\u2019expriment: citoyen\u00b7ne, scientifique, politique, militant\u00b7e&nbsp;? Sous quelle identit\u00e9 et avec quelle responsabilit\u00e9 partageons-nous notre savoir, en particulier lorsqu\u2019il touche \u00e0 des enjeux sensibles, pour contribuer \u00e0 une soci\u00e9t\u00e9 plus ouverte, \u00e9quitable et solidaire ?<\/p>\n\n\n\n<p>Dans la premi\u00e8re partie de la journ\u00e9e, \u00e0 travers de courtes pr\u00e9sentations, douze chercheur\u00b7euses de tous horizons SSP sont venus partager leurs exp\u00e9riences sur les outils, les postures scientifiques et les pratiques de recherche qui contribuent \u00e0 faire du savoir un bien commun.<\/p>\n\n\n\n<p>La deuxi\u00e8me partie est intitul\u00e9e \u00ab Partager le savoir, transformer la soci\u00e9t\u00e9 : entre expertise et prise de position, quelle place pour les chercheur\u00b7euses ? \u00bb Dans un monde o\u00f9 l\u2019information circule en continu, quelle place pour les chercheur\u00b7euses dans l\u2019espace public ? Comment \u00e9quilibrer la mission d\u2019informer avec l\u2019ambition d\u2019impacter les enjeux soci\u00e9taux ? \u00c0 travers le regard de quatre journalistes, cette session a interrog\u00e9 le positionnement des scientifiques dans le d\u00e9bat public et l\u2019influence du m\u00e9dium choisi sur la port\u00e9e de leurs messages.<\/p>\n\n\n\n<h1 class=\"wp-block-heading\">Programme<\/h1>\n\n\n\n<p><a href=\"https:\/\/wp.unil.ch\/journeerecherchessp\/files\/2025\/03\/programme-jdr-2025.pdf\">Voir le programme<\/a><\/p>\n\n\n\n<h2 class=\"wp-block-heading\">Galerie<\/h2>\n\n\n\n<figure class=\"wp-block-gallery has-nested-images columns-default is-cropped wp-block-gallery-1 is-layout-flex wp-block-gallery-is-layout-flex\">\n<figure class=\"wp-block-image size-large\"><a href=\"https:\/\/wp.unil.ch\/journeerecherchessp\/files\/2025\/04\/jdr1.jpg\"><img loading=\"lazy\" decoding=\"async\" width=\"810\" height=\"1013\" data-id=\"2356\" src=\"https:\/\/wp.unil.ch\/journeerecherchessp\/files\/2025\/04\/jdr1.jpg\" alt=\"design sans titre 1\" class=\"wp-image-2356\" srcset=\"https:\/\/wp.unil.ch\/journeerecherchessp\/files\/2025\/04\/jdr1.jpg 810w, https:\/\/wp.unil.ch\/journeerecherchessp\/files\/2025\/04\/jdr1-240x300.jpg 240w, https:\/\/wp.unil.ch\/journeerecherchessp\/files\/2025\/04\/jdr1-768x960.jpg 768w\" sizes=\"auto, (max-width: 810px) 100vw, 810px\" \/><\/a><\/figure>\n\n\n\n<figure class=\"wp-block-image size-large\"><a href=\"https:\/\/wp.unil.ch\/journeerecherchessp\/files\/2025\/04\/jdr14.png\"><img loading=\"lazy\" decoding=\"async\" width=\"810\" height=\"1013\" data-id=\"2373\" src=\"https:\/\/wp.unil.ch\/journeerecherchessp\/files\/2025\/04\/jdr14.png\" alt=\"jdr14\" class=\"wp-image-2373\" srcset=\"https:\/\/wp.unil.ch\/journeerecherchessp\/files\/2025\/04\/jdr14.png 810w, https:\/\/wp.unil.ch\/journeerecherchessp\/files\/2025\/04\/jdr14-240x300.png 240w, https:\/\/wp.unil.ch\/journeerecherchessp\/files\/2025\/04\/jdr14-768x960.png 768w\" sizes=\"auto, (max-width: 810px) 100vw, 810px\" \/><\/a><\/figure>\n\n\n\n<figure class=\"wp-block-image size-large\"><a href=\"https:\/\/wp.unil.ch\/journeerecherchessp\/files\/2025\/04\/jdr15.png\"><img loading=\"lazy\" decoding=\"async\" width=\"810\" height=\"1013\" data-id=\"2375\" src=\"https:\/\/wp.unil.ch\/journeerecherchessp\/files\/2025\/04\/jdr15.png\" alt=\"jdr15\" class=\"wp-image-2375\" srcset=\"https:\/\/wp.unil.ch\/journeerecherchessp\/files\/2025\/04\/jdr15.png 810w, https:\/\/wp.unil.ch\/journeerecherchessp\/files\/2025\/04\/jdr15-240x300.png 240w, https:\/\/wp.unil.ch\/journeerecherchessp\/files\/2025\/04\/jdr15-768x960.png 768w\" sizes=\"auto, (max-width: 810px) 100vw, 810px\" \/><\/a><\/figure>\n\n\n\n<figure class=\"wp-block-image size-large\"><a href=\"https:\/\/wp.unil.ch\/journeerecherchessp\/files\/2025\/04\/jdr2.jpg\"><img loading=\"lazy\" decoding=\"async\" width=\"810\" height=\"1013\" data-id=\"2357\" src=\"https:\/\/wp.unil.ch\/journeerecherchessp\/files\/2025\/04\/jdr2.jpg\" alt=\"design sans titre 2\" class=\"wp-image-2357\" srcset=\"https:\/\/wp.unil.ch\/journeerecherchessp\/files\/2025\/04\/jdr2.jpg 810w, https:\/\/wp.unil.ch\/journeerecherchessp\/files\/2025\/04\/jdr2-240x300.jpg 240w, https:\/\/wp.unil.ch\/journeerecherchessp\/files\/2025\/04\/jdr2-768x960.jpg 768w\" sizes=\"auto, (max-width: 810px) 100vw, 810px\" \/><\/a><\/figure>\n\n\n\n<figure class=\"wp-block-image size-large\"><a href=\"https:\/\/wp.unil.ch\/journeerecherchessp\/files\/2025\/04\/jdr3.jpg\"><img loading=\"lazy\" decoding=\"async\" width=\"810\" height=\"1013\" data-id=\"2359\" src=\"https:\/\/wp.unil.ch\/journeerecherchessp\/files\/2025\/04\/jdr3.jpg\" alt=\"design sans titre 3\" class=\"wp-image-2359\" srcset=\"https:\/\/wp.unil.ch\/journeerecherchessp\/files\/2025\/04\/jdr3.jpg 810w, https:\/\/wp.unil.ch\/journeerecherchessp\/files\/2025\/04\/jdr3-240x300.jpg 240w, https:\/\/wp.unil.ch\/journeerecherchessp\/files\/2025\/04\/jdr3-768x960.jpg 768w\" sizes=\"auto, (max-width: 810px) 100vw, 810px\" \/><\/a><\/figure>\n\n\n\n<figure class=\"wp-block-image size-large\"><a href=\"https:\/\/wp.unil.ch\/journeerecherchessp\/files\/2025\/04\/jdr4.jpg\"><img loading=\"lazy\" decoding=\"async\" width=\"810\" height=\"1013\" data-id=\"2355\" src=\"https:\/\/wp.unil.ch\/journeerecherchessp\/files\/2025\/04\/jdr4.jpg\" alt=\"design sans titre 4\" class=\"wp-image-2355\" srcset=\"https:\/\/wp.unil.ch\/journeerecherchessp\/files\/2025\/04\/jdr4.jpg 810w, https:\/\/wp.unil.ch\/journeerecherchessp\/files\/2025\/04\/jdr4-240x300.jpg 240w, https:\/\/wp.unil.ch\/journeerecherchessp\/files\/2025\/04\/jdr4-768x960.jpg 768w\" sizes=\"auto, (max-width: 810px) 100vw, 810px\" \/><\/a><\/figure>\n\n\n\n<figure class=\"wp-block-image size-large\"><a href=\"https:\/\/wp.unil.ch\/journeerecherchessp\/files\/2025\/04\/jdr5.jpg\"><img loading=\"lazy\" decoding=\"async\" width=\"819\" height=\"1024\" data-id=\"2358\" src=\"https:\/\/wp.unil.ch\/journeerecherchessp\/files\/2025\/04\/jdr5-819x1024.jpg\" alt=\"jdr5\" class=\"wp-image-2358\" srcset=\"https:\/\/wp.unil.ch\/journeerecherchessp\/files\/2025\/04\/jdr5-819x1024.jpg 819w, https:\/\/wp.unil.ch\/journeerecherchessp\/files\/2025\/04\/jdr5-240x300.jpg 240w, https:\/\/wp.unil.ch\/journeerecherchessp\/files\/2025\/04\/jdr5-768x960.jpg 768w, https:\/\/wp.unil.ch\/journeerecherchessp\/files\/2025\/04\/jdr5.jpg 960w\" sizes=\"auto, (max-width: 819px) 100vw, 819px\" \/><\/a><\/figure>\n\n\n\n<figure class=\"wp-block-image size-large\"><a href=\"https:\/\/wp.unil.ch\/journeerecherchessp\/files\/2025\/04\/jdr6.jpg\"><img loading=\"lazy\" decoding=\"async\" width=\"819\" height=\"1024\" data-id=\"2360\" src=\"https:\/\/wp.unil.ch\/journeerecherchessp\/files\/2025\/04\/jdr6-819x1024.jpg\" alt=\"jdr6\" class=\"wp-image-2360\" srcset=\"https:\/\/wp.unil.ch\/journeerecherchessp\/files\/2025\/04\/jdr6-819x1024.jpg 819w, https:\/\/wp.unil.ch\/journeerecherchessp\/files\/2025\/04\/jdr6-240x300.jpg 240w, https:\/\/wp.unil.ch\/journeerecherchessp\/files\/2025\/04\/jdr6-768x960.jpg 768w, https:\/\/wp.unil.ch\/journeerecherchessp\/files\/2025\/04\/jdr6.jpg 960w\" sizes=\"auto, (max-width: 819px) 100vw, 819px\" \/><\/a><\/figure>\n\n\n\n<figure class=\"wp-block-image size-large\"><a href=\"https:\/\/wp.unil.ch\/journeerecherchessp\/files\/2025\/04\/jdr7.jpg\"><img loading=\"lazy\" decoding=\"async\" width=\"1024\" height=\"768\" data-id=\"2365\" src=\"https:\/\/wp.unil.ch\/journeerecherchessp\/files\/2025\/04\/jdr7-1024x768.jpg\" alt=\"jdr7\" class=\"wp-image-2365\" srcset=\"https:\/\/wp.unil.ch\/journeerecherchessp\/files\/2025\/04\/jdr7-1024x768.jpg 1024w, https:\/\/wp.unil.ch\/journeerecherchessp\/files\/2025\/04\/jdr7-300x225.jpg 300w, https:\/\/wp.unil.ch\/journeerecherchessp\/files\/2025\/04\/jdr7-768x576.jpg 768w, https:\/\/wp.unil.ch\/journeerecherchessp\/files\/2025\/04\/jdr7-1536x1152.jpg 1536w, https:\/\/wp.unil.ch\/journeerecherchessp\/files\/2025\/04\/jdr7.jpg 1600w\" sizes=\"auto, (max-width: 1024px) 100vw, 1024px\" \/><\/a><\/figure>\n\n\n\n<figure class=\"wp-block-image size-large\"><a href=\"https:\/\/wp.unil.ch\/journeerecherchessp\/files\/2025\/04\/jdr8.jpg\"><img loading=\"lazy\" decoding=\"async\" width=\"1024\" height=\"768\" data-id=\"2361\" src=\"https:\/\/wp.unil.ch\/journeerecherchessp\/files\/2025\/04\/jdr8-1024x768.jpg\" alt=\"jdr8\" class=\"wp-image-2361\" srcset=\"https:\/\/wp.unil.ch\/journeerecherchessp\/files\/2025\/04\/jdr8-1024x768.jpg 1024w, https:\/\/wp.unil.ch\/journeerecherchessp\/files\/2025\/04\/jdr8-300x225.jpg 300w, https:\/\/wp.unil.ch\/journeerecherchessp\/files\/2025\/04\/jdr8-768x576.jpg 768w, https:\/\/wp.unil.ch\/journeerecherchessp\/files\/2025\/04\/jdr8.jpg 1067w\" sizes=\"auto, (max-width: 1024px) 100vw, 1024px\" \/><\/a><\/figure>\n\n\n\n<figure class=\"wp-block-image size-large\"><a href=\"https:\/\/wp.unil.ch\/journeerecherchessp\/files\/2025\/04\/jdr9.jpg\"><img loading=\"lazy\" decoding=\"async\" width=\"1024\" height=\"768\" data-id=\"2362\" src=\"https:\/\/wp.unil.ch\/journeerecherchessp\/files\/2025\/04\/jdr9-1024x768.jpg\" alt=\"jdr9\" class=\"wp-image-2362\" srcset=\"https:\/\/wp.unil.ch\/journeerecherchessp\/files\/2025\/04\/jdr9-1024x768.jpg 1024w, https:\/\/wp.unil.ch\/journeerecherchessp\/files\/2025\/04\/jdr9-300x225.jpg 300w, https:\/\/wp.unil.ch\/journeerecherchessp\/files\/2025\/04\/jdr9-768x576.jpg 768w, https:\/\/wp.unil.ch\/journeerecherchessp\/files\/2025\/04\/jdr9.jpg 1080w\" sizes=\"auto, (max-width: 1024px) 100vw, 1024px\" \/><\/a><\/figure>\n\n\n\n<figure class=\"wp-block-image size-large\"><a href=\"https:\/\/wp.unil.ch\/journeerecherchessp\/files\/2025\/04\/jdr10.jpg\"><img loading=\"lazy\" decoding=\"async\" width=\"1024\" height=\"768\" data-id=\"2364\" src=\"https:\/\/wp.unil.ch\/journeerecherchessp\/files\/2025\/04\/jdr10-1024x768.jpg\" alt=\"jdr10\" class=\"wp-image-2364\" srcset=\"https:\/\/wp.unil.ch\/journeerecherchessp\/files\/2025\/04\/jdr10-1024x768.jpg 1024w, https:\/\/wp.unil.ch\/journeerecherchessp\/files\/2025\/04\/jdr10-300x225.jpg 300w, https:\/\/wp.unil.ch\/journeerecherchessp\/files\/2025\/04\/jdr10-768x576.jpg 768w, https:\/\/wp.unil.ch\/journeerecherchessp\/files\/2025\/04\/jdr10.jpg 1080w\" sizes=\"auto, (max-width: 1024px) 100vw, 1024px\" \/><\/a><\/figure>\n\n\n\n<figure class=\"wp-block-image size-large\"><a href=\"https:\/\/wp.unil.ch\/journeerecherchessp\/files\/2025\/04\/jdr11.jpg\"><img loading=\"lazy\" decoding=\"async\" width=\"1024\" height=\"768\" data-id=\"2363\" src=\"https:\/\/wp.unil.ch\/journeerecherchessp\/files\/2025\/04\/jdr11-1024x768.jpg\" alt=\"jdr11\" class=\"wp-image-2363\" srcset=\"https:\/\/wp.unil.ch\/journeerecherchessp\/files\/2025\/04\/jdr11-1024x768.jpg 1024w, https:\/\/wp.unil.ch\/journeerecherchessp\/files\/2025\/04\/jdr11-300x225.jpg 300w, https:\/\/wp.unil.ch\/journeerecherchessp\/files\/2025\/04\/jdr11-768x576.jpg 768w, https:\/\/wp.unil.ch\/journeerecherchessp\/files\/2025\/04\/jdr11.jpg 1080w\" sizes=\"auto, (max-width: 1024px) 100vw, 1024px\" \/><\/a><\/figure>\n\n\n\n<figure class=\"wp-block-image size-large\"><a href=\"https:\/\/wp.unil.ch\/journeerecherchessp\/files\/2025\/04\/jdr12.jpg\"><img loading=\"lazy\" decoding=\"async\" width=\"1024\" height=\"768\" data-id=\"2366\" src=\"https:\/\/wp.unil.ch\/journeerecherchessp\/files\/2025\/04\/jdr12-1024x768.jpg\" alt=\"jdr12\" class=\"wp-image-2366\" srcset=\"https:\/\/wp.unil.ch\/journeerecherchessp\/files\/2025\/04\/jdr12-1024x768.jpg 1024w, https:\/\/wp.unil.ch\/journeerecherchessp\/files\/2025\/04\/jdr12-300x225.jpg 300w, https:\/\/wp.unil.ch\/journeerecherchessp\/files\/2025\/04\/jdr12-768x576.jpg 768w, https:\/\/wp.unil.ch\/journeerecherchessp\/files\/2025\/04\/jdr12.jpg 1080w\" sizes=\"auto, (max-width: 1024px) 100vw, 1024px\" \/><\/a><\/figure>\n\n\n\n<figure class=\"wp-block-image size-large\"><a href=\"https:\/\/wp.unil.ch\/journeerecherchessp\/files\/2025\/04\/jdr13.jpg\"><img loading=\"lazy\" decoding=\"async\" width=\"1024\" height=\"627\" data-id=\"2367\" src=\"https:\/\/wp.unil.ch\/journeerecherchessp\/files\/2025\/04\/jdr13-1024x627.jpg\" alt=\"jdr13\" class=\"wp-image-2367\" srcset=\"https:\/\/wp.unil.ch\/journeerecherchessp\/files\/2025\/04\/jdr13-1024x627.jpg 1024w, https:\/\/wp.unil.ch\/journeerecherchessp\/files\/2025\/04\/jdr13-300x184.jpg 300w, https:\/\/wp.unil.ch\/journeerecherchessp\/files\/2025\/04\/jdr13-768x470.jpg 768w, https:\/\/wp.unil.ch\/journeerecherchessp\/files\/2025\/04\/jdr13-1536x940.jpg 1536w, https:\/\/wp.unil.ch\/journeerecherchessp\/files\/2025\/04\/jdr13.jpg 1920w\" sizes=\"auto, (max-width: 1024px) 100vw, 1024px\" \/><\/a><\/figure>\n<\/figure>\n\n\n\n<p><\/p>\n","protected":false},"excerpt":{"rendered":"<p>\u00ab&nbsp;Le savoir scientifique&nbsp;: un bien commun&nbsp;? \u00bb L\u2019\u00e9dition 2025 de la Journ\u00e9e de la recherche SSP a eu pour but de partager nos exp\u00e9riences de chercheur\u00b7euses pour nourrir une r\u00e9flexion critique sur la signification et les enjeux du partage des<\/p>\n","protected":false},"author":163,"featured_media":0,"parent":0,"menu_order":0,"comment_status":"closed","ping_status":"closed","template":"","meta":{"_seopress_robots_primary_cat":"","_seopress_titles_title":"","_seopress_titles_desc":"","_seopress_robots_index":"","ngg_post_thumbnail":0,"footnotes":""},"class_list":["post-2351","page","type-page","status-publish"],"_links":{"self":[{"href":"https:\/\/wp.unil.ch\/journeerecherchessp\/wp-json\/wp\/v2\/pages\/2351","targetHints":{"allow":["GET"]}}],"collection":[{"href":"https:\/\/wp.unil.ch\/journeerecherchessp\/wp-json\/wp\/v2\/pages"}],"about":[{"href":"https:\/\/wp.unil.ch\/journeerecherchessp\/wp-json\/wp\/v2\/types\/page"}],"author":[{"embeddable":true,"href":"https:\/\/wp.unil.ch\/journeerecherchessp\/wp-json\/wp\/v2\/users\/163"}],"replies":[{"embeddable":true,"href":"https:\/\/wp.unil.ch\/journeerecherchessp\/wp-json\/wp\/v2\/comments?post=2351"}],"version-history":[{"count":4,"href":"https:\/\/wp.unil.ch\/journeerecherchessp\/wp-json\/wp\/v2\/pages\/2351\/revisions"}],"predecessor-version":[{"id":2376,"href":"https:\/\/wp.unil.ch\/journeerecherchessp\/wp-json\/wp\/v2\/pages\/2351\/revisions\/2376"}],"wp:attachment":[{"href":"https:\/\/wp.unil.ch\/journeerecherchessp\/wp-json\/wp\/v2\/media?parent=2351"}],"curies":[{"name":"wp","href":"https:\/\/api.w.org\/{rel}","templated":true}]}}