{"id":2251,"date":"2024-03-25T13:46:42","date_gmt":"2024-03-25T12:46:42","guid":{"rendered":"https:\/\/wp.unil.ch\/journeerecherchessp\/?page_id=2251"},"modified":"2024-03-26T14:11:40","modified_gmt":"2024-03-26T13:11:40","slug":"journee-2024","status":"publish","type":"page","link":"https:\/\/wp.unil.ch\/journeerecherchessp\/journee-2024\/","title":{"rendered":"Journ\u00e9e 2024"},"content":{"rendered":"\n<p><strong>La recherche face \u00e0 ses \u00e9checs<\/strong><\/p>\n\n\n\n<p>La Journ\u00e9e de la Recherche SSP 2024 a pour but de de partager nos exp\u00e9riences de chercheur\u00b7se\u00b7s et de recherche pour nourrir une r\u00e9flexion critique sur la notion d\u2019\u00e9chec. Elle pourra \u00eatre l\u2019occasion de d\u00e9construire l\u2019opposition entre la sanction de l\u2019\u00e9chec et l\u2019injonction du succ\u00e8s pour \u00eatre comp\u00e9titif et innover dans la recherche. Elle pourra souligner la distribution toujours asym\u00e9trique des \u00e9checs : pour qui, par qui, au b\u00e9n\u00e9fice ou au d\u00e9triment de qui ? Elle pourra nous rapprocher de la projection dans l\u2019avenir que porte tout \u00e9chec, face aux contingences, aux crises et \u00e0 la prise de risque en situation d\u2019incertitude. Elle pourra enfin nous transporter dans un imaginaire alternatif o\u00f9 l\u2019\u00e9chec serait la norme, d\u00e9pourvue de stigmates et d\u00e9mocratis\u00e9e comme processus visible et inh\u00e9rent de l\u2019activit\u00e9 scientifique.<\/p>\n\n\n\n<hr class=\"wp-block-separator has-alpha-channel-opacity is-style-wide\" \/>\n\n\n\n<h2 class=\"wp-block-heading\">Programme<\/h2>\n\n\n\n<p><a href=\"https:\/\/wp.unil.ch\/journeerecherchessp\/files\/2024\/02\/programme_2024_VF.pdf\">Voir le programme<\/a><\/p>\n\n\n\n<hr class=\"wp-block-separator has-alpha-channel-opacity is-style-wide\" \/>\n\n\n\n<h2 class=\"wp-block-heading\">Galerie<\/h2>\n\n\n\n<figure class=\"wp-block-gallery has-nested-images columns-default is-cropped wp-block-gallery-1 is-layout-flex wp-block-gallery-is-layout-flex\">\n<figure class=\"wp-block-image size-large\"><a href=\"https:\/\/wp.unil.ch\/journeerecherchessp\/files\/2024\/03\/DSC_0259-1.jpg\"><img alt=\"\" loading=\"lazy\" decoding=\"async\" width=\"680\" height=\"1024\" data-id=\"2183\" src=\"https:\/\/wp.unil.ch\/journeerecherchessp\/files\/2024\/03\/DSC_0259-1-680x1024.jpg\" alt=\"\" class=\"wp-image-2183\" srcset=\"https:\/\/wp.unil.ch\/journeerecherchessp\/files\/2024\/03\/DSC_0259-1-680x1024.jpg 680w, https:\/\/wp.unil.ch\/journeerecherchessp\/files\/2024\/03\/DSC_0259-1-199x300.jpg 199w, https:\/\/wp.unil.ch\/journeerecherchessp\/files\/2024\/03\/DSC_0259-1-768x1156.jpg 768w, https:\/\/wp.unil.ch\/journeerecherchessp\/files\/2024\/03\/DSC_0259-1.jpg 797w\" sizes=\"auto, (max-width: 680px) 100vw, 680px\" \/><\/a><\/figure>\n\n\n\n<figure class=\"wp-block-image size-large\"><a href=\"https:\/\/wp.unil.ch\/journeerecherchessp\/files\/2024\/03\/DSC_0272-1.jpg\"><img alt=\"\" loading=\"lazy\" decoding=\"async\" width=\"1024\" height=\"646\" data-id=\"2184\" src=\"https:\/\/wp.unil.ch\/journeerecherchessp\/files\/2024\/03\/DSC_0272-1-1024x646.jpg\" alt=\"\" class=\"wp-image-2184\" srcset=\"https:\/\/wp.unil.ch\/journeerecherchessp\/files\/2024\/03\/DSC_0272-1-1024x646.jpg 1024w, https:\/\/wp.unil.ch\/journeerecherchessp\/files\/2024\/03\/DSC_0272-1-300x189.jpg 300w, https:\/\/wp.unil.ch\/journeerecherchessp\/files\/2024\/03\/DSC_0272-1-768x484.jpg 768w, https:\/\/wp.unil.ch\/journeerecherchessp\/files\/2024\/03\/DSC_0272-1.jpg 1200w\" sizes=\"auto, (max-width: 1024px) 100vw, 1024px\" \/><\/a><\/figure>\n\n\n\n<figure class=\"wp-block-image size-large\"><a href=\"https:\/\/wp.unil.ch\/journeerecherchessp\/files\/2024\/03\/DSC_0276-1.jpg\"><img alt=\"\" loading=\"lazy\" decoding=\"async\" width=\"1024\" height=\"680\" data-id=\"2185\" src=\"https:\/\/wp.unil.ch\/journeerecherchessp\/files\/2024\/03\/DSC_0276-1-1024x680.jpg\" alt=\"\" class=\"wp-image-2185\" srcset=\"https:\/\/wp.unil.ch\/journeerecherchessp\/files\/2024\/03\/DSC_0276-1-1024x680.jpg 1024w, https:\/\/wp.unil.ch\/journeerecherchessp\/files\/2024\/03\/DSC_0276-1-300x199.jpg 300w, https:\/\/wp.unil.ch\/journeerecherchessp\/files\/2024\/03\/DSC_0276-1-768x510.jpg 768w, https:\/\/wp.unil.ch\/journeerecherchessp\/files\/2024\/03\/DSC_0276-1.jpg 1200w\" sizes=\"auto, (max-width: 1024px) 100vw, 1024px\" \/><\/a><\/figure>\n\n\n\n<figure class=\"wp-block-image size-large\"><a href=\"https:\/\/wp.unil.ch\/journeerecherchessp\/files\/2024\/03\/DSC_0278-1.jpg\"><img alt=\"\" loading=\"lazy\" decoding=\"async\" width=\"680\" height=\"1024\" data-id=\"2186\" src=\"https:\/\/wp.unil.ch\/journeerecherchessp\/files\/2024\/03\/DSC_0278-1-680x1024.jpg\" alt=\"\" class=\"wp-image-2186\" srcset=\"https:\/\/wp.unil.ch\/journeerecherchessp\/files\/2024\/03\/DSC_0278-1-680x1024.jpg 680w, https:\/\/wp.unil.ch\/journeerecherchessp\/files\/2024\/03\/DSC_0278-1-199x300.jpg 199w, https:\/\/wp.unil.ch\/journeerecherchessp\/files\/2024\/03\/DSC_0278-1-768x1156.jpg 768w, https:\/\/wp.unil.ch\/journeerecherchessp\/files\/2024\/03\/DSC_0278-1.jpg 797w\" sizes=\"auto, (max-width: 680px) 100vw, 680px\" \/><\/a><\/figure>\n\n\n\n<figure class=\"wp-block-image size-large\"><a href=\"https:\/\/wp.unil.ch\/journeerecherchessp\/files\/2024\/03\/DSC_0285-1.jpg\"><img alt=\"\" loading=\"lazy\" decoding=\"async\" width=\"680\" height=\"1024\" data-id=\"2187\" src=\"https:\/\/wp.unil.ch\/journeerecherchessp\/files\/2024\/03\/DSC_0285-1-680x1024.jpg\" alt=\"\" class=\"wp-image-2187\" srcset=\"https:\/\/wp.unil.ch\/journeerecherchessp\/files\/2024\/03\/DSC_0285-1-680x1024.jpg 680w, https:\/\/wp.unil.ch\/journeerecherchessp\/files\/2024\/03\/DSC_0285-1-199x300.jpg 199w, https:\/\/wp.unil.ch\/journeerecherchessp\/files\/2024\/03\/DSC_0285-1-768x1156.jpg 768w, https:\/\/wp.unil.ch\/journeerecherchessp\/files\/2024\/03\/DSC_0285-1.jpg 797w\" sizes=\"auto, (max-width: 680px) 100vw, 680px\" \/><\/a><\/figure>\n\n\n\n<figure class=\"wp-block-image size-large\"><a href=\"https:\/\/wp.unil.ch\/journeerecherchessp\/files\/2024\/03\/DSC_0289-1.jpg\"><img alt=\"\" loading=\"lazy\" decoding=\"async\" width=\"680\" height=\"1024\" data-id=\"2188\" src=\"https:\/\/wp.unil.ch\/journeerecherchessp\/files\/2024\/03\/DSC_0289-1-680x1024.jpg\" alt=\"\" class=\"wp-image-2188\" srcset=\"https:\/\/wp.unil.ch\/journeerecherchessp\/files\/2024\/03\/DSC_0289-1-680x1024.jpg 680w, https:\/\/wp.unil.ch\/journeerecherchessp\/files\/2024\/03\/DSC_0289-1-199x300.jpg 199w, https:\/\/wp.unil.ch\/journeerecherchessp\/files\/2024\/03\/DSC_0289-1-768x1156.jpg 768w, https:\/\/wp.unil.ch\/journeerecherchessp\/files\/2024\/03\/DSC_0289-1.jpg 797w\" sizes=\"auto, (max-width: 680px) 100vw, 680px\" \/><\/a><\/figure>\n\n\n\n<figure class=\"wp-block-image size-large\"><a href=\"https:\/\/wp.unil.ch\/journeerecherchessp\/files\/2024\/03\/DSC_0296-1.jpg\"><img alt=\"\" loading=\"lazy\" decoding=\"async\" width=\"680\" height=\"1024\" data-id=\"2189\" src=\"https:\/\/wp.unil.ch\/journeerecherchessp\/files\/2024\/03\/DSC_0296-1-680x1024.jpg\" alt=\"\" class=\"wp-image-2189\" srcset=\"https:\/\/wp.unil.ch\/journeerecherchessp\/files\/2024\/03\/DSC_0296-1-680x1024.jpg 680w, https:\/\/wp.unil.ch\/journeerecherchessp\/files\/2024\/03\/DSC_0296-1-199x300.jpg 199w, https:\/\/wp.unil.ch\/journeerecherchessp\/files\/2024\/03\/DSC_0296-1-768x1156.jpg 768w, https:\/\/wp.unil.ch\/journeerecherchessp\/files\/2024\/03\/DSC_0296-1.jpg 797w\" sizes=\"auto, (max-width: 680px) 100vw, 680px\" \/><\/a><\/figure>\n\n\n\n<figure class=\"wp-block-image size-large\"><a href=\"https:\/\/wp.unil.ch\/journeerecherchessp\/files\/2024\/03\/DSC_0303-1.jpg\"><img alt=\"\" loading=\"lazy\" decoding=\"async\" width=\"680\" height=\"1024\" data-id=\"2190\" src=\"https:\/\/wp.unil.ch\/journeerecherchessp\/files\/2024\/03\/DSC_0303-1-680x1024.jpg\" alt=\"\" class=\"wp-image-2190\" srcset=\"https:\/\/wp.unil.ch\/journeerecherchessp\/files\/2024\/03\/DSC_0303-1-680x1024.jpg 680w, https:\/\/wp.unil.ch\/journeerecherchessp\/files\/2024\/03\/DSC_0303-1-199x300.jpg 199w, https:\/\/wp.unil.ch\/journeerecherchessp\/files\/2024\/03\/DSC_0303-1-768x1156.jpg 768w, https:\/\/wp.unil.ch\/journeerecherchessp\/files\/2024\/03\/DSC_0303-1.jpg 797w\" sizes=\"auto, (max-width: 680px) 100vw, 680px\" \/><\/a><\/figure>\n\n\n\n<figure class=\"wp-block-image size-large\"><a href=\"https:\/\/wp.unil.ch\/journeerecherchessp\/files\/2024\/03\/DSC_0305-1.jpg\"><img alt=\"\" loading=\"lazy\" decoding=\"async\" width=\"680\" height=\"1024\" data-id=\"2191\" src=\"https:\/\/wp.unil.ch\/journeerecherchessp\/files\/2024\/03\/DSC_0305-1-680x1024.jpg\" alt=\"\" class=\"wp-image-2191\" srcset=\"https:\/\/wp.unil.ch\/journeerecherchessp\/files\/2024\/03\/DSC_0305-1-680x1024.jpg 680w, https:\/\/wp.unil.ch\/journeerecherchessp\/files\/2024\/03\/DSC_0305-1-199x300.jpg 199w, https:\/\/wp.unil.ch\/journeerecherchessp\/files\/2024\/03\/DSC_0305-1-768x1156.jpg 768w, https:\/\/wp.unil.ch\/journeerecherchessp\/files\/2024\/03\/DSC_0305-1.jpg 797w\" sizes=\"auto, (max-width: 680px) 100vw, 680px\" \/><\/a><\/figure>\n\n\n\n<figure class=\"wp-block-image size-large\"><a href=\"https:\/\/wp.unil.ch\/journeerecherchessp\/files\/2024\/03\/DSC_0307-1.jpg\"><img alt=\"\" loading=\"lazy\" decoding=\"async\" width=\"680\" height=\"1024\" data-id=\"2192\" src=\"https:\/\/wp.unil.ch\/journeerecherchessp\/files\/2024\/03\/DSC_0307-1-680x1024.jpg\" alt=\"\" class=\"wp-image-2192\" srcset=\"https:\/\/wp.unil.ch\/journeerecherchessp\/files\/2024\/03\/DSC_0307-1-680x1024.jpg 680w, https:\/\/wp.unil.ch\/journeerecherchessp\/files\/2024\/03\/DSC_0307-1-199x300.jpg 199w, https:\/\/wp.unil.ch\/journeerecherchessp\/files\/2024\/03\/DSC_0307-1-768x1156.jpg 768w, https:\/\/wp.unil.ch\/journeerecherchessp\/files\/2024\/03\/DSC_0307-1.jpg 797w\" sizes=\"auto, (max-width: 680px) 100vw, 680px\" \/><\/a><\/figure>\n\n\n\n<figure class=\"wp-block-image size-large\"><a href=\"https:\/\/wp.unil.ch\/journeerecherchessp\/files\/2024\/03\/DSC_0308-1.jpg\"><img alt=\"\" loading=\"lazy\" decoding=\"async\" width=\"680\" height=\"1024\" data-id=\"2193\" src=\"https:\/\/wp.unil.ch\/journeerecherchessp\/files\/2024\/03\/DSC_0308-1-680x1024.jpg\" alt=\"\" class=\"wp-image-2193\" srcset=\"https:\/\/wp.unil.ch\/journeerecherchessp\/files\/2024\/03\/DSC_0308-1-680x1024.jpg 680w, https:\/\/wp.unil.ch\/journeerecherchessp\/files\/2024\/03\/DSC_0308-1-199x300.jpg 199w, https:\/\/wp.unil.ch\/journeerecherchessp\/files\/2024\/03\/DSC_0308-1-768x1156.jpg 768w, https:\/\/wp.unil.ch\/journeerecherchessp\/files\/2024\/03\/DSC_0308-1.jpg 797w\" sizes=\"auto, (max-width: 680px) 100vw, 680px\" \/><\/a><\/figure>\n\n\n\n<figure class=\"wp-block-image size-large\"><a href=\"https:\/\/wp.unil.ch\/journeerecherchessp\/files\/2024\/03\/DSC_0322-1.jpg\"><img alt=\"\" loading=\"lazy\" decoding=\"async\" width=\"680\" height=\"1024\" data-id=\"2194\" src=\"https:\/\/wp.unil.ch\/journeerecherchessp\/files\/2024\/03\/DSC_0322-1-680x1024.jpg\" alt=\"\" class=\"wp-image-2194\" srcset=\"https:\/\/wp.unil.ch\/journeerecherchessp\/files\/2024\/03\/DSC_0322-1-680x1024.jpg 680w, https:\/\/wp.unil.ch\/journeerecherchessp\/files\/2024\/03\/DSC_0322-1-199x300.jpg 199w, https:\/\/wp.unil.ch\/journeerecherchessp\/files\/2024\/03\/DSC_0322-1-768x1156.jpg 768w, https:\/\/wp.unil.ch\/journeerecherchessp\/files\/2024\/03\/DSC_0322-1.jpg 797w\" sizes=\"auto, (max-width: 680px) 100vw, 680px\" \/><\/a><\/figure>\n\n\n\n<figure class=\"wp-block-image size-large\"><a href=\"https:\/\/wp.unil.ch\/journeerecherchessp\/files\/2024\/03\/DSC_0324-1.jpg\"><img alt=\"\" loading=\"lazy\" decoding=\"async\" width=\"680\" height=\"1024\" data-id=\"2195\" src=\"https:\/\/wp.unil.ch\/journeerecherchessp\/files\/2024\/03\/DSC_0324-1-680x1024.jpg\" alt=\"\" class=\"wp-image-2195\" srcset=\"https:\/\/wp.unil.ch\/journeerecherchessp\/files\/2024\/03\/DSC_0324-1-680x1024.jpg 680w, https:\/\/wp.unil.ch\/journeerecherchessp\/files\/2024\/03\/DSC_0324-1-199x300.jpg 199w, https:\/\/wp.unil.ch\/journeerecherchessp\/files\/2024\/03\/DSC_0324-1-768x1156.jpg 768w, https:\/\/wp.unil.ch\/journeerecherchessp\/files\/2024\/03\/DSC_0324-1.jpg 797w\" sizes=\"auto, (max-width: 680px) 100vw, 680px\" \/><\/a><\/figure>\n\n\n\n<figure class=\"wp-block-image size-large\"><a href=\"https:\/\/wp.unil.ch\/journeerecherchessp\/files\/2024\/03\/DSC_0331-1.jpg\"><img alt=\"\" loading=\"lazy\" decoding=\"async\" width=\"680\" height=\"1024\" data-id=\"2196\" src=\"https:\/\/wp.unil.ch\/journeerecherchessp\/files\/2024\/03\/DSC_0331-1-680x1024.jpg\" alt=\"\" class=\"wp-image-2196\" srcset=\"https:\/\/wp.unil.ch\/journeerecherchessp\/files\/2024\/03\/DSC_0331-1-680x1024.jpg 680w, https:\/\/wp.unil.ch\/journeerecherchessp\/files\/2024\/03\/DSC_0331-1-199x300.jpg 199w, https:\/\/wp.unil.ch\/journeerecherchessp\/files\/2024\/03\/DSC_0331-1-768x1156.jpg 768w, https:\/\/wp.unil.ch\/journeerecherchessp\/files\/2024\/03\/DSC_0331-1.jpg 797w\" sizes=\"auto, (max-width: 680px) 100vw, 680px\" \/><\/a><\/figure>\n\n\n\n<figure class=\"wp-block-image size-large\"><a href=\"https:\/\/wp.unil.ch\/journeerecherchessp\/files\/2024\/03\/DSC_0337-1.jpg\"><img alt=\"\" loading=\"lazy\" decoding=\"async\" width=\"680\" height=\"1024\" data-id=\"2197\" src=\"https:\/\/wp.unil.ch\/journeerecherchessp\/files\/2024\/03\/DSC_0337-1-680x1024.jpg\" alt=\"\" class=\"wp-image-2197\" srcset=\"https:\/\/wp.unil.ch\/journeerecherchessp\/files\/2024\/03\/DSC_0337-1-680x1024.jpg 680w, https:\/\/wp.unil.ch\/journeerecherchessp\/files\/2024\/03\/DSC_0337-1-199x300.jpg 199w, https:\/\/wp.unil.ch\/journeerecherchessp\/files\/2024\/03\/DSC_0337-1-768x1156.jpg 768w, https:\/\/wp.unil.ch\/journeerecherchessp\/files\/2024\/03\/DSC_0337-1.jpg 797w\" sizes=\"auto, (max-width: 680px) 100vw, 680px\" \/><\/a><\/figure>\n\n\n\n<figure class=\"wp-block-image size-large\"><a href=\"https:\/\/wp.unil.ch\/journeerecherchessp\/files\/2024\/03\/DSC_0340-1.jpg\"><img alt=\"\" loading=\"lazy\" decoding=\"async\" width=\"680\" height=\"1024\" data-id=\"2198\" src=\"https:\/\/wp.unil.ch\/journeerecherchessp\/files\/2024\/03\/DSC_0340-1-680x1024.jpg\" alt=\"\" class=\"wp-image-2198\" srcset=\"https:\/\/wp.unil.ch\/journeerecherchessp\/files\/2024\/03\/DSC_0340-1-680x1024.jpg 680w, https:\/\/wp.unil.ch\/journeerecherchessp\/files\/2024\/03\/DSC_0340-1-199x300.jpg 199w, https:\/\/wp.unil.ch\/journeerecherchessp\/files\/2024\/03\/DSC_0340-1-768x1156.jpg 768w, https:\/\/wp.unil.ch\/journeerecherchessp\/files\/2024\/03\/DSC_0340-1.jpg 797w\" sizes=\"auto, (max-width: 680px) 100vw, 680px\" \/><\/a><\/figure>\n\n\n\n<figure class=\"wp-block-image size-large\"><a href=\"https:\/\/wp.unil.ch\/journeerecherchessp\/files\/2024\/03\/DSC_0343-1.jpg\"><img alt=\"\" loading=\"lazy\" decoding=\"async\" width=\"680\" height=\"1024\" data-id=\"2199\" src=\"https:\/\/wp.unil.ch\/journeerecherchessp\/files\/2024\/03\/DSC_0343-1-680x1024.jpg\" alt=\"\" class=\"wp-image-2199\" srcset=\"https:\/\/wp.unil.ch\/journeerecherchessp\/files\/2024\/03\/DSC_0343-1-680x1024.jpg 680w, https:\/\/wp.unil.ch\/journeerecherchessp\/files\/2024\/03\/DSC_0343-1-199x300.jpg 199w, https:\/\/wp.unil.ch\/journeerecherchessp\/files\/2024\/03\/DSC_0343-1-768x1156.jpg 768w, https:\/\/wp.unil.ch\/journeerecherchessp\/files\/2024\/03\/DSC_0343-1.jpg 797w\" sizes=\"auto, (max-width: 680px) 100vw, 680px\" \/><\/a><\/figure>\n\n\n\n<figure class=\"wp-block-image size-large\"><a href=\"https:\/\/wp.unil.ch\/journeerecherchessp\/files\/2024\/03\/DSC_0350-1.jpg\"><img alt=\"\" loading=\"lazy\" decoding=\"async\" width=\"680\" height=\"1024\" data-id=\"2200\" src=\"https:\/\/wp.unil.ch\/journeerecherchessp\/files\/2024\/03\/DSC_0350-1-680x1024.jpg\" alt=\"\" class=\"wp-image-2200\" srcset=\"https:\/\/wp.unil.ch\/journeerecherchessp\/files\/2024\/03\/DSC_0350-1-680x1024.jpg 680w, https:\/\/wp.unil.ch\/journeerecherchessp\/files\/2024\/03\/DSC_0350-1-199x300.jpg 199w, https:\/\/wp.unil.ch\/journeerecherchessp\/files\/2024\/03\/DSC_0350-1-768x1156.jpg 768w, https:\/\/wp.unil.ch\/journeerecherchessp\/files\/2024\/03\/DSC_0350-1.jpg 797w\" sizes=\"auto, (max-width: 680px) 100vw, 680px\" \/><\/a><\/figure>\n\n\n\n<figure class=\"wp-block-image size-large\"><a href=\"https:\/\/wp.unil.ch\/journeerecherchessp\/files\/2024\/03\/DSC_0360-1.jpg\"><img alt=\"\" loading=\"lazy\" decoding=\"async\" width=\"680\" height=\"1024\" data-id=\"2201\" src=\"https:\/\/wp.unil.ch\/journeerecherchessp\/files\/2024\/03\/DSC_0360-1-680x1024.jpg\" alt=\"\" class=\"wp-image-2201\" srcset=\"https:\/\/wp.unil.ch\/journeerecherchessp\/files\/2024\/03\/DSC_0360-1-680x1024.jpg 680w, https:\/\/wp.unil.ch\/journeerecherchessp\/files\/2024\/03\/DSC_0360-1-199x300.jpg 199w, https:\/\/wp.unil.ch\/journeerecherchessp\/files\/2024\/03\/DSC_0360-1-768x1156.jpg 768w, https:\/\/wp.unil.ch\/journeerecherchessp\/files\/2024\/03\/DSC_0360-1.jpg 797w\" sizes=\"auto, (max-width: 680px) 100vw, 680px\" \/><\/a><\/figure>\n\n\n\n<figure class=\"wp-block-image size-large\"><a href=\"https:\/\/wp.unil.ch\/journeerecherchessp\/files\/2024\/03\/DSC_0373-1.jpg\"><img alt=\"\" loading=\"lazy\" decoding=\"async\" width=\"1024\" height=\"680\" data-id=\"2202\" src=\"https:\/\/wp.unil.ch\/journeerecherchessp\/files\/2024\/03\/DSC_0373-1-1024x680.jpg\" alt=\"\" class=\"wp-image-2202\" srcset=\"https:\/\/wp.unil.ch\/journeerecherchessp\/files\/2024\/03\/DSC_0373-1-1024x680.jpg 1024w, https:\/\/wp.unil.ch\/journeerecherchessp\/files\/2024\/03\/DSC_0373-1-300x199.jpg 300w, https:\/\/wp.unil.ch\/journeerecherchessp\/files\/2024\/03\/DSC_0373-1-768x510.jpg 768w, https:\/\/wp.unil.ch\/journeerecherchessp\/files\/2024\/03\/DSC_0373-1.jpg 1200w\" sizes=\"auto, (max-width: 1024px) 100vw, 1024px\" \/><\/a><\/figure>\n\n\n\n<figure class=\"wp-block-image size-large\"><a href=\"https:\/\/wp.unil.ch\/journeerecherchessp\/files\/2024\/03\/DSC_0382-1.jpg\"><img alt=\"\" loading=\"lazy\" decoding=\"async\" width=\"680\" height=\"1024\" data-id=\"2203\" src=\"https:\/\/wp.unil.ch\/journeerecherchessp\/files\/2024\/03\/DSC_0382-1-680x1024.jpg\" alt=\"\" class=\"wp-image-2203\" srcset=\"https:\/\/wp.unil.ch\/journeerecherchessp\/files\/2024\/03\/DSC_0382-1-680x1024.jpg 680w, https:\/\/wp.unil.ch\/journeerecherchessp\/files\/2024\/03\/DSC_0382-1-199x300.jpg 199w, https:\/\/wp.unil.ch\/journeerecherchessp\/files\/2024\/03\/DSC_0382-1-768x1156.jpg 768w, https:\/\/wp.unil.ch\/journeerecherchessp\/files\/2024\/03\/DSC_0382-1.jpg 797w\" sizes=\"auto, (max-width: 680px) 100vw, 680px\" \/><\/a><\/figure>\n\n\n\n<figure class=\"wp-block-image size-large\"><a href=\"https:\/\/wp.unil.ch\/journeerecherchessp\/files\/2024\/03\/DSC_0383-1.jpg\"><img alt=\"\" loading=\"lazy\" decoding=\"async\" width=\"680\" height=\"1024\" data-id=\"2204\" src=\"https:\/\/wp.unil.ch\/journeerecherchessp\/files\/2024\/03\/DSC_0383-1-680x1024.jpg\" alt=\"\" class=\"wp-image-2204\" srcset=\"https:\/\/wp.unil.ch\/journeerecherchessp\/files\/2024\/03\/DSC_0383-1-680x1024.jpg 680w, https:\/\/wp.unil.ch\/journeerecherchessp\/files\/2024\/03\/DSC_0383-1-199x300.jpg 199w, https:\/\/wp.unil.ch\/journeerecherchessp\/files\/2024\/03\/DSC_0383-1-768x1156.jpg 768w, https:\/\/wp.unil.ch\/journeerecherchessp\/files\/2024\/03\/DSC_0383-1.jpg 797w\" sizes=\"auto, (max-width: 680px) 100vw, 680px\" \/><\/a><\/figure>\n\n\n\n<figure class=\"wp-block-image size-large\"><a href=\"https:\/\/wp.unil.ch\/journeerecherchessp\/files\/2024\/03\/DSC_0384-1.jpg\"><img alt=\"\" loading=\"lazy\" decoding=\"async\" width=\"680\" height=\"1024\" data-id=\"2205\" src=\"https:\/\/wp.unil.ch\/journeerecherchessp\/files\/2024\/03\/DSC_0384-1-680x1024.jpg\" alt=\"\" class=\"wp-image-2205\" srcset=\"https:\/\/wp.unil.ch\/journeerecherchessp\/files\/2024\/03\/DSC_0384-1-680x1024.jpg 680w, https:\/\/wp.unil.ch\/journeerecherchessp\/files\/2024\/03\/DSC_0384-1-199x300.jpg 199w, https:\/\/wp.unil.ch\/journeerecherchessp\/files\/2024\/03\/DSC_0384-1-768x1156.jpg 768w, https:\/\/wp.unil.ch\/journeerecherchessp\/files\/2024\/03\/DSC_0384-1.jpg 797w\" sizes=\"auto, (max-width: 680px) 100vw, 680px\" \/><\/a><\/figure>\n\n\n\n<figure class=\"wp-block-image size-large\"><a href=\"https:\/\/wp.unil.ch\/journeerecherchessp\/files\/2024\/03\/DSC_0387-1.jpg\"><img alt=\"\" loading=\"lazy\" decoding=\"async\" width=\"680\" height=\"1024\" data-id=\"2206\" src=\"https:\/\/wp.unil.ch\/journeerecherchessp\/files\/2024\/03\/DSC_0387-1-680x1024.jpg\" alt=\"\" class=\"wp-image-2206\" srcset=\"https:\/\/wp.unil.ch\/journeerecherchessp\/files\/2024\/03\/DSC_0387-1-680x1024.jpg 680w, https:\/\/wp.unil.ch\/journeerecherchessp\/files\/2024\/03\/DSC_0387-1-199x300.jpg 199w, https:\/\/wp.unil.ch\/journeerecherchessp\/files\/2024\/03\/DSC_0387-1-768x1156.jpg 768w, https:\/\/wp.unil.ch\/journeerecherchessp\/files\/2024\/03\/DSC_0387-1.jpg 797w\" sizes=\"auto, (max-width: 680px) 100vw, 680px\" \/><\/a><\/figure>\n<\/figure>\n","protected":false},"excerpt":{"rendered":"<p>La recherche face \u00e0 ses \u00e9checs La Journ\u00e9e de la Recherche SSP 2024 a pour but de de partager nos exp\u00e9riences de chercheur\u00b7se\u00b7s et de recherche pour nourrir une r\u00e9flexion critique sur la notion d\u2019\u00e9chec. Elle pourra \u00eatre l\u2019occasion de<\/p>\n","protected":false},"author":1001160,"featured_media":0,"parent":0,"menu_order":0,"comment_status":"closed","ping_status":"closed","template":"","meta":{"_seopress_robots_primary_cat":"","_seopress_titles_title":"","_seopress_titles_desc":"","_seopress_robots_index":"","ngg_post_thumbnail":0,"footnotes":""},"class_list":["post-2251","page","type-page","status-publish"],"_links":{"self":[{"href":"https:\/\/wp.unil.ch\/journeerecherchessp\/wp-json\/wp\/v2\/pages\/2251","targetHints":{"allow":["GET"]}}],"collection":[{"href":"https:\/\/wp.unil.ch\/journeerecherchessp\/wp-json\/wp\/v2\/pages"}],"about":[{"href":"https:\/\/wp.unil.ch\/journeerecherchessp\/wp-json\/wp\/v2\/types\/page"}],"author":[{"embeddable":true,"href":"https:\/\/wp.unil.ch\/journeerecherchessp\/wp-json\/wp\/v2\/users\/1001160"}],"replies":[{"embeddable":true,"href":"https:\/\/wp.unil.ch\/journeerecherchessp\/wp-json\/wp\/v2\/comments?post=2251"}],"version-history":[{"count":4,"href":"https:\/\/wp.unil.ch\/journeerecherchessp\/wp-json\/wp\/v2\/pages\/2251\/revisions"}],"predecessor-version":[{"id":2262,"href":"https:\/\/wp.unil.ch\/journeerecherchessp\/wp-json\/wp\/v2\/pages\/2251\/revisions\/2262"}],"wp:attachment":[{"href":"https:\/\/wp.unil.ch\/journeerecherchessp\/wp-json\/wp\/v2\/media?parent=2251"}],"curies":[{"name":"wp","href":"https:\/\/api.w.org\/{rel}","templated":true}]}}