{"id":2075,"date":"2024-02-06T10:54:01","date_gmt":"2024-02-06T09:54:01","guid":{"rendered":"https:\/\/wp.unil.ch\/journeerecherchessp\/?page_id=2075"},"modified":"2025-03-11T08:34:08","modified_gmt":"2025-03-11T07:34:08","slug":"programme-2024","status":"publish","type":"page","link":"https:\/\/wp.unil.ch\/journeerecherchessp\/programme-2024\/","title":{"rendered":"Programme 2024"},"content":{"rendered":"\n<p>Dans la <strong>premi\u00e8re partie<\/strong>, intitul\u00e9e \u00ab <strong>Echec et cherche <\/strong>\u00bb, une dizaine de chercheur\u00b7e\u00b7s de tous horizons SSP poseront leurs regards sur la place que tiennent les revers dans la recherche, en revenant sur des actions qui ne r\u00e9pondent pas aux attentes, sur les al\u00e9as du montage d\u2019un projet, du rapport au terrain, de la valorisation de ses r\u00e9sultats et la mani\u00e8re d\u2019imaginer des alternatives \u00e0 ce qui pourrait \u00eatre per\u00e7u comme des \u00e9checs. <\/p>\n\n\n\n<p>La <strong>deuxi\u00e8me partie<\/strong>, intitul\u00e9e \u00ab <strong>Art et sport : Prises de risque et performance<\/strong> \u00bb, mettra l\u2019accent sur la mani\u00e8re dont la notion d\u2019\u00e9chec prend corps et est appr\u00e9hend\u00e9e dans le domaine des arts et du sport.<\/p>\n\n\n\n<div class=\"wp-block-columns is-layout-flex wp-container-core-columns-is-layout-9d6595d7 wp-block-columns-is-layout-flex\">\n<div class=\"wp-block-column is-layout-flow wp-block-column-is-layout-flow\">\n<p class=\"has-text-color has-background has-link-color has-medium-font-size wp-elements-5aea4db70710533e744bb3afd9c608ef\" style=\"color:#eefc00;background-color:#6494dd\">PARTIE I : ECHEC ET CHERCHE<\/p>\n<\/div>\n<\/div>\n\n\n\n<p class=\"has-black-color has-text-color has-link-color has-medium-font-size wp-elements-3e2a735e0bfe3d5ec4f5f5d56fb408b9\"><em>13h00-15h30 &#8211; G\u00e9opolis 1612<\/em><br><\/p>\n\n\n\n<p class=\"has-text-color has-link-color wp-elements-6297b1518a07081f1cdede306fb964bb\" style=\"color:#3e78bf\"><strong>OUVERTURE <\/strong><\/p>\n\n\n\n<p><em><strong>Jean-Christophe Graz<\/strong>, Vice-doyen \u00e0 la recherche, D\u00e9canat SSP<\/em><\/p>\n\n\n\n<p class=\"has-text-color has-link-color wp-elements-a2a25855fb964d98a6cedd66ff8d188a\" style=\"color:#3e78bf\"><strong>INTERVENTIONS<\/strong><\/p>\n\n\n\n<p>Ethique et esth\u00e9tique de l\u2019\u00e9chec dans le jeu vid\u00e9o <br><em><strong>Guillaume Guenat<\/strong>, Collaborateur du GameLab UNIL-EPFL et doctorant \u00e0 l\u2019ISS, UNIL <br><strong>Fabi\u00e1n Ruz<\/strong>, Collaborateur du GameLab UNIL-EPFL et doctorant au Medialab, UNIGE <\/em><\/p>\n\n\n\n<p>Covid-19 &#8211; les obstacles pour la recherche scientifique <br><em><strong>Nadine Messerli-Bu\u0308rgy<\/strong>, Professeure de psychologie clinique de l\u2019enfant et de l\u2019adolescent, FADO, IP <\/em><\/p>\n\n\n\n<p>\u00c9chec, vous avez dit \u00e9chec ? <br><em><strong>Nicky Le Feuvre<\/strong>, Professeure de sociologie du travail, LACCUS, ISS <\/em><\/p>\n\n\n\n<p>L\u2019\u00e9chec et maths <br><em><strong>Sophie Lelorain<\/strong>, Professeure en psychologie quantitative de la sant\u00e9, PHASE, IP <\/em><\/p>\n\n\n\n<p>Mauvaises D\u00e9cisions de Carri\u00e8re <br><em><strong>Nimrod Levin<\/strong>, Premier assistant, CEPCO, IP<\/em><\/p>\n\n\n\n<p>Comment faire face aux \u00e9checs de la r\u00e9gulation <br><em><strong>Martino Maggetti<\/strong>, Professeur en science politique, LAGAPE, IEP <\/em><\/p>\n\n\n\n<p>La Science Ouverte favorise-t-elle la valorisation de l\u2019\u00e9chec ? <br><em><strong>Jo\u00ebl Billieux<\/strong>, Professeur de psychologie clinique, CARLA, IP <\/em><\/p>\n\n\n\n<p>Cinq ann\u00e9es, et un \u00e9chec assur\u00e9 ? <br><em><strong>Andr\u00e9 Oliveira Borges<\/strong>, Assistant dipl\u00f4m\u00e9, CePCO, IP <\/em><\/p>\n\n\n\n<p>Dialectique de l\u2019\u00e9chec <br><em><strong>Olivier Voirol<\/strong>, Ma\u00eetre d\u2019enseignement et de recherche, LACCUS, ISS <\/em><\/p>\n\n\n\n<p class=\"has-text-color has-link-color wp-elements-ba8da3f7538db47fc73e9ab32c9f19be\" style=\"color:#3e78bf\"><strong>MODERATION <\/strong><\/p>\n\n\n\n<p><em><strong>C\u00e9line Mavrot<\/strong>, Professeure assistante en gouvernance des syst\u00e8mes de sant\u00e9, STSLab, ISS<\/em><\/p>\n\n\n\n<div class=\"wp-block-columns is-layout-flex wp-container-core-columns-is-layout-9d6595d7 wp-block-columns-is-layout-flex\">\n<div class=\"wp-block-column is-layout-flow wp-block-column-is-layout-flow\">\n<p class=\"has-text-color has-background has-link-color has-medium-font-size wp-elements-9f81e71aa0a9bde5ec761ccd864d5373\" style=\"color:#eefc00;background-color:#6494dd\">PARTIE II : ART ET SPORT &#8211; PRISES DE RISQUE ET PERFORMANCE<\/p>\n<\/div>\n<\/div>\n\n\n\n<p class=\"has-black-color has-text-color has-link-color has-medium-font-size wp-elements-a41632b89367b860ac0097453ad32eb1\"><em>16h00-18h00 &#8211; B\u00e2timent Vortex, au Coffee&amp; Food<\/em><\/p>\n\n\n\n<p class=\"has-text-color has-link-color wp-elements-6297b1518a07081f1cdede306fb964bb\" style=\"color:#3e78bf\"><strong>OUVERTURE <\/strong><\/p>\n\n\n\n<p><em><strong>Jean-Christophe Graz<\/strong>, Vice-doyen \u00e0 la recherche, D\u00e9canat SSP<\/em><\/p>\n\n\n\n<p class=\"has-text-color has-link-color wp-elements-a2a25855fb964d98a6cedd66ff8d188a\" style=\"color:#3e78bf\"><strong>INTERVENTIONS<\/strong><\/p>\n\n\n\n<p>Echec et prise de risque au prisme du sport et de la politique <br><em><strong>S\u00e9bastien Cala<\/strong>, Doctorant \u00e0 l\u2019ISSUL, D\u00e9put\u00e9, Vice-Pr\u00e9sident Sport Vaud<\/em><\/p>\n\n\n\n<p>Apr\u00e8s l\u2019\u00e9chec scientifique et politique : Vers un dialogue sur l\u2019inclusion des athl\u00e8tes transgenres et intersexes dans le sport f\u00e9minin <br><em><strong>Madeleine Pape<\/strong>, Ma\u00eetre Assistante FNS Ambizione, ISS et Gender Equality and Inclusion Specialist, International Olympic Committee<\/em><\/p>\n\n\n\n<p>Au-del\u00e0 de l\u2019\u00e9chec : une \u00e9volution psychologique positive face \u00e0 l\u2019adversit\u00e9  <br><strong><em>Roberta <\/em><\/strong><em><strong>Antonini Philippe<\/strong>, MER Psychologie du sport \u00e0 l\u2019ISSUL<\/em><\/p>\n\n\n\n<p>La gouvernance : exp\u00e9rience dans les secteurs du sport et de la culture <br><em><strong>Giancarlo Sergi<\/strong>, Pr\u00e9sident de Swiss Basketball, Membre du Conseil d\u2019administration de FIBA Europe et Directeur g\u00e9n\u00e9ral du Ballet B\u00e9jart Lausanne<\/em><\/p>\n\n\n\n<p class=\"has-text-color has-link-color wp-elements-47266acc38148c9103944b21ca2895b6\" style=\"color:#3e78bf\"><strong>MODERATION<\/strong> <\/p>\n\n\n\n<p><em><strong>Thomas David<\/strong>, Professeur d\u2019histoire internationale, OBELIS, IEP<\/em><\/p>\n\n\n\n<div class=\"wp-block-columns is-layout-flex wp-container-core-columns-is-layout-9d6595d7 wp-block-columns-is-layout-flex\">\n<div class=\"wp-block-column is-layout-flow wp-block-column-is-layout-flow\">\n<p class=\"has-text-color has-background has-link-color has-medium-font-size wp-elements-c3718d879e0b22d0cff4b46ad87a3563\" style=\"color:#eefc00;background-color:#6494dd\">APERITIF-D\u00ceNATOIRE<\/p>\n<\/div>\n<\/div>\n\n\n\n<p class=\"has-black-color has-text-color has-link-color has-medium-font-size wp-elements-045227427c55e5425ea41d754efe5db5\"><em>D\u00e8s 18h00 &#8211; Vortex, Le Perchoir<\/em><\/p>\n\n\n\n<p><\/p>\n","protected":false},"excerpt":{"rendered":"<p>Dans la premi\u00e8re partie, intitul\u00e9e \u00ab Echec et cherche \u00bb, une dizaine de chercheur\u00b7e\u00b7s de tous horizons SSP poseront leurs regards sur la place que tiennent les revers dans la recherche, en revenant sur des actions qui ne r\u00e9pondent pas<\/p>\n","protected":false},"author":163,"featured_media":0,"parent":0,"menu_order":0,"comment_status":"closed","ping_status":"closed","template":"","meta":{"_seopress_robots_primary_cat":"","_seopress_titles_title":"","_seopress_titles_desc":"","_seopress_robots_index":"","ngg_post_thumbnail":0,"footnotes":""},"class_list":["post-2075","page","type-page","status-publish"],"_links":{"self":[{"href":"https:\/\/wp.unil.ch\/journeerecherchessp\/wp-json\/wp\/v2\/pages\/2075","targetHints":{"allow":["GET"]}}],"collection":[{"href":"https:\/\/wp.unil.ch\/journeerecherchessp\/wp-json\/wp\/v2\/pages"}],"about":[{"href":"https:\/\/wp.unil.ch\/journeerecherchessp\/wp-json\/wp\/v2\/types\/page"}],"author":[{"embeddable":true,"href":"https:\/\/wp.unil.ch\/journeerecherchessp\/wp-json\/wp\/v2\/users\/163"}],"replies":[{"embeddable":true,"href":"https:\/\/wp.unil.ch\/journeerecherchessp\/wp-json\/wp\/v2\/comments?post=2075"}],"version-history":[{"count":5,"href":"https:\/\/wp.unil.ch\/journeerecherchessp\/wp-json\/wp\/v2\/pages\/2075\/revisions"}],"predecessor-version":[{"id":2295,"href":"https:\/\/wp.unil.ch\/journeerecherchessp\/wp-json\/wp\/v2\/pages\/2075\/revisions\/2295"}],"wp:attachment":[{"href":"https:\/\/wp.unil.ch\/journeerecherchessp\/wp-json\/wp\/v2\/media?parent=2075"}],"curies":[{"name":"wp","href":"https:\/\/api.w.org\/{rel}","templated":true}]}}