{"id":2033,"date":"2023-03-31T14:46:30","date_gmt":"2023-03-31T12:46:30","guid":{"rendered":"https:\/\/wp.unil.ch\/journeerecherchessp\/?page_id=2033"},"modified":"2024-03-26T14:10:33","modified_gmt":"2024-03-26T13:10:33","slug":"journee-2023","status":"publish","type":"page","link":"https:\/\/wp.unil.ch\/journeerecherchessp\/journee-2023\/","title":{"rendered":"Journ\u00e9e 2023"},"content":{"rendered":"\n<p><strong>Cr\u00e9ativit\u00e9 et cr\u00e9ation dans la recherche<\/strong><\/p>\n\n\n\n<p>Dans les imaginaires collectifs, la science peut souvent \u00eatre r\u00e9duite \u00e0 la rigueur de ses m\u00e9thodes et \u00e0 des analyses fastidieuses. Et pourtant, la recherche n\u2019est pas d\u00e9pourvue de curiosit\u00e9, d\u2019imagination, d\u2019\u00e9tonnement, de prise en compte de l\u2019inattendu, du plaisir de la d\u00e9couverte. En somme, de <em>cr\u00e9ativit\u00e9<\/em>. A des degr\u00e9s divers, celle-ci est au c\u0153ur de nos mani\u00e8res de \u00ab&nbsp;faire science&nbsp;\u00bb, de faire exister les objets de savoir, les ph\u00e9nom\u00e8nes, les id\u00e9es, les r\u00e9alit\u00e9s. Le potentiel cr\u00e9atif d\u00e9coule aussi souvent des collaborations fructueuses qui permettent de naviguer au travers des fronti\u00e8res disciplinaires, conceptuelles ou m\u00e9thodologiques. En ce sens, la cr\u00e9ativit\u00e9 dans la recherche fait figure de liant entre les cultures et les pratiques scientifiques.<\/p>\n\n\n\n<p>Au d\u00e9but d\u2019une \u00e9tude, lorsque vient le temps d\u2019\u00e9laborer un <em>questionnement<\/em>, le\u00b7la chercheur\u00b7e se lance dans l\u2019entreprise de proposer une mani\u00e8re originale et inexplor\u00e9e de (conce)voir le monde. Au moment d\u2019\u00e9laborer une <em>m\u00e9thodologie<\/em>, iel navigue entre la posture de l\u2019artisan et de l\u2019artiste, entre la maitrise rigoureuse des techniques d\u2019enqu\u00eates traditionnelles et l\u2019exploration de nouvelles mani\u00e8res de faire. Une recherche originale peut ainsi assembler des m\u00e9thodes disparates, ou en inventer de nouvelles, qui permettront de r\u00e9pondre de fa\u00e7on innovante aux questionnements. Par exemple, identifier et cr\u00e9er des corpus inattendus ou inexplor\u00e9s, r\u00e9colter les donn\u00e9es sur des supports originaux tels la photographie, le dessin, l\u2019audiovisuel, des dispositifs num\u00e9riques, etc., ou encore prendre en compte la corpor\u00e9it\u00e9, la sensibilit\u00e9 ou les \u00e9motions des chercheur\u00b7e\u00b7s et des participant\u00b7e\u00b7s, sont autant d\u2019actions cr\u00e9atives en sciences sociales et humaines. La cr\u00e9ativit\u00e9 peut aussi \u00eatre au rendez-vous quand vient le moment de valoriser les r\u00e9sultats par le partage aupr\u00e8s des personnes concern\u00e9es, des institutions, du grand public et cr\u00e9er par l\u00e0-m\u00eame le dialogue avec Cit\u00e9.<\/p>\n\n\n\n<p>La Journ\u00e9e de la recherche SSP s\u2019annonce donc comme un beau moment de socialit\u00e9 tout \u00e0 la fois scientifique et artistique, acad\u00e9mique et culturel, riche en rencontres et d\u00e9couvertes.<\/p>\n\n\n\n<hr class=\"wp-block-separator has-alpha-channel-opacity is-style-wide\" \/>\n\n\n\n<h2 class=\"wp-block-heading\">Programme<\/h2>\n\n\n\n<p><a href=\"https:\/\/wp.unil.ch\/journeerecherchessp\/files\/2023\/02\/programme_VF_2023_vf.pdf\">Voir le programme<\/a><\/p>\n\n\n\n<hr class=\"wp-block-separator has-alpha-channel-opacity is-style-wide\" \/>\n\n\n\n<h2 class=\"wp-block-heading\">Pr\u00e9sentations<\/h2>\n\n\n\n<p><a href=\"https:\/\/wp.unil.ch\/journeerecherchessp\/files\/2023\/03\/Presentations_Journees_Recherche_SSP_2023-min.pdf\" data-type=\"attachment\" data-id=\"2040\">Voir les pr\u00e9sentations des recherches<\/a><\/p>\n\n\n\n<hr class=\"wp-block-separator has-alpha-channel-opacity is-style-wide\" \/>\n\n\n\n<h2 class=\"wp-block-heading\">Galerie<\/h2>\n\n\n\n<figure class=\"wp-block-gallery has-nested-images columns-default is-cropped wp-block-gallery-1 is-layout-flex wp-block-gallery-is-layout-flex\">\n<figure class=\"wp-block-image size-large\"><a href=\"https:\/\/wp.unil.ch\/journeerecherchessp\/files\/2024\/03\/IMG_6099.jpg\"><img alt=\"\" loading=\"lazy\" decoding=\"async\" width=\"1024\" height=\"768\" data-id=\"2207\" src=\"https:\/\/wp.unil.ch\/journeerecherchessp\/files\/2024\/03\/IMG_6099-1024x768.jpg\" alt=\"\" class=\"wp-image-2207\" srcset=\"https:\/\/wp.unil.ch\/journeerecherchessp\/files\/2024\/03\/IMG_6099-1024x768.jpg 1024w, https:\/\/wp.unil.ch\/journeerecherchessp\/files\/2024\/03\/IMG_6099-300x225.jpg 300w, https:\/\/wp.unil.ch\/journeerecherchessp\/files\/2024\/03\/IMG_6099-768x576.jpg 768w, https:\/\/wp.unil.ch\/journeerecherchessp\/files\/2024\/03\/IMG_6099.jpg 1200w\" sizes=\"auto, (max-width: 1024px) 100vw, 1024px\" \/><\/a><\/figure>\n\n\n\n<figure class=\"wp-block-image size-large\"><a href=\"https:\/\/wp.unil.ch\/journeerecherchessp\/files\/2024\/03\/IMG_6102.jpg\"><img alt=\"\" loading=\"lazy\" decoding=\"async\" width=\"1024\" height=\"768\" data-id=\"2208\" src=\"https:\/\/wp.unil.ch\/journeerecherchessp\/files\/2024\/03\/IMG_6102-1024x768.jpg\" alt=\"\" class=\"wp-image-2208\" srcset=\"https:\/\/wp.unil.ch\/journeerecherchessp\/files\/2024\/03\/IMG_6102-1024x768.jpg 1024w, https:\/\/wp.unil.ch\/journeerecherchessp\/files\/2024\/03\/IMG_6102-300x225.jpg 300w, https:\/\/wp.unil.ch\/journeerecherchessp\/files\/2024\/03\/IMG_6102-768x576.jpg 768w, https:\/\/wp.unil.ch\/journeerecherchessp\/files\/2024\/03\/IMG_6102.jpg 1200w\" sizes=\"auto, (max-width: 1024px) 100vw, 1024px\" \/><\/a><\/figure>\n\n\n\n<figure class=\"wp-block-image size-large\"><a href=\"https:\/\/wp.unil.ch\/journeerecherchessp\/files\/2024\/03\/IMG_6103.jpg\"><img alt=\"\" loading=\"lazy\" decoding=\"async\" width=\"1024\" height=\"768\" data-id=\"2209\" src=\"https:\/\/wp.unil.ch\/journeerecherchessp\/files\/2024\/03\/IMG_6103-1024x768.jpg\" alt=\"\" class=\"wp-image-2209\" srcset=\"https:\/\/wp.unil.ch\/journeerecherchessp\/files\/2024\/03\/IMG_6103-1024x768.jpg 1024w, https:\/\/wp.unil.ch\/journeerecherchessp\/files\/2024\/03\/IMG_6103-300x225.jpg 300w, https:\/\/wp.unil.ch\/journeerecherchessp\/files\/2024\/03\/IMG_6103-768x576.jpg 768w, https:\/\/wp.unil.ch\/journeerecherchessp\/files\/2024\/03\/IMG_6103.jpg 1200w\" sizes=\"auto, (max-width: 1024px) 100vw, 1024px\" \/><\/a><\/figure>\n\n\n\n<figure class=\"wp-block-image size-large\"><a href=\"https:\/\/wp.unil.ch\/journeerecherchessp\/files\/2024\/03\/IMG_6106.jpg\"><img alt=\"\" loading=\"lazy\" decoding=\"async\" width=\"1024\" height=\"768\" data-id=\"2210\" src=\"https:\/\/wp.unil.ch\/journeerecherchessp\/files\/2024\/03\/IMG_6106-1024x768.jpg\" alt=\"\" class=\"wp-image-2210\" srcset=\"https:\/\/wp.unil.ch\/journeerecherchessp\/files\/2024\/03\/IMG_6106-1024x768.jpg 1024w, https:\/\/wp.unil.ch\/journeerecherchessp\/files\/2024\/03\/IMG_6106-300x225.jpg 300w, https:\/\/wp.unil.ch\/journeerecherchessp\/files\/2024\/03\/IMG_6106-768x576.jpg 768w, https:\/\/wp.unil.ch\/journeerecherchessp\/files\/2024\/03\/IMG_6106.jpg 1200w\" sizes=\"auto, (max-width: 1024px) 100vw, 1024px\" \/><\/a><\/figure>\n\n\n\n<figure class=\"wp-block-image size-large\"><a href=\"https:\/\/wp.unil.ch\/journeerecherchessp\/files\/2024\/03\/IMG_6107.jpg\"><img alt=\"\" loading=\"lazy\" decoding=\"async\" width=\"768\" height=\"1024\" data-id=\"2211\" src=\"https:\/\/wp.unil.ch\/journeerecherchessp\/files\/2024\/03\/IMG_6107-768x1024.jpg\" alt=\"\" class=\"wp-image-2211\" srcset=\"https:\/\/wp.unil.ch\/journeerecherchessp\/files\/2024\/03\/IMG_6107-768x1024.jpg 768w, https:\/\/wp.unil.ch\/journeerecherchessp\/files\/2024\/03\/IMG_6107-225x300.jpg 225w, https:\/\/wp.unil.ch\/journeerecherchessp\/files\/2024\/03\/IMG_6107.jpg 900w\" sizes=\"auto, (max-width: 768px) 100vw, 768px\" \/><\/a><\/figure>\n\n\n\n<figure class=\"wp-block-image size-large\"><a href=\"https:\/\/wp.unil.ch\/journeerecherchessp\/files\/2024\/03\/IMG_6110.jpg\"><img alt=\"\" loading=\"lazy\" decoding=\"async\" width=\"768\" height=\"1024\" data-id=\"2212\" src=\"https:\/\/wp.unil.ch\/journeerecherchessp\/files\/2024\/03\/IMG_6110-768x1024.jpg\" alt=\"\" class=\"wp-image-2212\" srcset=\"https:\/\/wp.unil.ch\/journeerecherchessp\/files\/2024\/03\/IMG_6110-768x1024.jpg 768w, https:\/\/wp.unil.ch\/journeerecherchessp\/files\/2024\/03\/IMG_6110-225x300.jpg 225w, https:\/\/wp.unil.ch\/journeerecherchessp\/files\/2024\/03\/IMG_6110.jpg 900w\" sizes=\"auto, (max-width: 768px) 100vw, 768px\" \/><\/a><\/figure>\n\n\n\n<figure class=\"wp-block-image size-large\"><a href=\"https:\/\/wp.unil.ch\/journeerecherchessp\/files\/2024\/03\/IMG_6111.jpg\"><img alt=\"\" loading=\"lazy\" decoding=\"async\" width=\"768\" height=\"1024\" data-id=\"2213\" src=\"https:\/\/wp.unil.ch\/journeerecherchessp\/files\/2024\/03\/IMG_6111-768x1024.jpg\" alt=\"\" class=\"wp-image-2213\" srcset=\"https:\/\/wp.unil.ch\/journeerecherchessp\/files\/2024\/03\/IMG_6111-768x1024.jpg 768w, https:\/\/wp.unil.ch\/journeerecherchessp\/files\/2024\/03\/IMG_6111-225x300.jpg 225w, https:\/\/wp.unil.ch\/journeerecherchessp\/files\/2024\/03\/IMG_6111.jpg 900w\" sizes=\"auto, (max-width: 768px) 100vw, 768px\" \/><\/a><\/figure>\n\n\n\n<figure class=\"wp-block-image size-large\"><a href=\"https:\/\/wp.unil.ch\/journeerecherchessp\/files\/2024\/03\/IMG_6112-1.jpg\"><img alt=\"\" loading=\"lazy\" decoding=\"async\" width=\"768\" height=\"1024\" data-id=\"2214\" src=\"https:\/\/wp.unil.ch\/journeerecherchessp\/files\/2024\/03\/IMG_6112-1-768x1024.jpg\" alt=\"\" class=\"wp-image-2214\" srcset=\"https:\/\/wp.unil.ch\/journeerecherchessp\/files\/2024\/03\/IMG_6112-1-768x1024.jpg 768w, https:\/\/wp.unil.ch\/journeerecherchessp\/files\/2024\/03\/IMG_6112-1-225x300.jpg 225w, https:\/\/wp.unil.ch\/journeerecherchessp\/files\/2024\/03\/IMG_6112-1.jpg 900w\" sizes=\"auto, (max-width: 768px) 100vw, 768px\" \/><\/a><\/figure>\n\n\n\n<figure class=\"wp-block-image size-large\"><a href=\"https:\/\/wp.unil.ch\/journeerecherchessp\/files\/2024\/03\/IMG_6113.jpg\"><img alt=\"\" loading=\"lazy\" decoding=\"async\" width=\"768\" height=\"1024\" data-id=\"2215\" src=\"https:\/\/wp.unil.ch\/journeerecherchessp\/files\/2024\/03\/IMG_6113-768x1024.jpg\" alt=\"\" class=\"wp-image-2215\" srcset=\"https:\/\/wp.unil.ch\/journeerecherchessp\/files\/2024\/03\/IMG_6113-768x1024.jpg 768w, https:\/\/wp.unil.ch\/journeerecherchessp\/files\/2024\/03\/IMG_6113-225x300.jpg 225w, https:\/\/wp.unil.ch\/journeerecherchessp\/files\/2024\/03\/IMG_6113.jpg 900w\" sizes=\"auto, (max-width: 768px) 100vw, 768px\" \/><\/a><\/figure>\n\n\n\n<figure class=\"wp-block-image size-large\"><a href=\"https:\/\/wp.unil.ch\/journeerecherchessp\/files\/2024\/03\/IMG_6114.jpg\"><img alt=\"\" loading=\"lazy\" decoding=\"async\" width=\"768\" height=\"1024\" data-id=\"2216\" src=\"https:\/\/wp.unil.ch\/journeerecherchessp\/files\/2024\/03\/IMG_6114-768x1024.jpg\" alt=\"\" class=\"wp-image-2216\" srcset=\"https:\/\/wp.unil.ch\/journeerecherchessp\/files\/2024\/03\/IMG_6114-768x1024.jpg 768w, https:\/\/wp.unil.ch\/journeerecherchessp\/files\/2024\/03\/IMG_6114-225x300.jpg 225w, https:\/\/wp.unil.ch\/journeerecherchessp\/files\/2024\/03\/IMG_6114.jpg 900w\" sizes=\"auto, (max-width: 768px) 100vw, 768px\" \/><\/a><\/figure>\n\n\n\n<figure class=\"wp-block-image size-large\"><a href=\"https:\/\/wp.unil.ch\/journeerecherchessp\/files\/2024\/03\/IMG_6116.jpg\"><img alt=\"\" loading=\"lazy\" decoding=\"async\" width=\"768\" height=\"1024\" data-id=\"2217\" src=\"https:\/\/wp.unil.ch\/journeerecherchessp\/files\/2024\/03\/IMG_6116-768x1024.jpg\" alt=\"\" class=\"wp-image-2217\" srcset=\"https:\/\/wp.unil.ch\/journeerecherchessp\/files\/2024\/03\/IMG_6116-768x1024.jpg 768w, https:\/\/wp.unil.ch\/journeerecherchessp\/files\/2024\/03\/IMG_6116-225x300.jpg 225w, https:\/\/wp.unil.ch\/journeerecherchessp\/files\/2024\/03\/IMG_6116.jpg 900w\" sizes=\"auto, (max-width: 768px) 100vw, 768px\" \/><\/a><\/figure>\n\n\n\n<figure class=\"wp-block-image size-large\"><a href=\"https:\/\/wp.unil.ch\/journeerecherchessp\/files\/2024\/03\/IMG_6117.jpg\"><img alt=\"\" loading=\"lazy\" decoding=\"async\" width=\"768\" height=\"1024\" data-id=\"2218\" src=\"https:\/\/wp.unil.ch\/journeerecherchessp\/files\/2024\/03\/IMG_6117-768x1024.jpg\" alt=\"\" class=\"wp-image-2218\" srcset=\"https:\/\/wp.unil.ch\/journeerecherchessp\/files\/2024\/03\/IMG_6117-768x1024.jpg 768w, https:\/\/wp.unil.ch\/journeerecherchessp\/files\/2024\/03\/IMG_6117-225x300.jpg 225w, https:\/\/wp.unil.ch\/journeerecherchessp\/files\/2024\/03\/IMG_6117.jpg 900w\" sizes=\"auto, (max-width: 768px) 100vw, 768px\" \/><\/a><\/figure>\n\n\n\n<figure class=\"wp-block-image size-large\"><a href=\"https:\/\/wp.unil.ch\/journeerecherchessp\/files\/2024\/03\/IMG_6118.jpg\"><img alt=\"\" loading=\"lazy\" decoding=\"async\" width=\"768\" height=\"1024\" data-id=\"2219\" src=\"https:\/\/wp.unil.ch\/journeerecherchessp\/files\/2024\/03\/IMG_6118-768x1024.jpg\" alt=\"\" class=\"wp-image-2219\" srcset=\"https:\/\/wp.unil.ch\/journeerecherchessp\/files\/2024\/03\/IMG_6118-768x1024.jpg 768w, https:\/\/wp.unil.ch\/journeerecherchessp\/files\/2024\/03\/IMG_6118-225x300.jpg 225w, https:\/\/wp.unil.ch\/journeerecherchessp\/files\/2024\/03\/IMG_6118.jpg 900w\" sizes=\"auto, (max-width: 768px) 100vw, 768px\" \/><\/a><\/figure>\n\n\n\n<figure class=\"wp-block-image size-large\"><a href=\"https:\/\/wp.unil.ch\/journeerecherchessp\/files\/2024\/03\/IMG_6119.jpg\"><img alt=\"\" loading=\"lazy\" decoding=\"async\" width=\"768\" height=\"1024\" data-id=\"2220\" src=\"https:\/\/wp.unil.ch\/journeerecherchessp\/files\/2024\/03\/IMG_6119-768x1024.jpg\" alt=\"\" class=\"wp-image-2220\" srcset=\"https:\/\/wp.unil.ch\/journeerecherchessp\/files\/2024\/03\/IMG_6119-768x1024.jpg 768w, https:\/\/wp.unil.ch\/journeerecherchessp\/files\/2024\/03\/IMG_6119-225x300.jpg 225w, https:\/\/wp.unil.ch\/journeerecherchessp\/files\/2024\/03\/IMG_6119.jpg 900w\" sizes=\"auto, (max-width: 768px) 100vw, 768px\" \/><\/a><\/figure>\n\n\n\n<figure class=\"wp-block-image size-large\"><a href=\"https:\/\/wp.unil.ch\/journeerecherchessp\/files\/2024\/03\/IMG_6120.jpg\"><img alt=\"\" loading=\"lazy\" decoding=\"async\" width=\"768\" height=\"1024\" data-id=\"2221\" src=\"https:\/\/wp.unil.ch\/journeerecherchessp\/files\/2024\/03\/IMG_6120-768x1024.jpg\" alt=\"\" class=\"wp-image-2221\" srcset=\"https:\/\/wp.unil.ch\/journeerecherchessp\/files\/2024\/03\/IMG_6120-768x1024.jpg 768w, https:\/\/wp.unil.ch\/journeerecherchessp\/files\/2024\/03\/IMG_6120-225x300.jpg 225w, https:\/\/wp.unil.ch\/journeerecherchessp\/files\/2024\/03\/IMG_6120.jpg 900w\" sizes=\"auto, (max-width: 768px) 100vw, 768px\" \/><\/a><\/figure>\n\n\n\n<figure class=\"wp-block-image size-large\"><a href=\"https:\/\/wp.unil.ch\/journeerecherchessp\/files\/2024\/03\/IMG_6121.jpg\"><img alt=\"\" loading=\"lazy\" decoding=\"async\" width=\"1024\" height=\"768\" data-id=\"2222\" src=\"https:\/\/wp.unil.ch\/journeerecherchessp\/files\/2024\/03\/IMG_6121-1024x768.jpg\" alt=\"\" class=\"wp-image-2222\" srcset=\"https:\/\/wp.unil.ch\/journeerecherchessp\/files\/2024\/03\/IMG_6121-1024x768.jpg 1024w, https:\/\/wp.unil.ch\/journeerecherchessp\/files\/2024\/03\/IMG_6121-300x225.jpg 300w, https:\/\/wp.unil.ch\/journeerecherchessp\/files\/2024\/03\/IMG_6121-768x576.jpg 768w, https:\/\/wp.unil.ch\/journeerecherchessp\/files\/2024\/03\/IMG_6121.jpg 1200w\" sizes=\"auto, (max-width: 1024px) 100vw, 1024px\" \/><\/a><\/figure>\n\n\n\n<figure class=\"wp-block-image size-large\"><a href=\"https:\/\/wp.unil.ch\/journeerecherchessp\/files\/2024\/03\/IMG_6124.jpg\"><img alt=\"\" loading=\"lazy\" decoding=\"async\" width=\"768\" height=\"1024\" data-id=\"2223\" src=\"https:\/\/wp.unil.ch\/journeerecherchessp\/files\/2024\/03\/IMG_6124-768x1024.jpg\" alt=\"\" class=\"wp-image-2223\" srcset=\"https:\/\/wp.unil.ch\/journeerecherchessp\/files\/2024\/03\/IMG_6124-768x1024.jpg 768w, https:\/\/wp.unil.ch\/journeerecherchessp\/files\/2024\/03\/IMG_6124-225x300.jpg 225w, https:\/\/wp.unil.ch\/journeerecherchessp\/files\/2024\/03\/IMG_6124.jpg 900w\" sizes=\"auto, (max-width: 768px) 100vw, 768px\" \/><\/a><\/figure>\n\n\n\n<figure class=\"wp-block-image size-large\"><a href=\"https:\/\/wp.unil.ch\/journeerecherchessp\/files\/2024\/03\/IMG_6125.jpg\"><img alt=\"\" loading=\"lazy\" decoding=\"async\" width=\"768\" height=\"1024\" data-id=\"2224\" src=\"https:\/\/wp.unil.ch\/journeerecherchessp\/files\/2024\/03\/IMG_6125-768x1024.jpg\" alt=\"\" class=\"wp-image-2224\" srcset=\"https:\/\/wp.unil.ch\/journeerecherchessp\/files\/2024\/03\/IMG_6125-768x1024.jpg 768w, https:\/\/wp.unil.ch\/journeerecherchessp\/files\/2024\/03\/IMG_6125-225x300.jpg 225w, https:\/\/wp.unil.ch\/journeerecherchessp\/files\/2024\/03\/IMG_6125.jpg 900w\" sizes=\"auto, (max-width: 768px) 100vw, 768px\" \/><\/a><\/figure>\n\n\n\n<figure class=\"wp-block-image size-large\"><a href=\"https:\/\/wp.unil.ch\/journeerecherchessp\/files\/2024\/03\/IMG_6126.jpg\"><img alt=\"\" loading=\"lazy\" decoding=\"async\" width=\"1024\" height=\"768\" data-id=\"2225\" src=\"https:\/\/wp.unil.ch\/journeerecherchessp\/files\/2024\/03\/IMG_6126-1024x768.jpg\" alt=\"\" class=\"wp-image-2225\" srcset=\"https:\/\/wp.unil.ch\/journeerecherchessp\/files\/2024\/03\/IMG_6126-1024x768.jpg 1024w, https:\/\/wp.unil.ch\/journeerecherchessp\/files\/2024\/03\/IMG_6126-300x225.jpg 300w, https:\/\/wp.unil.ch\/journeerecherchessp\/files\/2024\/03\/IMG_6126-768x576.jpg 768w, https:\/\/wp.unil.ch\/journeerecherchessp\/files\/2024\/03\/IMG_6126.jpg 1200w\" sizes=\"auto, (max-width: 1024px) 100vw, 1024px\" \/><\/a><\/figure>\n<\/figure>\n","protected":false},"excerpt":{"rendered":"<p>Cr\u00e9ativit\u00e9 et cr\u00e9ation dans la recherche Dans les imaginaires collectifs, la science peut souvent \u00eatre r\u00e9duite \u00e0 la rigueur de ses m\u00e9thodes et \u00e0 des analyses fastidieuses. Et pourtant, la recherche n\u2019est pas d\u00e9pourvue de curiosit\u00e9, d\u2019imagination, d\u2019\u00e9tonnement, de prise<\/p>\n","protected":false},"author":1001160,"featured_media":0,"parent":0,"menu_order":0,"comment_status":"closed","ping_status":"closed","template":"","meta":{"_seopress_robots_primary_cat":"","_seopress_titles_title":"","_seopress_titles_desc":"","_seopress_robots_index":"","ngg_post_thumbnail":0,"footnotes":""},"class_list":["post-2033","page","type-page","status-publish"],"_links":{"self":[{"href":"https:\/\/wp.unil.ch\/journeerecherchessp\/wp-json\/wp\/v2\/pages\/2033","targetHints":{"allow":["GET"]}}],"collection":[{"href":"https:\/\/wp.unil.ch\/journeerecherchessp\/wp-json\/wp\/v2\/pages"}],"about":[{"href":"https:\/\/wp.unil.ch\/journeerecherchessp\/wp-json\/wp\/v2\/types\/page"}],"author":[{"embeddable":true,"href":"https:\/\/wp.unil.ch\/journeerecherchessp\/wp-json\/wp\/v2\/users\/1001160"}],"replies":[{"embeddable":true,"href":"https:\/\/wp.unil.ch\/journeerecherchessp\/wp-json\/wp\/v2\/comments?post=2033"}],"version-history":[{"count":4,"href":"https:\/\/wp.unil.ch\/journeerecherchessp\/wp-json\/wp\/v2\/pages\/2033\/revisions"}],"predecessor-version":[{"id":2261,"href":"https:\/\/wp.unil.ch\/journeerecherchessp\/wp-json\/wp\/v2\/pages\/2033\/revisions\/2261"}],"wp:attachment":[{"href":"https:\/\/wp.unil.ch\/journeerecherchessp\/wp-json\/wp\/v2\/media?parent=2033"}],"curies":[{"name":"wp","href":"https:\/\/api.w.org\/{rel}","templated":true}]}}