{"id":1930,"date":"2022-09-29T10:21:27","date_gmt":"2022-09-29T08:21:27","guid":{"rendered":"https:\/\/wp.unil.ch\/journeerecherchessp\/?page_id=1930"},"modified":"2025-01-28T10:23:28","modified_gmt":"2025-01-28T09:23:28","slug":"journee-2022","status":"publish","type":"page","link":"https:\/\/wp.unil.ch\/journeerecherchessp\/journee-2022\/","title":{"rendered":"Journ\u00e9e 2022"},"content":{"rendered":"\n<p><strong>Faire de la recherche en 2022: relais et red\u00e9ploiements<\/strong><\/p>\n\n\n\n<p>Depuis sa premi\u00e8re \u00e9dition en 2014, la Journ\u00e9e de la recherche a \u00e9t\u00e9 l\u2019occasion de faire conna\u00eetre les recherches men\u00e9es au sein de la Facult\u00e9 et d\u2019\u00e9changer sur des th\u00e8mes \u00e9mergents en lien avec la politique de la recherche, tels que les infrastructures de soutien \u00e0 la recherche, l\u2019essor du num\u00e9rique dans les sciences humaines et sociales, l\u2019internationalisation des carri\u00e8res acad\u00e9miques, ou la responsabilit\u00e9 des chercheur\u00b7se\u00b7s face aux enjeux \u00e9thiques et climatiques croissants.<\/p>\n\n\n\n<p>En 2022, la Journ\u00e9e de la recherche propose de r\u00e9fl\u00e9chir ensemble \u00e0 la pratique au quotidien des chercheuses et des chercheurs. Que signifie faire de la recherche en 2022 ? On pense bien s\u00fbr \u00e0 l\u2019impact que la pand\u00e9mie de Covid-19 a pu avoir sur les m\u00e9thodes de recherche et leur mise en \u0153uvre, mais aussi aux objets de recherche et aux conditions d\u2019\u00e9tude empirique que cette crise a pu r\u00e9v\u00e9ler. Au-del\u00e0 des bouleversements intervenus ces deux derni\u00e8res ann\u00e9es, il convient de souligner que les mani\u00e8res de faire de la recherche connaissent de profondes mutations depuis une dizaine d\u2019ann\u00e9es. Face aux exigences croissantes des bailleurs et des attentes citoyennes, la recherche scientifique est en effet de plus en plus formalis\u00e9e et encadr\u00e9e. On attend des chercheur\u00b7se\u00b7s qu\u2019ils soient \u00e0 la fois gestionnaires de donn\u00e9es et de ressources humaines, juristes, \u00e9thicien\u00b7ne\u00b7s, comptables, ou encore des expert\u00b7e\u00b7s num\u00e9riques. La Journ\u00e9e de la recherche 2022 propose de r\u00e9fl\u00e9chir \u00e0 ces changements d\u2019une part en se focalisant sur les relais existants ou manquants pour soutenir les chercheur\u00b7se\u00b7s face \u00e0 ces d\u00e9fis et, d\u2019autre part en \u00e9changeant sur les red\u00e9ploiements des pratiques dont t\u00e9moignent les travaux de recherche men\u00e9s actuellement au sein de la Facult\u00e9.<\/p>\n\n\n\n<hr class=\"wp-block-separator has-alpha-channel-opacity is-style-wide\" \/>\n\n\n\n<h1 class=\"wp-block-heading\">Programme 2022<\/h1>\n\n\n\n<p><strong>Jeudi 7 avril 2022<\/strong><\/p>\n\n\n\n<p><strong>14h15-15h15<\/strong> \u2013 G\u00e9opolis 1612<\/p>\n\n\n\n<p>Pr\u00e9sentation des services de soutien \u00e0 la recherche<br><em>Faire de la recherche en 2022: relais et services<\/em><\/p>\n\n\n\n<p><em>Intervenant\u00b7e\u00b7s:<\/em><\/p>\n\n\n\n<ul class=\"wp-block-list\">\n<li>Jean-Christophe Graz, Vice-doyen \u00e0 la recherche en SSP<\/li>\n\n\n\n<li>Estelle Doudet, Vice-rectrice Recherche Unil\u00a0<\/li>\n\n\n\n<li>Julian Randall, Chef du Service de la recherche<\/li>\n<\/ul>\n\n\n\n<p><strong>15h30-17h<\/strong> \u2013 G\u00e9opolis 2207, 2208, 2230 et 2238<\/p>\n\n\n\n<p>Pr\u00e9sentation des pratiques de recherche au sein des unit\u00e9s de recherche de la Facult\u00e9 des SSP<br><em>Faire de la recherche en 2022:&nbsp;red\u00e9ploiements<\/em><\/p>\n\n\n\n<p><strong>17h<\/strong> \u2013&nbsp;G\u00e9opolis<\/p>\n\n\n\n<p>Ap\u00e9ritif<\/p>\n\n\n\n<p><em>Sous r\u00e9serve des mesures sanitaires du moment<\/em><\/p>\n\n\n\n<hr class=\"wp-block-separator has-alpha-channel-opacity is-style-wide\" \/>\n\n\n\n<h2 class=\"wp-block-heading\">Pr\u00e9sentations<\/h2>\n\n\n\n<p><strong>Sciences sociales<\/strong><\/p>\n\n\n\n<p><a href=\"https:\/\/wp.unil.ch\/journeerecherchessp\/files\/2022\/09\/social_reveilhac-1.pdf\">Importance de la compl\u00e9mentarit\u00e9 des donn\u00e9es \u00e9manant des r\u00e9seaux sociaux et des enqu\u00eates d&rsquo;opinion pour la recherche en sciences sociales<\/a> (Maud Reveilhac)<\/p>\n\n\n\n<p><a href=\"https:\/\/wp.unil.ch\/journeerecherchessp\/files\/2022\/09\/social_robotrust.pdf\">Confinement vs. participation \u00e0 la r\u00e9colte et l&rsquo;analyse de donn\u00e9es. Le cas de Robotrust, Recherche sur le num\u00e9rique et la robotique dans l&rsquo;\u00e9ducation<\/a> (F. Fassa, M. Aud\u00e9tat, Ph. Sormani. G. Guenat, J. Bugman, B. Baumberger, K. Vanderlinden)<\/p>\n\n\n\n<p><a href=\"https:\/\/wp.unil.ch\/journeerecherchessp\/files\/2022\/09\/social_sts_lab.pdf\">The Development of Personalized Health in Switzerland: Social Sciences Perspectives (DoPHiS)<\/a> (Nolwenn B\u00fchler, Luca Chiapperino, Nils Graber, Florian Jaton)<\/p>\n\n\n\n<p><a href=\"https:\/\/wp.unil.ch\/journeerecherchessp\/files\/2022\/09\/social_ville_genre.pdf\" data-type=\"URL\" data-id=\"https:\/\/wp.unil.ch\/journeerecherchessp\/files\/2022\/09\/social_ville_genre.pdf\">Plateforme Interact 2022, \u00ab\u00a0Ville et genre\u00a0\u00bb, 3 projets ISS<\/a> (Sol\u00e8ne Froidevaux, Flora Plassard, Cl\u00e9olia Sabot, Fiona Friedli)<\/p>\n\n\n\n<p><strong>Science politique<\/strong><\/p>\n\n\n\n<p><a href=\"https:\/\/wp.unil.ch\/journeerecherchessp\/files\/2022\/09\/politique_crhim.pdf\">CRHIM: centre d&rsquo;histoire internationale et d&rsquo;\u00e9tudes politiques de la mondialisation<\/a> (Pierre Eichenberger)<\/p>\n\n\n\n<p><a href=\"https:\/\/wp.unil.ch\/journeerecherchessp\/files\/2022\/09\/politique_CWP.pdf\">Centre Walras Pareto d&rsquo;\u00e9tudes interdisciplinaires de la pens\u00e9e \u00e9conomique et politique<\/a><\/p>\n\n\n\n<p><a href=\"https:\/\/wp.unil.ch\/journeerecherchessp\/files\/2022\/09\/politique_philip_train.pdf\">Recherche empirique dans une p\u00e9riode de crise permanente<\/a> (Philipp Trein)<\/p>\n\n\n\n<p><strong>Psychologie<\/strong><\/p>\n\n\n\n<p><a href=\"https:\/\/wp.unil.ch\/journeerecherchessp\/files\/2022\/09\/psycho_livia-fr.pdf\">Enjeux \u00e9thiques (et adminsitratifs) pour un essai clinique testant une intervention psychologique par internet<\/a> (Anik Debrot, Valentino Pomini, Maya Kheyar)<\/p>\n\n\n\n<p><strong>Sciences du sport<\/strong><\/p>\n\n\n\n<p><a href=\"https:\/\/wp.unil.ch\/journeerecherchessp\/files\/2022\/09\/sport_issul.pdf\">Faire de la prosopographie des membres du CIO (1894-1972)<\/a> (Patrick Clastres, Florence Carpentier, Helena Klima)<\/p>\n\n\n\n<p><a href=\"https:\/\/wp.unil.ch\/journeerecherchessp\/files\/2022\/09\/sport_issul_2.pdf\" data-type=\"URL\" data-id=\"https:\/\/wp.unil.ch\/journeerecherchessp\/files\/2022\/09\/sport_issul_2.pdf\">D\u00e9velopper une recherche autour du jubil\u00e9 d&rsquo;une institution comme \u00ab\u00a0Jeunesse+Sport\u00a0\u00bb<\/a> (Gr\u00e9gory Quin)<\/p>\n\n\n\n<p><a href=\"https:\/\/wp.unil.ch\/journeerecherchessp\/files\/2022\/09\/sport_issul_3.pdf\">Impact du COVID dans <em>Premier League<\/em> anglais<\/a> (Markus Lang)<\/p>\n","protected":false},"excerpt":{"rendered":"<p>Faire de la recherche en 2022: relais et red\u00e9ploiements Depuis sa premi\u00e8re \u00e9dition en 2014, la Journ\u00e9e de la recherche a \u00e9t\u00e9 l\u2019occasion de faire conna\u00eetre les recherches men\u00e9es au sein de la Facult\u00e9 et d\u2019\u00e9changer sur des th\u00e8mes \u00e9mergents<\/p>\n","protected":false},"author":108,"featured_media":0,"parent":0,"menu_order":0,"comment_status":"closed","ping_status":"closed","template":"","meta":{"_seopress_robots_primary_cat":"","_seopress_titles_title":"","_seopress_titles_desc":"","_seopress_robots_index":"","ngg_post_thumbnail":0,"footnotes":""},"class_list":["post-1930","page","type-page","status-publish"],"_links":{"self":[{"href":"https:\/\/wp.unil.ch\/journeerecherchessp\/wp-json\/wp\/v2\/pages\/1930","targetHints":{"allow":["GET"]}}],"collection":[{"href":"https:\/\/wp.unil.ch\/journeerecherchessp\/wp-json\/wp\/v2\/pages"}],"about":[{"href":"https:\/\/wp.unil.ch\/journeerecherchessp\/wp-json\/wp\/v2\/types\/page"}],"author":[{"embeddable":true,"href":"https:\/\/wp.unil.ch\/journeerecherchessp\/wp-json\/wp\/v2\/users\/108"}],"replies":[{"embeddable":true,"href":"https:\/\/wp.unil.ch\/journeerecherchessp\/wp-json\/wp\/v2\/comments?post=1930"}],"version-history":[{"count":1,"href":"https:\/\/wp.unil.ch\/journeerecherchessp\/wp-json\/wp\/v2\/pages\/1930\/revisions"}],"predecessor-version":[{"id":2282,"href":"https:\/\/wp.unil.ch\/journeerecherchessp\/wp-json\/wp\/v2\/pages\/1930\/revisions\/2282"}],"wp:attachment":[{"href":"https:\/\/wp.unil.ch\/journeerecherchessp\/wp-json\/wp\/v2\/media?parent=1930"}],"curies":[{"name":"wp","href":"https:\/\/api.w.org\/{rel}","templated":true}]}}