{"id":1868,"date":"2021-08-10T08:05:59","date_gmt":"2021-08-10T06:05:59","guid":{"rendered":"https:\/\/wp.unil.ch\/journeerecherchessp\/?page_id=1868"},"modified":"2024-03-25T14:09:14","modified_gmt":"2024-03-25T13:09:14","slug":"journee-2021","status":"publish","type":"page","link":"https:\/\/wp.unil.ch\/journeerecherchessp\/journee-2021\/","title":{"rendered":"Journ\u00e9e 2021"},"content":{"rendered":"\n<p><strong>Durabilit\u00e9(s): perspectives plurielles (22 avril, en ligne) <\/strong> <\/p>\n\n\n\n<p>La durabilit\u00e9 constitue un enjeu de taille dans le monde d\u2019aujourd\u2019hui et est depuis longtemps l\u2019une des priorit\u00e9s de l\u2019Unil. La notion est complexe et recouvre des r\u00e9alit\u00e9s tr\u00e8s diverses. Elle peut ainsi \u00eatre abord\u00e9e selon des d\u00e9finitions et des approches tr\u00e8s vari\u00e9es \u2013 de la science politique \u00e0 la sociologie du sport, des sciences de l\u2019environnement \u00e0 la psychologie sociale.&nbsp;<\/p>\n\n\n\n<p>Pour cette raison, dans le cadre de la Journ\u00e9e de la recherche de notre Facult\u00e9, nous souhaitons questionner la notion de \u00ab durabilit\u00e9 \u00bb et mettre en lumi\u00e8re les perspectives plurielles qui y sont li\u00e9es. Les invit\u00e9\u00b7e\u00b7s pr\u00e9senteront bri\u00e8vement un aspect de leur recherche autour de la notion de \u00abdurabilit\u00e9\u00bb afin d\u2019ouvrir la discussion et les \u00e9changes avec le public. <\/p>\n\n\n\n<hr class=\"wp-block-separator has-alpha-channel-opacity is-style-wide\" \/>\n\n\n\n<h2 class=\"wp-block-heading\">Programme<\/h2>\n\n\n\n<figure class=\"wp-block-image size-large\"><a href=\"https:\/\/wp.unil.ch\/journeerecherchessp\/files\/2021\/03\/programme_web_VF2.jpg\"><img alt=\"\" loading=\"lazy\" decoding=\"async\" width=\"724\" height=\"1024\" src=\"https:\/\/wp.unil.ch\/journeerecherchessp\/files\/2021\/03\/programme_web_VF2-724x1024.jpg\" alt=\"\" class=\"wp-image-1833\" srcset=\"https:\/\/wp.unil.ch\/journeerecherchessp\/files\/2021\/03\/programme_web_VF2-724x1024.jpg 724w, https:\/\/wp.unil.ch\/journeerecherchessp\/files\/2021\/03\/programme_web_VF2-212x300.jpg 212w, https:\/\/wp.unil.ch\/journeerecherchessp\/files\/2021\/03\/programme_web_VF2-768x1087.jpg 768w, https:\/\/wp.unil.ch\/journeerecherchessp\/files\/2021\/03\/programme_web_VF2.jpg 848w\" sizes=\"auto, (max-width: 724px) 100vw, 724px\" \/><\/a><\/figure>\n","protected":false},"excerpt":{"rendered":"<p>Durabilit\u00e9(s): perspectives plurielles (22 avril, en ligne) La durabilit\u00e9 constitue un enjeu de taille dans le monde d\u2019aujourd\u2019hui et est depuis longtemps l\u2019une des priorit\u00e9s de l\u2019Unil. La notion est complexe et recouvre des r\u00e9alit\u00e9s tr\u00e8s diverses. Elle peut ainsi<\/p>\n","protected":false},"author":163,"featured_media":0,"parent":0,"menu_order":0,"comment_status":"closed","ping_status":"closed","template":"","meta":{"_seopress_robots_primary_cat":"","_seopress_titles_title":"","_seopress_titles_desc":"","_seopress_robots_index":"","ngg_post_thumbnail":0,"footnotes":""},"class_list":["post-1868","page","type-page","status-publish"],"_links":{"self":[{"href":"https:\/\/wp.unil.ch\/journeerecherchessp\/wp-json\/wp\/v2\/pages\/1868","targetHints":{"allow":["GET"]}}],"collection":[{"href":"https:\/\/wp.unil.ch\/journeerecherchessp\/wp-json\/wp\/v2\/pages"}],"about":[{"href":"https:\/\/wp.unil.ch\/journeerecherchessp\/wp-json\/wp\/v2\/types\/page"}],"author":[{"embeddable":true,"href":"https:\/\/wp.unil.ch\/journeerecherchessp\/wp-json\/wp\/v2\/users\/163"}],"replies":[{"embeddable":true,"href":"https:\/\/wp.unil.ch\/journeerecherchessp\/wp-json\/wp\/v2\/comments?post=1868"}],"version-history":[{"count":1,"href":"https:\/\/wp.unil.ch\/journeerecherchessp\/wp-json\/wp\/v2\/pages\/1868\/revisions"}],"predecessor-version":[{"id":2256,"href":"https:\/\/wp.unil.ch\/journeerecherchessp\/wp-json\/wp\/v2\/pages\/1868\/revisions\/2256"}],"wp:attachment":[{"href":"https:\/\/wp.unil.ch\/journeerecherchessp\/wp-json\/wp\/v2\/media?parent=1868"}],"curies":[{"name":"wp","href":"https:\/\/api.w.org\/{rel}","templated":true}]}}