{"id":1752,"date":"2019-09-04T11:56:52","date_gmt":"2019-09-04T09:56:52","guid":{"rendered":"http:\/\/wp.unil.ch\/journeerecherchessp\/?page_id=1752"},"modified":"2019-09-04T12:08:44","modified_gmt":"2019-09-04T10:08:44","slug":"journee-2019","status":"publish","type":"page","link":"https:\/\/wp.unil.ch\/journeerecherchessp\/journee-2019\/","title":{"rendered":"Journ\u00e9e 2019"},"content":{"rendered":"<p><strong>Les d\u00e9fis \u00e9thiques des sciences sociales et humaines (2 mai 2019)<br \/>\n<\/strong><\/p>\n<div>Suite \u00e0 l\u2019entr\u00e9e en vigueur en 2014 de la Loi f\u00e9d\u00e9rale relative \u00e0 la recherche sur l\u2019\u00eatre humain (LRH) ainsi qu\u2019aux exigences de certains bailleurs de fonds et d\u2019un nombre croissant de maisons d\u2019\u00e9dition, les recherches en sciences sociales et humaines sont de plus en plus soumises \u00e0 des dispositifs d\u2019\u00e9valuation \u00e9thique. Cela peut \u00eatre per\u00e7u comme un atout et un besoin, notamment par rapport \u00e0 la protection des chercheurs\/euses, \u00e0 l\u2019obtention de subsides, \u00e0 l\u2019acc\u00e8s au terrain et \u00e0 la diss\u00e9mination des r\u00e9sultats. Cela peut aussi \u00eatre vu comme une entrave \u00e0 la libert\u00e9 acad\u00e9mique et \u00e0 la pratique de recherche, qui se voit soumise \u00e0 des normes peu appropri\u00e9es et externes \u00e0 la discipline.<\/div>\n<div>&nbsp;<\/div>\n<div>Actuellement, bon nombre de projets en SSP impliquant des donn\u00e9es personnelles de sant\u00e9 sont d\u00e9j\u00e0 soumis pour approbation \u00e0 la Commission cantonale d\u2019\u00e9thique de la recherche sur l\u2019\u00eatre humain (CER-VD). En outre, une r\u00e9flexion est actuellement en cours \u00e0 l\u2019Unil afin de cr\u00e9er une commission interne statuant sur les dimensions \u00e9thiques des projets de recherche non m\u00e9dicaux. Cela am\u00e8ne \u00e0 interroger les bases th\u00e9oriques de l\u2019\u00e9valuation \u00e9thique. Quels sont les projets \u00e0 soumettre&nbsp;? Quelles normes \u00e9tablir pour les recherches en sciences humaines et sociales&nbsp;? Les principes propres au domaine biom\u00e9dical&nbsp;sont-ils applicables \u00e0 d\u2019autres disciplines ? Quelles sont les pratiques dans d\u2019autres universit\u00e9s&nbsp;?<\/div>\n<div>&nbsp;<\/div>\n<div>La Journ\u00e9e de la recherche 2019 de notre Facult\u00e9 veut mettre en exergue ces questions, en donnant la parole \u00e0 trois conf\u00e9renciers\/\u00e8res et en ouvrant ensuite la discussion. Elle se poursuit par une session de posters qui vise \u00e0 valoriser les nombreux travaux de recherche effectu\u00e9s dans le cadre des m\u00e9moires de Master en SSP. Cette ann\u00e9e, un concours a \u00e9galement \u00e9t\u00e9 mis en place primant les trois meilleurs posters.<\/div>\n<div>\n<hr>\n<\/div>\n<h2>Posters<\/h2>\n<p><strong>Sciences sociales<\/strong><\/p>\n<p><a href=\"https:\/\/wp.unil.ch\/journeerecherchessp\/files\/2019\/06\/ISS_LINES_SobrinoPiazza.pdf\">Split questionnaire design: can a question battery be split and still produce the same measurements? Evaluating context effects in the study of moral values<\/a> (Jimena Sobrino Piazza)<\/p>\n<p><a href=\"https:\/\/wp.unil.ch\/journeerecherchessp\/files\/2019\/06\/ISS_LINES_BERNER.pdf\">Les repr\u00e9sentations t\u00e9l\u00e9visuelles des personnes porteuses de trisomie 21<\/a> (Clara Berner)<\/p>\n<p><a href=\"https:\/\/wp.unil.ch\/journeerecherchessp\/files\/2019\/06\/ISS_CEG_Eve%CC%81quoz2.pdf\">Grammaire de l&rsquo;homophobie<\/a> (Yves Ev\u00e9quoz)<\/p>\n<p><a href=\"https:\/\/wp.unil.ch\/journeerecherchessp\/files\/2019\/06\/ISS_THEMA_BENAMOR_vf.pdf\">S\u2019adapter en toutes circonstances &#8211; Un ajustement \u00e9motionnel et collectif<\/a> (S\u00e9lim Ben Amor)<\/p>\n<p><a href=\"https:\/\/wp.unil.ch\/journeerecherchessp\/files\/2019\/06\/ISS_STSLab_Bouillet2.pdf\">La fabrique de l&rsquo;innovation &#8211; Etude d&rsquo;une controverse sur l&rsquo;octroi d&rsquo;un brevet<\/a> (Marguerite Bouillet)<\/p>\n<p><a href=\"https:\/\/wp.unil.ch\/journeerecherchessp\/files\/2019\/06\/ISS_Obsef_SABOT_f2.pdf\">Des repr\u00e9sentations enfantines: une perspective intersectionnelle en sociologie de l&rsquo;enfance<\/a> (Cl\u00e9olia Sabot)<\/p>\n<p><strong>Science politique<\/strong><\/p>\n<p><a href=\"https:\/\/wp.unil.ch\/journeerecherchessp\/files\/2019\/05\/CWP_IEPHI_Antoine_Michel.pdf\">Histoire politique de la dette publique vaudoise<\/a> (Antoine Michel)<\/p>\n<p><a href=\"https:\/\/wp.unil.ch\/journeerecherchessp\/files\/2019\/05\/iephi_crhim_c_parguel2.pdf\">Civil society&rsquo;s power in the fight against free trade agreements<\/a> (Camille Parguel)<\/p>\n<p><a href=\"https:\/\/wp.unil.ch\/journeerecherchessp\/files\/2019\/06\/IEPHI_GREC_dANSELME.pdf\">L\u2019identit\u00e9 nationale allemande \u00e0 l\u2019ombre du III\u00e8me Reich: une analyse statistique<\/a> (Candice d\u2019Anselme)<\/p>\n<p><a href=\"https:\/\/wp.unil.ch\/journeerecherchessp\/files\/2019\/06\/IEPHI_OVPR_Madeleine_Braulin.pdf\">Pour une analyse de l&rsquo;id\u00e9ologie politique des mouvements ethnor\u00e9gionalistes<\/a> (Madeleine Braulin)<\/p>\n<p><a href=\"https:\/\/wp.unil.ch\/journeerecherchessp\/files\/2019\/06\/IEPHI_CRHIM_Perticone2.pdf\">La financiarisation du microcr\u00e9dit solidaire en Suisse<\/a> (Yannick Perticone)<\/p>\n<p><a href=\"https:\/\/wp.unil.ch\/journeerecherchessp\/files\/2019\/06\/POSTER_CRAPUL2.pdf\">\u00ab\u00a0Cosmopolitaines\u00a0\u00bb Une semaine \u00e0 Marseille<\/a> (poster CRAPUL)<\/p>\n<p><a href=\"https:\/\/wp.unil.ch\/journeerecherchessp\/files\/2019\/06\/Poster_Ovpr-Obelis_light2.pdf\">Qui gouverne les villes suisses? Transformations urbaines et \u00e9lites politiques locales. Une \u00e9tude comparative entre quatre villes de Suisse (1946-2018)<\/a> (Poster OBELIS et OVPR)<\/p>\n<p><strong>Psychologie<\/strong><\/p>\n<p><a href=\"https:\/\/wp.unil.ch\/journeerecherchessp\/files\/2019\/06\/IP_Larpsydis_Louise_Charlotte_CONS.pdf\">La construction identitaire chez les jumeaux<\/a> (Louise-Charlotte Cons)<\/p>\n<p><a href=\"https:\/\/wp.unil.ch\/journeerecherchessp\/files\/2019\/06\/IP_Labcd_CANDY_Claudia-Campos_Ramos.pdf\">Ne d\u00e9courageons pas nos enfants d&rsquo;utiliser leurs doigts pour compter<\/a> (Claudia Campos Ramos)<\/p>\n<p><a href=\"https:\/\/wp.unil.ch\/journeerecherchessp\/files\/2019\/06\/IP_CEPCO_SEEMATTER.pdf\">La reconversion professionnelle : un ph\u00e9nom\u00e8ne prot\u00e9iforme<\/a> (Vivianne Seematter)<\/p>\n<p><a href=\"https:\/\/wp.unil.ch\/journeerecherchessp\/files\/2019\/06\/IP_CEPCO_Morend_Fernand.pdf\">L\u2019impact des valeurs de travail intrins\u00e8ques et extrins\u00e8ques sur la satisfaction de vie, professionnelle et de carri\u00e8re : une \u00e9tude longitudinale<\/a> (Fernand Morend)<\/p>\n<p><a href=\"https:\/\/wp.unil.ch\/journeerecherchessp\/files\/2019\/06\/IP_BEAM_VONBENTIVEGNI2.pdf\">What do the eyes tell us about our inhibition ability?<\/a> (Sophie von Bentivegni)<\/p>\n<p><a href=\"https:\/\/wp.unil.ch\/journeerecherchessp\/files\/2019\/06\/IP_UNILaPS_Rudmann2.pdf\">\u00ab\u00a0Personality Chameleon\u00a0\u00bb &#8211; Social clearsightedness of personality in situ<\/a> (Ocyna Rudmann)<\/p>\n<p><a href=\"https:\/\/wp.unil.ch\/journeerecherchessp\/files\/2019\/06\/IP_UNILaPS_KHeritier.pdf\">Etude exp\u00e9rimentale de l\u2019Omerta<\/a> (Livia Alerci, Giulia Gaggetti, Karel H\u00e9ritier)<\/p>\n<p><a href=\"https:\/\/wp.unil.ch\/journeerecherchessp\/files\/2019\/06\/IP_PHASE_PaponAnouk.pdf\">Les r\u00e9seaux sociaux au coeur de la communication hospitali\u00e8re \u00e0 l&rsquo;\u00e8re digitale: l&rsquo;un des d\u00e9fis majeurs des syst\u00e8mes de sant\u00e9 contemporains<\/a> (Anouk Papon)<\/p>\n<p><a href=\"https:\/\/wp.unil.ch\/journeerecherchessp\/files\/2019\/06\/IP_PHASE_LotfiYasmina2.pdf\">Quel v\u00e9cu psychosexuel pour des femmes ayant une mutilation sexuelle f\u00e9minine ?<\/a> (Yasmina Lotfi, Ang\u00e9lick Schweizer)<\/p>\n<p><a href=\"https:\/\/wp.unil.ch\/journeerecherchessp\/files\/2019\/06\/Poster_FADO.pdf\">Psychoactive substance use in adolescence: The role of coparenting and identity status<\/a> (poster FADO)<\/p>\n<p><strong>Sciences du sport<\/strong><\/p>\n<p><a href=\"https:\/\/wp.unil.ch\/journeerecherchessp\/files\/2019\/06\/ISSUL_REDs_Fre\u0301de\u0301ricLuisier2.pdf\">Is recovery optimized by using a cycle ergometer between ski-mountaineering sprints ?<\/a> (Fr\u00e9d\u00e9ric Luisier, Rapha!el Faiss)<\/p>\n<p><a href=\"https:\/\/wp.unil.ch\/journeerecherchessp\/files\/2019\/06\/ISSUL_PlateformeSport_Darbellay.pdf\">Monitoring de matchs et de situations d\u2019entrainement de jeunes footballeurs \u00e9lites : le Metabolic Power face \u00e0 l\u2019analyse traditionnelle de la performance<\/a> (Jonas Darbellay, C\u00e9sar Meylan, Davide Malatesta)<\/p>\n<p><a href=\"https:\/\/wp.unil.ch\/journeerecherchessp\/files\/2019\/06\/ISSUL_Plateforme-sport_ZWISSIG-Camille.pdf\">Influence of botulinum toxin Influence on preferred walking speed and gait endurance in chronic stroke patients<\/a> (C. Zwissig, C. Hennemann, E. Opsommer, D. Malatesta)<\/p>\n<p><a href=\"https:\/\/wp.unil.ch\/journeerecherchessp\/files\/2019\/06\/ISSUL_CEOGS_Clastres_GALLOIS.pdf\">Le r\u00f4le du CIO dans l&rsquo;histoire du comit\u00e9 olympique cubain<\/a> (Pr\u00e9sentation en panneau &#8211; Arthur Gallois)<\/p>\n<p><a href=\"https:\/\/wp.unil.ch\/journeerecherchessp\/files\/2019\/06\/ISSUL_CEOGS_BUYCK2.pdf\">M\u00e9moire en gestion du sport et des loisirs<\/a> (Yoann Buyck)<\/p>\n<hr>\n<h2>Vid\u00e9os<\/h2>\n<p><a href=\"https:\/\/wp.unil.ch\/journeerecherchessp\/videos-2019\">Visionnez la journ\u00e9e de la recherche 2019 ainsi que les vid\u00e9os des gagnant\u00b7e\u00b7s des meilleurs posters.<\/a><\/p>\n","protected":false},"excerpt":{"rendered":"<p>Les d\u00e9fis \u00e9thiques des sciences sociales et humaines (2 mai 2019) Suite \u00e0 l\u2019entr\u00e9e en vigueur en 2014 de la Loi f\u00e9d\u00e9rale relative \u00e0 la recherche sur l\u2019\u00eatre humain (LRH) ainsi qu\u2019aux exigences de certains bailleurs de fonds et d\u2019un<\/p>\n","protected":false},"author":163,"featured_media":0,"parent":0,"menu_order":0,"comment_status":"closed","ping_status":"closed","template":"","meta":{"_seopress_robots_primary_cat":"","_seopress_titles_title":"","_seopress_titles_desc":"","_seopress_robots_index":"","ngg_post_thumbnail":0,"footnotes":""},"class_list":["post-1752","page","type-page","status-publish"],"_links":{"self":[{"href":"https:\/\/wp.unil.ch\/journeerecherchessp\/wp-json\/wp\/v2\/pages\/1752","targetHints":{"allow":["GET"]}}],"collection":[{"href":"https:\/\/wp.unil.ch\/journeerecherchessp\/wp-json\/wp\/v2\/pages"}],"about":[{"href":"https:\/\/wp.unil.ch\/journeerecherchessp\/wp-json\/wp\/v2\/types\/page"}],"author":[{"embeddable":true,"href":"https:\/\/wp.unil.ch\/journeerecherchessp\/wp-json\/wp\/v2\/users\/163"}],"replies":[{"embeddable":true,"href":"https:\/\/wp.unil.ch\/journeerecherchessp\/wp-json\/wp\/v2\/comments?post=1752"}],"version-history":[{"count":0,"href":"https:\/\/wp.unil.ch\/journeerecherchessp\/wp-json\/wp\/v2\/pages\/1752\/revisions"}],"wp:attachment":[{"href":"https:\/\/wp.unil.ch\/journeerecherchessp\/wp-json\/wp\/v2\/media?parent=1752"}],"curies":[{"name":"wp","href":"https:\/\/api.w.org\/{rel}","templated":true}]}}