{"id":1319,"date":"2016-11-10T10:38:05","date_gmt":"2016-11-10T09:38:05","guid":{"rendered":"http:\/\/wp.unil.ch\/journeerecherchessp\/?page_id=1319"},"modified":"2019-06-13T11:16:02","modified_gmt":"2019-06-13T09:16:02","slug":"posters-2016","status":"publish","type":"page","link":"https:\/\/wp.unil.ch\/journeerecherchessp\/posters-2016\/","title":{"rendered":"Journ\u00e9e 2016"},"content":{"rendered":"<p>Prendre le temps d\u2019\u00e9changer avec vos coll\u00e8gues, qui partagent des int\u00e9r\u00eats de recherche similaires : voil\u00e0 ce que vous propose la Journ\u00e9e de la recherche. Afin d\u2019initier ces discussions, nous nous interrogerons en pr\u00e9ouverture sur les enjeux et l\u2019impact de la diffusion des projets de recherche sur les r\u00e9seaux sociaux. La journ\u00e9e se poursuivra autour des questions relatives \u00e0 l\u2019apprentissage, avec les pr\u00e9sentations de trois nouveaux Professeur\u00b7e\u00b7s de la Facult\u00e9. Vous pourrez \u00e9galement d\u00e9couvrir les parcours de th\u00e8ses et les perspectives de carri\u00e8res de trois docteur\u00b7e\u00b7s dont <span class=\"\">les travaux ont \u00e9t\u00e9 prim\u00e9s en 2015.<\/span><\/p>\n<hr>\n<h2>Posters<\/h2>\n<p><strong>Sciences sociales<\/strong><\/p>\n<p><a href=\"https:\/\/wp.unil.ch\/journeerecherchessp\/files\/2016\/11\/Rouzinov_JR_2016.pdf\">Test of missing data mechanisms. An alternative to the Little test based on regression<\/a> (Serguei Rouzinov)<\/p>\n<p><a href=\"https:\/\/wp.unil.ch\/journeerecherchessp\/files\/2016\/11\/SanchezTome_JR_2016.pdf\">Equivalence of Subjective Wellbeing Measures across Modes of Data Collection<\/a> (Rosa Sanchez Tome)<\/p>\n<p><strong>Science Politique<\/strong><\/p>\n<p><a href=\"https:\/\/wp.unil.ch\/journeerecherchessp\/files\/2016\/11\/Thetaz_JR_2016.pdf\">Comment une pratique ordinaire devient scandaleuse? Emergence et dynamique du scandale des fiches<\/a> (Fabien Th\u00e9taz)<\/p>\n<p><strong>Psychologie<\/strong><\/p>\n<p><a href=\"https:\/\/wp.unil.ch\/journeerecherchessp\/files\/2016\/11\/Laurent_JR_2016.pdf\">Les interpr\u00e8tes communautaires au carrefour des savoirs m\u00e9dicaux et des savoirs profanes<\/a>. (Mauranne Laurent)<\/p>\n<p><a href=\"https:\/\/wp.unil.ch\/journeerecherchessp\/files\/2016\/11\/Pereira_JR_2016.pdf\">The dynamic nature of interethnic attitudes in Bulgaria <\/a>(Adrienne Pereira, Eva G. T. Green &amp; Emilio Paolo Visintin)<\/p>\n<p><a href=\"https:\/\/wp.unil.ch\/journeerecherchessp\/files\/2016\/11\/Abessolo_JR_2016.pdf\">French Translation and Validation of the Protean and Boundaryless Career Attitudes Scales : Relationships to Proactive Personality and Career Satisfaction<\/a> (Marc Abessolo, Sarah Stauffer, Gregory Zecca, and J\u00e9r\u00f4me Rossier)<\/p>\n<p><strong>Sport<\/strong><\/p>\n<p><a href=\"https:\/\/wp.unil.ch\/journeerecherchessp\/files\/2016\/11\/Gesbert_JR_2016.pdf\">Team cognition in sport: a case study of forms of sharing used by a hignly interdependent soccer.<\/a> (Vincent Gerbert &amp; Denis Hauw)<\/p>\n<p><a href=\"https:\/\/wp.unil.ch\/journeerecherchessp\/files\/2016\/11\/Paccaud_JR_2016.pdf\">\u00c9tude socio-\u00adhistorique des syst\u00e8mes d\u2019\u00e9ligibilit\u00e9 et de classification des joueur-e-\u00ads de Hockey en fauteuil \u00e9lectrique: du jeu au sport paralympique<\/a> (Laurent Paccaud)<\/p>\n<p><a href=\"https:\/\/wp.unil.ch\/journeerecherchessp\/files\/2016\/11\/Spring_JR_2016.pdf\">Acute exercise modulates EEG resting microstates<\/a> (J\u00e9r\u00f4me N. Spring, Miralena I. Tomescu, J\u00e9r\u00f4me Barral)<\/p>\n<p><a href=\"https:\/\/wp.unil.ch\/journeerecherchessp\/files\/2016\/11\/TONNERRE_JR_2016.pdf\">Diplomatie, neutralit\u00e9 et sport en Suisse (1936-1981)<\/a> (Quentin Tonnerre)<\/p>\n","protected":false},"excerpt":{"rendered":"<p>Prendre le temps d\u2019\u00e9changer avec vos coll\u00e8gues, qui partagent des int\u00e9r\u00eats de recherche similaires : voil\u00e0 ce que vous propose la Journ\u00e9e de la recherche. Afin d\u2019initier ces discussions, nous nous interrogerons en pr\u00e9ouverture sur les enjeux et l\u2019impact de<\/p>\n","protected":false},"author":163,"featured_media":0,"parent":0,"menu_order":0,"comment_status":"closed","ping_status":"closed","template":"","meta":{"_seopress_robots_primary_cat":"","_seopress_titles_title":"","_seopress_titles_desc":"","_seopress_robots_index":"","ngg_post_thumbnail":0,"footnotes":""},"class_list":["post-1319","page","type-page","status-publish"],"_links":{"self":[{"href":"https:\/\/wp.unil.ch\/journeerecherchessp\/wp-json\/wp\/v2\/pages\/1319","targetHints":{"allow":["GET"]}}],"collection":[{"href":"https:\/\/wp.unil.ch\/journeerecherchessp\/wp-json\/wp\/v2\/pages"}],"about":[{"href":"https:\/\/wp.unil.ch\/journeerecherchessp\/wp-json\/wp\/v2\/types\/page"}],"author":[{"embeddable":true,"href":"https:\/\/wp.unil.ch\/journeerecherchessp\/wp-json\/wp\/v2\/users\/163"}],"replies":[{"embeddable":true,"href":"https:\/\/wp.unil.ch\/journeerecherchessp\/wp-json\/wp\/v2\/comments?post=1319"}],"version-history":[{"count":0,"href":"https:\/\/wp.unil.ch\/journeerecherchessp\/wp-json\/wp\/v2\/pages\/1319\/revisions"}],"wp:attachment":[{"href":"https:\/\/wp.unil.ch\/journeerecherchessp\/wp-json\/wp\/v2\/media?parent=1319"}],"curies":[{"name":"wp","href":"https:\/\/api.w.org\/{rel}","templated":true}]}}