{"id":1210,"date":"2016-07-05T08:36:20","date_gmt":"2016-07-05T06:36:20","guid":{"rendered":"http:\/\/wp.unil.ch\/journeerecherchessp\/?page_id=1210"},"modified":"2019-06-13T13:52:38","modified_gmt":"2019-06-13T11:52:38","slug":"programme","status":"publish","type":"page","link":"https:\/\/wp.unil.ch\/journeerecherchessp\/programme\/","title":{"rendered":"Journ\u00e9e 2017"},"content":{"rendered":"<p><strong>La recherche en sciences sociales et humaines \u00e0 l\u2019\u00e8re du num\u00e9rique<\/strong><\/p>\n<p><iframe loading=\"lazy\" title=\"La recherche en sciences sociales et humaines \u00e0 l&#039;\u00e8re du num\u00e9rique\" width=\"720\" height=\"405\" src=\"https:\/\/www.youtube.com\/embed\/dPC0itJSnpg?feature=oembed\" frameborder=\"0\" allow=\"accelerometer; autoplay; clipboard-write; encrypted-media; gyroscope; picture-in-picture; web-share\" allowfullscreen><\/iframe><\/p>\n<p>Cette journ\u00e9e de la recherche invite les chercheur\u00b7e\u00b7s \u00e0 interroger l\u2019essor du domaine du&nbsp;num\u00e9rique et ses cons\u00e9quences dans le cadre des sciences sociales et humaines, selon deux perspectives diff\u00e9rentes.<\/p>\n<p>A l\u2019heure actuelle, les technologies num\u00e9riques sont devenues \u00e0 la fois un objet d\u2019\u00e9tude pour les sciences humaines et sociales et des instruments susceptibles d\u2019\u00eatre utilis\u00e9s pour transformer nos m\u00e9thodes de recherche. Une premi\u00e8re table ronde questionne ainsi, sur un plan interfacultaire, les enjeux des \u00e9tudes num\u00e9riques.&nbsp;<\/p>\n<p>Par ailleurs, la technologie num\u00e9rique offre de nouvelles possibilit\u00e9s quant au stockage, au partage et \u00e0 la p\u00e9rennisation des donn\u00e9es. Cette r\u00e9flexion autour de l\u2019<em>Open Research Data<\/em>, en cours \u00e0 l\u2019UNIL et de plus en plus demand\u00e9e par les organismes de financement comme le FNS et l\u2019UE, touche \u00e0 des questions complexes telles que la d\u00e9finition des donn\u00e9es de recherche, la mise en place d\u2019infrastructures de gestion et de partage s\u00e9curis\u00e9es, la dimension \u00e9thique li\u00e9e au traitement des donn\u00e9es. Une deuxi\u00e8me table ronde aborde ces diff\u00e9rents aspects et se penche sur l\u2019outil du <em>Data Management Plan<\/em>.<\/p>\n<p>La s\u00e9ance de posters, qui suit les deux discussions, est l\u2019occasion de pr\u00e9senter toutes les unit\u00e9s de recherche de la Facult\u00e9 autour d\u2019un ap\u00e9ritif.<\/p>\n<hr>\n<h3 class=\"entry-title\">Les Posters<\/h3>\n<p><strong>Sciences sociales<\/strong><br \/>\n<a href=\"https:\/\/wp.unil.ch\/journeerecherchessp\/files\/2017\/11\/LINES.pdf\">Centre de recherche sur les parcours de vie et les in\u00e9galit\u00e9s<\/a><\/p>\n<p><a href=\"https:\/\/wp.unil.ch\/journeerecherchessp\/files\/2017\/11\/OBSEF.pdf\">Observatoire de l&rsquo;\u00e9ducation et de la formation<\/a><\/p>\n<p><a href=\"https:\/\/wp.unil.ch\/journeerecherchessp\/files\/2017\/11\/LACS.pdf\">Laboratoire d&rsquo;anthropologie culturelle et sociale<\/a><\/p>\n<p><a href=\"https:\/\/wp.unil.ch\/journeerecherchessp\/files\/2017\/11\/LACCUS_JR_2017.pdf\">Laboratoire capitalisme, culture et soci\u00e9t\u00e9s<\/a><\/p>\n<p><a href=\"https:\/\/wp.unil.ch\/journeerecherchessp\/files\/2017\/11\/PRN_LIVES__JR_2017.pdf\">P\u00f4le de recherche national LIVES<\/a><\/p>\n<p><a href=\"https:\/\/wp.unil.ch\/journeerecherchessp\/files\/2017\/11\/OBELIS_JR_2017.pdf\">Observatoire des \u00e9lites suisses<\/a><\/p>\n<p><a href=\"https:\/\/wp.unil.ch\/journeerecherchessp\/files\/2017\/11\/PlaGe_JR_2017.pdf\">Plateforme en \u00e9tudes genre<\/a><\/p>\n<p><a href=\"https:\/\/wp.unil.ch\/journeerecherchessp\/files\/2017\/11\/LaDHUL_JR_2017.pdf\">Laboratoire de cultures et humanit\u00e9s digitales de l&rsquo;Universit\u00e9 de Lausanne<\/a><\/p>\n<p><a href=\"https:\/\/wp.unil.ch\/journeerecherchessp\/files\/2017\/11\/Poster_STSLab_2017.pdf\">Laboratoire d\u2019\u00e9tude des sciences et des techniques<\/a><\/p>\n<p><strong>Science politique<\/strong><br \/>\n<a href=\"https:\/\/wp.unil.ch\/journeerecherchessp\/files\/2017\/11\/CHRIM_JR_2017.pdf\">Centre d\u2019histoire internationale et d\u2019\u00e9tudes politiques de la mondialisation<\/a><\/p>\n<p><a href=\"https:\/\/wp.unil.ch\/journeerecherchessp\/files\/2017\/11\/CWP_JR_2017_sieber.pdf\">Centre Walras Pareto d&rsquo;\u00e9tudes interdisciplinaires de la pens\u00e9e \u00e9conomique et politique<\/a><\/p>\n<p><a href=\"https:\/\/wp.unil.ch\/journeerecherchessp\/files\/2017\/11\/GREC_JR_2017.pdf\">Groupe de recherche sur les \u00e9lections et la citoyennet\u00e9 politique<\/a><\/p>\n<p><a href=\"https:\/\/wp.unil.ch\/journeerecherchessp\/files\/2017\/11\/M_Bennani_Chraibi_CRAPUL_JR_2017.pdf\">Centre de recherche sur l&rsquo;action politique<\/a><\/p>\n<p><a href=\"https:\/\/wp.unil.ch\/journeerecherchessp\/files\/2017\/11\/Ovpr_JRS_2017.pdf\">Observatoire de la vie politique r\u00e9gionale<\/a><\/p>\n<p><strong>Psychologie<\/strong><br \/>\n<a href=\"https:\/\/wp.unil.ch\/journeerecherchessp\/files\/2017\/11\/CARLA_JR_2017.pdf\">Laboratoire d&rsquo;\u00e9tude des processus de r\u00e9gulation cognitive et affective<\/a><\/p>\n<p><a href=\"https:\/\/wp.unil.ch\/journeerecherchessp\/files\/2017\/11\/FADO_JR_2017.pdf\">Centre de recherche sur la famille et le d\u00e9veloppement<\/a><\/p>\n<p><a href=\"https:\/\/wp.unil.ch\/journeerecherchessp\/files\/2017\/11\/LABCD.pdf\">Laboratoire du cerveau et du d\u00e9veloppement cognitif <\/a><\/p>\n<p><a href=\"https:\/\/wp.unil.ch\/journeerecherchessp\/files\/2017\/11\/CePCO_JR_2017.pdf\">Centre de recherche en psychologie du conseil et de l&rsquo;orientation<\/a><\/p>\n<p><a href=\"https:\/\/wp.unil.ch\/journeerecherchessp\/files\/2017\/11\/larpsydis_web.pdf\">Laboratoire de recherche en psychologie des dynamiques inter et intra-subjectives<\/a><\/p>\n<p><strong>Sciences du sport<\/strong><br \/>\n<a href=\"https:\/\/wp.unil.ch\/journeerecherchessp\/files\/2017\/11\/Chris-DonnellydeKayser-Place_JR_2017.pdf\">Neuromuscular adjustments after sprint interval exercise in hypoxia versus normoxia<\/a><\/p>\n<p><a href=\"https:\/\/wp.unil.ch\/journeerecherchessp\/files\/2017\/11\/CEOGS_JR_2017-3.pdf\">Centre d\u2019\u00e9tudes olympiques &amp; de la globalisation du sport<\/a><\/p>\n<p><a href=\"https:\/\/wp.unil.ch\/journeerecherchessp\/files\/2017\/11\/REDs-JR_2017.pdf\">Centre de recherche et d\u2019expertise des sciences anti-dopage<\/a><\/p>\n<p><a href=\"https:\/\/wp.unil.ch\/journeerecherchessp\/files\/2017\/11\/PlateformeSport_JR_2017.pdf\">Plateforme de recherche sur le sport<\/a><\/p>\n","protected":false},"excerpt":{"rendered":"<p>La recherche en sciences sociales et humaines \u00e0 l\u2019\u00e8re du num\u00e9rique Cette journ\u00e9e de la recherche invite les chercheur\u00b7e\u00b7s \u00e0 interroger l\u2019essor du domaine du&nbsp;num\u00e9rique et ses cons\u00e9quences dans le cadre des sciences sociales et humaines, selon deux perspectives diff\u00e9rentes.<\/p>\n","protected":false},"author":163,"featured_media":0,"parent":0,"menu_order":0,"comment_status":"closed","ping_status":"closed","template":"","meta":{"_seopress_robots_primary_cat":"","_seopress_titles_title":"","_seopress_titles_desc":"","_seopress_robots_index":"","ngg_post_thumbnail":0,"footnotes":""},"class_list":["post-1210","page","type-page","status-publish"],"_links":{"self":[{"href":"https:\/\/wp.unil.ch\/journeerecherchessp\/wp-json\/wp\/v2\/pages\/1210","targetHints":{"allow":["GET"]}}],"collection":[{"href":"https:\/\/wp.unil.ch\/journeerecherchessp\/wp-json\/wp\/v2\/pages"}],"about":[{"href":"https:\/\/wp.unil.ch\/journeerecherchessp\/wp-json\/wp\/v2\/types\/page"}],"author":[{"embeddable":true,"href":"https:\/\/wp.unil.ch\/journeerecherchessp\/wp-json\/wp\/v2\/users\/163"}],"replies":[{"embeddable":true,"href":"https:\/\/wp.unil.ch\/journeerecherchessp\/wp-json\/wp\/v2\/comments?post=1210"}],"version-history":[{"count":0,"href":"https:\/\/wp.unil.ch\/journeerecherchessp\/wp-json\/wp\/v2\/pages\/1210\/revisions"}],"wp:attachment":[{"href":"https:\/\/wp.unil.ch\/journeerecherchessp\/wp-json\/wp\/v2\/media?parent=1210"}],"curies":[{"name":"wp","href":"https:\/\/api.w.org\/{rel}","templated":true}]}}