{"id":1153,"date":"2015-08-11T09:06:14","date_gmt":"2015-08-11T07:06:14","guid":{"rendered":"http:\/\/wp.unil.ch\/journeerecherchessp\/?page_id=1153"},"modified":"2019-07-08T08:37:04","modified_gmt":"2019-07-08T06:37:04","slug":"posters-2014","status":"publish","type":"page","link":"https:\/\/wp.unil.ch\/journeerecherchessp\/posters-2014\/","title":{"rendered":"Journ\u00e9e 2014"},"content":{"rendered":"<p><strong>Recherche et ressources&nbsp;: supports et infrastructures<\/strong><\/p>\n<p>La journ\u00e9e de la recherche est traditionnellement un moment o\u00f9 on \u00e9change sur nos exp\u00e9riences,&nbsp; r\u00e9alisations voire frustrations de chercheurs\/euses. C&rsquo;est notamment le cas autour des posters pr\u00e9sent\u00e9s par les doctorant-e-s. Mais c&rsquo;est aussi un moment o\u00f9 l&rsquo;on peut r\u00e9fl\u00e9chir aux ressources qui peuvent nous faciliter la t\u00e2che. Bien s\u00fbr, le temps est sans doute la denr\u00e9e la plus rare mais la mani\u00e8re d&rsquo;en d\u00e9gager peut varier! C&rsquo;est pourquoi une discussion se fera autour des r\u00e9sultats d&rsquo;une enqu\u00eate r\u00e9alis\u00e9e dans notre facult\u00e9 sur les modalit\u00e9s les plus appropri\u00e9es pour appuyer les chercheurs\/euses dans leurs activit\u00e9s.<\/p>\n<p>\u00c0 de rares expressions pr\u00e8s, on ne fait pas de la recherche en solitaire mais en \u00e9changeant et en interagissant avec nos coll\u00e8gues. Autrement dit, on est int\u00e9gr\u00e9 dans des unit\u00e9s de recherche qui peuvent \u00eatre plus ou moins grandes et qui ont des vis\u00e9es ainsi que des besoins sp\u00e9cifiques. En particulier, certaines, les plates-formes, ont pour fonction d&rsquo;aller au-del\u00e0 des instituts, de la facult\u00e9, voire de l&rsquo;universit\u00e9. Une table ronde r\u00e9unira des repr\u00e9sentants des plates-formes de notre facult\u00e9. L&rsquo;enjeu n&rsquo;est pas tant de pr\u00e9senter les activit\u00e9s des uns et des autres mais plut\u00f4t de savoir comment structurer et soutenir une forme de recherche interdisciplinaire. Ce n&rsquo;est certainement pas l&rsquo;alpha et l&rsquo;om\u00e9ga de la recherche en SSP mais sans doute des formes d&rsquo;infrastructures qui peuvent organiser notre quotidien ainsi que le soutien \u00e0 la recherche.<\/p>\n<p><a href=\"https:\/\/wp.unil.ch\/journeerecherchessp\/files\/2019\/07\/2014_JR_progr.pdf\">Programme 2014<\/a><\/p>\n<hr>\n<h2>Posters<\/h2>\n<p><strong>Psychologie<\/strong><\/p>\n<p><a href=\"https:\/\/wp.unil.ch\/journeerecherchessp\/files\/2015\/08\/Abessolo_JR_2014.pdf\">Work values and career orientations:Communalities and impact on career paths<\/a> (Marc Abessolo)<\/p>\n<p><a href=\"https:\/\/wp.unil.ch\/journeerecherchessp\/files\/2015\/08\/Schrag_JR_2014.pdf\">Free will and determinism as a function of schizotypyand religiosity<\/a> (Yann Schrag)<\/p>\n<p><a href=\"https:\/\/wp.unil.ch\/journeerecherchessp\/files\/2015\/08\/Visintin_JR_14.pdf\">Support for multiculturalism in contemporary Bulgaria: The beneficial effects of national identity and minority presence<\/a> (Emilio Paolo Visintin)<\/p>\n<p><strong>Sociologie<\/strong><\/p>\n<p><a href=\"https:\/\/wp.unil.ch\/journeerecherchessp\/files\/2015\/08\/Meier_JR_2014_a.pdf\">Asking people to answer honestly on personality tests: A truly unbiased method to measure actual personality in faking studies?<\/a> (Emanuele Meier)<\/p>\n<p><a href=\"https:\/\/wp.unil.ch\/journeerecherchessp\/files\/2015\/08\/Meier_JR_2014_b.pdf\">Effets contextuels de la falsification sur un test de comp\u00e9tences professionnelles et personnelles<\/a> (Emanuele Meier)<\/p>\n<p><a href=\"https:\/\/wp.unil.ch\/journeerecherchessp\/files\/2015\/08\/SanchezTome_R_2014.pdf\">Mode Effects in Measures of Subjective Wellbeing<\/a> (Rosa Sanchez Tome)<\/p>\n<p><a href=\"https:\/\/wp.unil.ch\/journeerecherchessp\/files\/2015\/08\/Schulthess_JR_2014.pdf\">Arabic and Greek New Testament Manuscripts: Identities and Digital Cultures<\/a> (Sara Schulthess)<\/p>\n<p>&nbsp;<\/p>\n","protected":false},"excerpt":{"rendered":"<p>Recherche et ressources&nbsp;: supports et infrastructures La journ\u00e9e de la recherche est traditionnellement un moment o\u00f9 on \u00e9change sur nos exp\u00e9riences,&nbsp; r\u00e9alisations voire frustrations de chercheurs\/euses. C&rsquo;est notamment le cas autour des posters pr\u00e9sent\u00e9s par les doctorant-e-s. Mais c&rsquo;est aussi<\/p>\n","protected":false},"author":163,"featured_media":0,"parent":0,"menu_order":0,"comment_status":"closed","ping_status":"closed","template":"","meta":{"_seopress_robots_primary_cat":"","_seopress_titles_title":"","_seopress_titles_desc":"","_seopress_robots_index":"","ngg_post_thumbnail":0,"footnotes":""},"class_list":["post-1153","page","type-page","status-publish"],"_links":{"self":[{"href":"https:\/\/wp.unil.ch\/journeerecherchessp\/wp-json\/wp\/v2\/pages\/1153","targetHints":{"allow":["GET"]}}],"collection":[{"href":"https:\/\/wp.unil.ch\/journeerecherchessp\/wp-json\/wp\/v2\/pages"}],"about":[{"href":"https:\/\/wp.unil.ch\/journeerecherchessp\/wp-json\/wp\/v2\/types\/page"}],"author":[{"embeddable":true,"href":"https:\/\/wp.unil.ch\/journeerecherchessp\/wp-json\/wp\/v2\/users\/163"}],"replies":[{"embeddable":true,"href":"https:\/\/wp.unil.ch\/journeerecherchessp\/wp-json\/wp\/v2\/comments?post=1153"}],"version-history":[{"count":0,"href":"https:\/\/wp.unil.ch\/journeerecherchessp\/wp-json\/wp\/v2\/pages\/1153\/revisions"}],"wp:attachment":[{"href":"https:\/\/wp.unil.ch\/journeerecherchessp\/wp-json\/wp\/v2\/media?parent=1153"}],"curies":[{"name":"wp","href":"https:\/\/api.w.org\/{rel}","templated":true}]}}