{"id":6,"date":"2019-11-28T16:00:19","date_gmt":"2019-11-28T15:00:19","guid":{"rendered":"http:\/\/wp.unil.ch\/modele\/?page_id=6"},"modified":"2026-03-16T09:19:56","modified_gmt":"2026-03-16T08:19:56","slug":"home","status":"publish","type":"page","link":"https:\/\/wp.unil.ch\/journee-masters\/","title":{"rendered":"Journ\u00e9e des Masters 2026"},"content":{"rendered":"\n<section class=\"wp-block-uagb-columns uagb-columns__wrap uagb-columns__background-image uagb-columns__stack-tablet uagb-columns__valign- uagb-columns__gap-30 alignfull uagb-block-863946e0 uagb-columns__columns-1 uagb-columns__max_width-custom\"><div class=\"uagb-columns__overlay\"><\/div><div class=\"uagb-columns__inner-wrap uagb-columns__columns-1\">\n<div class=\"wp-block-uagb-column uagb-column__wrap uagb-column__background-undefined uagb-block-ad768aac\"><div class=\"uagb-column__overlay\"><\/div>\n<div style=\"height:0px\" aria-hidden=\"true\" class=\"wp-block-spacer\"><\/div>\n\n\n\n<p>La derni\u00e8re \u00e9dition de la Journ\u00e9e des Masters a eu lieu le <strong>3 mars 2026<\/strong> sur le campus de Dorigny.<\/p>\n\n\n\n<h3 class=\"wp-block-heading has-text-color has-link-color wp-elements-f7d094faa19418e03a10d7ef353ea833\" id=\"videos2026\" style=\"color:#ff6600\">Vid\u00e9os \u00e0 revoir<\/h3>\n\n\n\n<p>Les pr\u00e9sentations des Masters ci-dessous sont accessibles en vid\u00e9o. Merci d&rsquo;utiliser les navigateurs Chrome ou Firefox pour les visionner.<\/p>\n\n\n\n<ul class=\"wp-block-list\">\n<li><a href=\"https:\/\/www.youtube.com\/watch?v=zeZBPxRrbQw\">Masters de l&rsquo;Ecole de biologie<\/a>\n<ul class=\"wp-block-list\">\n<li>Comportement, \u00e9volution et conservation<\/li>\n\n\n\n<li>Biologie m\u00e9dicale<\/li>\n\n\n\n<li>Sciences mol\u00e9culaires du vivant<\/li>\n\n\n\n<li>Taphonomie humaine<\/li>\n<\/ul>\n<\/li>\n\n\n\n<li class=\"has-primary-color has-text-color has-link-color wp-elements-84872b21e0854d83255e1f7316617942\"><a href=\"https:\/\/www.youtube.com\/watch?v=Lci01DBj5Iw\">Masters de la Facult\u00e9 des g\u00e9osciences et environnement &#8211; sciences humaines<\/a>\n<ul class=\"wp-block-list\">\n<li>Etudes du tourisme<\/li>\n\n\n\n<li>G\u00e9ographie, environnement et am\u00e9nagement<\/li>\n\n\n\n<li>Durabilit\u00e9 et transformations socio-\u00e9cologiques<\/li>\n<\/ul>\n<\/li>\n\n\n\n<li><a href=\"https:\/\/www.youtube.com\/watch?v=1H7e1OnFROQ\">Masters de la Facult\u00e9 des g\u00e9osciences et environnement &#8211; sciences naturelles<\/a>\n<ul class=\"wp-block-list\">\n<li>Sciences de l&rsquo;environnement<\/li>\n\n\n\n<li>Sciences de la Terre<\/li>\n\n\n\n<li>Biog\u00e9osciences<\/li>\n<\/ul>\n<\/li>\n\n\n\n<li><a href=\"https:\/\/rec.unil.ch\/videos\/master-en-psychologie\/\">Master en psychologie<\/a><\/li>\n\n\n\n<li><a href=\"https:\/\/rec.unil.ch\/videos\/journee-des-masters-2026-science-politique\/\">Master en science politique<\/a><\/li>\n\n\n\n<li><a href=\"https:\/\/rec.unil.ch\/videos\/master-en-sciences-des-religions\/\">Master en sciences des religions<\/a><\/li>\n\n\n\n<li><a href=\"https:\/\/rec.unil.ch\/videos\/master-en-sciences-du-mouvement-et-du-sport\/\">Master en sciences du mouvement et du sport<\/a><\/li>\n\n\n\n<li><a href=\"https:\/\/rec.unil.ch\/videos\/master-en-sciences-sociales\/\">Master en sciences sociales<\/a><\/li>\n\n\n\n<li><a href=\"https:\/\/rec.unil.ch\/videos\/master-en-sciences-des-religions_987bgv51be\/\">Master en Th\u00e9ologie et programme pr\u00e9alable<\/a><\/li>\n\n\n\n<li><a href=\"https:\/\/www.youtube.com\/watch?v=6fqEL_tgd2Q\">Masters de la HEP-Vaud pr\u00e9parant \u00e0 l&rsquo;enseignement<\/a>\n<ul class=\"wp-block-list\">\n<li>Master\/Dipl\u00f4me d&rsquo;enseignement pour le degr\u00e9 secondaire I<\/li>\n\n\n\n<li>MAS\/Dipl\u00f4me d&rsquo;enseignement pour le degr\u00e9 secondaire II<\/li>\n\n\n\n<li>Master en enseignement sp\u00e9cialis\u00e9 (MAES)<\/li>\n\n\n\n<li>Master en \u00e9ducation pr\u00e9coce sp\u00e9cialis\u00e9e<\/li>\n<\/ul>\n<\/li>\n\n\n\n<li><a href=\"https:\/\/www.youtube.com\/watch?v=gQkpUXGvCg0\">Masters de la HEP-Vaud en didactique et sciences de l&rsquo;\u00e9ducation<\/a>\n<ul class=\"wp-block-list\">\n<li>Master en sciences et pratiques de l&rsquo;\u00e9ducation<\/li>\n\n\n\n<li>Master en didactique de l&rsquo;\u00e9ducation physique et du sport<\/li>\n<\/ul>\n<\/li>\n<\/ul>\n\n\n\n<p>D\u00e9couvrez aussi la palette compl\u00e8te des Masters de l&rsquo;UNIL:<\/p>\n\n\n\n<div class=\"wp-block-buttons is-layout-flex wp-block-buttons-is-layout-flex\">\n<div class=\"wp-block-button is-style-fill\"><a class=\"wp-block-button__link has-buttons-text-color has-buttons-background-background-color has-text-color has-background has-link-color wp-element-button\" href=\"https:\/\/www.unil.ch\/unil\/fr\/home\/menuinst\/etudier\/masters.html\">Tous les Masters de l&rsquo;UNIL<\/a><\/div>\n<\/div>\n<\/div>\n<\/div><\/section>\n","protected":false},"excerpt":{"rendered":"<p>La derni\u00e8re \u00e9dition de la Journ\u00e9e des Masters a eu lieu le 3 mars 2026 sur le campus de Dorigny. Vid\u00e9os \u00e0 revoir Les pr\u00e9sentations des Masters ci-dessous&hellip;<\/p>\n","protected":false},"author":108,"featured_media":3269,"parent":0,"menu_order":0,"comment_status":"closed","ping_status":"closed","template":"template-full-width-cover.php","meta":{"_seopress_robots_primary_cat":"","_seopress_titles_title":"","_seopress_titles_desc":"","_seopress_robots_index":"","_uag_custom_page_level_css":"","footnotes":""},"class_list":["post-6","page","type-page","status-publish","has-post-thumbnail"],"uagb_featured_image_src":{"full":["https:\/\/wp.unil.ch\/journee-masters\/files\/2025\/12\/fond_site.png",2000,1125,false],"thumbnail":["https:\/\/wp.unil.ch\/journee-masters\/files\/2025\/12\/fond_site-150x150.png",150,150,true],"medium":["https:\/\/wp.unil.ch\/journee-masters\/files\/2025\/12\/fond_site-300x169.png",300,169,true],"medium_large":["https:\/\/wp.unil.ch\/journee-masters\/files\/2025\/12\/fond_site-768x432.png",580,326,true],"large":["https:\/\/wp.unil.ch\/journee-masters\/files\/2025\/12\/fond_site-1024x576.png",580,326,true],"1536x1536":["https:\/\/wp.unil.ch\/journee-masters\/files\/2025\/12\/fond_site-1536x864.png",1536,864,true],"2048x2048":["https:\/\/wp.unil.ch\/journee-masters\/files\/2025\/12\/fond_site.png",2000,1125,false],"post-thumbnail":["https:\/\/wp.unil.ch\/journee-masters\/files\/2025\/12\/fond_site.png",2000,1125,false],"chaplin_preview_image_low_resolution":["https:\/\/wp.unil.ch\/journee-masters\/files\/2025\/12\/fond_site-540x304.png",540,304,true],"chaplin_preview_image_high_resolution":["https:\/\/wp.unil.ch\/journee-masters\/files\/2025\/12\/fond_site-1080x608.png",1080,608,true],"chaplin_fullscreen":["https:\/\/wp.unil.ch\/journee-masters\/files\/2025\/12\/fond_site-1980x1114.png",1980,1114,true],"gform-image-choice-sm":["https:\/\/wp.unil.ch\/journee-masters\/files\/2025\/12\/fond_site.png",300,169,false],"gform-image-choice-md":["https:\/\/wp.unil.ch\/journee-masters\/files\/2025\/12\/fond_site.png",400,225,false],"gform-image-choice-lg":["https:\/\/wp.unil.ch\/journee-masters\/files\/2025\/12\/fond_site.png",600,338,false],"mailpoet_newsletter_max":["https:\/\/wp.unil.ch\/journee-masters\/files\/2025\/12\/fond_site-1320x743.png",1320,743,true]},"uagb_author_info":{"display_name":"centre informatique","author_link":"https:\/\/wp.unil.ch\/journee-masters\/author\/ci-unil\/"},"uagb_comment_info":0,"uagb_excerpt":"La derni\u00e8re \u00e9dition de la Journ\u00e9e des Masters a eu lieu le 3 mars 2026 sur le campus de Dorigny. Vid\u00e9os \u00e0 revoir Les pr\u00e9sentations des Masters ci-dessous&hellip;","_links":{"self":[{"href":"https:\/\/wp.unil.ch\/journee-masters\/wp-json\/wp\/v2\/pages\/6","targetHints":{"allow":["GET"]}}],"collection":[{"href":"https:\/\/wp.unil.ch\/journee-masters\/wp-json\/wp\/v2\/pages"}],"about":[{"href":"https:\/\/wp.unil.ch\/journee-masters\/wp-json\/wp\/v2\/types\/page"}],"author":[{"embeddable":true,"href":"https:\/\/wp.unil.ch\/journee-masters\/wp-json\/wp\/v2\/users\/108"}],"replies":[{"embeddable":true,"href":"https:\/\/wp.unil.ch\/journee-masters\/wp-json\/wp\/v2\/comments?post=6"}],"version-history":[{"count":5,"href":"https:\/\/wp.unil.ch\/journee-masters\/wp-json\/wp\/v2\/pages\/6\/revisions"}],"predecessor-version":[{"id":3395,"href":"https:\/\/wp.unil.ch\/journee-masters\/wp-json\/wp\/v2\/pages\/6\/revisions\/3395"}],"wp:featuredmedia":[{"embeddable":true,"href":"https:\/\/wp.unil.ch\/journee-masters\/wp-json\/wp\/v2\/media\/3269"}],"wp:attachment":[{"href":"https:\/\/wp.unil.ch\/journee-masters\/wp-json\/wp\/v2\/media?parent=6"}],"curies":[{"name":"wp","href":"https:\/\/api.w.org\/{rel}","templated":true}]}}