{"id":3044,"date":"2024-11-12T11:30:26","date_gmt":"2024-11-12T10:30:26","guid":{"rendered":"https:\/\/wp.unil.ch\/journee-masters\/?page_id=3044"},"modified":"2025-11-24T18:07:09","modified_gmt":"2025-11-24T17:07:09","slug":"formulaire-pour-stands","status":"publish","type":"page","link":"https:\/\/wp.unil.ch\/journee-masters\/formulaire-pour-stands\/","title":{"rendered":"Formulaire pour stands"},"content":{"rendered":"\n<div style=\"height:20px\" aria-hidden=\"true\" class=\"wp-block-spacer\"><\/div>\n\n\n\n<p>Bonjour! Vous trouverez ci-dessous le formulaire destin\u00e9 \u00e0 nous transmettre vos besoins en mat\u00e9riel pour votre stand de la Journ\u00e9e des Masters du 3 mars 2026.<\/p>\n\n\n\n<p>Une prise \u00e9lectrique sera fournie d&rsquo;office \u00e0 tous les stands.<\/p>\n\n\n\n<p>Le d\u00e9lai pour remplir le formulaire est fix\u00e9 au <strong>vendredi 19 d\u00e9cembre 2025.<\/strong><\/p>\n\n\n\n<p>Dans la mesure du possible, merci de vous coordonner entre vous pour remplir <strong>un seul formulaire par facult\u00e9\/institution.<\/strong><\/p>\n\n\n","protected":false},"excerpt":{"rendered":"<p>Bonjour! Vous trouverez ci-dessous le formulaire destin\u00e9 \u00e0 nous transmettre vos besoins en mat\u00e9riel pour votre stand de la Journ\u00e9e des Masters du 3 mars 2026. Une prise&hellip;<\/p>\n","protected":false},"author":1002120,"featured_media":0,"parent":0,"menu_order":0,"comment_status":"closed","ping_status":"closed","template":"","meta":{"_seopress_robots_primary_cat":"","_seopress_titles_title":"","_seopress_titles_desc":"","_seopress_robots_index":"","_uag_custom_page_level_css":"","footnotes":""},"class_list":["post-3044","page","type-page","status-publish","has-post-thumbnail"],"uagb_featured_image_src":{"full":false,"thumbnail":false,"medium":false,"medium_large":false,"large":false,"1536x1536":false,"2048x2048":false,"post-thumbnail":false,"chaplin_preview_image_low_resolution":false,"chaplin_preview_image_high_resolution":false,"chaplin_fullscreen":false,"gform-image-choice-sm":false,"gform-image-choice-md":false,"gform-image-choice-lg":false,"mailpoet_newsletter_max":false},"uagb_author_info":{"display_name":"Magali Monnier","author_link":"https:\/\/wp.unil.ch\/journee-masters\/author\/mmonnier\/"},"uagb_comment_info":0,"uagb_excerpt":"Bonjour! Vous trouverez ci-dessous le formulaire destin\u00e9 \u00e0 nous transmettre vos besoins en mat\u00e9riel pour votre stand de la Journ\u00e9e des Masters du 3 mars 2026. Une prise&hellip;","_links":{"self":[{"href":"https:\/\/wp.unil.ch\/journee-masters\/wp-json\/wp\/v2\/pages\/3044","targetHints":{"allow":["GET"]}}],"collection":[{"href":"https:\/\/wp.unil.ch\/journee-masters\/wp-json\/wp\/v2\/pages"}],"about":[{"href":"https:\/\/wp.unil.ch\/journee-masters\/wp-json\/wp\/v2\/types\/page"}],"author":[{"embeddable":true,"href":"https:\/\/wp.unil.ch\/journee-masters\/wp-json\/wp\/v2\/users\/1002120"}],"replies":[{"embeddable":true,"href":"https:\/\/wp.unil.ch\/journee-masters\/wp-json\/wp\/v2\/comments?post=3044"}],"version-history":[{"count":5,"href":"https:\/\/wp.unil.ch\/journee-masters\/wp-json\/wp\/v2\/pages\/3044\/revisions"}],"predecessor-version":[{"id":3258,"href":"https:\/\/wp.unil.ch\/journee-masters\/wp-json\/wp\/v2\/pages\/3044\/revisions\/3258"}],"wp:attachment":[{"href":"https:\/\/wp.unil.ch\/journee-masters\/wp-json\/wp\/v2\/media?parent=3044"}],"curies":[{"name":"wp","href":"https:\/\/api.w.org\/{rel}","templated":true}]}}