{"id":1442,"date":"2022-01-31T16:13:30","date_gmt":"2022-01-31T15:13:30","guid":{"rendered":"https:\/\/wp.unil.ch\/journee-masters\/?page_id=1442"},"modified":"2026-02-12T10:32:22","modified_gmt":"2026-02-12T09:32:22","slug":"infos-pratiques","status":"publish","type":"page","link":"https:\/\/wp.unil.ch\/journee-masters\/infos-pratiques\/","title":{"rendered":"Infos pratiques"},"content":{"rendered":"\n<div style=\"height:20px\" aria-hidden=\"true\" class=\"wp-block-spacer\"><\/div>\n\n\n\n<p>La Journ\u00e9e des Masters est ouverte \u00e0 toute personne int\u00e9ress\u00e9e \u00e0 effectuer un Master \u00e0 l&rsquo;Universit\u00e9 de Lausanne.<\/p>\n\n\n\n<h3 class=\"wp-block-heading has-text-color has-link-color wp-elements-179e07357511eec17f0fe17321800b9b\" style=\"color:#ff6600\">Acc\u00e8s<\/h3>\n\n\n\n<p>Nous vous conseillons vivement de venir en transports publics, les places de parc \u00e9tant limit\u00e9es et payantes sur le site.<\/p>\n\n\n\n<p>La Journ\u00e9e des Masters a lieu dans les b\u00e2timents <a href=\"https:\/\/maps.app.goo.gl\/CZZZ7ZmUYmpr2kEH6\" data-type=\"link\" data-id=\"https:\/\/maps.app.goo.gl\/CZZZ7ZmUYmpr2kEH6\">Amphimax<\/a> et <a href=\"https:\/\/maps.app.goo.gl\/QvBSHQBTbt2sS9Jj8\">Amphip\u00f4le<\/a>, o\u00f9 se tiendront les pr\u00e9sentations, les stands et les entretiens individuels. Pour les rejoindre, les points d&rsquo;arriv\u00e9e les plus proches sont:<\/p>\n\n\n\n<ul class=\"wp-block-list\">\n<li><strong>En transports publics<\/strong>: l&rsquo;arr\u00eat de m\u00e9tro <a href=\"https:\/\/maps.app.goo.gl\/87qbQjb9QzXvpufQ8\">UNIL-Sorge<\/a><\/li>\n\n\n\n<li><strong>En voiture:<\/strong> le <a href=\"https:\/\/maps.app.goo.gl\/ohNEt9FwqY5N84Gs8\">parking Sorge<\/a> (places blanches uniquement)<\/li>\n<\/ul>\n\n\n\t\t\t<div \n\t\t\tclass=\"wp-block-uagb-google-map uagb-google-map__wrap uagb-block-fa3265f1     \"\n\t\t\tstyle=\"\" >\n\t\t\t\t<embed\n\t\t\t\t\tclass=\"uagb-google-map__iframe\"\n\t\t\t\t\ttitle=\"Carte Google pour \"\n\t\t\t\t\tsrc=\"https:\/\/maps.google.com\/maps?q=UNIL%20Amphimax&#038;z=15&#038;hl=fr&#038;t=m&#038;output=embed&#038;iwloc=near\"\n\t\t\t\t\twidth=\"640\"\n\t\t\t\t\theight=\"300\"\n\t\t\t\t\tloading=\"lazy\"\n\t\t\t\t><\/embed>\n\t\t\t<\/div>\n\t\t\t\n\n\n<div style=\"height:20px\" aria-hidden=\"true\" class=\"wp-block-spacer\"><\/div>\n\n\n\n<p>Pour des informations d\u00e9taill\u00e9es, consultez:<\/p>\n\n\n\n<ul class=\"wp-block-list\">\n<li>les <a href=\"https:\/\/www.unil.ch\/unil\/fr\/home\/menuinst\/campus\/acces-et-transports\/campus-dorigny.html\">voies d&rsquo;acc\u00e8s au site de Dorigny<\/a><\/li>\n\n\n\n<li>le <a href=\"https:\/\/planete.unil.ch\/\">plan interactif du campus<\/a><\/li>\n\n\n\n<li>les infos sur les <a href=\"https:\/\/www.unil.ch\/unil\/fr\/home\/menuinst\/campus\/acces-et-transports\/parking.html\">parkings<\/a><\/li>\n<\/ul>\n\n\n\n<h3 class=\"wp-block-heading has-text-color\" id=\"planete-unil\" style=\"color:#ff6600\">Se rep\u00e9rer sur le campus<\/h3>\n\n\n\n<p>Pour circuler facilement entre les diff\u00e9rents b\u00e2timents, t\u00e9l\u00e9chargez l&rsquo;app UNIL Campus! <\/p>\n\n\n\n<p>Outre un plan, vous y trouverez les emplacements, menus et prix des caf\u00e9t\u00e9rias, les horaires des m\u00e9tros vers et depuis l&rsquo;UNIL, et toutes les actualit\u00e9s du campus.<\/p>\n\n\n\n<p>T\u00e9l\u00e9chargez gratuitement l&rsquo;app:<\/p>\n\n\n\n<div class=\"wp-block-buttons is-layout-flex wp-block-buttons-is-layout-flex\">\n<div class=\"wp-block-button\"><a class=\"wp-block-button__link has-buttons-background-background-color has-background wp-element-button\" href=\"https:\/\/apps.apple.com\/ch\/app\/unil-campus\/id1497670803\" style=\"border-radius:0px\">Pour iOS<\/a><\/div>\n\n\n\n<div class=\"wp-block-button\"><a class=\"wp-block-button__link has-buttons-background-background-color has-background wp-element-button\" href=\"https:\/\/play.google.com\/store\/apps\/details?id=org.pocketcampus.pcunil2&amp;pcampaignid=web_share\" style=\"border-radius:0px\">Pour Android<\/a><\/div>\n<\/div>\n\n\n\n<h3 class=\"wp-block-heading has-text-color\" style=\"color:#ff6600\">Personnes en situation de handicap<\/h3>\n\n\n\n<p>Si vous avez besoin d&rsquo;une assistance particuli\u00e8re pendant ces journ\u00e9es, n&rsquo;h\u00e9sitez pas \u00e0 nous contacter par mail: <a href=\"mailto:orientation@unil.ch\">orientation@unil.ch<\/a>.<\/p>\n\n\n\n<h3 class=\"wp-block-heading has-text-color has-link-color wp-elements-5090760658b4c6fb45f0d0515873692e\" style=\"color:#ff6600\">Participer \u00e0 distance<\/h3>\n\n\n\n<p>Certaines pr\u00e9sentations de Masters seront accessibles \u00e0 distance, en live et\/ou diff\u00e9r\u00e9. Consultez la <a href=\"https:\/\/wp.unil.ch\/journee-masters#presentations2026\" data-type=\"page\" data-id=\"6\">page consacr\u00e9e \u00e0 chaque facult\u00e9<\/a> pour savoir selon quelles modalit\u00e9s vous pouvez participer \u00e0 ses pr\u00e9sentations.<\/p>\n\n\n\n<p>Pour voir les pr\u00e9sentations en live: vous pourrez acc\u00e9der \u00e0 la vid\u00e9o sans identifiant \u00e0 partir de la <a href=\"https:\/\/wp.unil.ch\/journee-masters#presentations2026\">page de la facult\u00e9 concern\u00e9e<\/a>.<\/p>\n\n\n\n<p>Pour voir les pr\u00e9sentations en diff\u00e9r\u00e9: les vid\u00e9os seront disponibles sur ce site \u00e0 partir du 16 mars.<\/p>\n","protected":false},"excerpt":{"rendered":"<p>La Journ\u00e9e des Masters est ouverte \u00e0 toute personne int\u00e9ress\u00e9e \u00e0 effectuer un Master \u00e0 l&rsquo;Universit\u00e9 de Lausanne. Acc\u00e8s Nous vous conseillons vivement de venir en transports publics,&hellip;<\/p>\n","protected":false},"author":1002120,"featured_media":0,"parent":0,"menu_order":0,"comment_status":"closed","ping_status":"closed","template":"","meta":{"_seopress_robots_primary_cat":"","_seopress_titles_title":"","_seopress_titles_desc":"","_seopress_robots_index":"","_uag_custom_page_level_css":"","footnotes":""},"class_list":["post-1442","page","type-page","status-publish","has-post-thumbnail"],"uagb_featured_image_src":{"full":false,"thumbnail":false,"medium":false,"medium_large":false,"large":false,"1536x1536":false,"2048x2048":false,"post-thumbnail":false,"chaplin_preview_image_low_resolution":false,"chaplin_preview_image_high_resolution":false,"chaplin_fullscreen":false,"gform-image-choice-sm":false,"gform-image-choice-md":false,"gform-image-choice-lg":false,"mailpoet_newsletter_max":false},"uagb_author_info":{"display_name":"Magali Monnier","author_link":"https:\/\/wp.unil.ch\/journee-masters\/author\/mmonnier\/"},"uagb_comment_info":0,"uagb_excerpt":"La Journ\u00e9e des Masters est ouverte \u00e0 toute personne int\u00e9ress\u00e9e \u00e0 effectuer un Master \u00e0 l&rsquo;Universit\u00e9 de Lausanne. Acc\u00e8s Nous vous conseillons vivement de venir en transports publics,&hellip;","_links":{"self":[{"href":"https:\/\/wp.unil.ch\/journee-masters\/wp-json\/wp\/v2\/pages\/1442","targetHints":{"allow":["GET"]}}],"collection":[{"href":"https:\/\/wp.unil.ch\/journee-masters\/wp-json\/wp\/v2\/pages"}],"about":[{"href":"https:\/\/wp.unil.ch\/journee-masters\/wp-json\/wp\/v2\/types\/page"}],"author":[{"embeddable":true,"href":"https:\/\/wp.unil.ch\/journee-masters\/wp-json\/wp\/v2\/users\/1002120"}],"replies":[{"embeddable":true,"href":"https:\/\/wp.unil.ch\/journee-masters\/wp-json\/wp\/v2\/comments?post=1442"}],"version-history":[{"count":5,"href":"https:\/\/wp.unil.ch\/journee-masters\/wp-json\/wp\/v2\/pages\/1442\/revisions"}],"predecessor-version":[{"id":3356,"href":"https:\/\/wp.unil.ch\/journee-masters\/wp-json\/wp\/v2\/pages\/1442\/revisions\/3356"}],"wp:attachment":[{"href":"https:\/\/wp.unil.ch\/journee-masters\/wp-json\/wp\/v2\/media?parent=1442"}],"curies":[{"name":"wp","href":"https:\/\/api.w.org\/{rel}","templated":true}]}}