{"id":483,"date":"2020-04-15T14:42:36","date_gmt":"2020-04-15T12:42:36","guid":{"rendered":"http:\/\/wp.unil.ch\/jgep\/?page_id=483"},"modified":"2020-07-08T09:08:17","modified_gmt":"2020-07-08T07:08:17","slug":"j1-thematique","status":"publish","type":"page","link":"https:\/\/wp.unil.ch\/jgep\/1e-journee\/j1-thematique\/","title":{"rendered":"1e Journ\u00e9e &#8211; Th\u00e9matique"},"content":{"rendered":"<h2 style=\"text-align: center\">1\u00e8re Journ\u00e9e &#8211; 16 d\u00e9cembre 2012<\/h2>\n\n\n<div class=\"wp-block-columns alignwide are-vertically-aligned-top is-layout-flex wp-container-core-columns-is-layout-9d6595d7 wp-block-columns-is-layout-flex\">\n<div class=\"wp-block-column is-vertically-aligned-top is-layout-flow wp-block-column-is-layout-flow\">\n<h5 class=\"has-text-align-center wp-block-heading\">&nbsp;<\/h5>\n<\/div>\n\n\n\n<div class=\"wp-block-column is-vertically-aligned-top is-layout-flow wp-block-column-is-layout-flow\">\n<h5 class=\"has-text-align-center wp-block-heading\"><a href=\"https:\/\/wp.unil.ch\/jgep\/j1-thematique\/\">Th\u00e9matique<\/a><\/h5>\n<\/div>\n\n\n\n<div class=\"wp-block-column is-vertically-aligned-top is-layout-flow wp-block-column-is-layout-flow\">\n<h5 class=\"has-text-align-center wp-block-heading\"><a href=\"https:\/\/wp.unil.ch\/jgep\/1e-journee-programme\/\">Programme<\/a><\/h5>\n<\/div>\n\n\n\n<div class=\"wp-block-column is-vertically-aligned-top is-layout-flow wp-block-column-is-layout-flow\">\n<h5 class=\"has-text-align-center wp-block-heading\">&nbsp;<\/h5>\n<\/div>\n<\/div>\n\n\n<div>\n<h3>Les conseils d\u2019administration des entreprises publiques<\/h3>\n<div>\n<div>\n<div>\n<div>La journ\u00e9e de la gouvernance des entreprises publiques vise \u00e0 d\u00e9battre de la composition et du r\u00f4le des conseils d\u2019administration des entreprises publiques : Leurs membres doivent-ils \u00eatre choisis exclusivement en fonction de leur comp\u00e9tence ou, au contraire, de leur appartenance politique ? Le devoir de fid\u00e9lit\u00e9 des administrateurs s\u2019exerce-t-il en premier lieu \u00e0 l\u2019\u00e9gard de l\u2019entreprise publique qu\u2019ils sont charg\u00e9s de g\u00e9rer ou de l\u2019autorit\u00e9 politique qui les nomme et les surveille ? Comment arbitrer int\u00e9r\u00eat public et int\u00e9r\u00eat commercial ?<\/div>\n<div>Cette journ\u00e9e vise \u00e0 donner aux administrateurs d\u2019entreprises publiques une meilleure perspective sur leurs responsabilit\u00e9s et leurs devoirs, notamment en s\u2019appuyant sur les ressemblances et les diff\u00e9rences entre entreprises publiques et priv\u00e9es mais aussi en partageant les exp\u00e9riences d\u2019autres administrateurs confront\u00e9s aux m\u00eames questions.<\/div>\n<\/div>\n<\/div>\n<\/div>\n<\/div>\n\n\n<p>&nbsp;<\/p>\n","protected":false},"excerpt":{"rendered":"<p>1\u00e8re Journ\u00e9e &#8211; 16 d\u00e9cembre 2012 &nbsp; Th\u00e9matique Programme &nbsp; Les conseils d\u2019administration des entreprises publiques La journ\u00e9e de la gouvernance des entreprises publiques vise \u00e0 d\u00e9battre de&hellip;<\/p>\n","protected":false},"author":1002086,"featured_media":0,"parent":740,"menu_order":0,"comment_status":"closed","ping_status":"closed","template":"template-full-width.php","meta":{"_seopress_robots_primary_cat":"","_seopress_titles_title":"","_seopress_titles_desc":"","_seopress_robots_index":"","footnotes":""},"class_list":["post-483","page","type-page","status-publish","has-post-thumbnail"],"_links":{"self":[{"href":"https:\/\/wp.unil.ch\/jgep\/wp-json\/wp\/v2\/pages\/483","targetHints":{"allow":["GET"]}}],"collection":[{"href":"https:\/\/wp.unil.ch\/jgep\/wp-json\/wp\/v2\/pages"}],"about":[{"href":"https:\/\/wp.unil.ch\/jgep\/wp-json\/wp\/v2\/types\/page"}],"author":[{"embeddable":true,"href":"https:\/\/wp.unil.ch\/jgep\/wp-json\/wp\/v2\/users\/1002086"}],"replies":[{"embeddable":true,"href":"https:\/\/wp.unil.ch\/jgep\/wp-json\/wp\/v2\/comments?post=483"}],"version-history":[{"count":0,"href":"https:\/\/wp.unil.ch\/jgep\/wp-json\/wp\/v2\/pages\/483\/revisions"}],"up":[{"embeddable":true,"href":"https:\/\/wp.unil.ch\/jgep\/wp-json\/wp\/v2\/pages\/740"}],"wp:attachment":[{"href":"https:\/\/wp.unil.ch\/jgep\/wp-json\/wp\/v2\/media?parent=483"}],"curies":[{"name":"wp","href":"https:\/\/api.w.org\/{rel}","templated":true}]}}